{"id":19,"date":"2026-04-03T13:58:21","date_gmt":"2026-04-03T13:58:21","guid":{"rendered":"https:\/\/ajaesthetics.org\/cart\/"},"modified":"2026-05-04T12:30:30","modified_gmt":"2026-05-04T12:30:30","slug":"cart","status":"publish","type":"page","link":"https:\/\/ajaesthetics.org\/ru\/cart\/","title":{"rendered":"Cart"},"content":{"rendered":"<div data-block-name=\"woocommerce\/cart\" class=\"wp-block-woocommerce-cart alignwide is-loading\">\n<div data-block-name=\"woocommerce\/filled-cart-block\" class=\"wp-block-woocommerce-filled-cart-block\">\n<div data-block-name=\"woocommerce\/cart-items-block\" class=\"wp-block-woocommerce-cart-items-block\">\n<div data-block-name=\"woocommerce\/cart-line-items-block\" class=\"wp-block-woocommerce-cart-line-items-block\"><\/div>\n\n\n<\/div>\n\n\n\n\n<div data-block-name=\"woocommerce\/cart-totals-block\" class=\"wp-block-woocommerce-cart-totals-block\">\n<div data-block-name=\"woocommerce\/cart-order-summary-block\" class=\"wp-block-woocommerce-cart-order-summary-block\">\n<div data-block-name=\"woocommerce\/cart-order-summary-heading-block\" class=\"wp-block-woocommerce-cart-order-summary-heading-block\"><\/div><div data-block-name=\"woocommerce\/cart-order-summary-coupon-form-block\" class=\"wp-block-woocommerce-cart-order-summary-coupon-form-block\"><\/div><div data-block-name=\"woocommerce\/cart-order-summary-totals-block\" class=\"wp-block-woocommerce-cart-order-summary-totals-block\">\n<div data-block-name=\"woocommerce\/cart-order-summary-subtotal-block\" class=\"wp-block-woocommerce-cart-order-summary-subtotal-block\"><\/div>\n<div data-block-name=\"woocommerce\/cart-order-summary-discount-block\" class=\"wp-block-woocommerce-cart-order-summary-discount-block\"><\/div>\n<div data-block-name=\"woocommerce\/cart-order-summary-fee-block\" class=\"wp-block-woocommerce-cart-order-summary-fee-block\"><\/div>\n<div data-block-name=\"woocommerce\/cart-order-summary-shipping-block\" class=\"wp-block-woocommerce-cart-order-summary-shipping-block\"><\/div>\n<div data-block-name=\"woocommerce\/cart-order-summary-taxes-block\" class=\"wp-block-woocommerce-cart-order-summary-taxes-block\"><\/div><\/div>\n<\/div>\n\n\n\n<div data-block-name=\"woocommerce\/cart-express-payment-block\" class=\"wp-block-woocommerce-cart-express-payment-block\"><\/div>\n\n\n\n<div data-block-name=\"woocommerce\/proceed-to-checkout-block\" class=\"wp-block-woocommerce-proceed-to-checkout-block\"><\/div>\n\n\n\n<div data-block-name=\"woocommerce\/cart-accepted-payment-methods-block\" class=\"wp-block-woocommerce-cart-accepted-payment-methods-block\"><\/div>\n<\/div>\n<\/div>\n\n\n\n<div data-block-name=\"woocommerce\/empty-cart-block\" class=\"wp-block-woocommerce-empty-cart-block\">\n<h2 class=\"wp-block-heading has-text-align-center with-empty-cart-icon wc-block-cart__empty-cart__title\">Your cart is currently empty!<\/h2>\n\n\n\n<hr class=\"wp-block-separator has-alpha-channel-opacity is-style-dots\"\/>\n\n\n\n<h2 class=\"wp-block-heading has-text-align-center\">New in store<\/h2>\n\n\n<div data-block-name=\"woocommerce\/product-new\" data-columns=\"4\" data-rows=\"1\" class=\"wc-block-grid wp-block-product-new wp-block-woocommerce-product-new wc-block-product-new has-4-columns\"><ul class=\"wc-block-grid__products\"><li class=\"wc-block-grid__product\">\n\t\t\t\t<a href=\"https:\/\/ajaesthetics.org\/ru\/product\/heliocare-360-mineral-tolerance-fluid-spf50-saules-aizsargajoss-mineralais-fluids-jutigai-adai-50-ml\/\" class=\"wc-block-grid__product-link\">\n\t\t\t\t\t\n\t\t\t\t\t<div class=\"wc-block-grid__product-image\"><img fetchpriority=\"high\" decoding=\"async\" src=\"https:\/\/ajaesthetics.org\/wp-content\/themes\/aenyo\/images\/placeholder.jpg\" width=\"300\" height=\"300\" class=\"woocommerce-placeholder wp-post-image\" alt=\"\"\/><\/div>\n\t\t\t\t\t<div class=\"wc-block-grid__product-title\">HELIOCARE 360\u00b0 MINERAL TOLERANCE FLUID SPF50 | \u041c\u0438\u043d\u0435\u0440\u0430\u043b\u044c\u043d\u044b\u0439 \u0444\u043b\u044e\u0438\u0434 \u0441 \u0441\u043e\u043b\u043d\u0446\u0435\u0437\u0430\u0449\u0438\u0442\u043d\u044b\u043c \u0444\u0430\u043a\u0442\u043e\u0440\u043e\u043c \u0434\u043b\u044f \u0447\u0443\u0432\u0441\u0442\u0432\u0438\u0442\u0435\u043b\u044c\u043d\u043e\u0439 \u043a\u043e\u0436\u0438, 50 \u043c\u043b<\/div>\n\t\t\t\t<\/a>\n\t\t\t\t<div class=\"wc-block-grid__product-price price\"><span class=\"woocommerce-Price-amount amount\">29,50&nbsp;<span class=\"woocommerce-Price-currencySymbol\">&euro;<\/span><\/span><\/div>\n\t\t\t\t\n\t\t\t\t<div class=\"wp-block-button wc-block-grid__product-add-to-cart\"><a href=\"\/ru\/wp-json\/wp\/v2\/pages\/19?add-to-cart=49617\" aria-label=\"\u0414\u043e\u0431\u0430\u0432\u0438\u0442\u044c \u0432 \u043a\u043e\u0440\u0437\u0438\u043d\u0443 \u00abHELIOCARE 360\u00b0 MINERAL TOLERANCE FLUID SPF50 | Saules aizsarg\u0101jo\u0161s miner\u0101lais flu\u012bds jut\u012bgai \u0101dai, 50 ml\u00bb\" data-quantity=\"1\" data-product_id=\"49617\" data-product_sku=\"14552\" data-price=\"29.5\" rel=\"nofollow\" class=\"wp-block-button__link  add_to_cart_button ajax_add_to_cart\" data-no-translation=\"\" data-trp-gettext=\"\" data-no-translation-aria-label=\"\">\u0412 \u043a\u043e\u0440\u0437\u0438\u043d\u0443<\/a><\/div>\n\t\t\t<\/li><li class=\"wc-block-grid__product\">\n\t\t\t\t<a href=\"https:\/\/ajaesthetics.org\/ru\/product\/heliocare-360-water-gel-spf50-intensivi-mitrinoss-saules-aizsargkrems-50-ml\/\" class=\"wc-block-grid__product-link\">\n\t\t\t\t\t\n\t\t\t\t\t<div class=\"wc-block-grid__product-image\"><img decoding=\"async\" width=\"300\" height=\"300\" src=\"https:\/\/ajaesthetics.org\/wp-content\/uploads\/2026\/04\/HELIOCARE-360\u00b0-WATER-GEL-SPF50-Intensivi-mitrinoss-saules-aizsargkrems-50-ml-ajaesthetics-scaled-300x300.jpg\" class=\"attachment-woocommerce_thumbnail size-woocommerce_thumbnail\" alt=\"HELIOCARE 360\u00b0 WATER GEL SPF50+ | \u0418\u043d\u0442\u0435\u043d\u0441\u0438\u0432\u043d\u043e \u0443\u0432\u043b\u0430\u0436\u043d\u044f\u044e\u0449\u0438\u0439 \u0441\u043e\u043b\u043d\u0446\u0435\u0437\u0430\u0449\u0438\u0442\u043d\u044b\u0439 \u0433\u0435\u043b\u044c, 50 \u043c\u043b\" \/><\/div>\n\t\t\t\t\t<div class=\"wc-block-grid__product-title\">HELIOCARE 360\u00b0 WATER GEL SPF50+ | \u0418\u043d\u0442\u0435\u043d\u0441\u0438\u0432\u043d\u043e \u0443\u0432\u043b\u0430\u0436\u043d\u044f\u044e\u0449\u0438\u0439 \u0441\u043e\u043b\u043d\u0446\u0435\u0437\u0430\u0449\u0438\u0442\u043d\u044b\u0439 \u0433\u0435\u043b\u044c, 50 \u043c\u043b<\/div>\n\t\t\t\t<\/a>\n\t\t\t\t<div class=\"wc-block-grid__product-price price\"><span class=\"woocommerce-Price-amount amount\">29,00&nbsp;<span class=\"woocommerce-Price-currencySymbol\">&euro;<\/span><\/span><\/div>\n\t\t\t\t\n\t\t\t\t<div class=\"wp-block-button wc-block-grid__product-add-to-cart\"><a href=\"\/ru\/wp-json\/wp\/v2\/pages\/19?add-to-cart=49615\" aria-label=\"\u0414\u043e\u0431\u0430\u0432\u0438\u0442\u044c \u0432 \u043a\u043e\u0440\u0437\u0438\u043d\u0443 \u00abHELIOCARE 360\u00b0 WATER GEL SPF50+ | Intens\u012bvi mitrino\u0161s saules aizsargkr\u0113ms, 50 ml\u00bb\" data-quantity=\"1\" data-product_id=\"49615\" data-product_sku=\"15930\" data-price=\"29\" rel=\"nofollow\" class=\"wp-block-button__link  add_to_cart_button ajax_add_to_cart\" data-no-translation=\"\" data-trp-gettext=\"\" data-no-translation-aria-label=\"\">\u0412 \u043a\u043e\u0440\u0437\u0438\u043d\u0443<\/a><\/div>\n\t\t\t<\/li><li class=\"wc-block-grid__product\">\n\t\t\t\t<a href=\"https:\/\/ajaesthetics.org\/ru\/product\/heliocare-360-pediatrics-mineral-spf50-saules-aizsargajoss-fluids-ar-mineralajiem-filtriem-berniem-un-zidainiem-spf50-50ml\/\" class=\"wc-block-grid__product-link\">\n\t\t\t\t\t\n\t\t\t\t\t<div class=\"wc-block-grid__product-image\"><img decoding=\"async\" width=\"300\" height=\"300\" src=\"https:\/\/ajaesthetics.org\/wp-content\/uploads\/2026\/04\/HELIOCARE-360\u00b0-PEDIATRICS-MINERAL-SPF50-Saules-aizsargajoss-fluids-ar-mineralajiem-filtriem-berniem-un-zidainiem-SPF50-50ml-ajaesthetics-300x300.jpg\" class=\"attachment-woocommerce_thumbnail size-woocommerce_thumbnail\" alt=\"HELIOCARE 360\u00b0 PEDIATRICS MINERAL SPF50+ | Saules aizsarg\u0101jo\u0161s flu\u012bds ar miner\u0101lajiem filtriem b\u0113rniem un z\u012bdai\u0146iem SPF50+, 50ml\" \/><\/div>\n\t\t\t\t\t<div class=\"wc-block-grid__product-title\">HELIOCARE 360\u00b0 PEDIATRICS MINERAL SPF50+ | Saules aizsarg\u0101jo\u0161s flu\u012bds ar miner\u0101lajiem filtriem b\u0113rniem un z\u012bdai\u0146iem SPF50+, 50ml<\/div>\n\t\t\t\t<\/a>\n\t\t\t\t<div class=\"wc-block-grid__product-price price\"><span class=\"woocommerce-Price-amount amount\">27,50&nbsp;<span class=\"woocommerce-Price-currencySymbol\">&euro;<\/span><\/span><\/div>\n\t\t\t\t\n\t\t\t\t<div class=\"wp-block-button wc-block-grid__product-add-to-cart\"><a href=\"\/ru\/wp-json\/wp\/v2\/pages\/19?add-to-cart=49613\" aria-label=\"\u0414\u043e\u0431\u0430\u0432\u0438\u0442\u044c \u0432 \u043a\u043e\u0440\u0437\u0438\u043d\u0443 \u00abHELIOCARE 360\u00b0 PEDIATRICS MINERAL SPF50+ | Saules aizsarg\u0101jo\u0161s flu\u012bds ar miner\u0101lajiem filtriem b\u0113rniem un z\u012bdai\u0146iem SPF50+, 50ml\u00bb\" data-quantity=\"1\" data-product_id=\"49613\" data-product_sku=\"16714\" data-price=\"27.5\" rel=\"nofollow\" class=\"wp-block-button__link  add_to_cart_button ajax_add_to_cart\" data-no-translation=\"\" data-trp-gettext=\"\" data-no-translation-aria-label=\"\">\u0412 \u043a\u043e\u0440\u0437\u0438\u043d\u0443<\/a><\/div>\n\t\t\t<\/li><li class=\"wc-block-grid__product\">\n\t\t\t\t<a href=\"https:\/\/ajaesthetics.org\/ru\/product\/heliocare-360-pediatric-atopic-lotion-spray-spf50-izsmidzinams-saules-aizsargkrems-berniem-spf50-250-ml\/\" class=\"wc-block-grid__product-link\">\n\t\t\t\t\t\n\t\t\t\t\t<div class=\"wc-block-grid__product-image\"><img loading=\"lazy\" decoding=\"async\" width=\"300\" height=\"300\" src=\"https:\/\/ajaesthetics.org\/wp-content\/uploads\/2026\/04\/HELIOCARE-360\u00b0-PEDIATRIC-ATOPIC-LOTION-SPRAY-SPF50-Izsmidzinams-saules-aizsargkrems-berniem-SPF50-250-ml-ajaesthetics-300x300.jpg\" class=\"attachment-woocommerce_thumbnail size-woocommerce_thumbnail\" alt=\"HELIOCARE 360\u00b0 PEDIATRIC ATOPIC LOTION SPRAY SPF50 | Izsmidzin\u0101ms saules aizsargkr\u0113ms b\u0113rniem SPF50, 250 ml\" \/><\/div>\n\t\t\t\t\t<div class=\"wc-block-grid__product-title\">HELIOCARE 360\u00b0 PEDIATRIC ATOPIC LOTION SPRAY SPF50 | Izsmidzin\u0101ms saules aizsargkr\u0113ms b\u0113rniem SPF50, 250 ml<\/div>\n\t\t\t\t<\/a>\n\t\t\t\t<div class=\"wc-block-grid__product-price price\"><span class=\"woocommerce-Price-amount amount\">46,50&nbsp;<span class=\"woocommerce-Price-currencySymbol\">&euro;<\/span><\/span><\/div>\n\t\t\t\t\n\t\t\t\t<div class=\"wp-block-button wc-block-grid__product-add-to-cart\"><a href=\"\/ru\/wp-json\/wp\/v2\/pages\/19?add-to-cart=49611\" aria-label=\"\u0414\u043e\u0431\u0430\u0432\u0438\u0442\u044c \u0432 \u043a\u043e\u0440\u0437\u0438\u043d\u0443 \u00abHELIOCARE 360\u00b0 PEDIATRIC ATOPIC LOTION SPRAY SPF50 | Izsmidzin\u0101ms saules aizsargkr\u0113ms b\u0113rniem SPF50, 250 ml\u00bb\" data-quantity=\"1\" data-product_id=\"49611\" data-product_sku=\"17105\" data-price=\"46.5\" rel=\"nofollow\" class=\"wp-block-button__link  add_to_cart_button ajax_add_to_cart\" data-no-translation=\"\" data-trp-gettext=\"\" data-no-translation-aria-label=\"\">\u0412 \u043a\u043e\u0440\u0437\u0438\u043d\u0443<\/a><\/div>\n\t\t\t<\/li><\/ul><\/div><\/div>\n<\/div>","protected":false},"excerpt":{"rendered":"","protected":false},"author":1,"featured_media":0,"parent":0,"menu_order":0,"comment_status":"closed","ping_status":"closed","template":"","meta":{"footnotes":""},"class_list":["post-19","page","type-page","status-publish","hentry"],"_links":{"self":[{"href":"https:\/\/ajaesthetics.org\/ru\/wp-json\/wp\/v2\/pages\/19","targetHints":{"allow":["GET"]}}],"collection":[{"href":"https:\/\/ajaesthetics.org\/ru\/wp-json\/wp\/v2\/pages"}],"about":[{"href":"https:\/\/ajaesthetics.org\/ru\/wp-json\/wp\/v2\/types\/page"}],"author":[{"embeddable":true,"href":"https:\/\/ajaesthetics.org\/ru\/wp-json\/wp\/v2\/users\/1"}],"replies":[{"embeddable":true,"href":"https:\/\/ajaesthetics.org\/ru\/wp-json\/wp\/v2\/comments?post=19"}],"version-history":[{"count":0,"href":"https:\/\/ajaesthetics.org\/ru\/wp-json\/wp\/v2\/pages\/19\/revisions"}],"wp:attachment":[{"href":"https:\/\/ajaesthetics.org\/ru\/wp-json\/wp\/v2\/media?parent=19"}],"curies":[{"name":"wp","href":"https:\/\/api.w.org\/{rel}","templated":true}]}}