{"id":27350,"date":"2021-08-25T08:25:29","date_gmt":"2021-08-25T08:25:29","guid":{"rendered":"http:\/\/localhost\/wordpress\/aenyo\/?page_id=27350"},"modified":"2026-05-03T14:42:42","modified_gmt":"2026-05-03T14:42:42","slug":"refund_returns-2","status":"publish","type":"page","link":"https:\/\/ajaesthetics.org\/ru\/refund_returns-2\/","title":{"rendered":"\u041f\u043e\u043b\u0438\u0442\u0438\u043a\u0430 \u0432\u043e\u0437\u0432\u0440\u0430\u0442\u0430 \u0438 \u0432\u043e\u0437\u043c\u0435\u0449\u0435\u043d\u0438\u044f"},"content":{"rendered":"<div data-elementor-type=\"wp-page\" data-elementor-id=\"27350\" class=\"elementor elementor-27350\">\n\t\t\t\t\t\t<section class=\"elementor-section elementor-top-section elementor-element elementor-element-2f1d2f37 elementor-section-boxed elementor-section-height-default elementor-section-height-default\" data-id=\"2f1d2f37\" data-element_type=\"section\" data-e-type=\"section\">\n\t\t\t\t\t\t<div class=\"elementor-container elementor-column-gap-default\">\n\t\t\t\t\t<div class=\"elementor-column elementor-col-100 elementor-top-column elementor-element elementor-element-72fd1b46\" data-id=\"72fd1b46\" data-element_type=\"column\" data-e-type=\"column\">\n\t\t\t<div class=\"elementor-widget-wrap elementor-element-populated\">\n\t\t\t\t\t\t<div class=\"elementor-element elementor-element-6d02a8a5 elementor-widget elementor-widget-text-editor\" data-id=\"6d02a8a5\" data-element_type=\"widget\" data-e-type=\"widget\" data-widget_type=\"text-editor.default\">\n\t\t\t\t\t\t\t\t\t<h2 data-section-id=\"s0umvs\" data-start=\"184\" data-end=\"195\">\u041e\u0431\u0437\u043e\u0440<\/h2>\n<p data-start=\"197\" data-end=\"365\">\u0412 \u0441\u043e\u043e\u0442\u0432\u0435\u0442\u0441\u0442\u0432\u0438\u0438 \u0441 \u043d\u043e\u0440\u043c\u0430\u043c\u0438 \u0437\u0430\u0449\u0438\u0442\u044b \u043f\u0440\u0430\u0432 \u043f\u043e\u0442\u0440\u0435\u0431\u0438\u0442\u0435\u043b\u0435\u0439 \u041b\u0430\u0442\u0432\u0438\u0438 \u0438 \u0415\u0432\u0440\u043e\u043f\u0435\u0439\u0441\u043a\u043e\u0433\u043e \u0421\u043e\u044e\u0437\u0430 \u0432\u044b \u0438\u043c\u0435\u0435\u0442\u0435 \u043f\u0440\u0430\u0432\u043e \u043e\u0442\u043a\u0430\u0437\u0430\u0442\u044c\u0441\u044f \u043e\u0442 \u043f\u043e\u043a\u0443\u043f\u043a\u0438 \u0432 \u0442\u0435\u0447\u0435\u043d\u0438\u0435 14 \u0434\u043d\u0435\u0439 \u0441 \u043c\u043e\u043c\u0435\u043d\u0442\u0430 \u043f\u043e\u043b\u0443\u0447\u0435\u043d\u0438\u044f \u0442\u043e\u0432\u0430\u0440\u0430. <strong data-start=\"318\" data-end=\"336\">14 dienu laik\u0101<\/strong> no preces sa\u0146em\u0161anas dienas.<\/p>\n<p data-start=\"367\" data-end=\"404\">\u0427\u0442\u043e\u0431\u044b \u0442\u043e\u0432\u0430\u0440 \u043f\u043e\u0434\u043b\u0435\u0436\u0430\u043b \u0432\u043e\u0437\u0432\u0440\u0430\u0442\u0443:<\/p>\n<ul data-start=\"405\" data-end=\"479\">\n<li data-section-id=\"1ho6nbi\" data-start=\"405\" data-end=\"429\">\u043e\u043d \u0434\u043e\u043b\u0436\u0435\u043d \u0431\u044b\u0442\u044c \u043d\u0435\u0438\u0441\u043f\u043e\u043b\u044c\u0437\u043e\u0432\u0430\u043d\u043d\u044b\u043c<\/li>\n<li data-section-id=\"sra05r\" data-start=\"430\" data-end=\"452\">\u0432 \u043f\u0435\u0440\u0432\u043e\u043d\u0430\u0447\u0430\u043b\u044c\u043d\u043e\u043c \u0441\u043e\u0441\u0442\u043e\u044f\u043d\u0438\u0438<\/li>\n<li data-section-id=\"jm58qd\" data-start=\"453\" data-end=\"479\">\u0432 \u043e\u0440\u0438\u0433\u0438\u043d\u0430\u043b\u044c\u043d\u043e\u0439 \u0443\u043f\u0430\u043a\u043e\u0432\u043a\u0435<\/li>\n<\/ul>\n<hr data-start=\"481\" data-end=\"484\">\n<h2 data-section-id=\"1fx1lc\" data-start=\"486\" data-end=\"509\">\u0422\u043e\u0432\u0430\u0440\u044b, \u043d\u0435 \u043f\u043e\u0434\u043b\u0435\u0436\u0430\u0449\u0438\u0435 \u0432\u043e\u0437\u0432\u0440\u0430\u0442\u0443<\/h2>\n<p data-start=\"511\" data-end=\"553\">\u0421\u043b\u0435\u0434\u0443\u044e\u0449\u0438\u0435 \u0442\u043e\u0432\u0430\u0440\u044b \u043d\u0435 \u043f\u0440\u0438\u043d\u0438\u043c\u0430\u044e\u0442\u0441\u044f \u043a \u0432\u043e\u0437\u0432\u0440\u0430\u0442\u0443:<\/p>\n<ul data-start=\"555\" data-end=\"686\">\n<li data-section-id=\"1k9k9e0\" data-start=\"555\" data-end=\"597\">\u043e\u0442\u043a\u0440\u044b\u0442\u044b\u0435 \u043a\u043e\u0441\u043c\u0435\u0442\u0438\u0447\u0435\u0441\u043a\u0438\u0435 \u0438 \u0433\u0438\u0433\u0438\u0435\u043d\u0438\u0447\u0435\u0441\u043a\u0438\u0435 \u0441\u0440\u0435\u0434\u0441\u0442\u0432\u0430<\/li>\n<li data-section-id=\"1rw48dz\" data-start=\"598\" data-end=\"645\">\u0441\u0440\u0435\u0434\u0441\u0442\u0432\u0430 \u043b\u0438\u0447\u043d\u043e\u0439 \u0433\u0438\u0433\u0438\u0435\u043d\u044b \u043f\u043e\u0441\u043b\u0435 \u0432\u0441\u043a\u0440\u044b\u0442\u0438\u044f \u0443\u043f\u0430\u043a\u043e\u0432\u043a\u0438<\/li>\n<li data-section-id=\"1b24mj8\" data-start=\"646\" data-end=\"668\">\u0446\u0438\u0444\u0440\u043e\u0432\u044b\u0435 \u043f\u0440\u043e\u0434\u0443\u043a\u0442\u044b<\/li>\n<li data-section-id=\"15v1j17\" data-start=\"669\" data-end=\"686\">\u043f\u043e\u0434\u0430\u0440\u043e\u0447\u043d\u044b\u0435 \u043a\u0430\u0440\u0442\u044b<\/li>\n<\/ul>\n<hr data-start=\"688\" data-end=\"691\">\n<h2 data-section-id=\"aghjit\" data-start=\"693\" data-end=\"718\">\u0423\u0441\u043b\u043e\u0432\u0438\u044f \u0432\u043e\u0437\u0432\u0440\u0430\u0442\u0430<\/h2>\n<p data-start=\"720\" data-end=\"756\">\u0414\u043b\u044f \u0432\u043e\u0437\u0432\u0440\u0430\u0442\u0430 \u043d\u0435\u043e\u0431\u0445\u043e\u0434\u0438\u043c\u043e:<\/p>\n<ul data-start=\"757\" data-end=\"819\">\n<li data-section-id=\"ij8e4m\" data-start=\"757\" data-end=\"819\">\u043f\u043e\u0434\u0442\u0432\u0435\u0440\u0436\u0434\u0435\u043d\u0438\u0435 \u043f\u043e\u043a\u0443\u043f\u043a\u0438 (\u0441\u0447\u0435\u0442-\u0444\u0430\u043a\u0442\u0443\u0440\u0430 \u0438\u043b\u0438 \u043f\u043e\u0434\u0442\u0432\u0435\u0440\u0436\u0434\u0435\u043d\u0438\u0435 \u0437\u0430\u043a\u0430\u0437\u0430)<\/li>\n<\/ul>\n<p data-start=\"821\" data-end=\"861\">\u041f\u043e\u0436\u0430\u043b\u0443\u0439\u0441\u0442\u0430, \u043d\u0435 \u043e\u0442\u043f\u0440\u0430\u0432\u043b\u044f\u0439\u0442\u0435 \u0442\u043e\u0432\u0430\u0440 \u043e\u0431\u0440\u0430\u0442\u043d\u043e \u043f\u0440\u043e\u0438\u0437\u0432\u043e\u0434\u0438\u0442\u0435\u043b\u044e.<\/p>\n<hr data-start=\"863\" data-end=\"866\">\n<h2 data-section-id=\"1x12abs\" data-start=\"868\" data-end=\"909\">\u0427\u0430\u0441\u0442\u0438\u0447\u043d\u044b\u0439 \u0432\u043e\u0437\u0432\u0440\u0430\u0442 \u0434\u0435\u043d\u0435\u0436\u043d\u044b\u0445 \u0441\u0440\u0435\u0434\u0441\u0442\u0432 (\u0435\u0441\u043b\u0438 \u043f\u0440\u0438\u043c\u0435\u043d\u0438\u043c\u043e)<\/h2>\n<p data-start=\"911\" data-end=\"949\">\u0427\u0430\u0441\u0442\u0438\u0447\u043d\u044b\u0439 \u0432\u043e\u0437\u0432\u0440\u0430\u0442 \u043c\u043e\u0436\u0435\u0442 \u0431\u044b\u0442\u044c \u043f\u0440\u043e\u0438\u0437\u0432\u0435\u0434\u0451\u043d, \u0435\u0441\u043b\u0438:<\/p>\n<ul data-start=\"950\" data-end=\"1052\">\n<li data-section-id=\"8ibqkn\" data-start=\"950\" data-end=\"982\">\u043d\u0430 \u0442\u043e\u0432\u0430\u0440\u0435 \u0438\u043c\u0435\u044e\u0442\u0441\u044f \u0441\u043b\u0435\u0434\u044b \u0438\u0441\u043f\u043e\u043b\u044c\u0437\u043e\u0432\u0430\u043d\u0438\u044f<\/li>\n<li data-section-id=\"6kjw3p\" data-start=\"983\" data-end=\"1021\">\u043f\u043e\u0432\u0440\u0435\u0436\u0434\u0435\u043d\u0438\u0435 \u0432\u043e\u0437\u043d\u0438\u043a\u043b\u043e \u043d\u0435 \u043f\u043e \u043d\u0430\u0448\u0435\u0439 \u0432\u0438\u043d\u0435<\/li>\n<li data-section-id=\"1swx6i9\" data-start=\"1022\" data-end=\"1052\">\u043e\u0442\u0441\u0443\u0442\u0441\u0442\u0432\u0443\u044e\u0442 \u0434\u0435\u0442\u0430\u043b\u0438 \u0438\u043b\u0438 \u0443\u043f\u0430\u043a\u043e\u0432\u043a\u0430<\/li>\n<\/ul>\n<hr data-start=\"1054\" data-end=\"1057\">\n<h2 data-section-id=\"19nzk21\" data-start=\"1059\" data-end=\"1076\">\u0412\u043e\u0437\u0432\u0440\u0430\u0442 \u0434\u0435\u043d\u0435\u0436\u043d\u044b\u0445 \u0441\u0440\u0435\u0434\u0441\u0442\u0432<\/h2>\n<p data-start=\"1078\" data-end=\"1147\">\u041f\u043e\u0441\u043b\u0435 \u043f\u043e\u043b\u0443\u0447\u0435\u043d\u0438\u044f \u0438 \u043f\u0440\u043e\u0432\u0435\u0440\u043a\u0438 \u0442\u043e\u0432\u0430\u0440\u0430 \u043c\u044b \u0441\u043e\u043e\u0431\u0449\u0438\u043c \u0432\u0430\u043c \u043f\u043e \u044d\u043b\u0435\u043a\u0442\u0440\u043e\u043d\u043d\u043e\u0439 \u043f\u043e\u0447\u0442\u0435 \u043e:<\/p>\n<ul data-start=\"1148\" data-end=\"1194\">\n<li data-section-id=\"1dl85rd\" data-start=\"1148\" data-end=\"1194\">\u043e\u0434\u043e\u0431\u0440\u0435\u043d\u0438\u0438 \u0438\u043b\u0438 \u043e\u0442\u043a\u043b\u043e\u043d\u0435\u043d\u0438\u0438 \u0432\u043e\u0437\u0432\u0440\u0430\u0442\u0430<\/li>\n<\/ul>\n<p data-start=\"1196\" data-end=\"1228\">\u0412 \u0441\u043b\u0443\u0447\u0430\u0435 \u043e\u0434\u043e\u0431\u0440\u0435\u043d\u0438\u044f \u0432\u043e\u0437\u0432\u0440\u0430\u0442\u0430:<\/p>\n<ul data-start=\"1229\" data-end=\"1318\">\n<li data-section-id=\"b76ive\" data-start=\"1229\" data-end=\"1283\">\u0434\u0435\u043d\u0435\u0436\u043d\u044b\u0435 \u0441\u0440\u0435\u0434\u0441\u0442\u0432\u0430 \u0432\u043e\u0437\u0432\u0440\u0430\u0449\u0430\u044e\u0442\u0441\u044f \u043d\u0430 \u0438\u0441\u0445\u043e\u0434\u043d\u044b\u0439 \u0441\u043f\u043e\u0441\u043e\u0431 \u043e\u043f\u043b\u0430\u0442\u044b<\/li>\n<li data-section-id=\"qabr1m\" data-start=\"1284\" data-end=\"1318\">\u043e\u0431\u044b\u0447\u043d\u043e \u0432 \u0442\u0435\u0447\u0435\u043d\u0438\u0435 5\u201310 \u0440\u0430\u0431\u043e\u0447\u0438\u0445 \u0434\u043d\u0435\u0439<\/li>\n<\/ul>\n<hr data-start=\"1320\" data-end=\"1323\">\n<p data-section-id=\"e9vjoj\" data-start=\"1325\" data-end=\"1356\">\u0417\u0430\u0434\u0435\u0440\u0436\u043a\u0430 \u0438\u043b\u0438 \u043d\u0435\u043f\u043e\u043b\u0443\u0447\u0435\u043d\u0438\u0435 \u0432\u043e\u0437\u0432\u0440\u0430\u0442\u0430<\/p>\n<p data-start=\"1358\" data-end=\"1384\">\u0415\u0441\u043b\u0438 \u0432\u044b \u043d\u0435 \u043f\u043e\u043b\u0443\u0447\u0438\u043b\u0438 \u0432\u043e\u0437\u0432\u0440\u0430\u0442:<\/p>\n<ol data-start=\"1385\" data-end=\"1512\">\n<li data-section-id=\"ozm2v1\" data-start=\"1385\" data-end=\"1418\">\u043f\u0440\u043e\u0432\u0435\u0440\u044c\u0442\u0435 \u0441\u0432\u043e\u0439 \u0431\u0430\u043d\u043a\u043e\u0432\u0441\u043a\u0438\u0439 \u0441\u0447\u0435\u0442<\/li>\n<li data-section-id=\"ms5avx\" data-start=\"1419\" data-end=\"1464\">\u043e\u0431\u0440\u0430\u0442\u0438\u0442\u0435\u0441\u044c \u0432 \u0431\u0430\u043d\u043a \u0438\u043b\u0438 \u043a \u044d\u043c\u0438\u0442\u0435\u043d\u0442\u0443 \u043a\u0430\u0440\u0442\u044b<\/li>\n<li data-section-id=\"yh9mgg\" data-start=\"1465\" data-end=\"1512\">\u043f\u0440\u0438 \u043d\u0435\u043e\u0431\u0445\u043e\u0434\u0438\u043c\u043e\u0441\u0442\u0438 \u2014 \u043d\u0430\u043f\u0438\u0448\u0438\u0442\u0435 \u043d\u0430\u043c: <strong data-start=\"1501\" data-end=\"1512\"><a href=\"mailto:jesfira@gmail.com\">jesfira@gmail.com<\/a><\/strong><\/li>\n<\/ol>\n<hr data-start=\"1514\" data-end=\"1517\">\n<h2 data-section-id=\"gfbygf\" data-start=\"1519\" data-end=\"1536\">\u0422\u043e\u0432\u0430\u0440\u044b \u043f\u043e \u0430\u043a\u0446\u0438\u0438<\/h2>\n<p data-start=\"1538\" data-end=\"1639\">\u0422\u043e\u0432\u0430\u0440\u044b \u0441\u043e \u0441\u043a\u0438\u0434\u043a\u043e\u0439, \u043a\u0430\u043a \u043f\u0440\u0430\u0432\u0438\u043b\u043e, \u043d\u0435 \u043f\u043e\u0434\u043b\u0435\u0436\u0430\u0442 \u0432\u043e\u0437\u0432\u0440\u0430\u0442\u0443, \u0437\u0430 \u0438\u0441\u043a\u043b\u044e\u0447\u0435\u043d\u0438\u0435\u043c \u0441\u043b\u0443\u0447\u0430\u0435\u0432, \u043a\u043e\u0433\u0434\u0430 \u043e\u043d\u0438 \u043f\u043e\u0432\u0440\u0435\u0436\u0434\u0435\u043d\u044b \u0438\u043b\u0438 \u043d\u0435 \u0441\u043e\u043e\u0442\u0432\u0435\u0442\u0441\u0442\u0432\u0443\u044e\u0442 \u043e\u043f\u0438\u0441\u0430\u043d\u0438\u044e.<\/p>\n<hr data-start=\"1641\" data-end=\"1644\">\n<h2 data-section-id=\"1lg5rfa\" data-start=\"1646\" data-end=\"1656\">\u041e\u0431\u043c\u0435\u043d<\/h2>\n<p data-start=\"1658\" data-end=\"1708\">\u0422\u043e\u0432\u0430\u0440\u044b \u043f\u043e\u0434\u043b\u0435\u0436\u0430\u0442 \u043e\u0431\u043c\u0435\u043d\u0443 \u0442\u043e\u043b\u044c\u043a\u043e \u0432 \u0441\u043b\u0435\u0434\u0443\u044e\u0449\u0438\u0445 \u0441\u043b\u0443\u0447\u0430\u044f\u0445:<\/p>\n<ul data-start=\"1709\" data-end=\"1742\">\n<li data-section-id=\"1yu6j48\" data-start=\"1709\" data-end=\"1720\">\u0435\u0441\u043b\u0438 \u043e\u043d\u0438 \u043f\u043e\u0432\u0440\u0435\u0436\u0434\u0435\u043d\u044b<\/li>\n<li data-section-id=\"1lik32s\" data-start=\"1721\" data-end=\"1742\">\u0438\u043b\u0438 \u043d\u0435 \u0441\u043e\u043e\u0442\u0432\u0435\u0442\u0441\u0442\u0432\u0443\u044e\u0442 \u043e\u043f\u0438\u0441\u0430\u043d\u0438\u044e<\/li>\n<\/ul>\n<p data-start=\"1744\" data-end=\"1796\">\u0414\u043b\u044f \u043e\u0431\u043c\u0435\u043d\u0430 \u0441\u0432\u044f\u0436\u0438\u0442\u0435\u0441\u044c \u0441 \u043d\u0430\u043c\u0438: <strong data-start=\"1785\" data-end=\"1796\"><a href=\"mailto:jesfira@gmail.com\">jesfira@gmail.com<\/a><\/strong><\/p>\n<hr data-start=\"1798\" data-end=\"1801\">\n<h2 data-section-id=\"15jwq17\" data-start=\"1803\" data-end=\"1813\">\u041f\u043e\u0434\u0430\u0440\u043a\u0438<\/h2>\n<p data-start=\"1815\" data-end=\"1848\">\u0415\u0441\u043b\u0438 \u0442\u043e\u0432\u0430\u0440 \u0431\u044b\u043b \u043f\u0440\u0438\u043e\u0431\u0440\u0435\u0442\u0451\u043d \u0432 \u043a\u0430\u0447\u0435\u0441\u0442\u0432\u0435 \u043f\u043e\u0434\u0430\u0440\u043a\u0430:<\/p>\n<ul data-start=\"1849\" data-end=\"1912\">\n<li data-section-id=\"1ndd415\" data-start=\"1849\" data-end=\"1912\">\u0432\u044b \u043c\u043e\u0436\u0435\u0442\u0435 \u043f\u043e\u043b\u0443\u0447\u0438\u0442\u044c \u043a\u0440\u0435\u0434\u0438\u0442 \u0432 \u043c\u0430\u0433\u0430\u0437\u0438\u043d\u0435 \u043d\u0430 \u0441\u0443\u043c\u043c\u0443 \u0441\u0442\u043e\u0438\u043c\u043e\u0441\u0442\u0438 \u0432\u043e\u0437\u0432\u0440\u0430\u0449\u0430\u0435\u043c\u043e\u0433\u043e \u0442\u043e\u0432\u0430\u0440\u0430<\/li>\n<\/ul>\n<p data-start=\"1914\" data-end=\"1946\">\u0415\u0441\u043b\u0438 \u043f\u043e\u0434\u0430\u0440\u043e\u043a \u043d\u0435 \u043e\u0431\u043e\u0437\u043d\u0430\u0447\u0435\u043d \u043a\u0430\u043a \u043f\u043e\u0434\u0430\u0440\u043e\u043a:<\/p>\n<ul data-start=\"1947\" data-end=\"1979\">\n<li data-section-id=\"q6qp8i\" data-start=\"1947\" data-end=\"1979\">\u0432\u043e\u0437\u0432\u0440\u0430\u0442 \u0441\u0440\u0435\u0434\u0441\u0442\u0432 \u043f\u0440\u043e\u0438\u0437\u0432\u043e\u0434\u0438\u0442\u0441\u044f \u043f\u043e\u043a\u0443\u043f\u0430\u0442\u0435\u043b\u044e<\/li>\n<\/ul>\n<hr data-start=\"1981\" data-end=\"1984\">\n<h2 data-section-id=\"45etqp\" data-start=\"1986\" data-end=\"2014\">\u0414\u043e\u0441\u0442\u0430\u0432\u043a\u0430 \u043f\u0440\u0438 \u0432\u043e\u0437\u0432\u0440\u0430\u0442\u0435 \u0442\u043e\u0432\u0430\u0440\u0430<\/h2>\n<p data-start=\"2016\" data-end=\"2032\">\u041f\u0440\u0438 \u0432\u043e\u0437\u0432\u0440\u0430\u0442\u0435 \u0442\u043e\u0432\u0430\u0440\u0430:<\/p>\n<ul data-start=\"2033\" data-end=\"2138\">\n<li data-section-id=\"ws75jk\" data-start=\"2033\" data-end=\"2063\">\u043e\u0442\u043f\u0440\u0430\u0432\u044c\u0442\u0435 \u0435\u0433\u043e \u043f\u043e \u0430\u0434\u0440\u0435\u0441\u0443: <strong data-start=\"2049\" data-end=\"2061\"><a href=\"https:\/\/www.google.com\/maps\/search\/Republikas+laukums+3,+R%C4%ABga,+LV-1010,+AJ+Aesthetics+salons\/@56.9551963,24.0676833,14z?entry=ttu\" target=\"_blank\" rel=\"noopener\">\nRepublikas laukums 3, R\u012bga, LV-1010, AJ Aesthetics salons\n<\/a><\/strong><\/li>\n<li data-section-id=\"t1mi73\" data-start=\"2064\" data-end=\"2098\">\u0441\u0442\u043e\u0438\u043c\u043e\u0441\u0442\u044c \u0434\u043e\u0441\u0442\u0430\u0432\u043a\u0438 \u043e\u043f\u043b\u0430\u0447\u0438\u0432\u0430\u0435\u0442 \u043f\u043e\u043a\u0443\u043f\u0430\u0442\u0435\u043b\u044c<\/li>\n<li data-section-id=\"nnp4a3\" data-start=\"2099\" data-end=\"2138\">\u0441\u0442\u043e\u0438\u043c\u043e\u0441\u0442\u044c \u0434\u043e\u0441\u0442\u0430\u0432\u043a\u0438 \u043d\u0435 \u0432\u043e\u0437\u043c\u0435\u0449\u0430\u0435\u0442\u0441\u044f<\/li>\n<\/ul>\n<p data-start=\"2140\" data-end=\"2178\">\u0420\u0435\u043a\u043e\u043c\u0435\u043d\u0434\u0443\u0435\u0442\u0441\u044f \u0438\u0441\u043f\u043e\u043b\u044c\u0437\u043e\u0432\u0430\u0442\u044c \u043e\u0442\u0441\u043b\u0435\u0436\u0438\u0432\u0430\u0435\u043c\u0443\u044e \u0434\u043e\u0441\u0442\u0430\u0432\u043a\u0443.<\/p>\n<hr data-start=\"2180\" data-end=\"2183\">\n<h2 data-section-id=\"s5geto\" data-start=\"2185\" data-end=\"2196\">\u041a\u043e\u043d\u0442\u0430\u043a\u0442\u044b<\/h2>\n<p data-start=\"2198\" data-end=\"2263\">\u0415\u0441\u043b\u0438 \u0443 \u0432\u0430\u0441 \u0435\u0441\u0442\u044c \u0432\u043e\u043f\u0440\u043e\u0441\u044b \u043f\u043e \u043f\u043e\u0432\u043e\u0434\u0443 \u0432\u043e\u0437\u0432\u0440\u0430\u0442\u0430 \u0438\u043b\u0438 \u0432\u043e\u0437\u043c\u0435\u0449\u0435\u043d\u0438\u044f:<br data-start=\"2246\" data-end=\"2249\"><strong data-start=\"2252\" data-end=\"2263\"><a href=\"mailto:jesfira@gmail.com\">jesfira@gmail.com<\/a><\/strong><\/p>\n<p><!-- \/wp:paragraph --><\/p>\t\t\t\t\t\t\t\t<\/div>\n\t\t\t\t\t<\/div>\n\t\t<\/div>\n\t\t\t\t\t<\/div>\n\t\t<\/section>\n\t\t\t\t<\/div>","protected":false},"excerpt":{"rendered":"<p>P\u0101rskats Saska\u0146\u0101 ar Latvijas un Eiropas Savien\u012bbas pat\u0113r\u0113t\u0101ju ties\u012bbu aizsardz\u012bbas norm\u0101m, jums ir ties\u012bbas atteikties no pirkuma 14 dienu laik\u0101 no preces sa\u0146em\u0161anas dienas. Lai prece b\u016btu piem\u0113rota atgrie\u0161anai: tai j\u0101b\u016bt nelietotai s\u0101kotn\u0113j\u0101 st\u0101vokl\u012b ori\u0123in\u0101laj\u0101 iepakojum\u0101 Neatgrie\u017eam\u0101s preces \u0160\u0101das preces netiek pie\u0146emtas atgrie\u0161anai: atv\u0113rtas kosm\u0113tikas un higi\u0113nas preces person\u012bg\u0101s kop\u0161anas l\u012bdzek\u013ci p\u0113c atv\u0113r\u0161anas digit\u0101lie produkti [&hellip;]<\/p>\n","protected":false},"author":2,"featured_media":0,"parent":0,"menu_order":0,"comment_status":"closed","ping_status":"closed","template":"","meta":{"footnotes":""},"class_list":["post-27350","page","type-page","status-publish","hentry"],"_links":{"self":[{"href":"https:\/\/ajaesthetics.org\/ru\/wp-json\/wp\/v2\/pages\/27350","targetHints":{"allow":["GET"]}}],"collection":[{"href":"https:\/\/ajaesthetics.org\/ru\/wp-json\/wp\/v2\/pages"}],"about":[{"href":"https:\/\/ajaesthetics.org\/ru\/wp-json\/wp\/v2\/types\/page"}],"author":[{"embeddable":true,"href":"https:\/\/ajaesthetics.org\/ru\/wp-json\/wp\/v2\/users\/2"}],"replies":[{"embeddable":true,"href":"https:\/\/ajaesthetics.org\/ru\/wp-json\/wp\/v2\/comments?post=27350"}],"version-history":[{"count":0,"href":"https:\/\/ajaesthetics.org\/ru\/wp-json\/wp\/v2\/pages\/27350\/revisions"}],"wp:attachment":[{"href":"https:\/\/ajaesthetics.org\/ru\/wp-json\/wp\/v2\/media?parent=27350"}],"curies":[{"name":"wp","href":"https:\/\/api.w.org\/{rel}","templated":true}]}}