{"id":49453,"date":"2026-04-18T19:28:01","date_gmt":"2026-04-18T19:28:01","guid":{"rendered":"https:\/\/ajaesthetics.org\/product\/heliocare-360-ak-emulsion-spf50-saules-aizsargajosa-emulsija-50-ml\/"},"modified":"2026-04-18T19:28:04","modified_gmt":"2026-04-18T19:28:04","slug":"heliocare-360-ak-emulsion-spf50-saules-aizsargajosa-emulsija-50-ml","status":"publish","type":"product","link":"https:\/\/ajaesthetics.org\/ru\/product\/heliocare-360-ak-emulsion-spf50-saules-aizsargajosa-emulsija-50-ml\/","title":{"rendered":"HELIOCARE 360\u00b0 AK EMULSION SPF50+ | Saules aizsarg\u0101jo\u0161a emulsija, 50 ml"},"content":{"rendered":"<p><span class=\"VIiyi\" lang=\"lv\" data-mce-fragment=\"1\" jsaction=\"mouseup:BR6jm\" jsname=\"jqKxS\"><span class=\"JLqJ4b ChMk0b\" data-language-for-alternatives=\"lv\" data-language-to-translate-into=\"lt\" data-phrase-index=\"0\" data-number-of-phrases=\"23\" data-mce-fragment=\"1\" jsaction=\"agoMJf:PFBcW;usxOmf:aWLT7;jhKsnd:P7O7bd,F8DmGf;Q4AGo:Gm7gYd,qAKMYb;uFUCPb:pvnm0e,pfE8Hb,PFBcW;f56efd:dJXsye;EnoYf:KNzws,ZJsZZ,JgVSJc;zdMJQc:cCQNKb,ZJsZZ,zchEXc;Ytrrj:JJDvdc;tNR8yc:GeFvjb;oFN6Ye:hij5Wb;bmeZHc:iURhpf;Oxj3Xe:qAKMYb,yaf12d\" jsname=\"txFAF\" jscontroller=\"Zl5N8\" jsdata=\"uqLsIf;_;$413\" jsmodel=\"SsMkhd\"><span class=\"Q4iAWc\" data-mce-fragment=\"1\" jsaction=\"click:qtZ4nf,GFf3ac,tMZCfe; contextmenu:Nqw7Te,QP7LD; mouseout:Nqw7Te; mouseover:qtZ4nf,c2aHje\" jsname=\"W297wb\">Heliocare 360\u00b0 AK emulsija nodro\u0161ina \u013coti augstu saules aizsardz\u012bbu ar ekskluz\u012bvu sast\u0101vda\u013cu kombin\u0101ciju akt\u012bnisk\u0101s keratozes un nemelanomas \u0101das v\u0113\u017ea profilaksei un uzlabo\u0161anai.<\/span><\/span><span class=\"JLqJ4b\" data-language-for-alternatives=\"lv\" data-language-to-translate-into=\"lt\" data-phrase-index=\"1\" data-number-of-phrases=\"23\" data-mce-fragment=\"1\" jsaction=\"agoMJf:PFBcW;usxOmf:aWLT7;jhKsnd:P7O7bd,F8DmGf;Q4AGo:Gm7gYd,qAKMYb;uFUCPb:pvnm0e,pfE8Hb,PFBcW;f56efd:dJXsye;EnoYf:KNzws,ZJsZZ,JgVSJc;zdMJQc:cCQNKb,ZJsZZ,zchEXc;Ytrrj:JJDvdc;tNR8yc:GeFvjb;oFN6Ye:hij5Wb;bmeZHc:iURhpf;Oxj3Xe:qAKMYb,yaf12d\" jsname=\"txFAF\" jscontroller=\"Zl5N8\" jsdata=\"uqLsIf;_;$414\" jsmodel=\"SsMkhd\"><span class=\"Q4iAWc\" data-mce-fragment=\"1\" jsaction=\"click:qtZ4nf,GFf3ac,tMZCfe; contextmenu:Nqw7Te,QP7LD; mouseout:Nqw7Te; mouseover:qtZ4nf,c2aHje\" jsname=\"W297wb\"> <\/span><\/span><span class=\"JLqJ4b ChMk0b\" data-language-for-alternatives=\"lv\" data-language-to-translate-into=\"lt\" data-phrase-index=\"2\" data-number-of-phrases=\"23\" data-mce-fragment=\"1\" jsaction=\"agoMJf:PFBcW;usxOmf:aWLT7;jhKsnd:P7O7bd,F8DmGf;Q4AGo:Gm7gYd,qAKMYb;uFUCPb:pvnm0e,pfE8Hb,PFBcW;f56efd:dJXsye;EnoYf:KNzws,ZJsZZ,JgVSJc;zdMJQc:cCQNKb,ZJsZZ,zchEXc;Ytrrj:JJDvdc;tNR8yc:GeFvjb;oFN6Ye:hij5Wb;bmeZHc:iURhpf;Oxj3Xe:qAKMYb,yaf12d\" jsname=\"txFAF\" jscontroller=\"Zl5N8\" jsdata=\"uqLsIf;_;$415\" jsmodel=\"SsMkhd\"><span class=\"Q4iAWc\" data-mce-fragment=\"1\" jsaction=\"click:qtZ4nf,GFf3ac,tMZCfe; contextmenu:Nqw7Te,QP7LD; mouseout:Nqw7Te; mouseover:qtZ4nf,c2aHje\" jsname=\"W297wb\">Satur ar\u012b Fernblock\u00ae kompleksu, kam rakstur\u012bgas atjaunojo\u0161as un antioksidanta akt\u012bv\u0101s vielas, kas aizsarg\u0101 pret 4 starojuma veidiem (UVB, UVA, redzam\u0101 gaisma un infrasarkanais), neitraliz\u0113 un veicina dabisku \u0101das atjauno\u0161anos p\u0113c saules rad\u012btajiem boj\u0101jumiem.<\/span><\/span><span class=\"JLqJ4b\" data-language-for-alternatives=\"lv\" data-language-to-translate-into=\"lt\" data-phrase-index=\"3\" data-number-of-phrases=\"23\" data-mce-fragment=\"1\" jsaction=\"agoMJf:PFBcW;usxOmf:aWLT7;jhKsnd:P7O7bd,F8DmGf;Q4AGo:Gm7gYd,qAKMYb;uFUCPb:pvnm0e,pfE8Hb,PFBcW;f56efd:dJXsye;EnoYf:KNzws,ZJsZZ,JgVSJc;zdMJQc:cCQNKb,ZJsZZ,zchEXc;Ytrrj:JJDvdc;tNR8yc:GeFvjb;oFN6Ye:hij5Wb;bmeZHc:iURhpf;Oxj3Xe:qAKMYb,yaf12d\" jsname=\"txFAF\" jscontroller=\"Zl5N8\" jsdata=\"uqLsIf;_;$416\" jsmodel=\"SsMkhd\"><span class=\"Q4iAWc\" data-mce-fragment=\"1\" jsaction=\"click:qtZ4nf,GFf3ac,tMZCfe; contextmenu:Nqw7Te,QP7LD; mouseout:Nqw7Te; mouseover:qtZ4nf,c2aHje\" jsname=\"W297wb\"> <\/span><\/span><\/span><\/p>\n<p><strong><span class=\"VIiyi\" lang=\"lv\" data-mce-fragment=\"1\" jsaction=\"mouseup:BR6jm\" jsname=\"jqKxS\"><span class=\"JLqJ4b ChMk0b\" data-language-for-alternatives=\"lv\" data-language-to-translate-into=\"lt\" data-phrase-index=\"4\" data-number-of-phrases=\"23\" data-mce-fragment=\"1\" jsaction=\"agoMJf:PFBcW;usxOmf:aWLT7;jhKsnd:P7O7bd,F8DmGf;Q4AGo:Gm7gYd,qAKMYb;uFUCPb:pvnm0e,pfE8Hb,PFBcW;f56efd:dJXsye;EnoYf:KNzws,ZJsZZ,JgVSJc;zdMJQc:cCQNKb,ZJsZZ,zchEXc;Ytrrj:JJDvdc;tNR8yc:GeFvjb;oFN6Ye:hij5Wb;bmeZHc:iURhpf;Oxj3Xe:qAKMYb,yaf12d\" jsname=\"txFAF\" jscontroller=\"Zl5N8\" jsdata=\"uqLsIf;_;$417\" jsmodel=\"SsMkhd\"><span class=\"Q4iAWc\" data-mce-fragment=\"1\" jsaction=\"click:qtZ4nf,GFf3ac,tMZCfe; contextmenu:Nqw7Te,QP7LD; mouseout:Nqw7Te; mouseover:qtZ4nf,c2aHje\" jsname=\"W297wb\">Priek\u0161roc\u012bbas:<\/span><\/span><span class=\"JLqJ4b\" data-language-for-alternatives=\"lv\" data-language-to-translate-into=\"lt\" data-phrase-index=\"5\" data-number-of-phrases=\"23\" data-mce-fragment=\"1\" jsaction=\"agoMJf:PFBcW;usxOmf:aWLT7;jhKsnd:P7O7bd,F8DmGf;Q4AGo:Gm7gYd,qAKMYb;uFUCPb:pvnm0e,pfE8Hb,PFBcW;f56efd:dJXsye;EnoYf:KNzws,ZJsZZ,JgVSJc;zdMJQc:cCQNKb,ZJsZZ,zchEXc;Ytrrj:JJDvdc;tNR8yc:GeFvjb;oFN6Ye:hij5Wb;bmeZHc:iURhpf;Oxj3Xe:qAKMYb,yaf12d\" jsname=\"txFAF\" jscontroller=\"Zl5N8\" jsdata=\"uqLsIf;_;$418\" jsmodel=\"SsMkhd\"><span class=\"Q4iAWc\" data-mce-fragment=\"1\" jsaction=\"click:qtZ4nf,GFf3ac,tMZCfe; contextmenu:Nqw7Te,QP7LD; mouseout:Nqw7Te; mouseover:qtZ4nf,c2aHje\" jsname=\"W297wb\"> <\/span><\/span> <\/span><\/strong><\/p>\n<ul>\n<li><span class=\"VIiyi\" lang=\"lv\" data-mce-fragment=\"1\" jsaction=\"mouseup:BR6jm\" jsname=\"jqKxS\"><span class=\"JLqJ4b ChMk0b\" data-language-for-alternatives=\"lv\" data-language-to-translate-into=\"lt\" data-phrase-index=\"6\" data-number-of-phrases=\"23\" data-mce-fragment=\"1\" jsaction=\"agoMJf:PFBcW;usxOmf:aWLT7;jhKsnd:P7O7bd,F8DmGf;Q4AGo:Gm7gYd,qAKMYb;uFUCPb:pvnm0e,pfE8Hb,PFBcW;f56efd:dJXsye;EnoYf:KNzws,ZJsZZ,JgVSJc;zdMJQc:cCQNKb,ZJsZZ,zchEXc;Ytrrj:JJDvdc;tNR8yc:GeFvjb;oFN6Ye:hij5Wb;bmeZHc:iURhpf;Oxj3Xe:qAKMYb,yaf12d\" jsname=\"txFAF\" jscontroller=\"Zl5N8\" jsdata=\"uqLsIf;_;$419\" jsmodel=\"SsMkhd\"><span class=\"Q4iAWc\" data-mce-fragment=\"1\" jsaction=\"click:qtZ4nf,GFf3ac,tMZCfe; contextmenu:Nqw7Te,QP7LD; mouseout:Nqw7Te; mouseover:qtZ4nf,c2aHje\" jsname=\"W297wb\">\u0100das aizsardz\u012bbai akt\u012bnisk\u0101s keratozes gad\u012bjum\u0101.<\/span><\/span><\/span><\/li>\n<li><span class=\"VIiyi\" lang=\"lv\" data-mce-fragment=\"1\" jsaction=\"mouseup:BR6jm\" jsname=\"jqKxS\"><span class=\"JLqJ4b ChMk0b\" data-language-for-alternatives=\"lv\" data-language-to-translate-into=\"lt\" data-phrase-index=\"8\" data-number-of-phrases=\"23\" data-mce-fragment=\"1\" jsaction=\"agoMJf:PFBcW;usxOmf:aWLT7;jhKsnd:P7O7bd,F8DmGf;Q4AGo:Gm7gYd,qAKMYb;uFUCPb:pvnm0e,pfE8Hb,PFBcW;f56efd:dJXsye;EnoYf:KNzws,ZJsZZ,JgVSJc;zdMJQc:cCQNKb,ZJsZZ,zchEXc;Ytrrj:JJDvdc;tNR8yc:GeFvjb;oFN6Ye:hij5Wb;bmeZHc:iURhpf;Oxj3Xe:qAKMYb,yaf12d\" jsname=\"txFAF\" jscontroller=\"Zl5N8\" jsdata=\"uqLsIf;_;$421\" jsmodel=\"SsMkhd\"><span class=\"Q4iAWc\" data-mce-fragment=\"1\" jsaction=\"click:qtZ4nf,GFf3ac,tMZCfe; contextmenu:Nqw7Te,QP7LD; mouseout:Nqw7Te; mouseover:qtZ4nf,c2aHje\" jsname=\"W297wb\">Viegla, netaukaina tekst\u016bra, \u0101tri ies\u016bcas \u0101d\u0101.<\/span><\/span><\/span><\/li>\n<li><span class=\"VIiyi\" lang=\"lv\" data-mce-fragment=\"1\" jsaction=\"mouseup:BR6jm\" jsname=\"jqKxS\"><span class=\"JLqJ4b ChMk0b\" data-language-for-alternatives=\"lv\" data-language-to-translate-into=\"lt\" data-phrase-index=\"10\" data-number-of-phrases=\"23\" data-mce-fragment=\"1\" jsaction=\"agoMJf:PFBcW;usxOmf:aWLT7;jhKsnd:P7O7bd,F8DmGf;Q4AGo:Gm7gYd,qAKMYb;uFUCPb:pvnm0e,pfE8Hb,PFBcW;f56efd:dJXsye;EnoYf:KNzws,ZJsZZ,JgVSJc;zdMJQc:cCQNKb,ZJsZZ,zchEXc;Ytrrj:JJDvdc;tNR8yc:GeFvjb;oFN6Ye:hij5Wb;bmeZHc:iURhpf;Oxj3Xe:qAKMYb,yaf12d\" jsname=\"txFAF\" jscontroller=\"Zl5N8\" jsdata=\"uqLsIf;_;$423\" jsmodel=\"SsMkhd\"><span class=\"Q4iAWc\" data-mce-fragment=\"1\" jsaction=\"click:qtZ4nf,GFf3ac,tMZCfe; contextmenu:Nqw7Te,QP7LD; mouseout:Nqw7Te; mouseover:qtZ4nf,c2aHje\" jsname=\"W297wb\">Viegli uzkl\u0101jams uz \u0101das<\/span><\/span><span class=\"JLqJ4b ChMk0b\" data-language-for-alternatives=\"lv\" data-language-to-translate-into=\"lt\" data-phrase-index=\"12\" data-number-of-phrases=\"23\" data-mce-fragment=\"1\" jsaction=\"agoMJf:PFBcW;usxOmf:aWLT7;jhKsnd:P7O7bd,F8DmGf;Q4AGo:Gm7gYd,qAKMYb;uFUCPb:pvnm0e,pfE8Hb,PFBcW;f56efd:dJXsye;EnoYf:KNzws,ZJsZZ,JgVSJc;zdMJQc:cCQNKb,ZJsZZ,zchEXc;Ytrrj:JJDvdc;tNR8yc:GeFvjb;oFN6Ye:hij5Wb;bmeZHc:iURhpf;Oxj3Xe:qAKMYb,yaf12d\" jsname=\"txFAF\" jscontroller=\"Zl5N8\" jsdata=\"uqLsIf;_;$425\" jsmodel=\"SsMkhd\"><span class=\"Q4iAWc\" data-mce-fragment=\"1\" jsaction=\"click:qtZ4nf,GFf3ac,tMZCfe; contextmenu:Nqw7Te,QP7LD; mouseout:Nqw7Te; mouseover:qtZ4nf,c2aHje\" jsname=\"W297wb\">.<\/span><\/span><span class=\"JLqJ4b\" data-language-for-alternatives=\"lv\" data-language-to-translate-into=\"lt\" data-phrase-index=\"13\" data-number-of-phrases=\"23\" data-mce-fragment=\"1\" jsaction=\"agoMJf:PFBcW;usxOmf:aWLT7;jhKsnd:P7O7bd,F8DmGf;Q4AGo:Gm7gYd,qAKMYb;uFUCPb:pvnm0e,pfE8Hb,PFBcW;f56efd:dJXsye;EnoYf:KNzws,ZJsZZ,JgVSJc;zdMJQc:cCQNKb,ZJsZZ,zchEXc;Ytrrj:JJDvdc;tNR8yc:GeFvjb;oFN6Ye:hij5Wb;bmeZHc:iURhpf;Oxj3Xe:qAKMYb,yaf12d\" jsname=\"txFAF\" jscontroller=\"Zl5N8\" jsdata=\"uqLsIf;_;$426\" jsmodel=\"SsMkhd\"><span class=\"Q4iAWc\" data-mce-fragment=\"1\" jsaction=\"click:qtZ4nf,GFf3ac,tMZCfe; contextmenu:Nqw7Te,QP7LD; mouseout:Nqw7Te; mouseover:qtZ4nf,c2aHje\" jsname=\"W297wb\"> <\/span><\/span> <span class=\"JLqJ4b ChMk0b\" data-language-for-alternatives=\"lv\" data-language-to-translate-into=\"lt\" data-phrase-index=\"14\" data-number-of-phrases=\"23\" data-mce-fragment=\"1\" jsaction=\"agoMJf:PFBcW;usxOmf:aWLT7;jhKsnd:P7O7bd,F8DmGf;Q4AGo:Gm7gYd,qAKMYb;uFUCPb:pvnm0e,pfE8Hb,PFBcW;f56efd:dJXsye;EnoYf:KNzws,ZJsZZ,JgVSJc;zdMJQc:cCQNKb,ZJsZZ,zchEXc;Ytrrj:JJDvdc;tNR8yc:GeFvjb;oFN6Ye:hij5Wb;bmeZHc:iURhpf;Oxj3Xe:qAKMYb,yaf12d\" jsname=\"txFAF\" jscontroller=\"Zl5N8\" jsdata=\"uqLsIf;_;$427\" jsmodel=\"SsMkhd\"><span class=\"Q4iAWc\" data-mce-fragment=\"1\" jsaction=\"click:qtZ4nf,GFf3ac,tMZCfe; contextmenu:Nqw7Te,QP7LD; mouseout:Nqw7Te; mouseover:qtZ4nf,c2aHje\" jsname=\"W297wb\">Bez e\u013c\u013c\u0101m.<\/span><\/span><span class=\"JLqJ4b\" data-language-for-alternatives=\"lv\" data-language-to-translate-into=\"lt\" data-phrase-index=\"15\" data-number-of-phrases=\"23\" data-mce-fragment=\"1\" jsaction=\"agoMJf:PFBcW;usxOmf:aWLT7;jhKsnd:P7O7bd,F8DmGf;Q4AGo:Gm7gYd,qAKMYb;uFUCPb:pvnm0e,pfE8Hb,PFBcW;f56efd:dJXsye;EnoYf:KNzws,ZJsZZ,JgVSJc;zdMJQc:cCQNKb,ZJsZZ,zchEXc;Ytrrj:JJDvdc;tNR8yc:GeFvjb;oFN6Ye:hij5Wb;bmeZHc:iURhpf;Oxj3Xe:qAKMYb,yaf12d\" jsname=\"txFAF\" jscontroller=\"Zl5N8\" jsdata=\"uqLsIf;_;$428\" jsmodel=\"SsMkhd\"><span class=\"Q4iAWc\" data-mce-fragment=\"1\" jsaction=\"click:qtZ4nf,GFf3ac,tMZCfe; contextmenu:Nqw7Te,QP7LD; mouseout:Nqw7Te; mouseover:qtZ4nf,c2aHje\" jsname=\"W297wb\">\u00a0<\/span><\/span><\/span><\/li>\n<li><span class=\"VIiyi\" lang=\"lv\" data-mce-fragment=\"1\" jsaction=\"mouseup:BR6jm\" jsname=\"jqKxS\"><span class=\"JLqJ4b ChMk0b\" data-language-for-alternatives=\"lv\" data-language-to-translate-into=\"lt\" data-phrase-index=\"18\" data-number-of-phrases=\"23\" data-mce-fragment=\"1\" jsaction=\"agoMJf:PFBcW;usxOmf:aWLT7;jhKsnd:P7O7bd,F8DmGf;Q4AGo:Gm7gYd,qAKMYb;uFUCPb:pvnm0e,pfE8Hb,PFBcW;f56efd:dJXsye;EnoYf:KNzws,ZJsZZ,JgVSJc;zdMJQc:cCQNKb,ZJsZZ,zchEXc;Ytrrj:JJDvdc;tNR8yc:GeFvjb;oFN6Ye:hij5Wb;bmeZHc:iURhpf;Oxj3Xe:qAKMYb,yaf12d\" jsname=\"txFAF\" jscontroller=\"Zl5N8\" jsdata=\"uqLsIf;_;$431\" jsmodel=\"SsMkhd\"><span class=\"Q4iAWc\" data-mce-fragment=\"1\" jsaction=\"click:qtZ4nf,GFf3ac,tMZCfe; contextmenu:Nqw7Te,QP7LD; mouseout:Nqw7Te; mouseover:qtZ4nf,c2aHje\" jsname=\"W297wb\">Hipoaler\u0123isks.<\/span><\/span><\/span><\/li>\n<li><span class=\"VIiyi\" lang=\"lv\" data-mce-fragment=\"1\" jsaction=\"mouseup:BR6jm\" jsname=\"jqKxS\"><span class=\"JLqJ4b ChMk0b\" data-language-for-alternatives=\"lv\" data-language-to-translate-into=\"lt\" data-phrase-index=\"20\" data-number-of-phrases=\"23\" data-mce-fragment=\"1\" jsaction=\"agoMJf:PFBcW;usxOmf:aWLT7;jhKsnd:P7O7bd,F8DmGf;Q4AGo:Gm7gYd,qAKMYb;uFUCPb:pvnm0e,pfE8Hb,PFBcW;f56efd:dJXsye;EnoYf:KNzws,ZJsZZ,JgVSJc;zdMJQc:cCQNKb,ZJsZZ,zchEXc;Ytrrj:JJDvdc;tNR8yc:GeFvjb;oFN6Ye:hij5Wb;bmeZHc:iURhpf;Oxj3Xe:qAKMYb,yaf12d\" jsname=\"txFAF\" jscontroller=\"Zl5N8\" jsdata=\"uqLsIf;_;$433\" jsmodel=\"SsMkhd\"><span class=\"Q4iAWc\" data-mce-fragment=\"1\" jsaction=\"click:qtZ4nf,GFf3ac,tMZCfe; contextmenu:Nqw7Te,QP7LD; mouseout:Nqw7Te; mouseover:qtZ4nf,c2aHje\" jsname=\"W297wb\">Test\u0113ts uz jut\u012bgas \u0101das dermatologu un oftalmologu uzraudz\u012bb\u0101.<\/span><\/span><\/span><\/li>\n<\/ul>\n<p data-mce-fragment=\"1\"><strong data-mce-fragment=\"1\">Akt\u012bv\u0101s sast\u0101vda\u013cas &#8211; <\/strong>FERNBLOCK+ tehnolo\u0123ija, Bioshield tehnolo\u0123ija, Genorepair komplekss, C un E vitam\u012bni, za\u013c\u0101 t\u0113ja, glikozil\u0101ze<\/p>\n<p data-mce-fragment=\"1\"><strong data-mce-fragment=\"1\">Lieto\u0161ana-<\/strong><span data-mce-fragment=\"1\"> Pirms uztur\u0113\u0161an\u0101s saul\u0113 vienm\u0113r\u012bgi uzkl\u0101jiet nelielu daudzumu emulsijas uz visas sejas. Uzkl\u0101jiet atk\u0101rtoti dienas laik\u0101, \u012bpa\u0161i p\u0113c ilgsto\u0161as \u200b\u200bpeld\u0113\u0161anas vai sp\u0113c\u012bgas sv\u012b\u0161anas.<\/span><\/p>\n<p data-mce-fragment=\"1\"><strong data-mce-fragment=\"1\">Ra\u017eot\u0101jvalsts:<\/strong><span data-mce-fragment=\"1\">\u00a0Sp\u0101nija, Cantabria Labs<\/span><\/p>\n<p data-mce-fragment=\"1\"><strong data-mce-fragment=\"1\">Ieg\u0101d\u0101ties veikal\u0101 var:<\/strong><span data-mce-fragment=\"1\">\u00a0<\/span>SIA &#8220;Medexy&#8221;- R\u012bg\u0101, Duntes iel\u0101 15A, 6.st\u0101v\u0101<\/p>","protected":false},"excerpt":{"rendered":"<p>Heliocare 360\u00b0 AK emulsija nodro\u0161ina \u013coti augstu saules aizsardz\u012bbu ar ekskluz\u012bvu sast\u0101vda\u013cu kombin\u0101ciju akt\u012bnisk\u0101s keratozes un nemelanomas \u0101das v\u0113\u017ea profilaksei un uzlabo\u0161anai. Satur ar\u012b Fernblock\u00ae kompleksu, kam rakstur\u012bgas atjaunojo\u0161as un antioksidanta akt\u012bv\u0101s vielas, kas aizsarg\u0101 pret 4 starojuma veidiem (UVB, UVA, redzam\u0101 gaisma un infrasarkanais), neitraliz\u0113 un veicina dabisku \u0101das atjauno\u0161anos p\u0113c saules rad\u012btajiem boj\u0101jumiem. [&hellip;]<\/p>\n","protected":false},"featured_media":49454,"comment_status":"closed","ping_status":"open","template":"","meta":[],"product_brand":[172],"product_cat":[16],"product_tag":[183],"class_list":{"0":"post-49453","1":"product","2":"type-product","3":"status-publish","4":"has-post-thumbnail","6":"product_brand-heliocare","7":"product_cat-bez-kategorijas","8":"product_tag-aizsardziba-pret-sauli-heliocare-sejas-krems-spf-spf-aizsardziba","11":"first","12":"instock","13":"purchasable","14":"product-type-simple"},"_links":{"self":[{"href":"https:\/\/ajaesthetics.org\/ru\/wp-json\/wp\/v2\/product\/49453","targetHints":{"allow":["GET"]}}],"collection":[{"href":"https:\/\/ajaesthetics.org\/ru\/wp-json\/wp\/v2\/product"}],"about":[{"href":"https:\/\/ajaesthetics.org\/ru\/wp-json\/wp\/v2\/types\/product"}],"replies":[{"embeddable":true,"href":"https:\/\/ajaesthetics.org\/ru\/wp-json\/wp\/v2\/comments?post=49453"}],"wp:featuredmedia":[{"embeddable":true,"href":"https:\/\/ajaesthetics.org\/ru\/wp-json\/wp\/v2\/media\/49454"}],"wp:attachment":[{"href":"https:\/\/ajaesthetics.org\/ru\/wp-json\/wp\/v2\/media?parent=49453"}],"wp:term":[{"taxonomy":"product_brand","embeddable":true,"href":"https:\/\/ajaesthetics.org\/ru\/wp-json\/wp\/v2\/product_brand?post=49453"},{"taxonomy":"product_cat","embeddable":true,"href":"https:\/\/ajaesthetics.org\/ru\/wp-json\/wp\/v2\/product_cat?post=49453"},{"taxonomy":"product_tag","embeddable":true,"href":"https:\/\/ajaesthetics.org\/ru\/wp-json\/wp\/v2\/product_tag?post=49453"}],"curies":[{"name":"wp","href":"https:\/\/api.w.org\/{rel}","templated":true}]}}