{"id":49455,"date":"2026-04-18T19:28:01","date_gmt":"2026-04-18T19:28:01","guid":{"rendered":"https:\/\/ajaesthetics.org\/product\/heliocare-color-compact-oil-free-spf50-saules-aizsargkrems-kompaktpuderkrems-ar-toni-10g\/"},"modified":"2026-04-18T19:28:09","modified_gmt":"2026-04-18T19:28:09","slug":"heliocare-color-compact-oil-free-spf50-saules-aizsargkrems-kompaktpuderkrems-ar-toni-10g","status":"publish","type":"product","link":"https:\/\/ajaesthetics.org\/ru\/product\/heliocare-color-compact-oil-free-spf50-saules-aizsargkrems-kompaktpuderkrems-ar-toni-10g\/","title":{"rendered":"HELIOCARE COLOR COMPACT OIL-FREE SPF50 | \u0421\u043e\u043b\u043d\u0446\u0435\u0437\u0430\u0449\u0438\u0442\u043d\u044b\u0439 \u043a\u0440\u0435\u043c, \u0442\u043e\u043d\u0438\u0440\u0443\u044e\u0449\u0438\u0439 \u043a\u043e\u043c\u043f\u0430\u043a\u0442\u043d\u044b\u0439 \u043f\u0443\u0434\u0435\u0440 10\u0433"},"content":{"rendered":"<p><span data-mce-fragment=\"1\" lang=\"lv\" class=\"VIiyi\" jsname=\"jqKxS\" jsaction=\"mouseup:BR6jm\"><span data-mce-fragment=\"1\" data-number-of-phrases=\"31\" data-phrase-index=\"0\" data-language-to-translate-into=\"lt\" data-language-for-alternatives=\"lv\" class=\"JLqJ4b ChMk0b\" jsmodel=\"SsMkhd\" jsdata=\"uqLsIf;_;$301\" jscontroller=\"Zl5N8\" jsname=\"txFAF\" jsaction=\"agoMJf:PFBcW;usxOmf:aWLT7;jhKsnd:P7O7bd,F8DmGf;Q4AGo:Gm7gYd,qAKMYb;uFUCPb:pvnm0e,pfE8Hb,PFBcW;f56efd:dJXsye;EnoYf:KNzws,ZJsZZ,JgVSJc;zdMJQc:cCQNKb,ZJsZZ,zchEXc;Ytrrj:JJDvdc;tNR8yc:GeFvjb;oFN6Ye:hij5Wb;bmeZHc:iURhpf;Oxj3Xe:qAKMYb,yaf12d\"><span data-mce-fragment=\"1\" class=\"Q4iAWc\" jsname=\"W297wb\" jsaction=\"click:qtZ4nf,GFf3ac,tMZCfe; contextmenu:Nqw7Te,QP7LD; mouseout:Nqw7Te; mouseover:qtZ4nf,c2aHje\">To\u0146a pie\u0161\u0137iro\u0161\u0101 fotoim\u016bna aizsardz\u012bba ir bag\u0101tin\u0101ta ar Fernblock un cit\u0101m akt\u012bv\u0101m viel\u0101m ar antioksidantu un atjaunojo\u0161u iedarb\u012bbu.<\/span><\/span> <span data-mce-fragment=\"1\" data-number-of-phrases=\"31\" data-phrase-index=\"1\" data-language-to-translate-into=\"lt\" data-language-for-alternatives=\"lv\" class=\"JLqJ4b ChMk0b\" jsmodel=\"SsMkhd\" jsdata=\"uqLsIf;_;$302\" jscontroller=\"Zl5N8\" jsname=\"txFAF\" jsaction=\"agoMJf:PFBcW;usxOmf:aWLT7;jhKsnd:P7O7bd,F8DmGf;Q4AGo:Gm7gYd,qAKMYb;uFUCPb:pvnm0e,pfE8Hb,PFBcW;f56efd:dJXsye;EnoYf:KNzws,ZJsZZ,JgVSJc;zdMJQc:cCQNKb,ZJsZZ,zchEXc;Ytrrj:JJDvdc;tNR8yc:GeFvjb;oFN6Ye:hij5Wb;bmeZHc:iURhpf;Oxj3Xe:qAKMYb,yaf12d\"><span data-mce-fragment=\"1\" class=\"Q4iAWc\" jsname=\"W297wb\" jsaction=\"click:qtZ4nf,GFf3ac,tMZCfe; contextmenu:Nqw7Te,QP7LD; mouseout:Nqw7Te; mouseover:qtZ4nf,c2aHje\">Aizsarg\u0101, izl\u012bdzina toni, sl\u0113pj nepiln\u012bbas, samazina sp\u012bdumu.<\/span><\/span> <span data-mce-fragment=\"1\" data-number-of-phrases=\"31\" data-phrase-index=\"2\" data-language-to-translate-into=\"lt\" data-language-for-alternatives=\"lv\" class=\"JLqJ4b ChMk0b\" jsmodel=\"SsMkhd\" jsdata=\"uqLsIf;_;$303\" jscontroller=\"Zl5N8\" jsname=\"txFAF\" jsaction=\"agoMJf:PFBcW;usxOmf:aWLT7;jhKsnd:P7O7bd,F8DmGf;Q4AGo:Gm7gYd,qAKMYb;uFUCPb:pvnm0e,pfE8Hb,PFBcW;f56efd:dJXsye;EnoYf:KNzws,ZJsZZ,JgVSJc;zdMJQc:cCQNKb,ZJsZZ,zchEXc;Ytrrj:JJDvdc;tNR8yc:GeFvjb;oFN6Ye:hij5Wb;bmeZHc:iURhpf;Oxj3Xe:qAKMYb,yaf12d\"><span data-mce-fragment=\"1\" class=\"Q4iAWc\" jsname=\"W297wb\" jsaction=\"click:qtZ4nf,GFf3ac,tMZCfe; contextmenu:Nqw7Te,QP7LD; mouseout:Nqw7Te; mouseover:qtZ4nf,c2aHje\">Nekomedog\u0113ns.<\/span><\/span>\u00a0<span data-mce-fragment=\"1\" data-number-of-phrases=\"31\" data-phrase-index=\"3\" data-language-to-translate-into=\"lt\" data-language-for-alternatives=\"lv\" class=\"JLqJ4b ChMk0b\" jsmodel=\"SsMkhd\" jsdata=\"uqLsIf;_;$304\" jscontroller=\"Zl5N8\" jsname=\"txFAF\" jsaction=\"agoMJf:PFBcW;usxOmf:aWLT7;jhKsnd:P7O7bd,F8DmGf;Q4AGo:Gm7gYd,qAKMYb;uFUCPb:pvnm0e,pfE8Hb,PFBcW;f56efd:dJXsye;EnoYf:KNzws,ZJsZZ,JgVSJc;zdMJQc:cCQNKb,ZJsZZ,zchEXc;Ytrrj:JJDvdc;tNR8yc:GeFvjb;oFN6Ye:hij5Wb;bmeZHc:iURhpf;Oxj3Xe:qAKMYb,yaf12d\"><span data-mce-fragment=\"1\" class=\"Q4iAWc\" jsname=\"W297wb\" jsaction=\"click:qtZ4nf,GFf3ac,tMZCfe; contextmenu:Nqw7Te,QP7LD; mouseout:Nqw7Te; mouseover:qtZ4nf,c2aHje\">Dermatolo\u0123iski p\u0101rbaud\u012bts.<\/span><\/span><span data-mce-fragment=\"1\" data-number-of-phrases=\"31\" data-phrase-index=\"4\" data-language-to-translate-into=\"lt\" data-language-for-alternatives=\"lv\" class=\"JLqJ4b\" jsmodel=\"SsMkhd\" jsdata=\"uqLsIf;_;$305\" jscontroller=\"Zl5N8\" jsname=\"txFAF\" jsaction=\"agoMJf:PFBcW;usxOmf:aWLT7;jhKsnd:P7O7bd,F8DmGf;Q4AGo:Gm7gYd,qAKMYb;uFUCPb:pvnm0e,pfE8Hb,PFBcW;f56efd:dJXsye;EnoYf:KNzws,ZJsZZ,JgVSJc;zdMJQc:cCQNKb,ZJsZZ,zchEXc;Ytrrj:JJDvdc;tNR8yc:GeFvjb;oFN6Ye:hij5Wb;bmeZHc:iURhpf;Oxj3Xe:qAKMYb,yaf12d\"><span data-mce-fragment=\"1\" class=\"Q4iAWc\" jsname=\"W297wb\" jsaction=\"click:qtZ4nf,GFf3ac,tMZCfe; contextmenu:Nqw7Te,QP7LD; mouseout:Nqw7Te; mouseover:qtZ4nf,c2aHje\"> <\/span><\/span><\/span><\/p>\n<p><span data-mce-fragment=\"1\" lang=\"lv\" class=\"VIiyi\" jsname=\"jqKxS\" jsaction=\"mouseup:BR6jm\"><span data-mce-fragment=\"1\" data-number-of-phrases=\"31\" data-phrase-index=\"5\" data-language-to-translate-into=\"lt\" data-language-for-alternatives=\"lv\" class=\"JLqJ4b ChMk0b\" jsmodel=\"SsMkhd\" jsdata=\"uqLsIf;_;$306\" jscontroller=\"Zl5N8\" jsname=\"txFAF\" jsaction=\"agoMJf:PFBcW;usxOmf:aWLT7;jhKsnd:P7O7bd,F8DmGf;Q4AGo:Gm7gYd,qAKMYb;uFUCPb:pvnm0e,pfE8Hb,PFBcW;f56efd:dJXsye;EnoYf:KNzws,ZJsZZ,JgVSJc;zdMJQc:cCQNKb,ZJsZZ,zchEXc;Ytrrj:JJDvdc;tNR8yc:GeFvjb;oFN6Ye:hij5Wb;bmeZHc:iURhpf;Oxj3Xe:qAKMYb,yaf12d\"><span data-mce-fragment=\"1\" class=\"Q4iAWc\" jsname=\"W297wb\" jsaction=\"click:qtZ4nf,GFf3ac,tMZCfe; contextmenu:Nqw7Te,QP7LD; mouseout:Nqw7Te; mouseover:qtZ4nf,c2aHje\">Priek\u0161roc\u012bbas:<\/span><\/span><span data-mce-fragment=\"1\" data-number-of-phrases=\"31\" data-phrase-index=\"6\" data-language-to-translate-into=\"lt\" data-language-for-alternatives=\"lv\" class=\"JLqJ4b\" jsmodel=\"SsMkhd\" jsdata=\"uqLsIf;_;$307\" jscontroller=\"Zl5N8\" jsname=\"txFAF\" jsaction=\"agoMJf:PFBcW;usxOmf:aWLT7;jhKsnd:P7O7bd,F8DmGf;Q4AGo:Gm7gYd,qAKMYb;uFUCPb:pvnm0e,pfE8Hb,PFBcW;f56efd:dJXsye;EnoYf:KNzws,ZJsZZ,JgVSJc;zdMJQc:cCQNKb,ZJsZZ,zchEXc;Ytrrj:JJDvdc;tNR8yc:GeFvjb;oFN6Ye:hij5Wb;bmeZHc:iURhpf;Oxj3Xe:qAKMYb,yaf12d\"><span data-mce-fragment=\"1\" class=\"Q4iAWc\" jsname=\"W297wb\" jsaction=\"click:qtZ4nf,GFf3ac,tMZCfe; contextmenu:Nqw7Te,QP7LD; mouseout:Nqw7Te; mouseover:qtZ4nf,c2aHje\"> <\/span><\/span><\/span><\/p>\n<p><span data-mce-fragment=\"1\" lang=\"lv\" class=\"VIiyi\" jsname=\"jqKxS\" jsaction=\"mouseup:BR6jm\">&#8211; <span data-mce-fragment=\"1\" data-number-of-phrases=\"31\" data-phrase-index=\"7\" data-language-to-translate-into=\"lt\" data-language-for-alternatives=\"lv\" class=\"JLqJ4b ChMk0b\" jsmodel=\"SsMkhd\" jsdata=\"uqLsIf;_;$308\" jscontroller=\"Zl5N8\" jsname=\"txFAF\" jsaction=\"agoMJf:PFBcW;usxOmf:aWLT7;jhKsnd:P7O7bd,F8DmGf;Q4AGo:Gm7gYd,qAKMYb;uFUCPb:pvnm0e,pfE8Hb,PFBcW;f56efd:dJXsye;EnoYf:KNzws,ZJsZZ,JgVSJc;zdMJQc:cCQNKb,ZJsZZ,zchEXc;Ytrrj:JJDvdc;tNR8yc:GeFvjb;oFN6Ye:hij5Wb;bmeZHc:iURhpf;Oxj3Xe:qAKMYb,yaf12d\"><span data-mce-fragment=\"1\" class=\"Q4iAWc\" jsname=\"W297wb\" jsaction=\"click:qtZ4nf,GFf3ac,tMZCfe; contextmenu:Nqw7Te,QP7LD; mouseout:Nqw7Te; mouseover:qtZ4nf,c2aHje\">Pla\u0161a spektra aizsardz\u012bba (SPF50)<\/span><\/span><span data-mce-fragment=\"1\" data-number-of-phrases=\"31\" data-phrase-index=\"8\" data-language-to-translate-into=\"lt\" data-language-for-alternatives=\"lv\" class=\"JLqJ4b\" jsmodel=\"SsMkhd\" jsdata=\"uqLsIf;_;$309\" jscontroller=\"Zl5N8\" jsname=\"txFAF\" jsaction=\"agoMJf:PFBcW;usxOmf:aWLT7;jhKsnd:P7O7bd,F8DmGf;Q4AGo:Gm7gYd,qAKMYb;uFUCPb:pvnm0e,pfE8Hb,PFBcW;f56efd:dJXsye;EnoYf:KNzws,ZJsZZ,JgVSJc;zdMJQc:cCQNKb,ZJsZZ,zchEXc;Ytrrj:JJDvdc;tNR8yc:GeFvjb;oFN6Ye:hij5Wb;bmeZHc:iURhpf;Oxj3Xe:qAKMYb,yaf12d\"><span data-mce-fragment=\"1\" class=\"Q4iAWc\" jsname=\"W297wb\" jsaction=\"click:qtZ4nf,GFf3ac,tMZCfe; contextmenu:Nqw7Te,QP7LD; mouseout:Nqw7Te; mouseover:qtZ4nf,c2aHje\"> <\/span><\/span> <\/span><\/p>\n<p><span data-mce-fragment=\"1\" lang=\"lv\" class=\"VIiyi\" jsname=\"jqKxS\" jsaction=\"mouseup:BR6jm\"><span data-mce-fragment=\"1\" data-number-of-phrases=\"31\" data-phrase-index=\"9\" data-language-to-translate-into=\"lt\" data-language-for-alternatives=\"lv\" class=\"JLqJ4b ChMk0b\" jsmodel=\"SsMkhd\" jsdata=\"uqLsIf;_;$310\" jscontroller=\"Zl5N8\" jsname=\"txFAF\" jsaction=\"agoMJf:PFBcW;usxOmf:aWLT7;jhKsnd:P7O7bd,F8DmGf;Q4AGo:Gm7gYd,qAKMYb;uFUCPb:pvnm0e,pfE8Hb,PFBcW;f56efd:dJXsye;EnoYf:KNzws,ZJsZZ,JgVSJc;zdMJQc:cCQNKb,ZJsZZ,zchEXc;Ytrrj:JJDvdc;tNR8yc:GeFvjb;oFN6Ye:hij5Wb;bmeZHc:iURhpf;Oxj3Xe:qAKMYb,yaf12d\"><span data-mce-fragment=\"1\" class=\"Q4iAWc\" jsname=\"W297wb\" jsaction=\"click:qtZ4nf,GFf3ac,tMZCfe; contextmenu:Nqw7Te,QP7LD; mouseout:Nqw7Te; mouseover:qtZ4nf,c2aHje\">&#8211; Saules boj\u0101jumu nov\u0113r\u0161ana<\/span><\/span><span data-mce-fragment=\"1\" data-number-of-phrases=\"31\" data-phrase-index=\"10\" data-language-to-translate-into=\"lt\" data-language-for-alternatives=\"lv\" class=\"JLqJ4b\" jsmodel=\"SsMkhd\" jsdata=\"uqLsIf;_;$311\" jscontroller=\"Zl5N8\" jsname=\"txFAF\" jsaction=\"agoMJf:PFBcW;usxOmf:aWLT7;jhKsnd:P7O7bd,F8DmGf;Q4AGo:Gm7gYd,qAKMYb;uFUCPb:pvnm0e,pfE8Hb,PFBcW;f56efd:dJXsye;EnoYf:KNzws,ZJsZZ,JgVSJc;zdMJQc:cCQNKb,ZJsZZ,zchEXc;Ytrrj:JJDvdc;tNR8yc:GeFvjb;oFN6Ye:hij5Wb;bmeZHc:iURhpf;Oxj3Xe:qAKMYb,yaf12d\"><span data-mce-fragment=\"1\" class=\"Q4iAWc\" jsname=\"W297wb\" jsaction=\"click:qtZ4nf,GFf3ac,tMZCfe; contextmenu:Nqw7Te,QP7LD; mouseout:Nqw7Te; mouseover:qtZ4nf,c2aHje\"> <\/span><\/span><\/span><\/p>\n<p><span data-mce-fragment=\"1\" lang=\"lv\" class=\"VIiyi\" jsname=\"jqKxS\" jsaction=\"mouseup:BR6jm\">&#8211; <span data-mce-fragment=\"1\" data-number-of-phrases=\"31\" data-phrase-index=\"11\" data-language-to-translate-into=\"lt\" data-language-for-alternatives=\"lv\" class=\"JLqJ4b ChMk0b\" jsmodel=\"SsMkhd\" jsdata=\"uqLsIf;_;$312\" jscontroller=\"Zl5N8\" jsname=\"txFAF\" jsaction=\"agoMJf:PFBcW;usxOmf:aWLT7;jhKsnd:P7O7bd,F8DmGf;Q4AGo:Gm7gYd,qAKMYb;uFUCPb:pvnm0e,pfE8Hb,PFBcW;f56efd:dJXsye;EnoYf:KNzws,ZJsZZ,JgVSJc;zdMJQc:cCQNKb,ZJsZZ,zchEXc;Ytrrj:JJDvdc;tNR8yc:GeFvjb;oFN6Ye:hij5Wb;bmeZHc:iURhpf;Oxj3Xe:qAKMYb,yaf12d\"><span data-mce-fragment=\"1\" class=\"Q4iAWc\" jsname=\"W297wb\" jsaction=\"click:qtZ4nf,GFf3ac,tMZCfe; contextmenu:Nqw7Te,QP7LD; mouseout:Nqw7Te; mouseover:qtZ4nf,c2aHje\">Antioksidants<\/span><\/span><span data-mce-fragment=\"1\" data-number-of-phrases=\"31\" data-phrase-index=\"12\" data-language-to-translate-into=\"lt\" data-language-for-alternatives=\"lv\" class=\"JLqJ4b\" jsmodel=\"SsMkhd\" jsdata=\"uqLsIf;_;$313\" jscontroller=\"Zl5N8\" jsname=\"txFAF\" jsaction=\"agoMJf:PFBcW;usxOmf:aWLT7;jhKsnd:P7O7bd,F8DmGf;Q4AGo:Gm7gYd,qAKMYb;uFUCPb:pvnm0e,pfE8Hb,PFBcW;f56efd:dJXsye;EnoYf:KNzws,ZJsZZ,JgVSJc;zdMJQc:cCQNKb,ZJsZZ,zchEXc;Ytrrj:JJDvdc;tNR8yc:GeFvjb;oFN6Ye:hij5Wb;bmeZHc:iURhpf;Oxj3Xe:qAKMYb,yaf12d\"><span data-mce-fragment=\"1\" class=\"Q4iAWc\" jsname=\"W297wb\" jsaction=\"click:qtZ4nf,GFf3ac,tMZCfe; contextmenu:Nqw7Te,QP7LD; mouseout:Nqw7Te; mouseover:qtZ4nf,c2aHje\"> <\/span><\/span> <\/span><\/p>\n<p><span data-mce-fragment=\"1\" lang=\"lv\" class=\"VIiyi\" jsname=\"jqKxS\" jsaction=\"mouseup:BR6jm\"><span data-mce-fragment=\"1\" data-number-of-phrases=\"31\" data-phrase-index=\"13\" data-language-to-translate-into=\"lt\" data-language-for-alternatives=\"lv\" class=\"JLqJ4b ChMk0b\" jsmodel=\"SsMkhd\" jsdata=\"uqLsIf;_;$314\" jscontroller=\"Zl5N8\" jsname=\"txFAF\" jsaction=\"agoMJf:PFBcW;usxOmf:aWLT7;jhKsnd:P7O7bd,F8DmGf;Q4AGo:Gm7gYd,qAKMYb;uFUCPb:pvnm0e,pfE8Hb,PFBcW;f56efd:dJXsye;EnoYf:KNzws,ZJsZZ,JgVSJc;zdMJQc:cCQNKb,ZJsZZ,zchEXc;Ytrrj:JJDvdc;tNR8yc:GeFvjb;oFN6Ye:hij5Wb;bmeZHc:iURhpf;Oxj3Xe:qAKMYb,yaf12d\"><span data-mce-fragment=\"1\" class=\"Q4iAWc\" jsname=\"W297wb\" jsaction=\"click:qtZ4nf,GFf3ac,tMZCfe; contextmenu:Nqw7Te,QP7LD; mouseout:Nqw7Te; mouseover:qtZ4nf,c2aHje\">&#8211; Sast\u0101vs bez e\u013c\u013cas<\/span><\/span><span data-mce-fragment=\"1\" data-number-of-phrases=\"31\" data-phrase-index=\"14\" data-language-to-translate-into=\"lt\" data-language-for-alternatives=\"lv\" class=\"JLqJ4b\" jsmodel=\"SsMkhd\" jsdata=\"uqLsIf;_;$315\" jscontroller=\"Zl5N8\" jsname=\"txFAF\" jsaction=\"agoMJf:PFBcW;usxOmf:aWLT7;jhKsnd:P7O7bd,F8DmGf;Q4AGo:Gm7gYd,qAKMYb;uFUCPb:pvnm0e,pfE8Hb,PFBcW;f56efd:dJXsye;EnoYf:KNzws,ZJsZZ,JgVSJc;zdMJQc:cCQNKb,ZJsZZ,zchEXc;Ytrrj:JJDvdc;tNR8yc:GeFvjb;oFN6Ye:hij5Wb;bmeZHc:iURhpf;Oxj3Xe:qAKMYb,yaf12d\"><span data-mce-fragment=\"1\" class=\"Q4iAWc\" jsname=\"W297wb\" jsaction=\"click:qtZ4nf,GFf3ac,tMZCfe; contextmenu:Nqw7Te,QP7LD; mouseout:Nqw7Te; mouseover:qtZ4nf,c2aHje\"> <\/span><\/span> <\/span><\/p>\n<p><span data-mce-fragment=\"1\" lang=\"lv\" class=\"VIiyi\" jsname=\"jqKxS\" jsaction=\"mouseup:BR6jm\"><span data-mce-fragment=\"1\" data-number-of-phrases=\"31\" data-phrase-index=\"15\" data-language-to-translate-into=\"lt\" data-language-for-alternatives=\"lv\" class=\"JLqJ4b ChMk0b\" jsmodel=\"SsMkhd\" jsdata=\"uqLsIf;_;$316\" jscontroller=\"Zl5N8\" jsname=\"txFAF\" jsaction=\"agoMJf:PFBcW;usxOmf:aWLT7;jhKsnd:P7O7bd,F8DmGf;Q4AGo:Gm7gYd,qAKMYb;uFUCPb:pvnm0e,pfE8Hb,PFBcW;f56efd:dJXsye;EnoYf:KNzws,ZJsZZ,JgVSJc;zdMJQc:cCQNKb,ZJsZZ,zchEXc;Ytrrj:JJDvdc;tNR8yc:GeFvjb;oFN6Ye:hij5Wb;bmeZHc:iURhpf;Oxj3Xe:qAKMYb,yaf12d\"><span data-mce-fragment=\"1\" class=\"Q4iAWc\" jsname=\"W297wb\" jsaction=\"click:qtZ4nf,GFf3ac,tMZCfe; contextmenu:Nqw7Te,QP7LD; mouseout:Nqw7Te; mouseover:qtZ4nf,c2aHje\">&#8211; Pie\u0161\u0137ir mat\u0113tu efektu<\/span><\/span><\/span><\/p>\n<p><span data-mce-fragment=\"1\" lang=\"lv\" class=\"VIiyi\" jsname=\"jqKxS\" jsaction=\"mouseup:BR6jm\"><span data-mce-fragment=\"1\" data-number-of-phrases=\"31\" data-phrase-index=\"23\" data-language-to-translate-into=\"lt\" data-language-for-alternatives=\"lv\" class=\"JLqJ4b ChMk0b\" jsmodel=\"SsMkhd\" jsdata=\"uqLsIf;_;$324\" jscontroller=\"Zl5N8\" jsname=\"txFAF\" jsaction=\"agoMJf:PFBcW;usxOmf:aWLT7;jhKsnd:P7O7bd,F8DmGf;Q4AGo:Gm7gYd,qAKMYb;uFUCPb:pvnm0e,pfE8Hb,PFBcW;f56efd:dJXsye;EnoYf:KNzws,ZJsZZ,JgVSJc;zdMJQc:cCQNKb,ZJsZZ,zchEXc;Ytrrj:JJDvdc;tNR8yc:GeFvjb;oFN6Ye:hij5Wb;bmeZHc:iURhpf;Oxj3Xe:qAKMYb,yaf12d\"><span data-mce-fragment=\"1\" class=\"Q4iAWc\" jsname=\"W297wb\" jsaction=\"click:qtZ4nf,GFf3ac,tMZCfe; contextmenu:Nqw7Te,QP7LD; mouseout:Nqw7Te; mouseover:qtZ4nf,c2aHje\">Piem\u0113rots kombin\u0113tai un taukainai \u0101dai, k\u0101 ar\u012b p<\/span><\/span><span data-mce-fragment=\"1\" data-number-of-phrases=\"31\" data-phrase-index=\"24\" data-language-to-translate-into=\"lt\" data-language-for-alternatives=\"lv\" class=\"JLqJ4b\" jsmodel=\"SsMkhd\" jsdata=\"uqLsIf;_;$325\" jscontroller=\"Zl5N8\" jsname=\"txFAF\" jsaction=\"agoMJf:PFBcW;usxOmf:aWLT7;jhKsnd:P7O7bd,F8DmGf;Q4AGo:Gm7gYd,qAKMYb;uFUCPb:pvnm0e,pfE8Hb,PFBcW;f56efd:dJXsye;EnoYf:KNzws,ZJsZZ,JgVSJc;zdMJQc:cCQNKb,ZJsZZ,zchEXc;Ytrrj:JJDvdc;tNR8yc:GeFvjb;oFN6Ye:hij5Wb;bmeZHc:iURhpf;Oxj3Xe:qAKMYb,yaf12d\"><span data-mce-fragment=\"1\" class=\"Q4iAWc\" jsname=\"W297wb\" jsaction=\"click:qtZ4nf,GFf3ac,tMZCfe; contextmenu:Nqw7Te,QP7LD; mouseout:Nqw7Te; mouseover:qtZ4nf,c2aHje\"><\/span><\/span><span data-mce-fragment=\"1\" data-number-of-phrases=\"31\" data-phrase-index=\"25\" data-language-to-translate-into=\"lt\" data-language-for-alternatives=\"lv\" class=\"JLqJ4b ChMk0b\" jsmodel=\"SsMkhd\" jsdata=\"uqLsIf;_;$326\" jscontroller=\"Zl5N8\" jsname=\"txFAF\" jsaction=\"agoMJf:PFBcW;usxOmf:aWLT7;jhKsnd:P7O7bd,F8DmGf;Q4AGo:Gm7gYd,qAKMYb;uFUCPb:pvnm0e,pfE8Hb,PFBcW;f56efd:dJXsye;EnoYf:KNzws,ZJsZZ,JgVSJc;zdMJQc:cCQNKb,ZJsZZ,zchEXc;Ytrrj:JJDvdc;tNR8yc:GeFvjb;oFN6Ye:hij5Wb;bmeZHc:iURhpf;Oxj3Xe:qAKMYb,yaf12d\"><span data-mce-fragment=\"1\" class=\"Q4iAWc\" jsname=\"W297wb\" jsaction=\"click:qtZ4nf,GFf3ac,tMZCfe; contextmenu:Nqw7Te,QP7LD; mouseout:Nqw7Te; mouseover:qtZ4nf,c2aHje\">iem\u0113rots p\u0113c dermatolo\u0123isk\u0101m proced\u016br\u0101m<\/span><\/span>.<span data-mce-fragment=\"1\" data-number-of-phrases=\"31\" data-phrase-index=\"28\" data-language-to-translate-into=\"lt\" data-language-for-alternatives=\"lv\" class=\"JLqJ4b\" jsmodel=\"SsMkhd\" jsdata=\"uqLsIf;_;$329\" jscontroller=\"Zl5N8\" jsname=\"txFAF\" jsaction=\"agoMJf:PFBcW;usxOmf:aWLT7;jhKsnd:P7O7bd,F8DmGf;Q4AGo:Gm7gYd,qAKMYb;uFUCPb:pvnm0e,pfE8Hb,PFBcW;f56efd:dJXsye;EnoYf:KNzws,ZJsZZ,JgVSJc;zdMJQc:cCQNKb,ZJsZZ,zchEXc;Ytrrj:JJDvdc;tNR8yc:GeFvjb;oFN6Ye:hij5Wb;bmeZHc:iURhpf;Oxj3Xe:qAKMYb,yaf12d\"><span data-mce-fragment=\"1\" class=\"Q4iAWc\" jsname=\"W297wb\" jsaction=\"click:qtZ4nf,GFf3ac,tMZCfe; contextmenu:Nqw7Te,QP7LD; mouseout:Nqw7Te; mouseover:qtZ4nf,c2aHje\"> <\/span><\/span><\/span><\/p>\n<p>\u00a0<\/p>\n<p data-mce-fragment=\"1\"><strong data-mce-fragment=\"1\">Akt\u012bv\u0101s sast\u0101vda\u013cas &#8211;<\/strong><span> Optim\u0101lu un stabilu filtru kombin\u0101cija, Fernblock tehnolo\u0123ija, za\u013c\u0101 t\u0113ja.<\/span><\/p>\n<p data-mce-fragment=\"1\"><strong data-mce-fragment=\"1\">Lieto\u0161ana-<\/strong><span data-mce-fragment=\"1\"> <span data-mce-fragment=\"1\" data-number-of-phrases=\"31\" data-phrase-index=\"29\" data-language-to-translate-into=\"lt\" data-language-for-alternatives=\"lv\" class=\"JLqJ4b ChMk0b\" jsmodel=\"SsMkhd\" jsdata=\"uqLsIf;_;$330\" jscontroller=\"Zl5N8\" jsname=\"txFAF\" jsaction=\"agoMJf:PFBcW;usxOmf:aWLT7;jhKsnd:P7O7bd,F8DmGf;Q4AGo:Gm7gYd,qAKMYb;uFUCPb:pvnm0e,pfE8Hb,PFBcW;f56efd:dJXsye;EnoYf:KNzws,ZJsZZ,JgVSJc;zdMJQc:cCQNKb,ZJsZZ,zchEXc;Ytrrj:JJDvdc;tNR8yc:GeFvjb;oFN6Ye:hij5Wb;bmeZHc:iURhpf;Oxj3Xe:qAKMYb,yaf12d\"><span data-mce-fragment=\"1\" class=\"Q4iAWc\" jsname=\"W297wb\" jsaction=\"click:qtZ4nf,GFf3ac,tMZCfe; contextmenu:Nqw7Te,QP7LD; mouseout:Nqw7Te; mouseover:qtZ4nf,c2aHje\">Kompakto aisargkr\u0113mu vienm\u0113r\u012bgi uzkl\u0101j ar s\u016bkli pirms saules iedarb\u012bbas.<\/span><\/span> <span data-mce-fragment=\"1\" data-number-of-phrases=\"31\" data-phrase-index=\"30\" data-language-to-translate-into=\"lt\" data-language-for-alternatives=\"lv\" class=\"JLqJ4b ChMk0b\" jsmodel=\"SsMkhd\" jsdata=\"uqLsIf;_;$331\" jscontroller=\"Zl5N8\" jsname=\"txFAF\" jsaction=\"agoMJf:PFBcW;usxOmf:aWLT7;jhKsnd:P7O7bd,F8DmGf;Q4AGo:Gm7gYd,qAKMYb;uFUCPb:pvnm0e,pfE8Hb,PFBcW;f56efd:dJXsye;EnoYf:KNzws,ZJsZZ,JgVSJc;zdMJQc:cCQNKb,ZJsZZ,zchEXc;Ytrrj:JJDvdc;tNR8yc:GeFvjb;oFN6Ye:hij5Wb;bmeZHc:iURhpf;Oxj3Xe:qAKMYb,yaf12d\"><span data-mce-fragment=\"1\" class=\"Q4iAWc\" jsname=\"W297wb\" jsaction=\"click:qtZ4nf,GFf3ac,tMZCfe; contextmenu:Nqw7Te,QP7LD; mouseout:Nqw7Te; mouseover:qtZ4nf,c2aHje\">Uzkl\u0101jiet atk\u0101rtoti dienas laik\u0101, \u012bpa\u0161i p\u0113c ilgsto\u0161as \u200b\u200bpeld\u0113\u0161anas vai sp\u0113c\u012bgas sv\u012b\u0161anas.<\/span><\/span><\/span><\/p>\n<p data-mce-fragment=\"1\"><strong data-mce-fragment=\"1\">Ra\u017eot\u0101jvalsts:<\/strong><span data-mce-fragment=\"1\">\u00a0Sp\u0101nija, Cantabria Labs<\/span><\/p>\n<p data-mce-fragment=\"1\"><strong data-mce-fragment=\"1\">Ieg\u0101d\u0101ties veikal\u0101 var:<\/strong><span data-mce-fragment=\"1\">\u00a0<\/span>SIA &#8220;Medexy&#8221;- R\u012bg\u0101, Duntes iel\u0101 15A, 6.st\u0101v\u0101<\/p>","protected":false},"excerpt":{"rendered":"<p>To\u0146a pie\u0161\u0137iro\u0161\u0101 fotoim\u016bna aizsardz\u012bba ir bag\u0101tin\u0101ta ar Fernblock un cit\u0101m akt\u012bv\u0101m viel\u0101m ar antioksidantu un atjaunojo\u0161u iedarb\u012bbu. Aizsarg\u0101, izl\u012bdzina toni, sl\u0113pj nepiln\u012bbas, samazina sp\u012bdumu. Nekomedog\u0113ns.\u00a0Dermatolo\u0123iski p\u0101rbaud\u012bts. Priek\u0161roc\u012bbas: &#8211; Pla\u0161a spektra aizsardz\u012bba (SPF50) &#8211; Saules boj\u0101jumu nov\u0113r\u0161ana &#8211; Antioksidants &#8211; Sast\u0101vs bez e\u013c\u013cas &#8211; Pie\u0161\u0137ir mat\u0113tu efektu Piem\u0113rots kombin\u0113tai un taukainai \u0101dai, k\u0101 ar\u012b piem\u0113rots p\u0113c [&hellip;]<\/p>\n","protected":false},"featured_media":49456,"comment_status":"closed","ping_status":"open","template":"","meta":[],"product_brand":[172],"product_cat":[16],"product_tag":[196],"class_list":{"0":"post-49455","1":"product","2":"type-product","3":"status-publish","4":"has-post-thumbnail","6":"product_brand-heliocare","7":"product_cat-bez-kategorijas","8":"product_tag-aizsardziba-pret-sauli-heliocare-spf-spf-aizsardziba","11":"first","12":"instock","13":"purchasable","14":"product-type-simple"},"_links":{"self":[{"href":"https:\/\/ajaesthetics.org\/ru\/wp-json\/wp\/v2\/product\/49455","targetHints":{"allow":["GET"]}}],"collection":[{"href":"https:\/\/ajaesthetics.org\/ru\/wp-json\/wp\/v2\/product"}],"about":[{"href":"https:\/\/ajaesthetics.org\/ru\/wp-json\/wp\/v2\/types\/product"}],"replies":[{"embeddable":true,"href":"https:\/\/ajaesthetics.org\/ru\/wp-json\/wp\/v2\/comments?post=49455"}],"wp:featuredmedia":[{"embeddable":true,"href":"https:\/\/ajaesthetics.org\/ru\/wp-json\/wp\/v2\/media\/49456"}],"wp:attachment":[{"href":"https:\/\/ajaesthetics.org\/ru\/wp-json\/wp\/v2\/media?parent=49455"}],"wp:term":[{"taxonomy":"product_brand","embeddable":true,"href":"https:\/\/ajaesthetics.org\/ru\/wp-json\/wp\/v2\/product_brand?post=49455"},{"taxonomy":"product_cat","embeddable":true,"href":"https:\/\/ajaesthetics.org\/ru\/wp-json\/wp\/v2\/product_cat?post=49455"},{"taxonomy":"product_tag","embeddable":true,"href":"https:\/\/ajaesthetics.org\/ru\/wp-json\/wp\/v2\/product_tag?post=49455"}],"curies":[{"name":"wp","href":"https:\/\/api.w.org\/{rel}","templated":true}]}}