{"id":49457,"date":"2026-04-18T19:28:01","date_gmt":"2026-04-18T19:28:01","guid":{"rendered":"https:\/\/ajaesthetics.org\/product\/g-m-collin-vital-c15-serum-serums-30-ml\/"},"modified":"2026-04-18T19:28:10","modified_gmt":"2026-04-18T19:28:10","slug":"g-m-collin-vital-c15-serum-serums-30-ml","status":"publish","type":"product","link":"https:\/\/ajaesthetics.org\/ru\/product\/g-m-collin-vital-c15-serum-serums-30-ml\/","title":{"rendered":"G.M. COLLIN VITAL C15 SERUM | Serums, 30 ml"},"content":{"rendered":"<p>\u0160is zin\u0101tniskajos un kl\u012bniskajos p\u0113t\u012bjumos pier\u0101d\u012btais serums ir antioksidantu &#8220;bumba&#8221;. T\u0101 sast\u0101v\u0101 ir t\u012brs un stabiliz\u0113ts C vitam\u012bns 15% koncentr\u0101cij\u0101, ferulsk\u0101be un camu camu ekstrakts, kas pasarg\u0101s \u0101das \u0161\u016bnas pret pies\u0101r\u0146ojumu un br\u012bvajiem radik\u0101\u013ciem un dos \u0101dai mirdzumu. Savuk\u0101rt, patent\u0113t\u0101 MATRIXYL\u00ae 3000 tehnolo\u0123ija satur vissp\u0113c\u012bg\u0101kos miorelaks\u0113jo\u0161os pept\u012bdus, kas relaks\u0113s m\u012bmikas musku\u013cus, samazinot krunci\u0146as un grumbi\u0146as.<\/p>\n<ul>\n<li>Absol\u016bta\u00a0aizsardz\u012bba pret vides stresa faktoriem\n<\/li>\n<li>Atjauno \u0101das mirdzumu un toni<\/li>\n<li>Ac\u012bmredzami samazina smalk\u0101s krunci\u0146as un grumbas<\/li>\n<li>Ac\u012bmredzami uzlabo \u0101das elast\u012bbu un tonusu\n<\/li>\n<li>Atjauno \u0101das tekst\u016bru<\/li>\n<\/ul>\n<p>K\u0100 LIETOT<br \/>Uzkl\u0101jiet 4-5 pilienus uz plaukstas un ar pirkstu galiem pl\u0101n\u0101 k\u0101rt\u0101 iemas\u0113jiet uz sejas un kakla \u0101das. Izvairieties no saskares ar ac\u012bm. Lietojiet no r\u012bta un\/vai vakar\u0101.<\/p>\n<p>Uzman\u012bbu: izlietot 6 m\u0113ne\u0161u laik\u0101 p\u0113c produkta atv\u0113r\u0161anas (periods, kur\u0101 pier\u0101d\u012bts C vitam\u012bna efekts).<\/p>\n<p>Ra\u017eot\u0101js:\u00a0Laboratoires Dermo-Cosmetik &#8211; G.M. COLLIN, Kan\u0101da<\/p>\n<p>Izplat\u012bt\u0101js: SIA Medexy, Duntes iela 15A, 6.st\u0101vs, R\u012bga.<\/p>","protected":false},"excerpt":{"rendered":"<p>\u0160is zin\u0101tniskajos un kl\u012bniskajos p\u0113t\u012bjumos pier\u0101d\u012btais serums ir antioksidantu &#8220;bumba&#8221;. T\u0101 sast\u0101v\u0101 ir t\u012brs un stabiliz\u0113ts C vitam\u012bns 15% koncentr\u0101cij\u0101, ferulsk\u0101be un camu camu ekstrakts, kas pasarg\u0101s \u0101das \u0161\u016bnas pret pies\u0101r\u0146ojumu un br\u012bvajiem radik\u0101\u013ciem un dos \u0101dai mirdzumu. Savuk\u0101rt, patent\u0113t\u0101 MATRIXYL\u00ae 3000 tehnolo\u0123ija satur vissp\u0113c\u012bg\u0101kos miorelaks\u0113jo\u0161os pept\u012bdus, kas relaks\u0113s m\u012bmikas musku\u013cus, samazinot krunci\u0146as un grumbi\u0146as. [&hellip;]<\/p>\n","protected":false},"featured_media":49458,"comment_status":"closed","ping_status":"open","template":"","meta":[],"product_brand":[160],"product_cat":[16],"product_tag":[197],"class_list":{"0":"post-49457","1":"product","2":"type-product","3":"status-publish","4":"has-post-thumbnail","6":"product_brand-g-m-collin","7":"product_cat-bez-kategorijas","8":"product_tag-g-m-collin-sejas-serums-serums","11":"first","12":"instock","13":"purchasable","14":"product-type-simple"},"_links":{"self":[{"href":"https:\/\/ajaesthetics.org\/ru\/wp-json\/wp\/v2\/product\/49457","targetHints":{"allow":["GET"]}}],"collection":[{"href":"https:\/\/ajaesthetics.org\/ru\/wp-json\/wp\/v2\/product"}],"about":[{"href":"https:\/\/ajaesthetics.org\/ru\/wp-json\/wp\/v2\/types\/product"}],"replies":[{"embeddable":true,"href":"https:\/\/ajaesthetics.org\/ru\/wp-json\/wp\/v2\/comments?post=49457"}],"wp:featuredmedia":[{"embeddable":true,"href":"https:\/\/ajaesthetics.org\/ru\/wp-json\/wp\/v2\/media\/49458"}],"wp:attachment":[{"href":"https:\/\/ajaesthetics.org\/ru\/wp-json\/wp\/v2\/media?parent=49457"}],"wp:term":[{"taxonomy":"product_brand","embeddable":true,"href":"https:\/\/ajaesthetics.org\/ru\/wp-json\/wp\/v2\/product_brand?post=49457"},{"taxonomy":"product_cat","embeddable":true,"href":"https:\/\/ajaesthetics.org\/ru\/wp-json\/wp\/v2\/product_cat?post=49457"},{"taxonomy":"product_tag","embeddable":true,"href":"https:\/\/ajaesthetics.org\/ru\/wp-json\/wp\/v2\/product_tag?post=49457"}],"curies":[{"name":"wp","href":"https:\/\/api.w.org\/{rel}","templated":true}]}}