{"id":49459,"date":"2026-04-18T19:28:23","date_gmt":"2026-04-18T19:28:23","guid":{"rendered":"https:\/\/ajaesthetics.org\/product\/g-m-collin-puractive-essential-oil-complex-eterisko-ellu-komplekss-50-ml\/"},"modified":"2026-04-18T19:28:23","modified_gmt":"2026-04-18T19:28:23","slug":"g-m-collin-puractive-essential-oil-complex-eterisko-ellu-komplekss-50-ml","status":"publish","type":"product","link":"https:\/\/ajaesthetics.org\/ru\/product\/g-m-collin-puractive-essential-oil-complex-eterisko-ellu-komplekss-50-ml\/","title":{"rendered":"G.M. COLLIN PURACTIVE+ ESSENTIAL OIL COMPLEX | \u0112terisko e\u013c\u013cu komplekss, 50 ml"},"content":{"rendered":"<p>G.M. COLLIN PURACTIVE + nomierino\u0161s \u0113terisko e\u013c\u013cu komplekss, kur\u0161<span data-mce-fragment=\"1\" lang=\"lv\" class=\"VIiyi\" jsname=\"jqKxS\" jsaction=\"mouseup:BR6jm\"><span data-mce-fragment=\"1\" data-number-of-phrases=\"7\" data-phrase-index=\"1\" data-language-to-translate-into=\"lt\" data-language-for-alternatives=\"lv\" class=\"JLqJ4b\" jsmodel=\"SsMkhd\" jsdata=\"uqLsIf;_;$42\" jscontroller=\"Zl5N8\" jsname=\"txFAF\" jsaction=\"agoMJf:PFBcW;usxOmf:aWLT7;jhKsnd:P7O7bd,F8DmGf;Q4AGo:Gm7gYd,qAKMYb;uFUCPb:pvnm0e,pfE8Hb,PFBcW;f56efd:dJXsye;EnoYf:KNzws,ZJsZZ,JgVSJc;zdMJQc:cCQNKb,ZJsZZ,zchEXc;Ytrrj:JJDvdc;tNR8yc:GeFvjb;oFN6Ye:hij5Wb;bmeZHc:iURhpf;Oxj3Xe:qAKMYb,yaf12d\"><span data-mce-fragment=\"1\" jsname=\"W297wb\" jsaction=\"click:qtZ4nf,GFf3ac,tMZCfe; contextmenu:Nqw7Te,QP7LD; mouseout:Nqw7Te; mouseover:qtZ4nf,c2aHje\"> e<\/span><\/span><span data-mce-fragment=\"1\" data-number-of-phrases=\"7\" data-phrase-index=\"2\" data-language-to-translate-into=\"lt\" data-language-for-alternatives=\"lv\" class=\"JLqJ4b ChMk0b\" jsmodel=\"SsMkhd\" jsdata=\"uqLsIf;_;$43\" jscontroller=\"Zl5N8\" jsname=\"txFAF\" jsaction=\"agoMJf:PFBcW;usxOmf:aWLT7;jhKsnd:P7O7bd,F8DmGf;Q4AGo:Gm7gYd,qAKMYb;uFUCPb:pvnm0e,pfE8Hb,PFBcW;f56efd:dJXsye;EnoYf:KNzws,ZJsZZ,JgVSJc;zdMJQc:cCQNKb,ZJsZZ,zchEXc;Ytrrj:JJDvdc;tNR8yc:GeFvjb;oFN6Ye:hij5Wb;bmeZHc:iURhpf;Oxj3Xe:qAKMYb,yaf12d\"><span data-mce-fragment=\"1\" jsname=\"W297wb\" jsaction=\"click:qtZ4nf,GFf3ac,tMZCfe; contextmenu:Nqw7Te,QP7LD; mouseout:Nqw7Te; mouseover:qtZ4nf,c2aHje\">fekt\u012bvi nomierina un atsvaidzina taukainu \u0101du, neizraisot sausumu.<\/span><\/span><span data-mce-fragment=\"1\" data-number-of-phrases=\"7\" data-phrase-index=\"4\" data-language-to-translate-into=\"lt\" data-language-for-alternatives=\"lv\" class=\"JLqJ4b ChMk0b\" jsmodel=\"SsMkhd\" jsdata=\"uqLsIf;_;$45\" jscontroller=\"Zl5N8\" jsname=\"txFAF\" jsaction=\"agoMJf:PFBcW;usxOmf:aWLT7;jhKsnd:P7O7bd,F8DmGf;Q4AGo:Gm7gYd,qAKMYb;uFUCPb:pvnm0e,pfE8Hb,PFBcW;f56efd:dJXsye;EnoYf:KNzws,ZJsZZ,JgVSJc;zdMJQc:cCQNKb,ZJsZZ,zchEXc;Ytrrj:JJDvdc;tNR8yc:GeFvjb;oFN6Ye:hij5Wb;bmeZHc:iURhpf;Oxj3Xe:qAKMYb,yaf12d\"><span data-mce-fragment=\"1\" jsname=\"W297wb\" jsaction=\"click:qtZ4nf,GFf3ac,tMZCfe; contextmenu:Nqw7Te,QP7LD; mouseout:Nqw7Te; mouseover:qtZ4nf,c2aHje\"><\/span><\/span><span data-mce-fragment=\"1\" data-number-of-phrases=\"7\" data-phrase-index=\"5\" data-language-to-translate-into=\"lt\" data-language-for-alternatives=\"lv\" class=\"JLqJ4b\" jsmodel=\"SsMkhd\" jsdata=\"uqLsIf;_;$46\" jscontroller=\"Zl5N8\" jsname=\"txFAF\" jsaction=\"agoMJf:PFBcW;usxOmf:aWLT7;jhKsnd:P7O7bd,F8DmGf;Q4AGo:Gm7gYd,qAKMYb;uFUCPb:pvnm0e,pfE8Hb,PFBcW;f56efd:dJXsye;EnoYf:KNzws,ZJsZZ,JgVSJc;zdMJQc:cCQNKb,ZJsZZ,zchEXc;Ytrrj:JJDvdc;tNR8yc:GeFvjb;oFN6Ye:hij5Wb;bmeZHc:iURhpf;Oxj3Xe:qAKMYb,yaf12d\"><span data-mce-fragment=\"1\" jsname=\"W297wb\" jsaction=\"click:qtZ4nf,GFf3ac,tMZCfe; contextmenu:Nqw7Te,QP7LD; mouseout:Nqw7Te; mouseover:qtZ4nf,c2aHje\">\u00a0Tas padara \u0101du vesel\u012bg\u0101ku, dod mat\u0113jo\u0161u efektu, padara to maigu un vienm\u0113r\u012bgu.\u00a0<\/span><\/span><\/span><\/p>\n<p><span data-mce-fragment=\"1\" lang=\"lv\" class=\"VIiyi\" jsname=\"jqKxS\" jsaction=\"mouseup:BR6jm\"><span data-mce-fragment=\"1\" data-number-of-phrases=\"7\" data-phrase-index=\"5\" data-language-to-translate-into=\"lt\" data-language-for-alternatives=\"lv\" class=\"JLqJ4b\" jsmodel=\"SsMkhd\" jsdata=\"uqLsIf;_;$46\" jscontroller=\"Zl5N8\" jsname=\"txFAF\" jsaction=\"agoMJf:PFBcW;usxOmf:aWLT7;jhKsnd:P7O7bd,F8DmGf;Q4AGo:Gm7gYd,qAKMYb;uFUCPb:pvnm0e,pfE8Hb,PFBcW;f56efd:dJXsye;EnoYf:KNzws,ZJsZZ,JgVSJc;zdMJQc:cCQNKb,ZJsZZ,zchEXc;Ytrrj:JJDvdc;tNR8yc:GeFvjb;oFN6Ye:hij5Wb;bmeZHc:iURhpf;Oxj3Xe:qAKMYb,yaf12d\"><span data-mce-fragment=\"1\" jsname=\"W297wb\" jsaction=\"click:qtZ4nf,GFf3ac,tMZCfe; contextmenu:Nqw7Te,QP7LD; mouseout:Nqw7Te; mouseover:qtZ4nf,c2aHje\">Piem\u0113rots visiem \u0101das tipiem, sevi\u0161\u0137i taukainai, problem\u0101tiskai \u0101dai.<\/span><\/span><\/span><\/p>\n<p>Lieto\u0161ana-\u00a0<\/p>\n<p>1) Uz probl\u0113mzon\u0101m: Pirms lieto\u0161anas labi sakratiet. Uzkl\u0101jiet uz probl\u0113mzon\u0101m (izsitumiem) ar\u00a0 vates disku. Izvairieties no acu zonas. Var lietot no r\u012bta un\/vai vakar\u0101.<\/p>\n<p>2)\u00a0Nomierino\u0161a komprese: B\u013cod\u0101 ielej kr\u016bzi silta \u016bdens, ko at\u0161\u0137aida ar 5 pump\u012b\u0161iem kompleksa un samaisa. Izveidotaj\u0101 \u0161\u0137\u012bdum\u0101 iem\u0113rciet dvieli (vai auduma salveti), izspiediet lieko \u016bdeni un ar to maigi not\u012briet seju.\u00a0<\/p>\n<p data-mce-fragment=\"1\">Ra\u017eot\u0101js:\u00a0Laboratoires Dermo-Cosmetik &#8211; G.M. COLLIN, Kan\u0101da<\/p>\n<p data-mce-fragment=\"1\">Izplat\u012bt\u0101js: SIA Medexy, Duntes iela 15A, 6.st\u0101vs, R\u012bga.<\/p>","protected":false},"excerpt":{"rendered":"<p>G.M. COLLIN PURACTIVE + nomierino\u0161s \u0113terisko e\u013c\u013cu komplekss, kur\u0161 efekt\u012bvi nomierina un atsvaidzina taukainu \u0101du, neizraisot sausumu.\u00a0Tas padara \u0101du vesel\u012bg\u0101ku, dod mat\u0113jo\u0161u efektu, padara to maigu un vienm\u0113r\u012bgu.\u00a0 Piem\u0113rots visiem \u0101das tipiem, sevi\u0161\u0137i taukainai, problem\u0101tiskai \u0101dai. Lieto\u0161ana-\u00a0 1) Uz probl\u0113mzon\u0101m: Pirms lieto\u0161anas labi sakratiet. Uzkl\u0101jiet uz probl\u0113mzon\u0101m (izsitumiem) ar\u00a0 vates disku. Izvairieties no acu zonas. [&hellip;]<\/p>\n","protected":false},"featured_media":49461,"comment_status":"closed","ping_status":"open","template":"","meta":[],"product_brand":[160],"product_cat":[16],"product_tag":[198],"class_list":{"0":"post-49459","1":"product","2":"type-product","3":"status-publish","4":"has-post-thumbnail","6":"product_brand-g-m-collin","7":"product_cat-bez-kategorijas","8":"product_tag-g-m-collin-sejas-toniks","11":"first","12":"instock","13":"purchasable","14":"product-type-simple"},"_links":{"self":[{"href":"https:\/\/ajaesthetics.org\/ru\/wp-json\/wp\/v2\/product\/49459","targetHints":{"allow":["GET"]}}],"collection":[{"href":"https:\/\/ajaesthetics.org\/ru\/wp-json\/wp\/v2\/product"}],"about":[{"href":"https:\/\/ajaesthetics.org\/ru\/wp-json\/wp\/v2\/types\/product"}],"replies":[{"embeddable":true,"href":"https:\/\/ajaesthetics.org\/ru\/wp-json\/wp\/v2\/comments?post=49459"}],"wp:featuredmedia":[{"embeddable":true,"href":"https:\/\/ajaesthetics.org\/ru\/wp-json\/wp\/v2\/media\/49461"}],"wp:attachment":[{"href":"https:\/\/ajaesthetics.org\/ru\/wp-json\/wp\/v2\/media?parent=49459"}],"wp:term":[{"taxonomy":"product_brand","embeddable":true,"href":"https:\/\/ajaesthetics.org\/ru\/wp-json\/wp\/v2\/product_brand?post=49459"},{"taxonomy":"product_cat","embeddable":true,"href":"https:\/\/ajaesthetics.org\/ru\/wp-json\/wp\/v2\/product_cat?post=49459"},{"taxonomy":"product_tag","embeddable":true,"href":"https:\/\/ajaesthetics.org\/ru\/wp-json\/wp\/v2\/product_tag?post=49459"}],"curies":[{"name":"wp","href":"https:\/\/api.w.org\/{rel}","templated":true}]}}