{"id":49462,"date":"2026-04-18T19:28:23","date_gmt":"2026-04-18T19:28:23","guid":{"rendered":"https:\/\/ajaesthetics.org\/product\/g-m-collin-a-g-e-total-defence-cream-sejas-krems-50ml\/"},"modified":"2026-04-18T19:28:23","modified_gmt":"2026-04-18T19:28:23","slug":"g-m-collin-a-g-e-total-defence-cream-sejas-krems-50ml","status":"publish","type":"product","link":"https:\/\/ajaesthetics.org\/ru\/product\/g-m-collin-a-g-e-total-defence-cream-sejas-krems-50ml\/","title":{"rendered":"G.M. COLLIN A.G.E. TOTAL DEFENCE CREAM | Sejas Kr\u0113ms, 50ml"},"content":{"rendered":"<p data-mce-fragment=\"1\">Kombin\u0113ts mitrino\u0161s un pretnoveco\u0161anas kr\u0113ms, kas satur 8 veidu antioksidantus un 5 veidu relaks\u0113jo\u0161us pept\u012bdus, lai samazin\u0101tu visas redzam\u0101s \u0101das noveco\u0161anas paz\u012bmes.\u00a0<\/p>\n<p data-mce-fragment=\"1\">AGE Total Defence kr\u0113ms atjauo \u0101das elast\u012bbu un tvirtumu, dod mirdzumu un izl\u012bdzina \u0101das toni no \u0101rpuses, k\u0101 ar\u012b kav\u0113 \u0101das noveco\u0161anas procesus no iek\u0161ienes.<\/p>\n<p data-mce-fragment=\"1\">Kr\u0113ms ir z\u012bdains un viegls un taj\u0101 pa\u0161\u0101 laik\u0101- barojo\u0161s. Piem\u0113rots sausai un nobriedu\u0161ai \u0101dai, vecum\u0101 no 25 gadiem.<\/p>\n<p data-mce-fragment=\"1\">Uzkl\u0101jiet kr\u0113mu uz t\u012bras \u0101das p\u0113c tam, kad ir uzs\u016bcies serums un izvairieties no saskares ar ac\u012bm. Ieteicams lietot no r\u012bta un vakar\u0101.<\/p>\n<p data-mce-fragment=\"1\"><strong>Sast\u0101vs:<\/strong><\/p>\n<ul>\n<li>Antioksidanti- Argana s\u0113kli\u0146u e\u013c\u013ca (Argania Spinosa), Madecassoside, E vitam\u012bns, koenz\u012bms Q10 (ubikinons)<\/li>\n<li>\u0160\u016bn\u0101m draudz\u012bgas sast\u0101vda\u013caS- Matrixyl\u2122 3000, pept\u012bds Q10\u2122<\/li>\n<li>\u0100dai identiskas sast\u0101vda\u013cas- Glicer\u012bns, skval\u0113ns, n\u0101trija PCA, ur\u012bnviela (Urea), hialuronsk\u0101be (n\u0101trija hialuron\u0101ts)<\/li>\n<li>\u0100das nomierin\u0101\u0161ana: Madecassoside<\/li>\n<\/ul>\n<p data-mce-fragment=\"1\"><strong>Ra\u017eot\u0101js:<\/strong>\u00a0Laboratoires Dermo-Cosmetik &#8211; G.M. COLLIN, Kan\u0101da<\/p>\n<p data-mce-fragment=\"1\"><strong>Izplat\u012bt\u0101js:<\/strong> SIA Medexy, Duntes iela 15A, 6.st\u0101vs, R\u012bga.<\/p>","protected":false},"excerpt":{"rendered":"<p>Kombin\u0113ts mitrino\u0161s un pretnoveco\u0161anas kr\u0113ms, kas satur 8 veidu antioksidantus un 5 veidu relaks\u0113jo\u0161us pept\u012bdus, lai samazin\u0101tu visas redzam\u0101s \u0101das noveco\u0161anas paz\u012bmes.\u00a0 AGE Total Defence kr\u0113ms atjauo \u0101das elast\u012bbu un tvirtumu, dod mirdzumu un izl\u012bdzina \u0101das toni no \u0101rpuses, k\u0101 ar\u012b kav\u0113 \u0101das noveco\u0161anas procesus no iek\u0161ienes. Kr\u0113ms ir z\u012bdains un viegls un taj\u0101 pa\u0161\u0101 [&hellip;]<\/p>\n","protected":false},"featured_media":49463,"comment_status":"closed","ping_status":"open","template":"","meta":[],"product_brand":[160],"product_cat":[16],"product_tag":[171],"class_list":{"0":"post-49462","1":"product","2":"type-product","3":"status-publish","4":"has-post-thumbnail","6":"product_brand-g-m-collin","7":"product_cat-bez-kategorijas","8":"product_tag-g-m-collin-sejas-krems","11":"first","12":"instock","13":"purchasable","14":"product-type-simple"},"_links":{"self":[{"href":"https:\/\/ajaesthetics.org\/ru\/wp-json\/wp\/v2\/product\/49462","targetHints":{"allow":["GET"]}}],"collection":[{"href":"https:\/\/ajaesthetics.org\/ru\/wp-json\/wp\/v2\/product"}],"about":[{"href":"https:\/\/ajaesthetics.org\/ru\/wp-json\/wp\/v2\/types\/product"}],"replies":[{"embeddable":true,"href":"https:\/\/ajaesthetics.org\/ru\/wp-json\/wp\/v2\/comments?post=49462"}],"wp:featuredmedia":[{"embeddable":true,"href":"https:\/\/ajaesthetics.org\/ru\/wp-json\/wp\/v2\/media\/49463"}],"wp:attachment":[{"href":"https:\/\/ajaesthetics.org\/ru\/wp-json\/wp\/v2\/media?parent=49462"}],"wp:term":[{"taxonomy":"product_brand","embeddable":true,"href":"https:\/\/ajaesthetics.org\/ru\/wp-json\/wp\/v2\/product_brand?post=49462"},{"taxonomy":"product_cat","embeddable":true,"href":"https:\/\/ajaesthetics.org\/ru\/wp-json\/wp\/v2\/product_cat?post=49462"},{"taxonomy":"product_tag","embeddable":true,"href":"https:\/\/ajaesthetics.org\/ru\/wp-json\/wp\/v2\/product_tag?post=49462"}],"curies":[{"name":"wp","href":"https:\/\/api.w.org\/{rel}","templated":true}]}}