{"id":49464,"date":"2026-04-18T19:28:23","date_gmt":"2026-04-18T19:28:23","guid":{"rendered":"https:\/\/ajaesthetics.org\/product\/g-m-collin-hydramucine-optimal-serum-mitrinoss-serums-30-ml\/"},"modified":"2026-04-18T19:28:24","modified_gmt":"2026-04-18T19:28:24","slug":"g-m-collin-hydramucine-optimal-serum-mitrinoss-serums-30-ml","status":"publish","type":"product","link":"https:\/\/ajaesthetics.org\/ru\/product\/g-m-collin-hydramucine-optimal-serum-mitrinoss-serums-30-ml\/","title":{"rendered":"G.M. COLLIN HYDRAMUCINE OPTIMAL SERUM | Mitrino\u0161s serums, 30 ml"},"content":{"rendered":"<p data-mce-fragment=\"1\">Intens\u012bvi mitrino\u0161s serums, kas piem\u0113rots ikvienam \u0101das tipam ar dehidr\u0101cijas paz\u012bm\u0113m.<span>\u00a0<\/span>Dehidr\u0101cija<span>\u00a0<\/span>ir \u016bdens tr\u016bkums audos. Tas var skart\u00a0ikvienu<span>\u00a0<\/span>\u0101das tipu, pat taukainu \u0101du, sevi\u0161\u0137i telpu apkures sezon\u0101 un vasar\u0101. Ja m\u0113s ignor\u0113jam \u0161o probl\u0113mu, \u0101da var k\u013c\u016bt jut\u012bga un pat priek\u0161laic\u012bgi novecot- var par\u0101d\u012bties krunci\u0146as, grumbi\u0146as, utt.<\/p>\n<p data-mce-fragment=\"1\">Hydramucine ir atsvaidzino\u0161a, mitrino\u0161a seruma tekst\u016bra, kas bag\u0101ta ar\u00a0augu izcelsmes\u00a0sast\u0101vda\u013c\u0101m. Tas pal\u012bdz atjaunot \u0101das mitrumu aizturo\u0161o (hidrolip\u012bdisko) barjeru, baro un mitrina \u0101du.<\/p>\n<p data-mce-fragment=\"1\">Lieto\u0161ana- p\u0113c \u0101das att\u012br\u012b\u0161anas un tonika uzkl\u0101jiet Hydramucine Optimal mitrino\u0161o serumu. P\u0113c tam lietojiet kr\u0113mu vai gelu, kas piel\u0101gots J\u016bsu \u0101das st\u0101voklim. Var lietot gan no\u00a0 r\u012bta, gan vakar\u0101.<\/p>\n<p>Ra\u017eot\u0101js:\u00a0Laboratoires Dermo-Cosmetik &#8211; G.M. COLLIN, Kan\u0101da<\/p>\n<p>Izplat\u012bt\u0101js: SIA Medexy, Duntes iela 15A, 6.st\u0101vs, R\u012bga.<\/p>\n<p data-mce-fragment=\"1\">\u00a0<\/p>","protected":false},"excerpt":{"rendered":"<p>Intens\u012bvi mitrino\u0161s serums, kas piem\u0113rots ikvienam \u0101das tipam ar dehidr\u0101cijas paz\u012bm\u0113m.\u00a0Dehidr\u0101cija\u00a0ir \u016bdens tr\u016bkums audos. Tas var skart\u00a0ikvienu\u00a0\u0101das tipu, pat taukainu \u0101du, sevi\u0161\u0137i telpu apkures sezon\u0101 un vasar\u0101. Ja m\u0113s ignor\u0113jam \u0161o probl\u0113mu, \u0101da var k\u013c\u016bt jut\u012bga un pat priek\u0161laic\u012bgi novecot- var par\u0101d\u012bties krunci\u0146as, grumbi\u0146as, utt. Hydramucine ir atsvaidzino\u0161a, mitrino\u0161a seruma tekst\u016bra, kas bag\u0101ta ar\u00a0augu izcelsmes\u00a0sast\u0101vda\u013c\u0101m. [&hellip;]<\/p>\n","protected":false},"featured_media":49465,"comment_status":"closed","ping_status":"open","template":"","meta":[],"product_brand":[160],"product_cat":[16],"product_tag":[197],"class_list":{"0":"post-49464","1":"product","2":"type-product","3":"status-publish","4":"has-post-thumbnail","6":"product_brand-g-m-collin","7":"product_cat-bez-kategorijas","8":"product_tag-g-m-collin-sejas-serums-serums","11":"first","12":"instock","13":"purchasable","14":"product-type-simple"},"_links":{"self":[{"href":"https:\/\/ajaesthetics.org\/ru\/wp-json\/wp\/v2\/product\/49464","targetHints":{"allow":["GET"]}}],"collection":[{"href":"https:\/\/ajaesthetics.org\/ru\/wp-json\/wp\/v2\/product"}],"about":[{"href":"https:\/\/ajaesthetics.org\/ru\/wp-json\/wp\/v2\/types\/product"}],"replies":[{"embeddable":true,"href":"https:\/\/ajaesthetics.org\/ru\/wp-json\/wp\/v2\/comments?post=49464"}],"wp:featuredmedia":[{"embeddable":true,"href":"https:\/\/ajaesthetics.org\/ru\/wp-json\/wp\/v2\/media\/49465"}],"wp:attachment":[{"href":"https:\/\/ajaesthetics.org\/ru\/wp-json\/wp\/v2\/media?parent=49464"}],"wp:term":[{"taxonomy":"product_brand","embeddable":true,"href":"https:\/\/ajaesthetics.org\/ru\/wp-json\/wp\/v2\/product_brand?post=49464"},{"taxonomy":"product_cat","embeddable":true,"href":"https:\/\/ajaesthetics.org\/ru\/wp-json\/wp\/v2\/product_cat?post=49464"},{"taxonomy":"product_tag","embeddable":true,"href":"https:\/\/ajaesthetics.org\/ru\/wp-json\/wp\/v2\/product_tag?post=49464"}],"curies":[{"name":"wp","href":"https:\/\/api.w.org\/{rel}","templated":true}]}}