{"id":49466,"date":"2026-04-18T19:28:25","date_gmt":"2026-04-18T19:28:25","guid":{"rendered":"https:\/\/ajaesthetics.org\/product\/cantabria-labs-endocare-radiance-c-ferulic-serum-gel-30-ml-serums-30-ml\/"},"modified":"2026-04-18T19:28:26","modified_gmt":"2026-04-18T19:28:26","slug":"cantabria-labs-endocare-radiance-c-ferulic-serum-gel-30-ml-serums-30-ml","status":"publish","type":"product","link":"https:\/\/ajaesthetics.org\/ru\/product\/cantabria-labs-endocare-radiance-c-ferulic-serum-gel-30-ml-serums-30-ml\/","title":{"rendered":"CANTABRIA LABS ENDOCARE Radiance C Ferulic Serum Gel, 30 ml | Serums, 30 ml"},"content":{"rendered":"<p data-start=\"116\" data-end=\"477\">ENDOCARE Radiance C Ferulic Serum Gel ir augstas efektivit\u0101tes antioksidantu serums-g\u0113ls ar stabiliz\u0113tu C vitam\u012bnu un ferulsk\u0101bi, kas pal\u012bdz aizsarg\u0101t \u0101du no apk\u0101rt\u0113j\u0101s vides kait\u012bg\u0101s ietekmes un priek\u0161laic\u012bgas noveco\u0161an\u0101s. Viegl\u0101, \u0101tri absorb\u0113jo\u0161\u0101 tekst\u016bra pie\u0161\u0137ir \u0101dai t\u016bl\u012bt\u0113ju mirdzumu un svaigumu, vienlaikus uzlabojot t\u0101s kop\u0113jo st\u0101vokli.<\/p>\n<p data-start=\"479\" data-end=\"493\">Serums pal\u012bdz:<\/p>\n<ul data-start=\"495\" data-end=\"835\">\n<li data-start=\"495\" data-end=\"557\">\n<p data-start=\"497\" data-end=\"557\">neitraliz\u0113t br\u012bvos radik\u0101\u013cus un mazin\u0101t oksidat\u012bvo stresu,<\/p>\n<\/li>\n<li data-start=\"558\" data-end=\"610\">\n<p data-start=\"560\" data-end=\"610\">uzlabot \u0101das mirdzumu un noguru\u0161as \u0101das izskatu,<\/p>\n<\/li>\n<li data-start=\"611\" data-end=\"671\">\n<p data-start=\"613\" data-end=\"671\">izl\u012bdzin\u0101t \u0101das toni un samazin\u0101t pigment\u0101cijas paz\u012bmes,<\/p>\n<\/li>\n<li data-start=\"672\" data-end=\"727\">\n<p data-start=\"674\" data-end=\"727\">stimul\u0113t kolag\u0113na sint\u0113zi un uzlabot \u0101das elast\u012bbu,<\/p>\n<\/li>\n<li data-start=\"728\" data-end=\"788\">\n<p data-start=\"730\" data-end=\"788\">aizsarg\u0101t \u0101du no pies\u0101r\u0146ojuma un zil\u0101s gaismas ietekmes,<\/p>\n<\/li>\n<li data-start=\"789\" data-end=\"835\">\n<p data-start=\"791\" data-end=\"835\">mitrin\u0101t un stiprin\u0101t \u0101das aizsargbarjeru.<\/p>\n<\/li>\n<\/ul>\n<p data-start=\"837\" data-end=\"987\">Piem\u0113rots visiem \u0101das tipiem, \u012bpa\u0161i bl\u0101vai, noguru\u0161ai, pils\u0113tvides ietekm\u0113tai \u0101dai, k\u0101 ar\u012b \u0101dai ar nevienm\u0113r\u012bgu toni vai pirmaj\u0101m noveco\u0161an\u0101s paz\u012bm\u0113m.<\/p>\n<p data-start=\"989\" data-end=\"1131\"><strong data-start=\"989\" data-end=\"1003\">Lieto\u0161ana:<\/strong> uzkl\u0101t no r\u012bta uz t\u012bras sejas, kakla un dekolt\u0113 zonas. P\u0113c tam lietot mitrino\u0161u kr\u0113mu un dienas laik\u0101 oblig\u0101ti SPF aizsardz\u012bbu.<\/p>","protected":false},"excerpt":{"rendered":"<p>ENDOCARE Radiance C Ferulic Serum Gel ir augstas efektivit\u0101tes antioksidantu serums-g\u0113ls ar stabiliz\u0113tu C vitam\u012bnu un ferulsk\u0101bi, kas pal\u012bdz aizsarg\u0101t \u0101du no apk\u0101rt\u0113j\u0101s vides kait\u012bg\u0101s ietekmes un priek\u0161laic\u012bgas noveco\u0161an\u0101s. Viegl\u0101, \u0101tri absorb\u0113jo\u0161\u0101 tekst\u016bra pie\u0161\u0137ir \u0101dai t\u016bl\u012bt\u0113ju mirdzumu un svaigumu, vienlaikus uzlabojot t\u0101s kop\u0113jo st\u0101vokli. Serums pal\u012bdz: neitraliz\u0113t br\u012bvos radik\u0101\u013cus un mazin\u0101t oksidat\u012bvo stresu, uzlabot \u0101das [&hellip;]<\/p>\n","protected":false},"featured_media":49467,"comment_status":"closed","ping_status":"open","template":"","meta":[],"product_brand":[191],"product_cat":[16],"product_tag":[200],"class_list":{"0":"post-49466","1":"product","2":"type-product","3":"status-publish","4":"has-post-thumbnail","6":"product_brand-endocare","7":"product_cat-bez-kategorijas","8":"product_tag-cantabria-labs-endocare-jaunumi-jaunums-sejas-serumi-sejas-serums-serums","11":"first","12":"instock","13":"purchasable","14":"product-type-simple"},"_links":{"self":[{"href":"https:\/\/ajaesthetics.org\/ru\/wp-json\/wp\/v2\/product\/49466","targetHints":{"allow":["GET"]}}],"collection":[{"href":"https:\/\/ajaesthetics.org\/ru\/wp-json\/wp\/v2\/product"}],"about":[{"href":"https:\/\/ajaesthetics.org\/ru\/wp-json\/wp\/v2\/types\/product"}],"replies":[{"embeddable":true,"href":"https:\/\/ajaesthetics.org\/ru\/wp-json\/wp\/v2\/comments?post=49466"}],"wp:featuredmedia":[{"embeddable":true,"href":"https:\/\/ajaesthetics.org\/ru\/wp-json\/wp\/v2\/media\/49467"}],"wp:attachment":[{"href":"https:\/\/ajaesthetics.org\/ru\/wp-json\/wp\/v2\/media?parent=49466"}],"wp:term":[{"taxonomy":"product_brand","embeddable":true,"href":"https:\/\/ajaesthetics.org\/ru\/wp-json\/wp\/v2\/product_brand?post=49466"},{"taxonomy":"product_cat","embeddable":true,"href":"https:\/\/ajaesthetics.org\/ru\/wp-json\/wp\/v2\/product_cat?post=49466"},{"taxonomy":"product_tag","embeddable":true,"href":"https:\/\/ajaesthetics.org\/ru\/wp-json\/wp\/v2\/product_tag?post=49466"}],"curies":[{"name":"wp","href":"https:\/\/api.w.org\/{rel}","templated":true}]}}