{"id":49468,"date":"2026-04-18T19:28:25","date_gmt":"2026-04-18T19:28:25","guid":{"rendered":"https:\/\/ajaesthetics.org\/product\/g-m-collin-phytoderm-cleansing-oil-150-ml-attirosa-ella-sejai-150-ml\/"},"modified":"2026-04-18T19:28:27","modified_gmt":"2026-04-18T19:28:27","slug":"g-m-collin-phytoderm-cleansing-oil-150-ml-attirosa-ella-sejai-150-ml","status":"publish","type":"product","link":"https:\/\/ajaesthetics.org\/ru\/product\/g-m-collin-phytoderm-cleansing-oil-150-ml-attirosa-ella-sejai-150-ml\/","title":{"rendered":"G.M.Collin Phytoderm Cleansing Oil, 150 ml | Att\u012bro\u0161a e\u013c\u013ca sejai, 150 ml"},"content":{"rendered":"<p>Maigas konsistences att\u012bro\u0161\u0101 e\u013c\u013ca, kas paredz\u0113ta \u0101das att\u012br\u012b\u0161anai vai k\u0101 pirmais solis divpak\u0101pju att\u012br\u012b\u0161an\u0101. T\u0101 efekt\u012bvi iz\u0161\u0137\u012bdina dekorat\u012bvo kosm\u0113tiku (tostarp \u016bdensnotur\u012bgo), saules aizsargl\u012bdzek\u013cus un ikdienas net\u012brumus, vienlaikus saudz\u012bgi kopjot \u0101du. Saskar\u0113 ar \u016bdeni e\u013c\u013cain\u0101 tekst\u016bra p\u0101rv\u0113r\u0161as maig\u0101 emulsij\u0101, nodro\u0161inot \u0113rtu un \u0101tru noskalo\u0161anu bez taukainas saj\u016btas.<\/p>\n<p><strong>Akt\u012bv\u0101s sast\u0101vda\u013cas: <\/strong>Johobas e\u013c\u013ca, arg\u0101na e\u013c\u013ca, skval\u0101ns un E vitam\u012bns.<\/p>\n<p><strong>Lieto\u0161ana: <\/strong>Uzkl\u0101jiet uz t\u012bras \u0101das un maigi iemas\u0113jiet 1-2 min. P\u0113c tam iemas\u0113jiet ar mitriem pirkstiem, l\u012bdz e\u013c\u013ca p\u0101rv\u0113r\u0161as emulsij\u0101 un vairs nav\u00a0taukaina. Nomazg\u0101t ar \u016bdeni. P\u0113c nomazg\u0101\u0161anas lietojiet G.M.Collin mist\/toniku un atbilsto\u0161u serumu un kr\u0113mu.<\/p>","protected":false},"excerpt":{"rendered":"<p>Maigas konsistences att\u012bro\u0161\u0101 e\u013c\u013ca, kas paredz\u0113ta \u0101das att\u012br\u012b\u0161anai vai k\u0101 pirmais solis divpak\u0101pju att\u012br\u012b\u0161an\u0101. T\u0101 efekt\u012bvi iz\u0161\u0137\u012bdina dekorat\u012bvo kosm\u0113tiku (tostarp \u016bdensnotur\u012bgo), saules aizsargl\u012bdzek\u013cus un ikdienas net\u012brumus, vienlaikus saudz\u012bgi kopjot \u0101du. Saskar\u0113 ar \u016bdeni e\u013c\u013cain\u0101 tekst\u016bra p\u0101rv\u0113r\u0161as maig\u0101 emulsij\u0101, nodro\u0161inot \u0113rtu un \u0101tru noskalo\u0161anu bez taukainas saj\u016btas. Akt\u012bv\u0101s sast\u0101vda\u013cas: Johobas e\u013c\u013ca, arg\u0101na e\u013c\u013ca, skval\u0101ns un E [&hellip;]<\/p>\n","protected":false},"featured_media":49469,"comment_status":"closed","ping_status":"open","template":"","meta":[],"product_brand":[160],"product_cat":[16],"product_tag":[201],"class_list":{"0":"post-49468","1":"product","2":"type-product","3":"status-publish","4":"has-post-thumbnail","6":"product_brand-g-m-collin","7":"product_cat-bez-kategorijas","8":"product_tag-attiross-gels-ellas-sejas-mazgasana-g-m-collin-jaunumi-jaunums","11":"first","12":"instock","13":"purchasable","14":"product-type-simple"},"_links":{"self":[{"href":"https:\/\/ajaesthetics.org\/ru\/wp-json\/wp\/v2\/product\/49468","targetHints":{"allow":["GET"]}}],"collection":[{"href":"https:\/\/ajaesthetics.org\/ru\/wp-json\/wp\/v2\/product"}],"about":[{"href":"https:\/\/ajaesthetics.org\/ru\/wp-json\/wp\/v2\/types\/product"}],"replies":[{"embeddable":true,"href":"https:\/\/ajaesthetics.org\/ru\/wp-json\/wp\/v2\/comments?post=49468"}],"wp:featuredmedia":[{"embeddable":true,"href":"https:\/\/ajaesthetics.org\/ru\/wp-json\/wp\/v2\/media\/49469"}],"wp:attachment":[{"href":"https:\/\/ajaesthetics.org\/ru\/wp-json\/wp\/v2\/media?parent=49468"}],"wp:term":[{"taxonomy":"product_brand","embeddable":true,"href":"https:\/\/ajaesthetics.org\/ru\/wp-json\/wp\/v2\/product_brand?post=49468"},{"taxonomy":"product_cat","embeddable":true,"href":"https:\/\/ajaesthetics.org\/ru\/wp-json\/wp\/v2\/product_cat?post=49468"},{"taxonomy":"product_tag","embeddable":true,"href":"https:\/\/ajaesthetics.org\/ru\/wp-json\/wp\/v2\/product_tag?post=49468"}],"curies":[{"name":"wp","href":"https:\/\/api.w.org\/{rel}","templated":true}]}}