{"id":49470,"date":"2026-04-18T19:28:25","date_gmt":"2026-04-18T19:28:25","guid":{"rendered":"https:\/\/ajaesthetics.org\/product\/g-m-collin-peel-toner-150-ml-toniks-150-ml\/"},"modified":"2026-04-18T19:28:30","modified_gmt":"2026-04-18T19:28:30","slug":"g-m-collin-peel-toner-150-ml-toniks-150-ml","status":"publish","type":"product","link":"https:\/\/ajaesthetics.org\/ru\/product\/g-m-collin-peel-toner-150-ml-toniks-150-ml\/","title":{"rendered":"G.M.Collin Peel Toner, 150 ml | Toniks, 150 ml"},"content":{"rendered":"<p>Maigi atbr\u012bvojieties no atmiru\u0161aj\u0101m \u0101das \u0161\u016bn\u0101m un atkl\u0101jiet starojo\u0161u, vienm\u0113r\u012bgu sejas \u0101du ar \u0161o ikdienas peel toner p\u012blingu. Bag\u0101tin\u0101ts ar sp\u0113c\u012bgu AHA, BHA\u00a0un PHA siner\u0123iju. \u0160is toneris uzlabo \u0101das tekst\u016bru, vienlaikus mitrinot to.<\/p>\n<p><strong>Akt\u012bv\u0101s sast\u0101vda\u013cas:<\/strong> 4% glikonolaktons (PHA), 4% piensk\u0101be (AHA), 0,5% glikolsk\u0101be un argin\u012bns (amfot\u0113riskais hidroksikomplekss), 1% salicilsk\u0101be, N\u0101trija\u00a0hialuron\u0101ts, Alanto\u012bns un alveja.<\/p>\n<p><strong>Lieto\u0161ana: <\/strong>P\u0113c sejas att\u012br\u012b\u0161anas uzkl\u0101jiet ar vates disku vai pirkstiem. No r\u012bta un vakar\u0101. Nenomazg\u0101jiet. Iev\u0113rojiet atbilsto\u0161u \u0101das kop\u0161anas rut\u012bnu. Pirms<br \/>do\u0161an\u0101s tie\u0161os saules staros lietojiet saules aizsargkr\u0113mu. Izvairieties no saskares ar ac\u012bm. Sarg\u0101t no gaismas un karstuma.<\/p>","protected":false},"excerpt":{"rendered":"<p>Maigi atbr\u012bvojieties no atmiru\u0161aj\u0101m \u0101das \u0161\u016bn\u0101m un atkl\u0101jiet starojo\u0161u, vienm\u0113r\u012bgu sejas \u0101du ar \u0161o ikdienas peel toner p\u012blingu. Bag\u0101tin\u0101ts ar sp\u0113c\u012bgu AHA, BHA\u00a0un PHA siner\u0123iju. \u0160is toneris uzlabo \u0101das tekst\u016bru, vienlaikus mitrinot to. Akt\u012bv\u0101s sast\u0101vda\u013cas: 4% glikonolaktons (PHA), 4% piensk\u0101be (AHA), 0,5% glikolsk\u0101be un argin\u012bns (amfot\u0113riskais hidroksikomplekss), 1% salicilsk\u0101be, N\u0101trija\u00a0hialuron\u0101ts, Alanto\u012bns un alveja. Lieto\u0161ana: P\u0113c [&hellip;]<\/p>\n","protected":false},"featured_media":49471,"comment_status":"closed","ping_status":"open","template":"","meta":[],"product_brand":[160],"product_cat":[16],"product_tag":[202],"class_list":{"0":"post-49470","1":"product","2":"type-product","3":"status-publish","4":"has-post-thumbnail","6":"product_brand-g-m-collin","7":"product_cat-bez-kategorijas","8":"product_tag-jaunumi-jaunums-sejas-kopsana-sejas-toniks","11":"first","12":"instock","13":"purchasable","14":"product-type-simple"},"_links":{"self":[{"href":"https:\/\/ajaesthetics.org\/ru\/wp-json\/wp\/v2\/product\/49470","targetHints":{"allow":["GET"]}}],"collection":[{"href":"https:\/\/ajaesthetics.org\/ru\/wp-json\/wp\/v2\/product"}],"about":[{"href":"https:\/\/ajaesthetics.org\/ru\/wp-json\/wp\/v2\/types\/product"}],"replies":[{"embeddable":true,"href":"https:\/\/ajaesthetics.org\/ru\/wp-json\/wp\/v2\/comments?post=49470"}],"wp:featuredmedia":[{"embeddable":true,"href":"https:\/\/ajaesthetics.org\/ru\/wp-json\/wp\/v2\/media\/49471"}],"wp:attachment":[{"href":"https:\/\/ajaesthetics.org\/ru\/wp-json\/wp\/v2\/media?parent=49470"}],"wp:term":[{"taxonomy":"product_brand","embeddable":true,"href":"https:\/\/ajaesthetics.org\/ru\/wp-json\/wp\/v2\/product_brand?post=49470"},{"taxonomy":"product_cat","embeddable":true,"href":"https:\/\/ajaesthetics.org\/ru\/wp-json\/wp\/v2\/product_cat?post=49470"},{"taxonomy":"product_tag","embeddable":true,"href":"https:\/\/ajaesthetics.org\/ru\/wp-json\/wp\/v2\/product_tag?post=49470"}],"curies":[{"name":"wp","href":"https:\/\/api.w.org\/{rel}","templated":true}]}}