{"id":49472,"date":"2026-04-18T19:28:33","date_gmt":"2026-04-18T19:28:33","guid":{"rendered":"https:\/\/ajaesthetics.org\/product\/hubislab-active-a-c-purifying-gel-15-ml-gels-15-ml\/"},"modified":"2026-04-18T19:28:34","modified_gmt":"2026-04-18T19:28:34","slug":"hubislab-active-a-c-purifying-gel-15-ml-gels-15-ml","status":"publish","type":"product","link":"https:\/\/ajaesthetics.org\/ru\/product\/hubislab-active-a-c-purifying-gel-15-ml-gels-15-ml\/","title":{"rendered":"HUBISLAB Active A.C. \u041e\u0447\u0438\u0449\u0430\u044e\u0449\u0438\u0439 \u0433\u0435\u043b\u044c, 15 \u043c\u043b | \u0413\u0435\u043b\u044c, 15 \u043c\u043b"},"content":{"rendered":"<p data-start=\"193\" data-end=\"528\">Active A.C. Purifying Gel ir augstas efektivit\u0101tes att\u012bro\u0161s un sebuma regul\u0113jo\u0161s gels, izstr\u0101d\u0101ts taukainas, kombin\u0113tas un aknei pak\u013cautas \u0101das ikdienas kop\u0161anai. Produkts apvieno dermokosm\u0113tiski akt\u012bvas sast\u0101vda\u013cas, kas m\u0113r\u0137tiec\u012bgi iedarbojas uz poru aizsprostojumiem, \u0101das tekst\u016bras nevienm\u0113r\u012bb\u0101m un lok\u0101liem iekaisuma procesiem.<\/p>\n<p data-start=\"530\" data-end=\"823\">Gela viegl\u0101, \u0101tri absorb\u0113jo\u0161\u0101 formula nodro\u0161ina dzi\u013cu poru att\u012br\u012b\u0161anu, vienlaikus saglab\u0101jot \u0101das mitruma balansu un mazinot p\u0101rm\u0113r\u012bgu sebuma izdal\u012b\u0161anos. Regul\u0101ras lieto\u0161anas rezult\u0101t\u0101 tiek uzlabota \u0101das mikroreljefa vienm\u0113r\u012bba, samazin\u0101ts sp\u012bdums un mazin\u0101ts jaunu izsitumu veido\u0161an\u0101s risks.<\/p>\n<p data-start=\"530\" data-end=\"823\">Lieto\u0161ana: Produkts paredz\u0113ts lok\u0101lai lieto\u0161anai. Uzkl\u0101t nelielu produkta daudzumu uz r\u016bp\u012bgi att\u012br\u012btas \u0101das no r\u012bta un\/vai vakar\u0101. Maigi iemas\u0113t l\u012bdz piln\u012bgi ies\u016bcas \u0101d\u0101. Var lietot gan k\u0101 patst\u0101v\u012bgu kop\u0161anas l\u012bdzekli, gan k\u0101 soli zem sejas kr\u0113ma.\u00a0<\/p>","protected":false},"excerpt":{"rendered":"<p>Active A.C. Purifying Gel ir augstas efektivit\u0101tes att\u012bro\u0161s un sebuma regul\u0113jo\u0161s gels, izstr\u0101d\u0101ts taukainas, kombin\u0113tas un aknei pak\u013cautas \u0101das ikdienas kop\u0161anai. Produkts apvieno dermokosm\u0113tiski akt\u012bvas sast\u0101vda\u013cas, kas m\u0113r\u0137tiec\u012bgi iedarbojas uz poru aizsprostojumiem, \u0101das tekst\u016bras nevienm\u0113r\u012bb\u0101m un lok\u0101liem iekaisuma procesiem. Gela viegl\u0101, \u0101tri absorb\u0113jo\u0161\u0101 formula nodro\u0161ina dzi\u013cu poru att\u012br\u012b\u0161anu, vienlaikus saglab\u0101jot \u0101das mitruma balansu un mazinot [&hellip;]<\/p>\n","protected":false},"featured_media":49473,"comment_status":"closed","ping_status":"open","template":"","meta":[],"product_brand":[203],"product_cat":[16],"product_tag":[205],"class_list":{"0":"post-49472","1":"product","2":"type-product","3":"status-publish","4":"has-post-thumbnail","6":"product_brand-hubislab","7":"product_cat-bez-kategorijas","8":"product_tag-hubislab-jaunumi-jaunums-sejas-gels","11":"first","12":"instock","13":"purchasable","14":"product-type-simple"},"_links":{"self":[{"href":"https:\/\/ajaesthetics.org\/ru\/wp-json\/wp\/v2\/product\/49472","targetHints":{"allow":["GET"]}}],"collection":[{"href":"https:\/\/ajaesthetics.org\/ru\/wp-json\/wp\/v2\/product"}],"about":[{"href":"https:\/\/ajaesthetics.org\/ru\/wp-json\/wp\/v2\/types\/product"}],"replies":[{"embeddable":true,"href":"https:\/\/ajaesthetics.org\/ru\/wp-json\/wp\/v2\/comments?post=49472"}],"wp:featuredmedia":[{"embeddable":true,"href":"https:\/\/ajaesthetics.org\/ru\/wp-json\/wp\/v2\/media\/49473"}],"wp:attachment":[{"href":"https:\/\/ajaesthetics.org\/ru\/wp-json\/wp\/v2\/media?parent=49472"}],"wp:term":[{"taxonomy":"product_brand","embeddable":true,"href":"https:\/\/ajaesthetics.org\/ru\/wp-json\/wp\/v2\/product_brand?post=49472"},{"taxonomy":"product_cat","embeddable":true,"href":"https:\/\/ajaesthetics.org\/ru\/wp-json\/wp\/v2\/product_cat?post=49472"},{"taxonomy":"product_tag","embeddable":true,"href":"https:\/\/ajaesthetics.org\/ru\/wp-json\/wp\/v2\/product_tag?post=49472"}],"curies":[{"name":"wp","href":"https:\/\/api.w.org\/{rel}","templated":true}]}}