{"id":49474,"date":"2026-04-18T19:28:33","date_gmt":"2026-04-18T19:28:33","guid":{"rendered":"https:\/\/ajaesthetics.org\/product\/g-m-collin-dark-spot-serum-30-ml-serums-30-ml\/"},"modified":"2026-04-18T19:28:36","modified_gmt":"2026-04-18T19:28:36","slug":"g-m-collin-dark-spot-serum-30-ml-serums-30-ml","status":"publish","type":"product","link":"https:\/\/ajaesthetics.org\/ru\/product\/g-m-collin-dark-spot-serum-30-ml-serums-30-ml\/","title":{"rendered":"G.M.Collin Dark Spot Serum, 30 ml | Serums, 30 ml"},"content":{"rendered":"<p class=\"cvGsUA direction-ltr align-justify para-style-body\"><span class=\"a_GcMg font-feature-liga-off font-feature-clig-off font-feature-calt-off text-decoration-none text-strikethrough-none\">G.M. Collin Dark Spot serums iedarbojas visaptvero\u0161i, pal\u012bdzot mazin\u0101t tum\u0161os plankumus un noveco\u0161an\u0101s paz\u012bmes. <\/span><span class=\"a_GcMg font-feature-liga-off font-feature-clig-off font-feature-calt-off text-decoration-none text-strikethrough-none\">Kl\u012bniski izstr\u0101d\u0101t\u0101 formula ar piec\u0101m tirozin\u0101zes inhib\u0113jo\u0161\u0101m sast\u0101vda\u013c\u0101m redzami samazina hiperpigment\u0101ciju un atkl\u0101j gai\u0161\u0101ku, vienm\u0113r\u012bg\u0101ku \u0101das toni. <\/span><span class=\"a_GcMg font-feature-liga-off font-feature-clig-off font-feature-calt-off text-decoration-none text-strikethrough-none\">Viegla un svaiga tekst\u016bra,<\/span><span class=\"a_GcMg font-feature-liga-off font-feature-clig-off font-feature-calt-off text-decoration-none text-strikethrough-none white-space-prewrap\">\u00a0<\/span><span class=\"a_GcMg font-feature-liga-off font-feature-clig-off font-feature-calt-off text-decoration-none text-strikethrough-none\">bez lip\u012bgas saj\u016btas.<\/span><\/p>\n<p class=\"cvGsUA direction-ltr align-justify para-style-body\"><span class=\"a_GcMg font-feature-liga-off font-feature-clig-off font-feature-calt-off text-decoration-none text-strikethrough-none\">Galvenie ieguvumi:<\/span><\/p>\n<ul>\n<li><span class=\"a_GcMg font-feature-liga-off font-feature-clig-off font-feature-calt-off text-decoration-none text-strikethrough-none\">Samazina notur\u012bgu plankumu redzam\u012bbu, tostarp vecuma plankumus un p\u0113ciekaisuma hiperpigment\u0101ciju.<\/span><\/li>\n<li><span class=\"a_GcMg font-feature-liga-off font-feature-clig-off font-feature-calt-off text-decoration-none text-strikethrough-none\">Pal\u012bdz nov\u0113rst jaunu pigment\u0101cijas plankumu veido\u0161anos, nekairinot \u0101du.<\/span><\/li>\n<li><span class=\"a_GcMg font-feature-liga-off font-feature-clig-off font-feature-calt-off text-decoration-none text-strikethrough-none\">Izgaismo un izl\u012bdzina \u0101das toni, uzlabo mirdzumu, skaidr\u012bbu un kop\u0113jo izskatu.<\/span><\/li>\n<li><span class=\"a_GcMg font-feature-liga-off font-feature-clig-off font-feature-calt-off text-decoration-none text-strikethrough-none\">Samazina noveco\u0161an\u0101s paz\u012bmes, pie\u0161\u0137irot \u0101dai jaunekl\u012bg\u0101ku, starojo\u0161\u0101ku izskatu.<\/span><\/li>\n<li><span class=\"a_GcMg font-feature-liga-off font-feature-clig-off font-feature-calt-off text-decoration-none text-strikethrough-none\">Piem\u0113rots ar\u012b jut\u012bgai \u0101dai \u2013 nodro\u0161ina efekt\u012bvu iedarb\u012bbu bez kairin\u0101juma.<\/span><\/li>\n<\/ul>\n<p><span class=\"a_GcMg font-feature-liga-off font-feature-clig-off font-feature-calt-off text-decoration-none text-strikethrough-none\">Lieto\u0161ana: <\/span><span class=\"a_GcMg font-feature-liga-off font-feature-clig-off font-feature-calt-off text-decoration-none text-strikethrough-none\">Uzkl\u0101jiet no r\u012bta un\/vai vakar\u0101 uz sejas, kakla un dekolt\u0113 zonas. <\/span><span class=\"a_GcMg font-feature-liga-off font-feature-clig-off font-feature-calt-off text-decoration-none text-strikethrough-none\">P\u0113c tam turpiniet ar piem\u0113rotu \u0101das kop\u0161anas rut\u012bnu un saules aizsargkr\u0113mu.<\/span><\/p>","protected":false},"excerpt":{"rendered":"<p>G.M. Collin Dark Spot serums iedarbojas visaptvero\u0161i, pal\u012bdzot mazin\u0101t tum\u0161os plankumus un noveco\u0161an\u0101s paz\u012bmes. Kl\u012bniski izstr\u0101d\u0101t\u0101 formula ar piec\u0101m tirozin\u0101zes inhib\u0113jo\u0161\u0101m sast\u0101vda\u013c\u0101m redzami samazina hiperpigment\u0101ciju un atkl\u0101j gai\u0161\u0101ku, vienm\u0113r\u012bg\u0101ku \u0101das toni. Viegla un svaiga tekst\u016bra,\u00a0bez lip\u012bgas saj\u016btas. Galvenie ieguvumi: Samazina notur\u012bgu plankumu redzam\u012bbu, tostarp vecuma plankumus un p\u0113ciekaisuma hiperpigment\u0101ciju. Pal\u012bdz nov\u0113rst jaunu pigment\u0101cijas plankumu veido\u0161anos, [&hellip;]<\/p>\n","protected":false},"featured_media":49475,"comment_status":"closed","ping_status":"open","template":"","meta":[],"product_brand":[160],"product_cat":[16],"product_tag":[206],"class_list":{"0":"post-49474","1":"product","2":"type-product","3":"status-publish","4":"has-post-thumbnail","6":"product_brand-g-m-collin","7":"product_cat-bez-kategorijas","8":"product_tag-g-m-collin-jaunumi-jaunums-sejas-serumi-sejas-serums-serums","11":"first","12":"instock","13":"purchasable","14":"product-type-simple"},"_links":{"self":[{"href":"https:\/\/ajaesthetics.org\/ru\/wp-json\/wp\/v2\/product\/49474","targetHints":{"allow":["GET"]}}],"collection":[{"href":"https:\/\/ajaesthetics.org\/ru\/wp-json\/wp\/v2\/product"}],"about":[{"href":"https:\/\/ajaesthetics.org\/ru\/wp-json\/wp\/v2\/types\/product"}],"replies":[{"embeddable":true,"href":"https:\/\/ajaesthetics.org\/ru\/wp-json\/wp\/v2\/comments?post=49474"}],"wp:featuredmedia":[{"embeddable":true,"href":"https:\/\/ajaesthetics.org\/ru\/wp-json\/wp\/v2\/media\/49475"}],"wp:attachment":[{"href":"https:\/\/ajaesthetics.org\/ru\/wp-json\/wp\/v2\/media?parent=49474"}],"wp:term":[{"taxonomy":"product_brand","embeddable":true,"href":"https:\/\/ajaesthetics.org\/ru\/wp-json\/wp\/v2\/product_brand?post=49474"},{"taxonomy":"product_cat","embeddable":true,"href":"https:\/\/ajaesthetics.org\/ru\/wp-json\/wp\/v2\/product_cat?post=49474"},{"taxonomy":"product_tag","embeddable":true,"href":"https:\/\/ajaesthetics.org\/ru\/wp-json\/wp\/v2\/product_tag?post=49474"}],"curies":[{"name":"wp","href":"https:\/\/api.w.org\/{rel}","templated":true}]}}