{"id":49476,"date":"2026-04-18T19:28:33","date_gmt":"2026-04-18T19:28:33","guid":{"rendered":"https:\/\/ajaesthetics.org\/product\/hubislab-mineexo-peptide-ampoule-50-ml-mineexo-peptidu-serums-50-ml\/"},"modified":"2026-04-18T19:28:37","modified_gmt":"2026-04-18T19:28:37","slug":"hubislab-mineexo-peptide-ampoule-50-ml-mineexo-peptidu-serums-50-ml","status":"publish","type":"product","link":"https:\/\/ajaesthetics.org\/ru\/product\/hubislab-mineexo-peptide-ampoule-50-ml-mineexo-peptidu-serums-50-ml\/","title":{"rendered":"HUBISLAB MineExo Peptide Ampoule, 50 ml | MineExo Pept\u012bdu serums, 50 ml"},"content":{"rendered":"<p>MineExo Peptide serums apvieno intens\u012bvu mitrin\u0101\u0161anu, re\u0123ener\u0101ciju, pretnoveco\u0161an\u0101s efektu un mirdzuma pie\u0161\u0137ir\u0161anu vien\u0101 formul\u0101. T\u0101 sast\u0101v\u0101 ir hialuronsk\u0101be, kolag\u0113ns, vitam\u012bnu komplekss un sp\u0113c\u012bgi pept\u012bdi, kas r\u016bp\u0113jas par \u0101das elast\u012bbu, tvirtumu un vesel\u012bgu izskatu.<\/p>\n<p>Produkts \u012bpa\u0161s ar PinkB-Exo\u2122 \u2013 eksosom\u0101m, kas ieg\u016btas no roz\u0101 ziedu bioma\u00a0un Epilobium Angustifolium. \u0160\u012bs mikroskopisk\u0101s da\u013ci\u0146as nodro\u0161ina \u0161\u016bnu\u00a0savstarp\u0113jo komunik\u0101ciju, nog\u0101d\u0101jot dzi\u013ci \u0101d\u0101 prote\u012bnus, pept\u012bdus un aug\u0161anas\u00a0faktorus, kas pa\u0101trina \u0101das atjauno\u0161anos un atkop\u0161anos.<\/p>\n<p>Lieto\u0161ana: Uzkl\u0101jiet serumu uz att\u012br\u012btas sejas \u0101das no r\u012bta un\/vai vakar\u0101, \u013caujot tam piln\u012bb\u0101 ies\u016bkties.<\/p>","protected":false},"excerpt":{"rendered":"<p>MineExo Peptide serums apvieno intens\u012bvu mitrin\u0101\u0161anu, re\u0123ener\u0101ciju, pretnoveco\u0161an\u0101s efektu un mirdzuma pie\u0161\u0137ir\u0161anu vien\u0101 formul\u0101. T\u0101 sast\u0101v\u0101 ir hialuronsk\u0101be, kolag\u0113ns, vitam\u012bnu komplekss un sp\u0113c\u012bgi pept\u012bdi, kas r\u016bp\u0113jas par \u0101das elast\u012bbu, tvirtumu un vesel\u012bgu izskatu. Produkts \u012bpa\u0161s ar PinkB-Exo\u2122 \u2013 eksosom\u0101m, kas ieg\u016btas no roz\u0101 ziedu bioma\u00a0un Epilobium Angustifolium. \u0160\u012bs mikroskopisk\u0101s da\u013ci\u0146as nodro\u0161ina \u0161\u016bnu\u00a0savstarp\u0113jo komunik\u0101ciju, nog\u0101d\u0101jot dzi\u013ci [&hellip;]<\/p>\n","protected":false},"featured_media":49477,"comment_status":"closed","ping_status":"open","template":"","meta":[],"product_brand":[203],"product_cat":[16],"product_tag":[207],"class_list":{"0":"post-49476","1":"product","2":"type-product","3":"status-publish","4":"has-post-thumbnail","6":"product_brand-hubislab","7":"product_cat-bez-kategorijas","8":"product_tag-hubislab-jaunumi-jaunums-sejas-serumi-sejas-serums-serums","11":"first","12":"instock","13":"purchasable","14":"product-type-simple"},"_links":{"self":[{"href":"https:\/\/ajaesthetics.org\/ru\/wp-json\/wp\/v2\/product\/49476","targetHints":{"allow":["GET"]}}],"collection":[{"href":"https:\/\/ajaesthetics.org\/ru\/wp-json\/wp\/v2\/product"}],"about":[{"href":"https:\/\/ajaesthetics.org\/ru\/wp-json\/wp\/v2\/types\/product"}],"replies":[{"embeddable":true,"href":"https:\/\/ajaesthetics.org\/ru\/wp-json\/wp\/v2\/comments?post=49476"}],"wp:featuredmedia":[{"embeddable":true,"href":"https:\/\/ajaesthetics.org\/ru\/wp-json\/wp\/v2\/media\/49477"}],"wp:attachment":[{"href":"https:\/\/ajaesthetics.org\/ru\/wp-json\/wp\/v2\/media?parent=49476"}],"wp:term":[{"taxonomy":"product_brand","embeddable":true,"href":"https:\/\/ajaesthetics.org\/ru\/wp-json\/wp\/v2\/product_brand?post=49476"},{"taxonomy":"product_cat","embeddable":true,"href":"https:\/\/ajaesthetics.org\/ru\/wp-json\/wp\/v2\/product_cat?post=49476"},{"taxonomy":"product_tag","embeddable":true,"href":"https:\/\/ajaesthetics.org\/ru\/wp-json\/wp\/v2\/product_tag?post=49476"}],"curies":[{"name":"wp","href":"https:\/\/api.w.org\/{rel}","templated":true}]}}