{"id":49478,"date":"2026-04-18T19:28:39","date_gmt":"2026-04-18T19:28:39","guid":{"rendered":"https:\/\/ajaesthetics.org\/product\/cantabria-labs-biretix-hydramat-day-spf30-50-ml-hydramat-day-spf30-fluids-50-ml\/"},"modified":"2026-04-18T19:28:39","modified_gmt":"2026-04-18T19:28:39","slug":"cantabria-labs-biretix-hydramat-day-spf30-50-ml-hydramat-day-spf30-fluids-50-ml","status":"publish","type":"product","link":"https:\/\/ajaesthetics.org\/ru\/product\/cantabria-labs-biretix-hydramat-day-spf30-50-ml-hydramat-day-spf30-fluids-50-ml\/","title":{"rendered":"CANTABRIA LABS BIRETIX Hydramat Day SPF30, 50 ml | Hydramat Day SPF30 flu\u012bds, 50 ml"},"content":{"rendered":"<p>Biretix Hydramat Day SPF30 ir vieglas tekst\u016bras flu\u012bds ar neitr\u0101lu toni, kas paredz\u0113ts\u00a0ikdienas lieto\u0161anai &#8211; kombin\u0113tai un taukainai \u0101dai ar izsitumiem. Produkts atjauno \u0101das\u00a0barjeru, samazina izsitumus un hiperpigment\u0101ciju. Pie\u0161\u0137ir vieglu mat\u0113jo\u0161u efektu.<\/p>\n<p>Akt\u012bv\u0101s sast\u0101vda\u013cas: Hialuronsk\u0101be, argin\u012bns, glicer\u012bns, cinks, niac\u012bnam\u012bds, sebumu\u00a0absorb\u0113jo\u0161\u0101s mikrosf\u0113ras, physavie, E vitam\u012bns, zemas koncentr\u0101cijas Retinsphere\u00a0tehnolo\u0123ija, traneks\u0101msk\u0101be, azeclair (azela\u012bnsk\u0101bes deriv\u0101ts), niac\u012bnam\u012bds un \u0137\u012bmiskie\u00a0filtri.<\/p>","protected":false},"excerpt":{"rendered":"<p>Biretix Hydramat Day SPF30 ir vieglas tekst\u016bras flu\u012bds ar neitr\u0101lu toni, kas paredz\u0113ts\u00a0ikdienas lieto\u0161anai &#8211; kombin\u0113tai un taukainai \u0101dai ar izsitumiem. Produkts atjauno \u0101das\u00a0barjeru, samazina izsitumus un hiperpigment\u0101ciju. Pie\u0161\u0137ir vieglu mat\u0113jo\u0161u efektu. Akt\u012bv\u0101s sast\u0101vda\u013cas: Hialuronsk\u0101be, argin\u012bns, glicer\u012bns, cinks, niac\u012bnam\u012bds, sebumu\u00a0absorb\u0113jo\u0161\u0101s mikrosf\u0113ras, physavie, E vitam\u012bns, zemas koncentr\u0101cijas Retinsphere\u00a0tehnolo\u0123ija, traneks\u0101msk\u0101be, azeclair (azela\u012bnsk\u0101bes deriv\u0101ts), niac\u012bnam\u012bds un \u0137\u012bmiskie\u00a0filtri.<\/p>","protected":false},"featured_media":49479,"comment_status":"closed","ping_status":"open","template":"","meta":[],"product_brand":[208],"product_cat":[16],"product_tag":[210],"class_list":{"0":"post-49478","1":"product","2":"type-product","3":"status-publish","4":"has-post-thumbnail","6":"product_brand-biretix","7":"product_cat-bez-kategorijas","8":"product_tag-biretix-cantabria-cantabria-labs-jaunumi-jaunums-spf-spf-aizsardziba","11":"first","12":"instock","13":"purchasable","14":"product-type-simple"},"_links":{"self":[{"href":"https:\/\/ajaesthetics.org\/ru\/wp-json\/wp\/v2\/product\/49478","targetHints":{"allow":["GET"]}}],"collection":[{"href":"https:\/\/ajaesthetics.org\/ru\/wp-json\/wp\/v2\/product"}],"about":[{"href":"https:\/\/ajaesthetics.org\/ru\/wp-json\/wp\/v2\/types\/product"}],"replies":[{"embeddable":true,"href":"https:\/\/ajaesthetics.org\/ru\/wp-json\/wp\/v2\/comments?post=49478"}],"wp:featuredmedia":[{"embeddable":true,"href":"https:\/\/ajaesthetics.org\/ru\/wp-json\/wp\/v2\/media\/49479"}],"wp:attachment":[{"href":"https:\/\/ajaesthetics.org\/ru\/wp-json\/wp\/v2\/media?parent=49478"}],"wp:term":[{"taxonomy":"product_brand","embeddable":true,"href":"https:\/\/ajaesthetics.org\/ru\/wp-json\/wp\/v2\/product_brand?post=49478"},{"taxonomy":"product_cat","embeddable":true,"href":"https:\/\/ajaesthetics.org\/ru\/wp-json\/wp\/v2\/product_cat?post=49478"},{"taxonomy":"product_tag","embeddable":true,"href":"https:\/\/ajaesthetics.org\/ru\/wp-json\/wp\/v2\/product_tag?post=49478"}],"curies":[{"name":"wp","href":"https:\/\/api.w.org\/{rel}","templated":true}]}}