{"id":49482,"date":"2026-04-18T19:28:39","date_gmt":"2026-04-18T19:28:39","guid":{"rendered":"https:\/\/ajaesthetics.org\/product\/g-m-collin-pure-mask-attirosa-maska-60g\/"},"modified":"2026-04-18T19:28:41","modified_gmt":"2026-04-18T19:28:41","slug":"g-m-collin-pure-mask-attirosa-maska-60g","status":"publish","type":"product","link":"https:\/\/ajaesthetics.org\/ru\/product\/g-m-collin-pure-mask-attirosa-maska-60g\/","title":{"rendered":"G.M. COLLIN PURE MASK | \u041e\u0447\u0438\u0449\u0430\u044e\u0449\u0430\u044f \u043c\u0430\u0441\u043a\u0430, 60 \u0433"},"content":{"rendered":"<p data-start=\"84\" data-end=\"188\">Izveidota no m\u0101la un og\u0101m, \u0161\u012b maska ir lieliska izv\u0113le \u0101dai, kurai nepiecie\u0161ama antioksidantu iedarb\u012bba.<\/p>\n<p data-start=\"190\" data-end=\"208\"><strong data-start=\"190\" data-end=\"208\">Priek\u0161roc\u012bbas:<\/strong><\/p>\n<ul data-start=\"209\" data-end=\"432\">\n<li data-start=\"209\" data-end=\"287\">\n<p data-start=\"211\" data-end=\"287\">Piem\u0113rota \u0101dai, kurai nepiecie\u0161ama liek\u0101 sebuma uzs\u016bk\u0161ana, nesausinot \u0101du.<\/p>\n<\/li>\n<li data-start=\"288\" data-end=\"336\">\n<p data-start=\"290\" data-end=\"336\">Piem\u0113rota \u0101dai, kurai v\u0113las samazin\u0101t poras.<\/p>\n<\/li>\n<li data-start=\"337\" data-end=\"380\">\n<p data-start=\"339\" data-end=\"380\">Nodro\u0161ina svaigas un t\u012bras \u0101das saj\u016btu.<\/p>\n<\/li>\n<li data-start=\"381\" data-end=\"432\">\n<p data-start=\"383\" data-end=\"432\">Pal\u012bdz ieg\u016bt dz\u012bv\u012bg\u0101ku un vienm\u0113r\u012bg\u0101ku \u0101das toni.<\/p>\n<\/li>\n<\/ul>\n<p data-start=\"434\" data-end=\"607\"><strong data-start=\"434\" data-end=\"448\">Lieto\u0161ana:<\/strong> Uzkl\u0101jiet vienm\u0113r\u012bg\u0101 k\u0101rt\u0101 uz t\u012bras un sausas sejas un kakla \u0101das. Atst\u0101jiet iedarboties 15\u201320 min\u016btes, p\u0113c tam r\u016bp\u012bgi noskalojiet. Lietojiet 2 reizes ned\u0113\u013c\u0101.<\/p>\n<p data-start=\"609\" data-end=\"1639\"><strong data-start=\"609\" data-end=\"621\">Sast\u0101vs:<\/strong><br data-start=\"621\" data-end=\"624\">AQUA\/WATER\/EAU, KAOLIN, BENTONITE, NIACINAMIDE, PROPANEDIOL, GLYCERIN, ETHOXYDIGLYCOL, TITANIUM DIOXIDE\/CI 77891, BUTYLENE GLYCOL, CETYL ALCOHOL, GLYCERYL STEARATE, C15-19 ALKANE, PEG-8, POLYMETHYLSILSESQUIOXANE, SALICYLIC ACID, CAPRYLHYDROXAMIC ACID, RHODOMYRTUS TOMENTOSA FRUIT EXTRACT, PELARGONIUM GRAVEOLENS FLOWER OIL, LAVANDULA ANGUSTIFOLIA (LAVENDER) OIL, PEUMUS BOLDUS LEAF EXTRACT, TROPAEOLUM MAJUS FLOWER\/LEAF\/STEM EXTRACT, ROSMARINUS OFFICINALIS (ROSEMARY) LEAF OIL, BIOSACCHARIDE GUM-1, CINNAMOMUM CAMPHORA (CAMPHOR) BARK OIL, CUPRESSUS SEMPERVIRENS OIL, ETHYLHEXYLGLYCERIN, ZINC ACETYLMETHIONATE, PENTAERYTHRITYL TETRA-DI-T-BUTYL HYDROXYHYDROCINNAMATE, PHENOXYETHANOL, PENTYLENE GLYCOL, SODIUM BENZOATE, HYDROXYETHYL ACRYLATE\/SODIUM ACRYLOYLDIMETHYL TAURATE COPOLYMER, 1,2-HEXANEDIOL, TRIETHANOLAMINE, XANTHAN GUM, PEG-75 STEARATE, SCLEROTIUM GUM, LECITHIN, CETETH-20, GLYCERYL POLYACRYLATE, PULLULAN, STEARETH-20, POLYSORBATE 60, SORBITAN ISOSTEARATE, CITRONELLOL, LINALOOL, SILICA, GERANIOL, LIMONENE<\/p>","protected":false},"excerpt":{"rendered":"<p>Izveidota no m\u0101la un og\u0101m, \u0161\u012b maska ir lieliska izv\u0113le \u0101dai, kurai nepiecie\u0161ama antioksidantu iedarb\u012bba. Priek\u0161roc\u012bbas: Piem\u0113rota \u0101dai, kurai nepiecie\u0161ama liek\u0101 sebuma uzs\u016bk\u0161ana, nesausinot \u0101du. Piem\u0113rota \u0101dai, kurai v\u0113las samazin\u0101t poras. Nodro\u0161ina svaigas un t\u012bras \u0101das saj\u016btu. Pal\u012bdz ieg\u016bt dz\u012bv\u012bg\u0101ku un vienm\u0113r\u012bg\u0101ku \u0101das toni. Lieto\u0161ana: Uzkl\u0101jiet vienm\u0113r\u012bg\u0101 k\u0101rt\u0101 uz t\u012bras un sausas sejas un kakla [&hellip;]<\/p>\n","protected":false},"featured_media":49483,"comment_status":"closed","ping_status":"open","template":"","meta":[],"product_brand":[160],"product_cat":[16],"product_tag":[213],"class_list":{"0":"post-49482","1":"product","2":"type-product","3":"status-publish","4":"has-post-thumbnail","6":"product_brand-g-m-collin","7":"product_cat-bez-kategorijas","8":"product_tag-g-m-collin-sejas-maska","11":"first","12":"instock","13":"purchasable","14":"product-type-simple"},"_links":{"self":[{"href":"https:\/\/ajaesthetics.org\/ru\/wp-json\/wp\/v2\/product\/49482","targetHints":{"allow":["GET"]}}],"collection":[{"href":"https:\/\/ajaesthetics.org\/ru\/wp-json\/wp\/v2\/product"}],"about":[{"href":"https:\/\/ajaesthetics.org\/ru\/wp-json\/wp\/v2\/types\/product"}],"replies":[{"embeddable":true,"href":"https:\/\/ajaesthetics.org\/ru\/wp-json\/wp\/v2\/comments?post=49482"}],"wp:featuredmedia":[{"embeddable":true,"href":"https:\/\/ajaesthetics.org\/ru\/wp-json\/wp\/v2\/media\/49483"}],"wp:attachment":[{"href":"https:\/\/ajaesthetics.org\/ru\/wp-json\/wp\/v2\/media?parent=49482"}],"wp:term":[{"taxonomy":"product_brand","embeddable":true,"href":"https:\/\/ajaesthetics.org\/ru\/wp-json\/wp\/v2\/product_brand?post=49482"},{"taxonomy":"product_cat","embeddable":true,"href":"https:\/\/ajaesthetics.org\/ru\/wp-json\/wp\/v2\/product_cat?post=49482"},{"taxonomy":"product_tag","embeddable":true,"href":"https:\/\/ajaesthetics.org\/ru\/wp-json\/wp\/v2\/product_tag?post=49482"}],"curies":[{"name":"wp","href":"https:\/\/api.w.org\/{rel}","templated":true}]}}