{"id":49486,"date":"2026-04-18T19:28:43","date_gmt":"2026-04-18T19:28:43","guid":{"rendered":"https:\/\/ajaesthetics.org\/product\/heliocare-advanced-gel-100-ml-saules-aizsargajoss-gels-sejai-un-kermenim\/"},"modified":"2026-04-18T19:28:44","modified_gmt":"2026-04-18T19:28:44","slug":"heliocare-advanced-gel-100-ml-saules-aizsargajoss-gels-sejai-un-kermenim","status":"publish","type":"product","link":"https:\/\/ajaesthetics.org\/ru\/product\/heliocare-advanced-gel-100-ml-saules-aizsargajoss-gels-sejai-un-kermenim\/","title":{"rendered":"HELIOCARE Advanced Gel, 100 ml | Saules aizsarg\u0101jo\u0161s gels sejai un \u0137ermenim"},"content":{"rendered":"<p class=\"cvGsUA direction-ltr align-justify para-style-body\"><span class=\"OYPEnA font-feature-liga-off font-feature-clig-off font-feature-calt-off text-decoration-none text-strikethrough-none\">Uzlabots pla\u0161a spektra saules aizsargkr\u0113ms, kas aizsarg\u0101 pret 5 starojuma veidiem: UVB, UVA, redzamo, zilo gaismu un infrasarkano starojumu. Viegli uzkl\u0101jama gela tekst\u016bra. Piem\u0113rots visai \u0123imenei &#8211; gan pieaugu\u0161ajiem, gan b\u0113rniem, var uzkl\u0101t uz mitras \u0101das. Ar ASPA-Fernblock\u00ae, ekskluz\u012bvu patent\u0113tu tehnolo\u0123iju, kas pal\u012bdz nov\u0113rst saules rad\u012btos boj\u0101jumus, uzlabo D vitam\u012bna funkcionalit\u0101ti. \u0100tri ies\u016bco\u0161a formula bez taukainas vai lip\u012bgas saj\u016btas, \u016bdens, sviedru un smil\u0161u notur\u012bga. Piem\u0113rots visiem \u0101das tipiem. Piem\u0113rots b\u0113rniem no 2 gadu vecuma.<\/span><\/p>\n<p class=\"cvGsUA direction-ltr align-justify para-style-body\"><span class=\"OYPEnA font-feature-liga-off font-feature-clig-off font-feature-calt-off text-decoration-none text-strikethrough-none\">Priek\u0161roc\u012bbas:<\/span><\/p>\n<ul>\n<li><span class=\"OYPEnA font-feature-liga-off font-feature-clig-off font-feature-calt-off text-decoration-none text-strikethrough-none\">Aizsarg\u0101 no 5 starojuma veidiem;<\/span><\/li>\n<li><span class=\"OYPEnA font-feature-liga-off font-feature-clig-off font-feature-calt-off text-decoration-none text-strikethrough-none\">Piem\u0113rots lieto\u0161anai uz sejas un \u0137erme\u0146a;<\/span><\/li>\n<li><span class=\"OYPEnA font-feature-liga-off font-feature-clig-off font-feature-calt-off text-decoration-none text-strikethrough-none\">Viegla gela tekst\u016bra;<\/span><\/li>\n<li><span class=\"OYPEnA font-feature-liga-off font-feature-clig-off font-feature-calt-off text-decoration-none text-strikethrough-none\">Visiem \u0101das tipiem, ar\u012b jut\u012bgai.<\/span><\/li>\n<\/ul>\n<p class=\"cvGsUA direction-ltr align-justify para-style-body\"><span class=\"OYPEnA font-feature-liga-off font-feature-clig-off font-feature-calt-off text-decoration-none text-strikethrough-none\">Akt\u012bv\u0101s sast\u0101vda\u013cas:<\/span><\/p>\n<ul>\n<li><span class=\"OYPEnA font-feature-liga-off font-feature-clig-off font-feature-calt-off text-decoration-none text-strikethrough-none\">ASPA-FERNBLOCK\u00ae+;<\/span><\/li>\n<li><span class=\"OYPEnA font-feature-liga-off font-feature-clig-off font-feature-calt-off text-decoration-none text-strikethrough-none\">Optim\u0101la un stabila saules filtru kombin\u0101cija;<\/span><\/li>\n<li><span class=\"OYPEnA font-feature-liga-off font-feature-clig-off font-feature-calt-off text-decoration-none text-strikethrough-none\">E vitam\u012bns;<\/span><\/li>\n<li><span class=\"OYPEnA font-feature-liga-off font-feature-clig-off font-feature-calt-off text-decoration-none text-strikethrough-none\">Glikozil\u0101ze.<\/span><\/li>\n<\/ul>","protected":false},"excerpt":{"rendered":"<p>Uzlabots pla\u0161a spektra saules aizsargkr\u0113ms, kas aizsarg\u0101 pret 5 starojuma veidiem: UVB, UVA, redzamo, zilo gaismu un infrasarkano starojumu. Viegli uzkl\u0101jama gela tekst\u016bra. Piem\u0113rots visai \u0123imenei &#8211; gan pieaugu\u0161ajiem, gan b\u0113rniem, var uzkl\u0101t uz mitras \u0101das. Ar ASPA-Fernblock\u00ae, ekskluz\u012bvu patent\u0113tu tehnolo\u0123iju, kas pal\u012bdz nov\u0113rst saules rad\u012btos boj\u0101jumus, uzlabo D vitam\u012bna funkcionalit\u0101ti. \u0100tri ies\u016bco\u0161a formula bez [&hellip;]<\/p>\n","protected":false},"featured_media":49487,"comment_status":"closed","ping_status":"open","template":"","meta":[],"product_brand":[172],"product_cat":[16],"product_tag":[216],"class_list":{"0":"post-49486","1":"product","2":"type-product","3":"status-publish","4":"has-post-thumbnail","6":"product_brand-heliocare","7":"product_cat-bez-kategorijas","8":"product_tag-cantabria-labs-heliocare-jaunumi-jaunums-spf-spf-aizsardziba-spf50","11":"first","12":"instock","13":"purchasable","14":"product-type-simple"},"_links":{"self":[{"href":"https:\/\/ajaesthetics.org\/ru\/wp-json\/wp\/v2\/product\/49486","targetHints":{"allow":["GET"]}}],"collection":[{"href":"https:\/\/ajaesthetics.org\/ru\/wp-json\/wp\/v2\/product"}],"about":[{"href":"https:\/\/ajaesthetics.org\/ru\/wp-json\/wp\/v2\/types\/product"}],"replies":[{"embeddable":true,"href":"https:\/\/ajaesthetics.org\/ru\/wp-json\/wp\/v2\/comments?post=49486"}],"wp:featuredmedia":[{"embeddable":true,"href":"https:\/\/ajaesthetics.org\/ru\/wp-json\/wp\/v2\/media\/49487"}],"wp:attachment":[{"href":"https:\/\/ajaesthetics.org\/ru\/wp-json\/wp\/v2\/media?parent=49486"}],"wp:term":[{"taxonomy":"product_brand","embeddable":true,"href":"https:\/\/ajaesthetics.org\/ru\/wp-json\/wp\/v2\/product_brand?post=49486"},{"taxonomy":"product_cat","embeddable":true,"href":"https:\/\/ajaesthetics.org\/ru\/wp-json\/wp\/v2\/product_cat?post=49486"},{"taxonomy":"product_tag","embeddable":true,"href":"https:\/\/ajaesthetics.org\/ru\/wp-json\/wp\/v2\/product_tag?post=49486"}],"curies":[{"name":"wp","href":"https:\/\/api.w.org\/{rel}","templated":true}]}}