{"id":49488,"date":"2026-04-18T19:28:43","date_gmt":"2026-04-18T19:28:43","guid":{"rendered":"https:\/\/ajaesthetics.org\/product\/iraltone-2in1-lashes-eyebrows-serum-booster-10-ml-serums-skropstu-un-uzacu-augsanas-stimulacijai-10-ml\/"},"modified":"2026-04-18T19:28:45","modified_gmt":"2026-04-18T19:28:45","slug":"iraltone-2in1-lashes-eyebrows-serum-booster-10-ml-serums-skropstu-un-uzacu-augsanas-stimulacijai-10-ml","status":"publish","type":"product","link":"https:\/\/ajaesthetics.org\/ru\/product\/iraltone-2in1-lashes-eyebrows-serum-booster-10-ml-serums-skropstu-un-uzacu-augsanas-stimulacijai-10-ml\/","title":{"rendered":"IRALTONE 2in1 Lashes &#038; Eyebrows Serum Booster, 10 ml | Serums skropstu un uzacu aug\u0161anas stimul\u0101cijai, 10 ml"},"content":{"rendered":"<p class=\"cvGsUA direction-ltr align-justify para-style-body\"><span class=\"OYPEnA font-feature-liga-off font-feature-clig-off font-feature-calt-off text-decoration-none text-strikethrough-none\">Serums skropstu un uzacu aug\u0161anas stimul\u0101cijai.<\/span><\/p>\n<p class=\"cvGsUA direction-ltr align-justify para-style-body\"><span class=\"OYPEnA font-feature-liga-off font-feature-clig-off font-feature-calt-off text-decoration-none text-strikethrough-none\">Inovat\u012bvs barojo\u0161s serums skropstu un uzacu stiprin\u0101\u0161anai un pagarin\u0101\u0161anai.<\/span><\/p>\n<p class=\"cvGsUA direction-ltr align-justify para-style-body\"><span class=\"OYPEnA font-feature-liga-off font-feature-clig-off font-feature-calt-off text-decoration-none text-strikethrough-none\">2 in 1 Skropstu un uzacu aug\u0161anu stimul\u0113jo\u0161s serums, kas satur WhartonGel Complex tehnolo\u0123iju &#8211; t\u0101 pal\u012bdz stimul\u0113t uzacu un skropstu aug\u0161anu, stiprina un atjauno mata folikulu, palielinot to iztur\u012bbu un bl\u012bvumu.<\/span><\/p>\n<p class=\"cvGsUA direction-ltr align-justify para-style-body\"><span class=\"OYPEnA font-feature-liga-off font-feature-clig-off font-feature-calt-off text-decoration-none text-strikethrough-none\">Lieto\u0161ana:<\/span><span class=\"OYPEnA font-feature-liga-off font-feature-clig-off font-feature-calt-off text-decoration-none text-strikethrough-none\"> Uzkl\u0101jiet vienu reizi dien\u0101, v\u0113lams vakar\u0101. <\/span><span class=\"OYPEnA font-feature-liga-off font-feature-clig-off font-feature-calt-off text-decoration-none text-strikethrough-none\">Satur divu aplikatoru otu &#8211; uzac\u012bm un skropst\u0101m. <\/span><span class=\"OYPEnA font-feature-liga-off font-feature-clig-off font-feature-calt-off text-decoration-none text-strikethrough-none\">Skropstas: <\/span><span class=\"OYPEnA font-feature-liga-off font-feature-clig-off font-feature-calt-off text-decoration-none text-strikethrough-none\">sl\u012bdiet ar smalko galu virs skropstu pamatnes un mirk\u0161\u0137iniet, lai produkts <\/span><span class=\"OYPEnA font-feature-liga-off font-feature-clig-off font-feature-calt-off text-decoration-none text-strikethrough-none\">ies\u016bktos apak\u0161\u0113j\u0101s skropstas. <\/span><span class=\"OYPEnA font-feature-liga-off font-feature-clig-off font-feature-calt-off text-decoration-none text-strikethrough-none\">Uzacis: <\/span><span class=\"OYPEnA font-feature-liga-off font-feature-clig-off font-feature-calt-off text-decoration-none text-strikethrough-none\">izmantojiet otru aplikatoru un p\u0113c tam \u013caujiet no\u017e\u016bt.<\/span><\/p>","protected":false},"excerpt":{"rendered":"<p>Serums skropstu un uzacu aug\u0161anas stimul\u0101cijai. Inovat\u012bvs barojo\u0161s serums skropstu un uzacu stiprin\u0101\u0161anai un pagarin\u0101\u0161anai. 2 in 1 Skropstu un uzacu aug\u0161anu stimul\u0113jo\u0161s serums, kas satur WhartonGel Complex tehnolo\u0123iju &#8211; t\u0101 pal\u012bdz stimul\u0113t uzacu un skropstu aug\u0161anu, stiprina un atjauno mata folikulu, palielinot to iztur\u012bbu un bl\u012bvumu. Lieto\u0161ana: Uzkl\u0101jiet vienu reizi dien\u0101, v\u0113lams vakar\u0101. Satur [&hellip;]<\/p>\n","protected":false},"featured_media":49489,"comment_status":"closed","ping_status":"open","template":"","meta":[],"product_brand":[217],"product_cat":[16],"product_tag":[220],"class_list":{"0":"post-49488","1":"product","2":"type-product","3":"status-publish","4":"has-post-thumbnail","6":"product_brand-iraltone","7":"product_cat-bez-kategorijas","8":"product_tag-cantabria-labs-iraltone-jaunumi-jaunums-labakie-produkti-skropstu-serums-uzacu-serums","11":"first","12":"instock","13":"purchasable","14":"product-type-simple"},"_links":{"self":[{"href":"https:\/\/ajaesthetics.org\/ru\/wp-json\/wp\/v2\/product\/49488","targetHints":{"allow":["GET"]}}],"collection":[{"href":"https:\/\/ajaesthetics.org\/ru\/wp-json\/wp\/v2\/product"}],"about":[{"href":"https:\/\/ajaesthetics.org\/ru\/wp-json\/wp\/v2\/types\/product"}],"replies":[{"embeddable":true,"href":"https:\/\/ajaesthetics.org\/ru\/wp-json\/wp\/v2\/comments?post=49488"}],"wp:featuredmedia":[{"embeddable":true,"href":"https:\/\/ajaesthetics.org\/ru\/wp-json\/wp\/v2\/media\/49489"}],"wp:attachment":[{"href":"https:\/\/ajaesthetics.org\/ru\/wp-json\/wp\/v2\/media?parent=49488"}],"wp:term":[{"taxonomy":"product_brand","embeddable":true,"href":"https:\/\/ajaesthetics.org\/ru\/wp-json\/wp\/v2\/product_brand?post=49488"},{"taxonomy":"product_cat","embeddable":true,"href":"https:\/\/ajaesthetics.org\/ru\/wp-json\/wp\/v2\/product_cat?post=49488"},{"taxonomy":"product_tag","embeddable":true,"href":"https:\/\/ajaesthetics.org\/ru\/wp-json\/wp\/v2\/product_tag?post=49488"}],"curies":[{"name":"wp","href":"https:\/\/api.w.org\/{rel}","templated":true}]}}