{"id":49490,"date":"2026-04-18T19:28:47","date_gmt":"2026-04-18T19:28:47","guid":{"rendered":"https:\/\/ajaesthetics.org\/product\/endocare-niacinal-age-barrier-serum-30-ml-mitrinoss-un-nomierinoss-serums-ar-10-niacinamidu-hialuronskabi-30-ml\/"},"modified":"2026-04-18T19:28:47","modified_gmt":"2026-04-18T19:28:47","slug":"endocare-niacinal-age-barrier-serum-30-ml-mitrinoss-un-nomierinoss-serums-ar-10-niacinamidu-hialuronskabi-30-ml","status":"publish","type":"product","link":"https:\/\/ajaesthetics.org\/ru\/product\/endocare-niacinal-age-barrier-serum-30-ml-mitrinoss-un-nomierinoss-serums-ar-10-niacinamidu-hialuronskabi-30-ml\/","title":{"rendered":"ENDOCARE NIACINAL Age Barrier Serum, 30 ml | Mitrino\u0161s un nomierino\u0161s serums ar 10% niacinam\u012bdu, hialuronsk\u0101bi, 30 ml"},"content":{"rendered":"<p class=\"cvGsUA direction-ltr align-justify para-style-body\"><span class=\"OYPEnA font-feature-liga-off font-feature-clig-off font-feature-calt-off text-decoration-none text-strikethrough-none\">Mitrino\u0161s, nomierino\u0161s serums ar 10% niacinam\u012bdu un nanovezikul\u0101s iekapsul\u0113tu hialuronsk\u0101bi.<\/span><\/p>\n<p class=\"cvGsUA direction-ltr align-justify para-style-body\"><span class=\"OYPEnA font-feature-liga-off font-feature-clig-off font-feature-calt-off text-decoration-none text-strikethrough-none\">Gelveida serums ar 10% niacinam\u012bdu mitrina un nomierina jut\u012bgu, dehidr\u0113tu \u0101du, sniedz \u0101dai komfortu. Velvet\u012bga tekst\u016bra, kas \u0101tri uzs\u016bcas. Izstr\u0101d\u0101ts ar patent\u0113to EDAFENCE tehnolo\u0123iju, kas nodro\u0161ina antioksidat\u012bvu efektu, aizsarg\u0101 \u0101du no apk\u0101rt\u0113j\u0101s vides pies\u0101r\u0146ojuma un stiprina \u0101das barjeru.<\/span><span class=\"OYPEnA font-feature-liga-off font-feature-clig-off font-feature-calt-off text-decoration-none text-strikethrough-none white-space-prewrap\">\u00a0<\/span><\/p>\n<p class=\"cvGsUA direction-ltr align-justify para-style-body\"><span class=\"OYPEnA font-feature-liga-off font-feature-clig-off font-feature-calt-off text-decoration-none text-strikethrough-none\">Priek\u0161roc\u012bbas:<\/span><\/p>\n<ul>\n<li><span class=\"OYPEnA font-feature-liga-off font-feature-clig-off font-feature-calt-off text-decoration-none text-strikethrough-none\">Akt\u012bvs pretnoveco\u0161an\u0101s efekts &#8211; EDAFENCE\u00ae tehnolo\u0123ija un niacinam\u012bds siner\u0123ij\u0101 nodro\u0161ina efekt\u012bvu atjaunojo\u0161u efektu, vienlaikus stiprinot \u0101das barjeru.<\/span><\/li>\n<li><span class=\"OYPEnA font-feature-liga-off font-feature-clig-off font-feature-calt-off text-decoration-none text-strikethrough-none\">Intens\u012bva mitrin\u0101\u0161ana &#8211; unik\u0101la da\u017e\u0101du molekulmasu hialuronsk\u0101bes kombin\u0101cija, nodro\u0161ina dzi\u013cu un ilgsto\u0161u mitrin\u0101\u0161anu.<\/span><\/li>\n<li><span class=\"OYPEnA font-feature-liga-off font-feature-clig-off font-feature-calt-off text-decoration-none text-strikethrough-none\">Elast\u012bga un gluda \u0101da: pal\u012bdz stiprin\u0101t \u0101das dabisk\u0101s aizsargsp\u0113jas jaunekl\u012bg\u0101kam izskatam.<\/span><\/li>\n<\/ul>\n<p class=\"cvGsUA direction-ltr align-justify para-style-body\"><span class=\"OYPEnA font-feature-liga-off font-feature-clig-off font-feature-calt-off text-decoration-none text-strikethrough-none\">Akt\u012bv\u0101s sast\u0101vda\u013cas:<\/span><span class=\"OYPEnA font-feature-liga-off font-feature-clig-off font-feature-calt-off text-decoration-none text-strikethrough-none\"> Niacinam\u012bds, augstas un zemas molekulmasas hialuronsk\u0101be, EDAFENCE tehnolo\u0123ija,mitrino\u0161as sast\u0101vda\u013cas, vitam\u012bns B5.<\/span><\/p>\n<p class=\"cvGsUA direction-ltr align-justify para-style-body\"><span class=\"OYPEnA font-feature-liga-off font-feature-clig-off font-feature-calt-off text-decoration-none text-strikethrough-none\">Lieto\u0161ana: <\/span><span class=\"OYPEnA font-feature-liga-off font-feature-clig-off font-feature-calt-off text-decoration-none text-strikethrough-none\">Uzkl\u0101jiet uz t\u012bras, sausas \u0101das divas reizes dien\u0101, no r\u012bta un vakar\u0101.<\/span><\/p>","protected":false},"excerpt":{"rendered":"<p>Mitrino\u0161s, nomierino\u0161s serums ar 10% niacinam\u012bdu un nanovezikul\u0101s iekapsul\u0113tu hialuronsk\u0101bi. Gelveida serums ar 10% niacinam\u012bdu mitrina un nomierina jut\u012bgu, dehidr\u0113tu \u0101du, sniedz \u0101dai komfortu. Velvet\u012bga tekst\u016bra, kas \u0101tri uzs\u016bcas. Izstr\u0101d\u0101ts ar patent\u0113to EDAFENCE tehnolo\u0123iju, kas nodro\u0161ina antioksidat\u012bvu efektu, aizsarg\u0101 \u0101du no apk\u0101rt\u0113j\u0101s vides pies\u0101r\u0146ojuma un stiprina \u0101das barjeru.\u00a0 Priek\u0161roc\u012bbas: Akt\u012bvs pretnoveco\u0161an\u0101s efekts &#8211; EDAFENCE\u00ae tehnolo\u0123ija [&hellip;]<\/p>\n","protected":false},"featured_media":49491,"comment_status":"closed","ping_status":"open","template":"","meta":[],"product_brand":[191],"product_cat":[16],"product_tag":[222],"class_list":{"0":"post-49490","1":"product","2":"type-product","3":"status-publish","4":"has-post-thumbnail","6":"product_brand-endocare","7":"product_cat-bez-kategorijas","8":"product_tag-cantabria-cantabria-labs-endocare-hialuronskabe-hialuronskabes-serums-jaunumi-jaunums-labakie-produkti-labaka-kosmetika-niacinamida-serums-niacinamids-sejas-serumi-sejas-serums-serums","11":"first","12":"instock","13":"purchasable","14":"product-type-simple"},"_links":{"self":[{"href":"https:\/\/ajaesthetics.org\/ru\/wp-json\/wp\/v2\/product\/49490","targetHints":{"allow":["GET"]}}],"collection":[{"href":"https:\/\/ajaesthetics.org\/ru\/wp-json\/wp\/v2\/product"}],"about":[{"href":"https:\/\/ajaesthetics.org\/ru\/wp-json\/wp\/v2\/types\/product"}],"replies":[{"embeddable":true,"href":"https:\/\/ajaesthetics.org\/ru\/wp-json\/wp\/v2\/comments?post=49490"}],"wp:featuredmedia":[{"embeddable":true,"href":"https:\/\/ajaesthetics.org\/ru\/wp-json\/wp\/v2\/media\/49491"}],"wp:attachment":[{"href":"https:\/\/ajaesthetics.org\/ru\/wp-json\/wp\/v2\/media?parent=49490"}],"wp:term":[{"taxonomy":"product_brand","embeddable":true,"href":"https:\/\/ajaesthetics.org\/ru\/wp-json\/wp\/v2\/product_brand?post=49490"},{"taxonomy":"product_cat","embeddable":true,"href":"https:\/\/ajaesthetics.org\/ru\/wp-json\/wp\/v2\/product_cat?post=49490"},{"taxonomy":"product_tag","embeddable":true,"href":"https:\/\/ajaesthetics.org\/ru\/wp-json\/wp\/v2\/product_tag?post=49490"}],"curies":[{"name":"wp","href":"https:\/\/api.w.org\/{rel}","templated":true}]}}