{"id":49494,"date":"2026-04-18T19:28:47","date_gmt":"2026-04-18T19:28:47","guid":{"rendered":"https:\/\/ajaesthetics.org\/product\/heliocare-360o-acnimat-50-ml\/"},"modified":"2026-04-18T19:28:49","modified_gmt":"2026-04-18T19:28:49","slug":"heliocare-360o-acnimat-50-ml","status":"publish","type":"product","link":"https:\/\/ajaesthetics.org\/ru\/product\/heliocare-360o-acnimat-50-ml\/","title":{"rendered":"HELIOCARE 360\u00ba Acnimat, 50 ml"},"content":{"rendered":"<p class=\"cvGsUA direction-ltr align-justify para-style-body\"><span class=\"OYPEnA font-feature-liga-off font-feature-clig-off font-feature-calt-off text-decoration-none text-strikethrough-none\">Pla\u0161a spektra saules aizsargl\u012bdzeklis taukainai un aknes skartai \u0101dai. Aizsarg\u0101 pret 5 starojuma veidiem: UVB, UVA, redzamo, zilo gaismu un infrasarkano starojumu, vienlaikus kontrol\u0113jot lieko sebumu, samazinot nepiln\u012bbas un saglab\u0101jot \u0101du mat\u0113tu vair\u0101k nek\u0101 12 stundas.<\/span><\/p>\n<p class=\"cvGsUA direction-ltr align-justify para-style-body\"><span class=\"OYPEnA font-feature-liga-off font-feature-clig-off font-feature-calt-off text-decoration-none text-strikethrough-none\">Priek\u0161roc\u012bbas:<\/span><\/p>\n<ul>\n<li>\n<span class=\"OYPEnA font-feature-liga-off font-feature-clig-off font-feature-calt-off text-decoration-none text-strikethrough-none\">5 fotostabilu \u0137\u012bmisko filtru kombin\u0101cija, lai nodro\u0161in\u0101tu pla\u0161a spektra aizsardz\u012bbu;<\/span><span class=\"OYPEnA font-feature-liga-off font-feature-clig-off font-feature-calt-off text-decoration-none text-strikethrough-none white-space-prewrap\"><\/span>\n<\/li>\n<li><span class=\"OYPEnA font-feature-liga-off font-feature-clig-off font-feature-calt-off text-decoration-none text-strikethrough-none\">12 stundas mat\u0113ta \u0101da;<\/span><\/li>\n<li><span class=\"OYPEnA font-feature-liga-off font-feature-clig-off font-feature-calt-off text-decoration-none text-strikethrough-none\">Nekomedog\u0113ns;<\/span><\/li>\n<li><span class=\"OYPEnA font-feature-liga-off font-feature-clig-off font-feature-calt-off text-decoration-none text-strikethrough-none\">Pal\u012bdz nov\u0113rst fotoboj\u0101juma veido\u0161anos;<\/span><\/li>\n<li><span class=\"OYPEnA font-feature-liga-off font-feature-clig-off font-feature-calt-off text-decoration-none text-strikethrough-none\">\u016adens un sviedru iztur\u012bgs;<\/span><\/li>\n<li><span class=\"OYPEnA font-feature-liga-off font-feature-clig-off font-feature-calt-off text-decoration-none text-strikethrough-none\">Nekairina acis;<\/span><\/li>\n<li><span class=\"OYPEnA font-feature-liga-off font-feature-clig-off font-feature-calt-off text-decoration-none text-strikethrough-none\">Neatst\u0101j baltu masku.<\/span><\/li>\n<\/ul>\n<p class=\"cvGsUA direction-ltr align-justify para-style-body\"><span class=\"OYPEnA font-feature-liga-off font-feature-clig-off font-feature-calt-off text-decoration-none text-strikethrough-none\">Akt\u012bv\u0101s sast\u0101vda\u013cas:<\/span><\/p>\n<ul>\n<li><span class=\"OYPEnA font-feature-liga-off font-feature-clig-off font-feature-calt-off text-decoration-none text-strikethrough-none\">ASPA-FERNBLOCK\u00ae+;<\/span><\/li>\n<li><span class=\"OYPEnA font-feature-liga-off font-feature-clig-off font-feature-calt-off text-decoration-none text-strikethrough-none\">Glikozil\u0101ze;<\/span><\/li>\n<li><span class=\"OYPEnA font-feature-liga-off font-feature-clig-off font-feature-calt-off text-decoration-none text-strikethrough-none\">Dzintarsk\u0101be;<\/span><\/li>\n<li><span class=\"OYPEnA font-feature-liga-off font-feature-clig-off font-feature-calt-off text-decoration-none text-strikethrough-none\">Niacinam\u012bds;<\/span><\/li>\n<li><span class=\"OYPEnA font-feature-liga-off font-feature-clig-off font-feature-calt-off text-decoration-none text-strikethrough-none\">PIXALIA\u00ae (Cleome lapu ekstrakts).<\/span><\/li>\n<\/ul>","protected":false},"excerpt":{"rendered":"<p>Pla\u0161a spektra saules aizsargl\u012bdzeklis taukainai un aknes skartai \u0101dai. Aizsarg\u0101 pret 5 starojuma veidiem: UVB, UVA, redzamo, zilo gaismu un infrasarkano starojumu, vienlaikus kontrol\u0113jot lieko sebumu, samazinot nepiln\u012bbas un saglab\u0101jot \u0101du mat\u0113tu vair\u0101k nek\u0101 12 stundas. Priek\u0161roc\u012bbas: 5 fotostabilu \u0137\u012bmisko filtru kombin\u0101cija, lai nodro\u0161in\u0101tu pla\u0161a spektra aizsardz\u012bbu; 12 stundas mat\u0113ta \u0101da; Nekomedog\u0113ns; Pal\u012bdz nov\u0113rst fotoboj\u0101juma [&hellip;]<\/p>\n","protected":false},"featured_media":49495,"comment_status":"closed","ping_status":"open","template":"","meta":[],"product_brand":[172],"product_cat":[16],"product_tag":[216],"class_list":{"0":"post-49494","1":"product","2":"type-product","3":"status-publish","4":"has-post-thumbnail","6":"product_brand-heliocare","7":"product_cat-bez-kategorijas","8":"product_tag-cantabria-labs-heliocare-jaunumi-jaunums-spf-spf-aizsardziba-spf50","11":"first","12":"instock","13":"purchasable","14":"product-type-simple"},"_links":{"self":[{"href":"https:\/\/ajaesthetics.org\/ru\/wp-json\/wp\/v2\/product\/49494","targetHints":{"allow":["GET"]}}],"collection":[{"href":"https:\/\/ajaesthetics.org\/ru\/wp-json\/wp\/v2\/product"}],"about":[{"href":"https:\/\/ajaesthetics.org\/ru\/wp-json\/wp\/v2\/types\/product"}],"replies":[{"embeddable":true,"href":"https:\/\/ajaesthetics.org\/ru\/wp-json\/wp\/v2\/comments?post=49494"}],"wp:featuredmedia":[{"embeddable":true,"href":"https:\/\/ajaesthetics.org\/ru\/wp-json\/wp\/v2\/media\/49495"}],"wp:attachment":[{"href":"https:\/\/ajaesthetics.org\/ru\/wp-json\/wp\/v2\/media?parent=49494"}],"wp:term":[{"taxonomy":"product_brand","embeddable":true,"href":"https:\/\/ajaesthetics.org\/ru\/wp-json\/wp\/v2\/product_brand?post=49494"},{"taxonomy":"product_cat","embeddable":true,"href":"https:\/\/ajaesthetics.org\/ru\/wp-json\/wp\/v2\/product_cat?post=49494"},{"taxonomy":"product_tag","embeddable":true,"href":"https:\/\/ajaesthetics.org\/ru\/wp-json\/wp\/v2\/product_tag?post=49494"}],"curies":[{"name":"wp","href":"https:\/\/api.w.org\/{rel}","templated":true}]}}