{"id":49496,"date":"2026-04-18T19:29:12","date_gmt":"2026-04-18T19:29:12","guid":{"rendered":"https:\/\/ajaesthetics.org\/product\/heliocare-360o-sensation-50-ml-saules-aizsargkrems-spf50\/"},"modified":"2026-04-18T19:29:12","modified_gmt":"2026-04-18T19:29:12","slug":"heliocare-360o-sensation-50-ml-saules-aizsargkrems-spf50","status":"publish","type":"product","link":"https:\/\/ajaesthetics.org\/ru\/product\/heliocare-360o-sensation-50-ml-saules-aizsargkrems-spf50\/","title":{"rendered":"HELIOCARE 360\u00ba Sensation, 50 ml | Saules aizsargkr\u0113ms SPF50"},"content":{"rendered":"<p class=\"cvGsUA direction-ltr align-justify para-style-body\"><span class=\"OYPEnA font-feature-liga-off font-feature-clig-off font-feature-calt-off text-decoration-none text-strikethrough-none\">\u013boti augsta aizsardz\u012bba pret sauli ikdienas lieto\u0161anai, lai nov\u0113rstu<\/span><span class=\"OYPEnA font-feature-liga-off font-feature-clig-off font-feature-calt-off text-decoration-none text-strikethrough-none white-space-prewrap\"> <\/span><span class=\"OYPEnA font-feature-liga-off font-feature-clig-off font-feature-calt-off text-decoration-none text-strikethrough-none\">fotoboj\u0101jumus un pal\u012bdz\u0113tu pal\u0113nin\u0101t priek\u0161laic\u012bgas \u0101das noveco\u0161an\u0101s paz\u012bmes. Heliocare 360\u00ba Sensation papildin\u0101s j\u016bsu ikdienas sejas \u0101das kop\u0161anas rut\u012bnu, aizsarg\u0101jot \u0101du no saules. T\u0101pat k\u0101 citi Heliocare 360\u00ba l\u012bnijas produkti, \u012bpa\u0161i viegl\u0101 tekst\u016bra, bez e\u013c\u013cas pasarg\u0101s no 5 starojuma veidiem: UVB, UVA, redzam\u0101s gaismas, infrasarkan\u0101 starojuma un zil\u0101s gaismas.<\/span><span class=\"OYPEnA font-feature-liga-off font-feature-clig-off font-feature-calt-off text-decoration-none text-strikethrough-none white-space-prewrap\">\u00a0<\/span><\/p>\n<p class=\"cvGsUA direction-ltr align-justify para-style-body\"><span class=\"OYPEnA font-feature-liga-off font-feature-clig-off font-feature-calt-off text-decoration-none text-strikethrough-none\">Priek\u0161roc\u012bbas:<\/span><\/p>\n<ul>\n<li>\n<span class=\"OYPEnA font-feature-liga-off font-feature-clig-off font-feature-calt-off text-decoration-none text-strikethrough-none\">Pla\u0161a spektra aizsardz\u012bba;<\/span><span class=\"OYPEnA font-feature-liga-off font-feature-clig-off font-feature-calt-off text-decoration-none text-strikethrough-none white-space-prewrap\"><\/span>\n<\/li>\n<li><span class=\"OYPEnA font-feature-liga-off font-feature-clig-off font-feature-calt-off text-decoration-none text-strikethrough-none\">Aizsarg\u0101 un nov\u0113r\u0161 saules boj\u0101jumus;<\/span><\/li>\n<li><span class=\"OYPEnA font-feature-liga-off font-feature-clig-off font-feature-calt-off text-decoration-none text-strikethrough-none\">Visiem \u0101das tipiem un to\u0146iem;<\/span><\/li>\n<li><span class=\"OYPEnA font-feature-liga-off font-feature-clig-off font-feature-calt-off text-decoration-none text-strikethrough-none\">Pirm\u0101 \u012bpa\u0161i viegl\u0101 tekst\u016bra ar miner\u0101lfiltriem.<\/span><\/li>\n<\/ul>\n<p class=\"cvGsUA direction-ltr align-justify para-style-body\"><span class=\"OYPEnA font-feature-liga-off font-feature-clig-off font-feature-calt-off text-decoration-none text-strikethrough-none\">Akt\u012bv\u0101s sast\u0101vda\u013cas:<\/span><\/p>\n<ul>\n<li><span class=\"OYPEnA font-feature-liga-off font-feature-clig-off font-feature-calt-off text-decoration-none text-strikethrough-none\">ASPA-FERNBLOCK\u00ae+;<\/span><\/li>\n<li><span class=\"OYPEnA font-feature-liga-off font-feature-clig-off font-feature-calt-off text-decoration-none text-strikethrough-none\">Miner\u0101lie un \u0137\u012bmiskie filtri;<\/span><\/li>\n<li><span class=\"OYPEnA font-feature-liga-off font-feature-clig-off font-feature-calt-off text-decoration-none text-strikethrough-none\">Ingvera saknes ekstrakts.<\/span><\/li>\n<\/ul>","protected":false},"excerpt":{"rendered":"<p>\u013boti augsta aizsardz\u012bba pret sauli ikdienas lieto\u0161anai, lai nov\u0113rstu fotoboj\u0101jumus un pal\u012bdz\u0113tu pal\u0113nin\u0101t priek\u0161laic\u012bgas \u0101das noveco\u0161an\u0101s paz\u012bmes. Heliocare 360\u00ba Sensation papildin\u0101s j\u016bsu ikdienas sejas \u0101das kop\u0161anas rut\u012bnu, aizsarg\u0101jot \u0101du no saules. T\u0101pat k\u0101 citi Heliocare 360\u00ba l\u012bnijas produkti, \u012bpa\u0161i viegl\u0101 tekst\u016bra, bez e\u013c\u013cas pasarg\u0101s no 5 starojuma veidiem: UVB, UVA, redzam\u0101s gaismas, infrasarkan\u0101 starojuma un [&hellip;]<\/p>\n","protected":false},"featured_media":49499,"comment_status":"closed","ping_status":"open","template":"","meta":[],"product_brand":[172],"product_cat":[16],"product_tag":[223],"class_list":{"0":"post-49496","1":"product","2":"type-product","3":"status-publish","4":"has-post-thumbnail","6":"product_brand-heliocare","7":"product_cat-bez-kategorijas","8":"product_tag-cantabria-labs-heliocare-jaunumi-jaunums-saules-aizsardziba-saules-aizsargkrems-spf-spf-aizsardziba-spf50","11":"first","12":"instock","13":"purchasable","14":"product-type-simple"},"_links":{"self":[{"href":"https:\/\/ajaesthetics.org\/ru\/wp-json\/wp\/v2\/product\/49496","targetHints":{"allow":["GET"]}}],"collection":[{"href":"https:\/\/ajaesthetics.org\/ru\/wp-json\/wp\/v2\/product"}],"about":[{"href":"https:\/\/ajaesthetics.org\/ru\/wp-json\/wp\/v2\/types\/product"}],"replies":[{"embeddable":true,"href":"https:\/\/ajaesthetics.org\/ru\/wp-json\/wp\/v2\/comments?post=49496"}],"wp:featuredmedia":[{"embeddable":true,"href":"https:\/\/ajaesthetics.org\/ru\/wp-json\/wp\/v2\/media\/49499"}],"wp:attachment":[{"href":"https:\/\/ajaesthetics.org\/ru\/wp-json\/wp\/v2\/media?parent=49496"}],"wp:term":[{"taxonomy":"product_brand","embeddable":true,"href":"https:\/\/ajaesthetics.org\/ru\/wp-json\/wp\/v2\/product_brand?post=49496"},{"taxonomy":"product_cat","embeddable":true,"href":"https:\/\/ajaesthetics.org\/ru\/wp-json\/wp\/v2\/product_cat?post=49496"},{"taxonomy":"product_tag","embeddable":true,"href":"https:\/\/ajaesthetics.org\/ru\/wp-json\/wp\/v2\/product_tag?post=49496"}],"curies":[{"name":"wp","href":"https:\/\/api.w.org\/{rel}","templated":true}]}}