{"id":49500,"date":"2026-04-18T19:29:14","date_gmt":"2026-04-18T19:29:14","guid":{"rendered":"https:\/\/ajaesthetics.org\/product\/heliocare-brivdienu-komplekts-spf50\/"},"modified":"2026-04-18T19:29:15","modified_gmt":"2026-04-18T19:29:15","slug":"heliocare-brivdienu-komplekts-spf50","status":"publish","type":"product","link":"https:\/\/ajaesthetics.org\/ru\/product\/heliocare-brivdienu-komplekts-spf50\/","title":{"rendered":"HELIOCARE BR\u012aVDIENU KOMPLEKTS | SPF50"},"content":{"rendered":"<p>Komplekts saules aizsardz\u012bbai.<\/p>\n<p>Komplekt\u0101 ietilpst:<\/p>\n<ul>\n<li>Heliocare 360 Age Active Fluid SPF50+, 50 ml<\/li>\n<\/ul>\n<p>Viegls, mitrino\u0161s flu\u012bds, kas nodro\u0161ina augsta l\u012bme\u0146a, pla\u0161a spektra aizsardz\u012bbu\u00a0pret sauli un satur tr\u012bsk\u0101r\u0161u pretnoveco\u0161an\u0101s kompleksu, kas pal\u012bdz pal\u0113nin\u0101t\u00a0redzamo noveco\u0161an\u0101s paz\u012bmju par\u0101d\u012b\u0161anos. \u0160im z\u012bdaini m\u012bkstajam \u0161\u0137idrumam ir\u00a0ar\u012b smalka nokr\u0101sa, kas pal\u012bdz izl\u012bdzin\u0101t \u0101das toni. Tonis ir piem\u0113rots I-IV \u0101das\u00a0tipam p\u0113c Fitzpatrick skalas.<\/p>\n<ul>\n<li>Heliocare 360 Pediatrics Stick SPF50+, 25 g\n<\/li>\n<\/ul>\n<p>\u013boti augsta fotoaizsardz\u012bba, kas aizsarg\u0101 un mitrina \u0101du. Pateicoties t\u0101\u00a0iepakojumam, b\u0113rniem ir viegli pa\u0161iem uzkl\u0101t aizsardz\u012bbu. \u016adens, sviedriem un\u00a0smilt\u012bm iztur\u012bgs. Bez kr\u0101sas.<\/p>\n<ul>\n<li>Heliocare 360 Pediatrics caursp\u012bd\u012bgs sau\u013co\u0161an\u0101s aerosols SPF50+, 200 ml<\/li>\n<\/ul>\n<p>Izsmidzin\u0101ms sau\u013co\u0161an\u0101s l\u012bdzeklis b\u0113rniem, kas viegli ies\u016bcas \u0101d\u0101 un neatst\u0101j\u00a0baltas pl\u0113v\u012btes efektu.\u00a0Efekt\u012bva pat uz mitras \u0101das, pateicoties WET SKIN formulai, kas ir neredzama un\u00a0\u0101tri ies\u016bcas. Hipoaler\u0123isks, \u016bdens un smil\u0161u iztur\u012bgs.\u00a0Atbilst visaugst\u0101kaj\u0101m fotoaizsardz\u012bbas pras\u012bb\u0101m. Ar Fernblock\u00ae+, specifiskiem\u00a0filtriem un antioksidantu akt\u012bvaj\u0101m sast\u0101vda\u013c\u0101m tas aizsarg\u0101 pret 4 veidu stariem\u00a0(UVB, UVA, redzamajiem un infrasarkanajiem), neitraliz\u0113 un nov\u0113r\u0161 saules rad\u012btos\u00a0boj\u0101jumus. P\u0101rbaud\u012bju\u0161i pediatri un dermatologi.<\/p>\n<ul>\n<li>D\u0101van\u0101 kosm\u0113tikas somi\u0146a, pludmalei.<\/li>\n<\/ul>","protected":false},"excerpt":{"rendered":"<p>Komplekts saules aizsardz\u012bbai. Komplekt\u0101 ietilpst: Heliocare 360 Age Active Fluid SPF50+, 50 ml Viegls, mitrino\u0161s flu\u012bds, kas nodro\u0161ina augsta l\u012bme\u0146a, pla\u0161a spektra aizsardz\u012bbu\u00a0pret sauli un satur tr\u012bsk\u0101r\u0161u pretnoveco\u0161an\u0101s kompleksu, kas pal\u012bdz pal\u0113nin\u0101t\u00a0redzamo noveco\u0161an\u0101s paz\u012bmju par\u0101d\u012b\u0161anos. \u0160im z\u012bdaini m\u012bkstajam \u0161\u0137idrumam ir\u00a0ar\u012b smalka nokr\u0101sa, kas pal\u012bdz izl\u012bdzin\u0101t \u0101das toni. Tonis ir piem\u0113rots I-IV \u0101das\u00a0tipam p\u0113c Fitzpatrick skalas. [&hellip;]<\/p>\n","protected":false},"featured_media":0,"comment_status":"closed","ping_status":"open","template":"","meta":[],"product_brand":[],"product_cat":[16],"product_tag":[],"class_list":{"0":"post-49500","1":"product","2":"type-product","3":"status-publish","5":"product_cat-bez-kategorijas","7":"first","8":"instock","9":"purchasable","10":"product-type-simple"},"_links":{"self":[{"href":"https:\/\/ajaesthetics.org\/ru\/wp-json\/wp\/v2\/product\/49500","targetHints":{"allow":["GET"]}}],"collection":[{"href":"https:\/\/ajaesthetics.org\/ru\/wp-json\/wp\/v2\/product"}],"about":[{"href":"https:\/\/ajaesthetics.org\/ru\/wp-json\/wp\/v2\/types\/product"}],"replies":[{"embeddable":true,"href":"https:\/\/ajaesthetics.org\/ru\/wp-json\/wp\/v2\/comments?post=49500"}],"wp:attachment":[{"href":"https:\/\/ajaesthetics.org\/ru\/wp-json\/wp\/v2\/media?parent=49500"}],"wp:term":[{"taxonomy":"product_brand","embeddable":true,"href":"https:\/\/ajaesthetics.org\/ru\/wp-json\/wp\/v2\/product_brand?post=49500"},{"taxonomy":"product_cat","embeddable":true,"href":"https:\/\/ajaesthetics.org\/ru\/wp-json\/wp\/v2\/product_cat?post=49500"},{"taxonomy":"product_tag","embeddable":true,"href":"https:\/\/ajaesthetics.org\/ru\/wp-json\/wp\/v2\/product_tag?post=49500"}],"curies":[{"name":"wp","href":"https:\/\/api.w.org\/{rel}","templated":true}]}}