{"id":49502,"date":"2026-04-19T15:21:55","date_gmt":"2026-04-19T15:21:55","guid":{"rendered":"https:\/\/ajaesthetics.org\/product\/thesera-rootension-hair-revival-set-komplekts-matu-kopsanai\/"},"modified":"2026-04-19T15:21:55","modified_gmt":"2026-04-19T15:21:55","slug":"thesera-rootension-hair-revival-set-komplekts-matu-kopsanai","status":"publish","type":"product","link":"https:\/\/ajaesthetics.org\/ru\/product\/thesera-rootension-hair-revival-set-komplekts-matu-kopsanai\/","title":{"rendered":"THESERA Rootension Hair Revival Set | Komplekts matu kop\u0161anai"},"content":{"rendered":"<p>Komplekts, kas paredz\u0113ts matu stiprin\u0101\u0161anai un izkri\u0161anas samazin\u0101\u0161anai.<\/p>\n<p>Komplekt\u0101 ietilpst:\u00a0<\/p>\n<p><strong>Rootension Black EX matu maska, 250 ml<\/strong><\/p>\n<p>Rootension Black EX matu maska ir paredz\u0113ta matu sak\u0146u stiprin\u0101\u0161anai, galvas \u0101das baro\u0161anai un aizsardz\u012bbai.<\/p>\n<p>Priek\u0161roc\u012bbas:<\/p>\n<ul>\n<li>Pal\u012bdz uzlabot matu elast\u012bbu.\n<\/li>\n<li>Aizpilda matus ar prote\u012bniem un kolag\u0113nu.<\/li>\n<\/ul>\n<p>Matu maska ir paredz\u0113ta:<\/p>\n<ul>\n<li>Cilv\u0113kiem, kas zaud\u0113 daudz matu mazg\u0101jot ar \u0161amp\u016bnu vai \u0137emm\u0113jot.<\/li>\n<li>Izkri\u0161anas skartiem matiem.<\/li>\n<li>Matiem, kas ir tend\u0113ti l\u016bzt.<\/li>\n<\/ul>\n<p><strong>Rootension Black EX izsmidzin\u0101ms serums, 150 ml<\/strong><\/p>\n<p>Izsmidzin\u0101ms serums, kas paredz\u0113ts matu sak\u0146u stiprin\u0101\u0161anai un izkri\u0161anas samazin\u0101\u0161anai.<\/p>\n<p>Akt\u012bv\u0101s sast\u0101vda\u013cas:<\/p>\n<ul>\n<li>Black EX kolag\u0113ns<\/li>\n<li>Patent\u0113tas korejie\u0161u sast\u0101vda\u013cas, kas nov\u0113r\u0161 matu izkri\u0161anu un veicina matu aug\u0161anu.<\/li>\n<li>Mentols, salicilsk\u0101be un dekspantenols.<\/li>\n<\/ul>","protected":false},"excerpt":{"rendered":"<p>Komplekts, kas paredz\u0113ts matu stiprin\u0101\u0161anai un izkri\u0161anas samazin\u0101\u0161anai. Komplekt\u0101 ietilpst:\u00a0 Rootension Black EX matu maska, 250 ml Rootension Black EX matu maska ir paredz\u0113ta matu sak\u0146u stiprin\u0101\u0161anai, galvas \u0101das baro\u0161anai un aizsardz\u012bbai. Priek\u0161roc\u012bbas: Pal\u012bdz uzlabot matu elast\u012bbu. Aizpilda matus ar prote\u012bniem un kolag\u0113nu. Matu maska ir paredz\u0113ta: Cilv\u0113kiem, kas zaud\u0113 daudz matu mazg\u0101jot ar \u0161amp\u016bnu [&hellip;]<\/p>\n","protected":false},"featured_media":49503,"comment_status":"closed","ping_status":"open","template":"","meta":[],"product_brand":[186],"product_cat":[16],"product_tag":[226],"class_list":{"0":"post-49502","1":"product","2":"type-product","3":"status-publish","4":"has-post-thumbnail","6":"product_brand-thesera","7":"product_cat-bez-kategorijas","8":"product_tag-davana-davanas-lieliska-davana-matu-kopsana-matu-maska-thesera","11":"first","12":"instock","13":"purchasable","14":"product-type-simple"},"_links":{"self":[{"href":"https:\/\/ajaesthetics.org\/ru\/wp-json\/wp\/v2\/product\/49502","targetHints":{"allow":["GET"]}}],"collection":[{"href":"https:\/\/ajaesthetics.org\/ru\/wp-json\/wp\/v2\/product"}],"about":[{"href":"https:\/\/ajaesthetics.org\/ru\/wp-json\/wp\/v2\/types\/product"}],"replies":[{"embeddable":true,"href":"https:\/\/ajaesthetics.org\/ru\/wp-json\/wp\/v2\/comments?post=49502"}],"wp:featuredmedia":[{"embeddable":true,"href":"https:\/\/ajaesthetics.org\/ru\/wp-json\/wp\/v2\/media\/49503"}],"wp:attachment":[{"href":"https:\/\/ajaesthetics.org\/ru\/wp-json\/wp\/v2\/media?parent=49502"}],"wp:term":[{"taxonomy":"product_brand","embeddable":true,"href":"https:\/\/ajaesthetics.org\/ru\/wp-json\/wp\/v2\/product_brand?post=49502"},{"taxonomy":"product_cat","embeddable":true,"href":"https:\/\/ajaesthetics.org\/ru\/wp-json\/wp\/v2\/product_cat?post=49502"},{"taxonomy":"product_tag","embeddable":true,"href":"https:\/\/ajaesthetics.org\/ru\/wp-json\/wp\/v2\/product_tag?post=49502"}],"curies":[{"name":"wp","href":"https:\/\/api.w.org\/{rel}","templated":true}]}}