{"id":49504,"date":"2026-04-19T15:21:57","date_gmt":"2026-04-19T15:21:57","guid":{"rendered":"https:\/\/ajaesthetics.org\/product\/thesera-l-fting-toner-100ml-toniks\/"},"modified":"2026-04-19T15:21:57","modified_gmt":"2026-04-19T15:21:57","slug":"thesera-l-fting-toner-100ml-toniks","status":"publish","type":"product","link":"https:\/\/ajaesthetics.org\/ru\/product\/thesera-l-fting-toner-100ml-toniks\/","title":{"rendered":"THESERA L-FTING Toner 100ml | Toniks"},"content":{"rendered":"<p>Efekti: mitrina, nomierina un uzlabo\u00a0\u0101das tekst\u016bru.<\/p>\n<p>Galven\u0101s sast\u0101vda\u013cas: hitoz\u0101ns, Spider\u00a0web ekstrakts, karnos\u012bns, resveratrols,\u00a0Silybum Marianum s\u0113klu ekstrakts.<\/p>\n<p>Lieto\u0161ana: Uzkl\u0101jiet piem\u0113rotu\u00a0daudzumu uz vates diska un uzkl\u0101jiet uz \u0101das.<\/p>","protected":false},"excerpt":{"rendered":"<p>Efekti: mitrina, nomierina un uzlabo\u00a0\u0101das tekst\u016bru. Galven\u0101s sast\u0101vda\u013cas: hitoz\u0101ns, Spider\u00a0web ekstrakts, karnos\u012bns, resveratrols,\u00a0Silybum Marianum s\u0113klu ekstrakts. Lieto\u0161ana: Uzkl\u0101jiet piem\u0113rotu\u00a0daudzumu uz vates diska un uzkl\u0101jiet uz \u0101das.<\/p>","protected":false},"featured_media":49505,"comment_status":"closed","ping_status":"open","template":"","meta":[],"product_brand":[186],"product_cat":[16],"product_tag":[189],"class_list":{"0":"post-49504","1":"product","2":"type-product","3":"status-publish","4":"has-post-thumbnail","6":"product_brand-thesera","7":"product_cat-bez-kategorijas","8":"product_tag-sejas-kopsana-sejas-toniks-thesera","11":"first","12":"instock","13":"purchasable","14":"product-type-simple"},"_links":{"self":[{"href":"https:\/\/ajaesthetics.org\/ru\/wp-json\/wp\/v2\/product\/49504","targetHints":{"allow":["GET"]}}],"collection":[{"href":"https:\/\/ajaesthetics.org\/ru\/wp-json\/wp\/v2\/product"}],"about":[{"href":"https:\/\/ajaesthetics.org\/ru\/wp-json\/wp\/v2\/types\/product"}],"replies":[{"embeddable":true,"href":"https:\/\/ajaesthetics.org\/ru\/wp-json\/wp\/v2\/comments?post=49504"}],"wp:featuredmedia":[{"embeddable":true,"href":"https:\/\/ajaesthetics.org\/ru\/wp-json\/wp\/v2\/media\/49505"}],"wp:attachment":[{"href":"https:\/\/ajaesthetics.org\/ru\/wp-json\/wp\/v2\/media?parent=49504"}],"wp:term":[{"taxonomy":"product_brand","embeddable":true,"href":"https:\/\/ajaesthetics.org\/ru\/wp-json\/wp\/v2\/product_brand?post=49504"},{"taxonomy":"product_cat","embeddable":true,"href":"https:\/\/ajaesthetics.org\/ru\/wp-json\/wp\/v2\/product_cat?post=49504"},{"taxonomy":"product_tag","embeddable":true,"href":"https:\/\/ajaesthetics.org\/ru\/wp-json\/wp\/v2\/product_tag?post=49504"}],"curies":[{"name":"wp","href":"https:\/\/api.w.org\/{rel}","templated":true}]}}