{"id":49506,"date":"2026-04-19T15:21:59","date_gmt":"2026-04-19T15:21:59","guid":{"rendered":"https:\/\/ajaesthetics.org\/product\/thesera-l-fting-essence-30ml-esence\/"},"modified":"2026-04-19T15:21:59","modified_gmt":"2026-04-19T15:21:59","slug":"thesera-l-fting-essence-30ml-esence","status":"publish","type":"product","link":"https:\/\/ajaesthetics.org\/ru\/product\/thesera-l-fting-essence-30ml-esence\/","title":{"rendered":"THESERA L-FTING Essence 30ml | Esence"},"content":{"rendered":"<p>Efekti: palielina \u0101das elast\u012bbu un uzlabo\u00a0bl\u0101vu \u0101das toni.<\/p>\n<p>Galven\u0101s sast\u0101vda\u013cas: hitoz\u0101ns,\u00a0Spider web ekstrakts, karnos\u012bns,\u00a0resveratrols, Silybum Marianum s\u0113klu\u00a0ekstrakts, Abeliophyllum Distichum\u00a0ekstrakts.<\/p>\n<p>Lieto\u0161ana: uzkl\u0101jiet piem\u0113rotu\u00a0daudzumu uz sejas un veiciet palp\u0113jo\u0161u\u00a0mas\u0101\u017eu, lai esence efekt\u012bvi uzs\u016bktos un\u00a0veicin\u0101tu asinsriti.<\/p>","protected":false},"excerpt":{"rendered":"<p>Efekti: palielina \u0101das elast\u012bbu un uzlabo\u00a0bl\u0101vu \u0101das toni. Galven\u0101s sast\u0101vda\u013cas: hitoz\u0101ns,\u00a0Spider web ekstrakts, karnos\u012bns,\u00a0resveratrols, Silybum Marianum s\u0113klu\u00a0ekstrakts, Abeliophyllum Distichum\u00a0ekstrakts. Lieto\u0161ana: uzkl\u0101jiet piem\u0113rotu\u00a0daudzumu uz sejas un veiciet palp\u0113jo\u0161u\u00a0mas\u0101\u017eu, lai esence efekt\u012bvi uzs\u016bktos un\u00a0veicin\u0101tu asinsriti.<\/p>","protected":false},"featured_media":49507,"comment_status":"closed","ping_status":"open","template":"","meta":[],"product_brand":[186],"product_cat":[16],"product_tag":[228],"class_list":{"0":"post-49506","1":"product","2":"type-product","3":"status-publish","4":"has-post-thumbnail","6":"product_brand-thesera","7":"product_cat-bez-kategorijas","8":"product_tag-sejas-kopsana-thesera","11":"first","12":"instock","13":"purchasable","14":"product-type-simple"},"_links":{"self":[{"href":"https:\/\/ajaesthetics.org\/ru\/wp-json\/wp\/v2\/product\/49506","targetHints":{"allow":["GET"]}}],"collection":[{"href":"https:\/\/ajaesthetics.org\/ru\/wp-json\/wp\/v2\/product"}],"about":[{"href":"https:\/\/ajaesthetics.org\/ru\/wp-json\/wp\/v2\/types\/product"}],"replies":[{"embeddable":true,"href":"https:\/\/ajaesthetics.org\/ru\/wp-json\/wp\/v2\/comments?post=49506"}],"wp:featuredmedia":[{"embeddable":true,"href":"https:\/\/ajaesthetics.org\/ru\/wp-json\/wp\/v2\/media\/49507"}],"wp:attachment":[{"href":"https:\/\/ajaesthetics.org\/ru\/wp-json\/wp\/v2\/media?parent=49506"}],"wp:term":[{"taxonomy":"product_brand","embeddable":true,"href":"https:\/\/ajaesthetics.org\/ru\/wp-json\/wp\/v2\/product_brand?post=49506"},{"taxonomy":"product_cat","embeddable":true,"href":"https:\/\/ajaesthetics.org\/ru\/wp-json\/wp\/v2\/product_cat?post=49506"},{"taxonomy":"product_tag","embeddable":true,"href":"https:\/\/ajaesthetics.org\/ru\/wp-json\/wp\/v2\/product_tag?post=49506"}],"curies":[{"name":"wp","href":"https:\/\/api.w.org\/{rel}","templated":true}]}}