{"id":49508,"date":"2026-04-19T15:22:01","date_gmt":"2026-04-19T15:22:01","guid":{"rendered":"https:\/\/ajaesthetics.org\/product\/thesera-l-fting-cream-krems\/"},"modified":"2026-04-19T15:22:01","modified_gmt":"2026-04-19T15:22:01","slug":"thesera-l-fting-cream-krems","status":"publish","type":"product","link":"https:\/\/ajaesthetics.org\/ru\/product\/thesera-l-fting-cream-krems\/","title":{"rendered":"THESERA L-FTING Cream | Kr\u0113ms"},"content":{"rendered":"<p>Efekti: veicina kolag\u0113na sint\u0113zi un\u00a0toniz\u0113 sejas \u0101du.<br \/>Galven\u0101s sast\u0101vda\u013cas: hitoz\u0101ns,\u00a0Spider web ekstrakts, karnos\u012bns,\u00a0resveratrols, Silybum Marianum s\u0113klu\u00a0ekstrakts, Abeliophyllum Distichum\u00a0ekstrakts<\/p>\n<p>Lieto\u0161ana: uzkl\u0101jiet piem\u0113rotu\u00a0daudzumu uz sejas un maigi\u00a0iemas\u0113jiet.<\/p>","protected":false},"excerpt":{"rendered":"<p>Efekti: veicina kolag\u0113na sint\u0113zi un\u00a0toniz\u0113 sejas \u0101du.Galven\u0101s sast\u0101vda\u013cas: hitoz\u0101ns,\u00a0Spider web ekstrakts, karnos\u012bns,\u00a0resveratrols, Silybum Marianum s\u0113klu\u00a0ekstrakts, Abeliophyllum Distichum\u00a0ekstrakts Lieto\u0161ana: uzkl\u0101jiet piem\u0113rotu\u00a0daudzumu uz sejas un maigi\u00a0iemas\u0113jiet.<\/p>","protected":false},"featured_media":49509,"comment_status":"closed","ping_status":"open","template":"","meta":[],"product_brand":[186],"product_cat":[16],"product_tag":[229],"class_list":{"0":"post-49508","1":"product","2":"type-product","3":"status-publish","4":"has-post-thumbnail","6":"product_brand-thesera","7":"product_cat-bez-kategorijas","8":"product_tag-sejas-krems-thesera","11":"first","12":"instock","13":"purchasable","14":"product-type-simple"},"_links":{"self":[{"href":"https:\/\/ajaesthetics.org\/ru\/wp-json\/wp\/v2\/product\/49508","targetHints":{"allow":["GET"]}}],"collection":[{"href":"https:\/\/ajaesthetics.org\/ru\/wp-json\/wp\/v2\/product"}],"about":[{"href":"https:\/\/ajaesthetics.org\/ru\/wp-json\/wp\/v2\/types\/product"}],"replies":[{"embeddable":true,"href":"https:\/\/ajaesthetics.org\/ru\/wp-json\/wp\/v2\/comments?post=49508"}],"wp:featuredmedia":[{"embeddable":true,"href":"https:\/\/ajaesthetics.org\/ru\/wp-json\/wp\/v2\/media\/49509"}],"wp:attachment":[{"href":"https:\/\/ajaesthetics.org\/ru\/wp-json\/wp\/v2\/media?parent=49508"}],"wp:term":[{"taxonomy":"product_brand","embeddable":true,"href":"https:\/\/ajaesthetics.org\/ru\/wp-json\/wp\/v2\/product_brand?post=49508"},{"taxonomy":"product_cat","embeddable":true,"href":"https:\/\/ajaesthetics.org\/ru\/wp-json\/wp\/v2\/product_cat?post=49508"},{"taxonomy":"product_tag","embeddable":true,"href":"https:\/\/ajaesthetics.org\/ru\/wp-json\/wp\/v2\/product_tag?post=49508"}],"curies":[{"name":"wp","href":"https:\/\/api.w.org\/{rel}","templated":true}]}}