{"id":49510,"date":"2026-04-19T15:22:04","date_gmt":"2026-04-19T15:22:04","guid":{"rendered":"https:\/\/ajaesthetics.org\/product\/thesera-hydrating-repair-blemish-balm-atjaunojoss-balzams\/"},"modified":"2026-04-19T15:22:04","modified_gmt":"2026-04-19T15:22:04","slug":"thesera-hydrating-repair-blemish-balm-atjaunojoss-balzams","status":"publish","type":"product","link":"https:\/\/ajaesthetics.org\/ru\/product\/thesera-hydrating-repair-blemish-balm-atjaunojoss-balzams\/","title":{"rendered":"THESERA HYDRATING REPAIR BLEMISH BALM | ATJAUNOJO\u0160S BALZAMS"},"content":{"rendered":"<p>Kr\u0113ms, kas paredz\u0113ts, lai atjaunotu, aizsarg\u0101tu un regener\u0113tu kairin\u0101tu vai boj\u0101tu \u0101du. Neaizsprosto poras.<\/p>\n<p>Priek\u0161roc\u012bbas:<\/p>\n<ul>\n<li>Piem\u0113rots lieto\u0161anai p\u0113c l\u0101zerproced\u016br\u0101m un cit\u0101m proced\u016br\u0101m.<\/li>\n<li>Paredz\u0113ts \u0101tras re\u0123ener\u0101cijas efekta nodro\u0161in\u0101\u0161anai boj\u0101tai \u0101dai un veicina br\u016b\u010du dzied\u0113\u0161anu.<\/li>\n<li>Kr\u0113ms ir ar kr\u0101su, t\u0101p\u0113c nodro\u0161ina \u0101dai maigu un \u013coti dabisku mask\u0113\u0161anu.<\/li>\n<\/ul>\n<p>Akt\u012bv\u0101s sast\u0101vda\u013cas:<\/p>\n<p>Menadions (K vitam\u012bns): pal\u012bdz stiprin\u0101t kapil\u0101ru sieni\u0146as, t\u0101d\u0113j\u0101di veicinot atvese\u013co\u0161anos no \u0101r\u0113jiem kairin\u0101t\u0101jiem boj\u0101taj\u0101m asinsvadiem.<br \/>Pantenols (B5 vitam\u012bns): pal\u012bdz veidot jaunas \u0161\u016bnas un veicina \u0101das atjauno\u0161anos.<br \/>Tokoferols: veicina \u0101das \u0161\u016bnu atjauno\u0161anos.<br \/>Stear\u012bnsk\u0101be: aizsarg\u0101 \u0101das virsmu un stiprina \u0101das barjeru.<\/p>","protected":false},"excerpt":{"rendered":"<p>Kr\u0113ms, kas paredz\u0113ts, lai atjaunotu, aizsarg\u0101tu un regener\u0113tu kairin\u0101tu vai boj\u0101tu \u0101du. Neaizsprosto poras. Priek\u0161roc\u012bbas: Piem\u0113rots lieto\u0161anai p\u0113c l\u0101zerproced\u016br\u0101m un cit\u0101m proced\u016br\u0101m. Paredz\u0113ts \u0101tras re\u0123ener\u0101cijas efekta nodro\u0161in\u0101\u0161anai boj\u0101tai \u0101dai un veicina br\u016b\u010du dzied\u0113\u0161anu. Kr\u0113ms ir ar kr\u0101su, t\u0101p\u0113c nodro\u0161ina \u0101dai maigu un \u013coti dabisku mask\u0113\u0161anu. Akt\u012bv\u0101s sast\u0101vda\u013cas: Menadions (K vitam\u012bns): pal\u012bdz stiprin\u0101t kapil\u0101ru sieni\u0146as, t\u0101d\u0113j\u0101di [&hellip;]<\/p>\n","protected":false},"featured_media":49511,"comment_status":"closed","ping_status":"open","template":"","meta":[],"product_brand":[186],"product_cat":[16],"product_tag":[230],"class_list":{"0":"post-49510","1":"product","2":"type-product","3":"status-publish","4":"has-post-thumbnail","6":"product_brand-thesera","7":"product_cat-bez-kategorijas","8":"product_tag-sejas-kopsana-spf-spf-aizsardziba-thesera","11":"first","12":"instock","13":"purchasable","14":"product-type-simple"},"_links":{"self":[{"href":"https:\/\/ajaesthetics.org\/ru\/wp-json\/wp\/v2\/product\/49510","targetHints":{"allow":["GET"]}}],"collection":[{"href":"https:\/\/ajaesthetics.org\/ru\/wp-json\/wp\/v2\/product"}],"about":[{"href":"https:\/\/ajaesthetics.org\/ru\/wp-json\/wp\/v2\/types\/product"}],"replies":[{"embeddable":true,"href":"https:\/\/ajaesthetics.org\/ru\/wp-json\/wp\/v2\/comments?post=49510"}],"wp:featuredmedia":[{"embeddable":true,"href":"https:\/\/ajaesthetics.org\/ru\/wp-json\/wp\/v2\/media\/49511"}],"wp:attachment":[{"href":"https:\/\/ajaesthetics.org\/ru\/wp-json\/wp\/v2\/media?parent=49510"}],"wp:term":[{"taxonomy":"product_brand","embeddable":true,"href":"https:\/\/ajaesthetics.org\/ru\/wp-json\/wp\/v2\/product_brand?post=49510"},{"taxonomy":"product_cat","embeddable":true,"href":"https:\/\/ajaesthetics.org\/ru\/wp-json\/wp\/v2\/product_cat?post=49510"},{"taxonomy":"product_tag","embeddable":true,"href":"https:\/\/ajaesthetics.org\/ru\/wp-json\/wp\/v2\/product_tag?post=49510"}],"curies":[{"name":"wp","href":"https:\/\/api.w.org\/{rel}","templated":true}]}}