{"id":49512,"date":"2026-04-19T15:22:06","date_gmt":"2026-04-19T15:22:06","guid":{"rendered":"https:\/\/ajaesthetics.org\/product\/thesera-moisture-starter-kit-thesera-komplekts\/"},"modified":"2026-04-19T15:22:06","modified_gmt":"2026-04-19T15:22:06","slug":"thesera-moisture-starter-kit-thesera-komplekts","status":"publish","type":"product","link":"https:\/\/ajaesthetics.org\/ru\/product\/thesera-moisture-starter-kit-thesera-komplekts\/","title":{"rendered":"THESERA MOISTURE STARTER KIT | THESERA KOMPLEKTS"},"content":{"rendered":"<p>Thera Hydroglow Cell produktu komplekts, kas atjauno un saglab\u0101 \u0101das mitrumu.<\/p>\n<p>Komplekt\u0101 ietilpst:<\/p>\n<ul>\n<li>Thesera Hydroglow ampula, 50 ml<\/li>\n<\/ul>\n<p data-mce-fragment=\"1\"><span class=\"jCAhz ChMk0b\" jscontroller=\"Gn4SMb\" jsname=\"txFAF\" jsaction=\"agoMJf:PFBcW;MZfLnc:P7O7bd;nt4Alf:pvnm0e,pfE8Hb,PFBcW;B01qod:dJXsye;H1e5u:iXtTIf;lYIUJf:hij5Wb;bmeZHc:iURhpf;Oxj3Xe:qAKMYb,yaf12d\"><span class=\"ryNqvb\" jsname=\"W297wb\" jsaction=\"click:E6Tfl,GFf3ac,tMZCfe; contextmenu:Nqw7Te,QP7LD; mouseout:Nqw7Te; mouseover:E6Tfl,c2aHje\">Ampula ar 0.9 fiziolo\u0123isku s\u0101ls koncentr\u0101ciju.<\/span><\/span><span>\u00a0U<\/span><span class=\"jCAhz ChMk0b\" jscontroller=\"Gn4SMb\" jsname=\"txFAF\" jsaction=\"agoMJf:PFBcW;MZfLnc:P7O7bd;nt4Alf:pvnm0e,pfE8Hb,PFBcW;B01qod:dJXsye;H1e5u:iXtTIf;lYIUJf:hij5Wb;bmeZHc:iURhpf;Oxj3Xe:qAKMYb,yaf12d\"><span class=\"ryNqvb\" jsname=\"W297wb\" jsaction=\"click:E6Tfl,GFf3ac,tMZCfe; contextmenu:Nqw7Te,QP7LD; mouseout:Nqw7Te; mouseover:E6Tfl,c2aHje\">zlabots serums, kas \u0101tri mitrina un\u00a0palielina mitruma aizturi \u0101d\u0101.\u00a0Serums\u00a0<span data-mce-fragment=\"1\">veido \u016bdens ce\u013cus \u0101d\u0101 un aktiviz\u0113 \u0161\u016bnas.\u00a0<\/span><\/span><\/span><\/p>\n<p data-mce-fragment=\"1\">Akt\u012bv\u0101s sast\u0101vda\u013cas:\u00a0j\u016bras \u016bdens, fuller\u0113ns, poliglutam\u012bnsk\u0101be, keram\u012bds NP, n\u0101trija hlor\u012bds.<\/p>\n<p data-mce-fragment=\"1\">Lieto\u0161ana:\u00a0a<span data-mce-fragment=\"1\">izveriet acis un izsmidziniet serumu pa visu seju, izsmidziniet atk\u0101rtoti, ja v\u0113laties saglab\u0101t \u0101das mitrumu dienas laik\u0101 vai lietojiet p\u0113c sejas mazg\u0101\u0161anas k\u0101 serumu pirms kr\u0113ma lieto\u0161anas.<\/span><\/p>\n<ul>\n<li data-mce-fragment=\"1\"><span data-mce-fragment=\"1\">Thesera Hydroglow kr\u0113ms, 30 ml<\/span><\/li>\n<\/ul>\n<p data-mce-fragment=\"1\"><span class=\"jCAhz ChMk0b\" jsaction=\"agoMJf:PFBcW;MZfLnc:P7O7bd;nt4Alf:pvnm0e,pfE8Hb,PFBcW;B01qod:dJXsye;H1e5u:iXtTIf;lYIUJf:hij5Wb;bmeZHc:iURhpf;Oxj3Xe:qAKMYb,yaf12d\" jsname=\"txFAF\" jscontroller=\"Gn4SMb\"><span class=\"ryNqvb\" jsaction=\"click:E6Tfl,GFf3ac,tMZCfe; contextmenu:Nqw7Te,QP7LD; mouseout:Nqw7Te; mouseover:E6Tfl,c2aHje\" jsname=\"W297wb\">Mitrino\u0161s kr\u0113ms ar 0.9 fiziolo\u0123isko s\u0101\u013cuma l\u012bmeni.<\/span><\/span>\u00a0<span class=\"jCAhz ChMk0b\" jsaction=\"agoMJf:PFBcW;MZfLnc:P7O7bd;nt4Alf:pvnm0e,pfE8Hb,PFBcW;B01qod:dJXsye;H1e5u:iXtTIf;lYIUJf:hij5Wb;bmeZHc:iURhpf;Oxj3Xe:qAKMYb,yaf12d\" jsname=\"txFAF\" jscontroller=\"Gn4SMb\"><span class=\"ryNqvb\" jsaction=\"click:E6Tfl,GFf3ac,tMZCfe; contextmenu:Nqw7Te,QP7LD; mouseout:Nqw7Te; mouseover:E6Tfl,c2aHje\" jsname=\"W297wb\">Mitrino\u0161ais kr\u0113ms rada optim\u0101lu vidi, kas nodro\u0161ina intens\u012bvu \u0101r\u0113jo un iek\u0161\u0113jo \u0101das mitrin\u0101\u0161anu.<\/span><\/span>\u00a0<span class=\"jCAhz ChMk0b\" jsaction=\"agoMJf:PFBcW;MZfLnc:P7O7bd;nt4Alf:pvnm0e,pfE8Hb,PFBcW;B01qod:dJXsye;H1e5u:iXtTIf;lYIUJf:hij5Wb;bmeZHc:iURhpf;Oxj3Xe:qAKMYb,yaf12d\" jsname=\"txFAF\" jscontroller=\"Gn4SMb\"><span class=\"ryNqvb\" jsaction=\"click:E6Tfl,GFf3ac,tMZCfe; contextmenu:Nqw7Te,QP7LD; mouseout:Nqw7Te; mouseover:E6Tfl,c2aHje\" jsname=\"W297wb\">\u0160is produkts aizpilda \u0101das \u016bdens kan\u0101lus un blo\u0137\u0113 mitrumu, lai akt\u012bv\u0101s sast\u0101vda\u013cas saglab\u0101tos \u0101d\u0101 ilg\u0101k.<\/span><\/span><\/p>\n<p data-mce-fragment=\"1\">Akt\u012bv\u0101s sast\u0101vda\u013cas:<span data-mce-fragment=\"1\">\u00a0poliglutam\u012bnsk\u0101be, beta-glik\u0101ns, fuller\u0113ns, j\u016bras \u016bdens, jojobas (Simmondsia chinensis) s\u0113klu e\u013c\u013ca.<\/span><\/p>\n<p data-mce-fragment=\"1\">Lieto\u0161ana:<span data-mce-fragment=\"1\">\u00a0uzkl\u0101jiet uz \u0101das un \u013caujiet kr\u0113mam ies\u016bkties.<\/span><\/p>\n<p data-mce-fragment=\"1\">Ra\u017eot\u0101jvalsts:<span data-mce-fragment=\"1\">\u00a0Koreja, THESERA<\/span><\/p>\n<p data-mce-fragment=\"1\">Ieg\u0101d\u0101ties veikal\u0101 var:<span data-mce-fragment=\"1\">\u00a0<\/span>SIA &#8220;Medexy&#8221;- R\u012bg\u0101, Duntes iel\u0101 15A, 6.st\u0101v\u0101<\/p>\n<p data-mce-fragment=\"1\">Ra\u017eot\u0101jvalsts:<span data-mce-fragment=\"1\">\u00a0Koreja, THESERA.<\/span><\/p>","protected":false},"excerpt":{"rendered":"<p>Thera Hydroglow Cell produktu komplekts, kas atjauno un saglab\u0101 \u0101das mitrumu. Komplekt\u0101 ietilpst: Thesera Hydroglow ampula, 50 ml Ampula ar 0.9 fiziolo\u0123isku s\u0101ls koncentr\u0101ciju.\u00a0Uzlabots serums, kas \u0101tri mitrina un\u00a0palielina mitruma aizturi \u0101d\u0101.\u00a0Serums\u00a0veido \u016bdens ce\u013cus \u0101d\u0101 un aktiviz\u0113 \u0161\u016bnas.\u00a0 Akt\u012bv\u0101s sast\u0101vda\u013cas:\u00a0j\u016bras \u016bdens, fuller\u0113ns, poliglutam\u012bnsk\u0101be, keram\u012bds NP, n\u0101trija hlor\u012bds. Lieto\u0161ana:\u00a0aizveriet acis un izsmidziniet serumu pa visu seju, [&hellip;]<\/p>\n","protected":false},"featured_media":49513,"comment_status":"closed","ping_status":"open","template":"","meta":[],"product_brand":[186],"product_cat":[16],"product_tag":[233],"class_list":{"0":"post-49512","1":"product","2":"type-product","3":"status-publish","4":"has-post-thumbnail","6":"product_brand-thesera","7":"product_cat-bez-kategorijas","8":"product_tag-davana-davanas-lieliska-davana-sejas-kopsana-sejas-krems-sejas-toniks-thesera","11":"first","12":"instock","13":"purchasable","14":"product-type-simple"},"_links":{"self":[{"href":"https:\/\/ajaesthetics.org\/ru\/wp-json\/wp\/v2\/product\/49512","targetHints":{"allow":["GET"]}}],"collection":[{"href":"https:\/\/ajaesthetics.org\/ru\/wp-json\/wp\/v2\/product"}],"about":[{"href":"https:\/\/ajaesthetics.org\/ru\/wp-json\/wp\/v2\/types\/product"}],"replies":[{"embeddable":true,"href":"https:\/\/ajaesthetics.org\/ru\/wp-json\/wp\/v2\/comments?post=49512"}],"wp:featuredmedia":[{"embeddable":true,"href":"https:\/\/ajaesthetics.org\/ru\/wp-json\/wp\/v2\/media\/49513"}],"wp:attachment":[{"href":"https:\/\/ajaesthetics.org\/ru\/wp-json\/wp\/v2\/media?parent=49512"}],"wp:term":[{"taxonomy":"product_brand","embeddable":true,"href":"https:\/\/ajaesthetics.org\/ru\/wp-json\/wp\/v2\/product_brand?post=49512"},{"taxonomy":"product_cat","embeddable":true,"href":"https:\/\/ajaesthetics.org\/ru\/wp-json\/wp\/v2\/product_cat?post=49512"},{"taxonomy":"product_tag","embeddable":true,"href":"https:\/\/ajaesthetics.org\/ru\/wp-json\/wp\/v2\/product_tag?post=49512"}],"curies":[{"name":"wp","href":"https:\/\/api.w.org\/{rel}","templated":true}]}}