{"id":49514,"date":"2026-04-19T15:22:08","date_gmt":"2026-04-19T15:22:08","guid":{"rendered":"https:\/\/ajaesthetics.org\/product\/g-m-collin-bestsellers-collection-kit-2024-i-g-m-collin-komplekts\/"},"modified":"2026-04-19T15:22:08","modified_gmt":"2026-04-19T15:22:08","slug":"g-m-collin-bestsellers-collection-kit-2024-i-g-m-collin-komplekts","status":"publish","type":"product","link":"https:\/\/ajaesthetics.org\/ru\/product\/g-m-collin-bestsellers-collection-kit-2024-i-g-m-collin-komplekts\/","title":{"rendered":"G.M. COLLIN Bestsellers Collection Kit 2024 I G.M. Collin Komplekts"},"content":{"rendered":"<p class=\"MsoNormal\">Sv\u0113tku komplekts no G.M. Collin kas sast\u0101v no popul\u0101r\u0101kajiem produktiem \u2013 Collagen Supreme seruma un Marine Collagen sejas kr\u0113ma.<\/p>\n<p class=\"MsoNormal\">Komplekt\u0101 ietilpst:<\/p>\n<ul style=\"margin-top: 0in;\" type=\"disc\">\n<li class=\"MsoNormal\" style=\"mso-list: l1 level1 lfo1; tab-stops: list .5in;\">G.M. Collin Marine Collagen Revitalizing sejas kr\u0113ms, 50 ml<\/li>\n<\/ul>\n<p class=\"MsoNormal\">Vieglas tekst\u016bras kr\u0113ms ar j\u016bras izcelsmes kolag\u0113nu, pal\u012bdz samazin\u0101t pirm\u0101s noveco\u0161an\u0101s paz\u012bmes. Kr\u0113mam ir viegla kr\u0113mveida tekst\u016bra, kas satur 99% t\u012bru j\u016bras kolag\u0113nu, kas pal\u012bdz samazin\u0101t redzam\u0101s noveco\u0161an\u0101s paz\u012bmes. Var pal\u012bdz\u0113t samazin\u0101t grumbas un pie\u0161\u0137ir \u0101dai vitalit\u0101ti un jaunekl\u012bgu izskatu.<\/p>\n<p class=\"MsoNormal\">Piem\u0113rots visiem \u0101das tipiem.<\/p>\n<p class=\"MsoNormal\">Lieto\u0161ana- uzkl\u0101jiet uz t\u012bras, toniz\u0113tas \u0101das. Izvairieties no saskares ar ac\u012bm. Ieteicams lietot no r\u012bta\u00a0un vakar\u0101.<\/p>\n<p class=\"MsoNormal\">Sast\u0101vs &#8211; antioksidanti, E Vitam\u012bns (tokoferilacet\u0101ts, tokoferols), 99% t\u012brs j\u016bras kolag\u0113ns (augsta un zema molekulmasa), acetilheksapept\u012bds-8 (argirel\u012bns), Matrixyl\u2122 3000, kora\u013c\u013cu a\u013c\u0123es (Corallina Officinalis ekstrakts). Glicer\u012bns, skval\u0113ns, n\u0101trija hialuron\u0101ts.<\/p>\n<ul style=\"margin-top: 0in;\" type=\"disc\">\n<li class=\"MsoNormal\" style=\"mso-list: l2 level1 lfo2; tab-stops: list .5in;\">G.M. Collin Collagen Supreme serums, 30 ml<\/li>\n<\/ul>\n<p class=\"MsoNormal\">\u0160is revolucion\u0101rais serums nostiprina kolag\u0113na dz\u012bves ciklu, lai nodro\u0161in\u0101tu intens\u012bvu mitrin\u0101\u0161anu un redzami samazin\u0101tu grumbas, atjaunojot \u0101das elast\u012bbu, elast\u012bbu un iztur\u012bbu. Iev\u0113rojami un redzami samazina grumbas, jaun\u0101ka izskata \u0101dai.<br \/>Nodro\u0161ina intens\u012bvu, optim\u0101lu mitrin\u0101\u0161anu.<br \/>Redzami uzlabo \u0101das tvirtumu.<br \/>Atkl\u0101j \u0101rk\u0101rt\u012bgi starojo\u0161u, gai\u0161u sejas kr\u0101su.<\/p>\n<p class=\"MsoNormal\"><b>Lieto\u0161ana:\u00a0<\/b>Uzkl\u0101t no r\u012bta un\/vai vakar\u0101, p\u0113c t\u012br\u012b\u0161anas l\u012bdzek\u013ca un miglas. Iev\u0113rojiet atbilsto\u0161u \u0101das kop\u0161anas rut\u012bnu.<\/p>\n<p class=\"MsoNormal\">Sast\u0101vs &#8211; Augu kolag\u0113ns (augu izcelsmes alternat\u012bva dz\u012bvnieku kolag\u0113nam): Redzami uzlabo \u0101das elast\u012bbu, bl\u012bvumu un stingr\u012bba. Kolaksils\u2122 (heksapept\u012bds-9): samazina grumbu par\u0101d\u012b\u0161anos. Jap\u0101\u0146u citronu balzama ekstrakts: Samazina grumbu par\u0101d\u012b\u0161anos. Dz\u0113rve\u0146u (Vaccinium Macrocarpon) aug\u013cu ekstrakts: Uzlabo sejas mirdzumu. Progel\u012bns\u2122 (trifluoracetiltripept\u012bds-2): \u0101da tiek piepild\u012bta. Wakame ekstrakts (Undaria Pinnatifida): redzami uzlabo elast\u012bbu.<\/p>\n<ul>\n<li class=\"MsoNormal\">\n<!-- [if !supportLists]-->G.M. Collin kosm\u0113tikas somi\u0146a.<\/li>\n<\/ul>\n<p class=\"MsoNormal\">Ra\u017eot\u0101js:\u00a0Laboratoires Dermo-Cosmetik &#8211; G.M. COLLIN, Kan\u0101da<\/p>\n<p class=\"MsoNormal\">Izplat\u012bt\u0101js: SIA Medexy, Duntes iela 15A, 6.st\u0101vs, R\u012bga.<\/p>\n","protected":false},"excerpt":{"rendered":"<p>Sv\u0113tku komplekts no G.M. Collin kas sast\u0101v no popul\u0101r\u0101kajiem produktiem \u2013 Collagen Supreme seruma un Marine Collagen sejas kr\u0113ma. Komplekt\u0101 ietilpst: G.M. Collin Marine Collagen Revitalizing sejas kr\u0113ms, 50 ml Vieglas tekst\u016bras kr\u0113ms ar j\u016bras izcelsmes kolag\u0113nu, pal\u012bdz samazin\u0101t pirm\u0101s noveco\u0161an\u0101s paz\u012bmes. Kr\u0113mam ir viegla kr\u0113mveida tekst\u016bra, kas satur 99% t\u012bru j\u016bras kolag\u0113nu, kas pal\u012bdz [&hellip;]<\/p>\n","protected":false},"featured_media":49515,"comment_status":"closed","ping_status":"open","template":"","meta":[],"product_brand":[160],"product_cat":[16],"product_tag":[234],"class_list":{"0":"post-49514","1":"product","2":"type-product","3":"status-publish","4":"has-post-thumbnail","6":"product_brand-g-m-collin","7":"product_cat-bez-kategorijas","8":"product_tag-davana-davanas-g-m-collin-komplekts-lieliska-davana-sejas-krems-sejas-serumi-sejas-serums-serums","11":"first","12":"instock","13":"purchasable","14":"product-type-simple"},"_links":{"self":[{"href":"https:\/\/ajaesthetics.org\/ru\/wp-json\/wp\/v2\/product\/49514","targetHints":{"allow":["GET"]}}],"collection":[{"href":"https:\/\/ajaesthetics.org\/ru\/wp-json\/wp\/v2\/product"}],"about":[{"href":"https:\/\/ajaesthetics.org\/ru\/wp-json\/wp\/v2\/types\/product"}],"replies":[{"embeddable":true,"href":"https:\/\/ajaesthetics.org\/ru\/wp-json\/wp\/v2\/comments?post=49514"}],"wp:featuredmedia":[{"embeddable":true,"href":"https:\/\/ajaesthetics.org\/ru\/wp-json\/wp\/v2\/media\/49515"}],"wp:attachment":[{"href":"https:\/\/ajaesthetics.org\/ru\/wp-json\/wp\/v2\/media?parent=49514"}],"wp:term":[{"taxonomy":"product_brand","embeddable":true,"href":"https:\/\/ajaesthetics.org\/ru\/wp-json\/wp\/v2\/product_brand?post=49514"},{"taxonomy":"product_cat","embeddable":true,"href":"https:\/\/ajaesthetics.org\/ru\/wp-json\/wp\/v2\/product_cat?post=49514"},{"taxonomy":"product_tag","embeddable":true,"href":"https:\/\/ajaesthetics.org\/ru\/wp-json\/wp\/v2\/product_tag?post=49514"}],"curies":[{"name":"wp","href":"https:\/\/api.w.org\/{rel}","templated":true}]}}