{"id":49516,"date":"2026-04-19T15:22:10","date_gmt":"2026-04-19T15:22:10","guid":{"rendered":"https:\/\/ajaesthetics.org\/product\/thesera-rootension-black-ex-kit-matu-kopsanas-komplekts\/"},"modified":"2026-04-19T15:22:10","modified_gmt":"2026-04-19T15:22:10","slug":"thesera-rootension-black-ex-kit-matu-kopsanas-komplekts","status":"publish","type":"product","link":"https:\/\/ajaesthetics.org\/ru\/product\/thesera-rootension-black-ex-kit-matu-kopsanas-komplekts\/","title":{"rendered":"THESERA ROOTENSION BLACK EX KIT | MATU KOP\u0160ANAS KOMPLEKTS"},"content":{"rendered":"<p>Matu un galvas \u0101das kop\u0161anas komplekts:<\/p>\n<ul>\n<li>Rootension Black Ex \u0161amp\u016bns, 500 ml<\/li>\n<\/ul>\n<p><span class=\"WdYUQQ text-decoration-none text-strikethrough-none\" data-mce-fragment=\"1\">Hipoaler\u0123isks \u0161amp\u016bns ar pH 5,5. \u0160amp\u016bns pal\u012bdz uztur\u0113t galvas \u0101du t\u012bru, nov\u0113r\u0161ot nepat\u012bkamu arom\u0101tu un pastiprin\u0101tu sebuma izdali. Tas ir funkcion\u0101ls \u0161amp\u016bns, kas pateicoties sast\u0101v\u0101 eso\u0161ajam Blac EX kolag\u0113na,<\/span><span class=\"WdYUQQ text-decoration-none text-strikethrough-none white-space-prewrap\" data-mce-fragment=\"1\"> <\/span><span class=\"WdYUQQ text-decoration-none text-strikethrough-none\" data-mce-fragment=\"1\">stiprina matu saknes un matu elast\u012bbu.<\/span><\/p>\n<ul>\n<li>Rootension Black Ex matu maska, 250 ml<\/li>\n<\/ul>\n<p>Maska, kas intens\u012bvi baro matus.<\/p>\n<ul>\n<li>Rootension Black Ex serums, 150 ml<\/li>\n<\/ul>\n<p><span class=\"WdYUQQ text-decoration-none text-strikethrough-none\" data-mce-fragment=\"1\">Intens\u012bvas iedarb\u012bbas serums, kas baro nov\u0101jin\u0101tu galvas \u0101du un samazina matu izkri\u0161anu. Black EX kolag\u0113ns stiprina matu saknes un matu elast\u012bbu.<\/span><\/p>","protected":false},"excerpt":{"rendered":"<p>Matu un galvas \u0101das kop\u0161anas komplekts: Rootension Black Ex \u0161amp\u016bns, 500 ml Hipoaler\u0123isks \u0161amp\u016bns ar pH 5,5. \u0160amp\u016bns pal\u012bdz uztur\u0113t galvas \u0101du t\u012bru, nov\u0113r\u0161ot nepat\u012bkamu arom\u0101tu un pastiprin\u0101tu sebuma izdali. Tas ir funkcion\u0101ls \u0161amp\u016bns, kas pateicoties sast\u0101v\u0101 eso\u0161ajam Blac EX kolag\u0113na, stiprina matu saknes un matu elast\u012bbu. Rootension Black Ex matu maska, 250 ml Maska, [&hellip;]<\/p>\n","protected":false},"featured_media":49517,"comment_status":"closed","ping_status":"open","template":"","meta":[],"product_brand":[186],"product_cat":[16],"product_tag":[235],"class_list":{"0":"post-49516","1":"product","2":"type-product","3":"status-publish","4":"has-post-thumbnail","6":"product_brand-thesera","7":"product_cat-bez-kategorijas","8":"product_tag-davana-davanas-komplekts-lieliska-davana-matu-kopsana-matu-maska-thesera","11":"first","12":"instock","13":"purchasable","14":"product-type-simple"},"_links":{"self":[{"href":"https:\/\/ajaesthetics.org\/ru\/wp-json\/wp\/v2\/product\/49516","targetHints":{"allow":["GET"]}}],"collection":[{"href":"https:\/\/ajaesthetics.org\/ru\/wp-json\/wp\/v2\/product"}],"about":[{"href":"https:\/\/ajaesthetics.org\/ru\/wp-json\/wp\/v2\/types\/product"}],"replies":[{"embeddable":true,"href":"https:\/\/ajaesthetics.org\/ru\/wp-json\/wp\/v2\/comments?post=49516"}],"wp:featuredmedia":[{"embeddable":true,"href":"https:\/\/ajaesthetics.org\/ru\/wp-json\/wp\/v2\/media\/49517"}],"wp:attachment":[{"href":"https:\/\/ajaesthetics.org\/ru\/wp-json\/wp\/v2\/media?parent=49516"}],"wp:term":[{"taxonomy":"product_brand","embeddable":true,"href":"https:\/\/ajaesthetics.org\/ru\/wp-json\/wp\/v2\/product_brand?post=49516"},{"taxonomy":"product_cat","embeddable":true,"href":"https:\/\/ajaesthetics.org\/ru\/wp-json\/wp\/v2\/product_cat?post=49516"},{"taxonomy":"product_tag","embeddable":true,"href":"https:\/\/ajaesthetics.org\/ru\/wp-json\/wp\/v2\/product_tag?post=49516"}],"curies":[{"name":"wp","href":"https:\/\/api.w.org\/{rel}","templated":true}]}}