{"id":49518,"date":"2026-04-19T15:22:12","date_gmt":"2026-04-19T15:22:12","guid":{"rendered":"https:\/\/ajaesthetics.org\/product\/heliocare-360-d-plus-kapsulas-uztura-bagatinatajs-30-kapsulas\/"},"modified":"2026-04-19T15:22:12","modified_gmt":"2026-04-19T15:22:12","slug":"heliocare-360-d-plus-kapsulas-uztura-bagatinatajs-30-kapsulas","status":"publish","type":"product","link":"https:\/\/ajaesthetics.org\/ru\/product\/heliocare-360-d-plus-kapsulas-uztura-bagatinatajs-30-kapsulas\/","title":{"rendered":"HELIOCARE 360 D PLUS KAPSULAS, UZTURA BAG\u0100TIN\u0100T\u0100JS, 30 KAPSULAS"},"content":{"rendered":"<p class=\"MsoNormal\" style=\"text-align: justify;\"><span lang=\"LV\" style=\"font-size: 10.0pt;\">Or\u0101lai lieto\u0161anai. Nesatur laktozi un glut\u0113nu. Veg\u0101ns produkts.<\/span><\/p>\n<p class=\"MsoNormal\" style=\"text-align: justify;\"><span lang=\"LV\" style=\"font-size: 10.0pt;\">Neto masa: 18,2g<\/span><\/p>\n<p class=\"MsoNormal\"><span lang=\"LV\" style=\"font-size: 10.0pt;\">Satur Fernblock\u00ae+, papardes <i>Polypodium leucotomos <\/i>lapu ekstraktu, un citas dab\u012bgas sast\u0101vda\u013cas, tostarp antioksidantu E vitam\u012bnu, kas aizsarg\u0101 \u0161\u016bnas pret oksidat\u012bvo stresu. D vitam\u012bns veicina kalcija un fosfora norm\u0101lu uzs\u016bk\u0161anos\/izmanto\u0161anu, pal\u012bdz uztur\u0113t kaulu un zobu vesel\u012bbu, veicina norm\u0101lu im\u016bnsist\u0113mas darb\u012bbu. Niac\u012bns pal\u012bdz uztur\u0113t \u0101das un g\u013cot\u0101du vesel\u012bbu. Nesatur glut\u0113nu, laktozi. Uztura bag\u0101tin\u0101t\u0101js ar saldin\u0101t\u0101ju. <\/span><\/p>\n<p class=\"MsoNormal\" style=\"text-align: justify;\"><b><span lang=\"LV\" style=\"font-size: 10.0pt;\">Lieto\u0161ana:<\/span><\/b><span lang=\"LV\" style=\"font-size: 10.0pt;\"> Pieaugu\u0161ajiem 1 kapsula dien\u0101 or\u0101li. Nep\u0101rsniegt ieteicamo diennakts devu. Neizmantot uztura bag\u0101tin\u0101t\u0101ju pilnv\u0113rt\u012bga un sabalans\u0113ta uztura aizvieto\u0161anai. Heliocare 360\u00b0 uztura bag\u0101tin\u0101t\u0101jus var lietot katru dienu daudzus gadus. Fernblock\u00ae+ neuzkr\u0101jas organism\u0101, un testi ir par\u0101d\u012bju\u0161i, ka Fernblock\u00ae+ tiek izvad\u012bts 24 stundu laik\u0101 p\u0113c lieto\u0161anas.<\/span><\/p>\n<p class=\"MsoNormal\" style=\"text-align: justify;\"><b><span lang=\"LV\" style=\"font-size: 10.0pt;\">Br\u012bdin\u0101jumi:<\/span><\/b><span lang=\"LV\" style=\"font-size: 10.0pt;\"> Nav ieteicams lietot gr\u016btniec\u0113m un sieviet\u0113m z\u012bd\u012b\u0161anas laik\u0101. Glab\u0101t b\u0113rniem nepieejam\u0101 viet\u0101. Nav piem\u0113rots lieto\u0161anai b\u0113rniem. Uzglab\u0101t 15-25\u00baC temperat\u016br\u0101. Uzglab\u0101t saus\u0101, v\u0113s\u0101 viet\u0101. Neatst\u0101t tie\u0161os saules staros.<\/span><\/p>\n<p class=\"MsoNormal\" style=\"text-align: justify;\"><b><span lang=\"LV\" style=\"font-size: 10.0pt;\">Sast\u0101vs:<\/span><\/b><span lang=\"LV\"> <\/span><span lang=\"LV\" style=\"font-size: 10.0pt;\">Papardes (Polypodium leucotomos) lapu ekstrakts (Fernblock\u00ae+), Glaz\u0113t\u0101jviela (hidroksipropilmetil-celuloze (E464)), apjoma palielin\u0101t\u0101js (Izomalts (E953)), vitam\u012bns E (DL-Alfa Tokoferilacet\u0101ts), niac\u012bns (nikot\u012bnam\u012bds), vitam\u012bns D (holekalciferols), Pretsalipes viela (tauksk\u0101bju magnija s\u0101\u013ci (E470b)). <\/span><\/p>","protected":false},"excerpt":{"rendered":"<p>Or\u0101lai lieto\u0161anai. Nesatur laktozi un glut\u0113nu. Veg\u0101ns produkts. Neto masa: 18,2g Satur Fernblock\u00ae+, papardes Polypodium leucotomos lapu ekstraktu, un citas dab\u012bgas sast\u0101vda\u013cas, tostarp antioksidantu E vitam\u012bnu, kas aizsarg\u0101 \u0161\u016bnas pret oksidat\u012bvo stresu. D vitam\u012bns veicina kalcija un fosfora norm\u0101lu uzs\u016bk\u0161anos\/izmanto\u0161anu, pal\u012bdz uztur\u0113t kaulu un zobu vesel\u012bbu, veicina norm\u0101lu im\u016bnsist\u0113mas darb\u012bbu. Niac\u012bns pal\u012bdz uztur\u0113t \u0101das un [&hellip;]<\/p>\n","protected":false},"featured_media":49519,"comment_status":"closed","ping_status":"open","template":"","meta":[],"product_brand":[172],"product_cat":[16],"product_tag":[],"class_list":{"0":"post-49518","1":"product","2":"type-product","3":"status-publish","4":"has-post-thumbnail","6":"product_brand-heliocare","7":"product_cat-bez-kategorijas","10":"first","11":"instock","12":"purchasable","13":"product-type-simple"},"_links":{"self":[{"href":"https:\/\/ajaesthetics.org\/ru\/wp-json\/wp\/v2\/product\/49518","targetHints":{"allow":["GET"]}}],"collection":[{"href":"https:\/\/ajaesthetics.org\/ru\/wp-json\/wp\/v2\/product"}],"about":[{"href":"https:\/\/ajaesthetics.org\/ru\/wp-json\/wp\/v2\/types\/product"}],"replies":[{"embeddable":true,"href":"https:\/\/ajaesthetics.org\/ru\/wp-json\/wp\/v2\/comments?post=49518"}],"wp:featuredmedia":[{"embeddable":true,"href":"https:\/\/ajaesthetics.org\/ru\/wp-json\/wp\/v2\/media\/49519"}],"wp:attachment":[{"href":"https:\/\/ajaesthetics.org\/ru\/wp-json\/wp\/v2\/media?parent=49518"}],"wp:term":[{"taxonomy":"product_brand","embeddable":true,"href":"https:\/\/ajaesthetics.org\/ru\/wp-json\/wp\/v2\/product_brand?post=49518"},{"taxonomy":"product_cat","embeddable":true,"href":"https:\/\/ajaesthetics.org\/ru\/wp-json\/wp\/v2\/product_cat?post=49518"},{"taxonomy":"product_tag","embeddable":true,"href":"https:\/\/ajaesthetics.org\/ru\/wp-json\/wp\/v2\/product_tag?post=49518"}],"curies":[{"name":"wp","href":"https:\/\/api.w.org\/{rel}","templated":true}]}}