{"id":49520,"date":"2026-04-19T15:22:15","date_gmt":"2026-04-19T15:22:15","guid":{"rendered":"https:\/\/ajaesthetics.org\/product\/skin-resist-sensage-serum-i-mitrinoss-nomierinoss-serums-30ml\/"},"modified":"2026-04-19T15:22:15","modified_gmt":"2026-04-19T15:22:15","slug":"skin-resist-sensage-serum-i-mitrinoss-nomierinoss-serums-30ml","status":"publish","type":"product","link":"https:\/\/ajaesthetics.org\/ru\/product\/skin-resist-sensage-serum-i-mitrinoss-nomierinoss-serums-30ml\/","title":{"rendered":"SKIN RESIST SENSAGE SERUM I Mitrino\u0161s, nomierino\u0161s serums, 30ml"},"content":{"rendered":"<p>Mitrino\u0161s, nomierino\u0161s serums, paredz\u0113ts jut\u012bgai, kairin\u0101tai \u0101dai.\u00a0<\/p>\n<p>Stimul\u0113 epidermas lip\u012bdu sint\u0113zi, stiprinot \u0101das aizsargbarjeru. Divk\u0101r\u0161as iedarb\u012bbas serums reakt\u012bvai un novecojo\u0161ai \u0101dai, mazina kairin\u0101jumu un iedarbojas pret noveco\u0161anos.<\/p>\n<p><strong>Akt\u012bv\u0101s vielas:<\/strong><\/p>\n<ul>\n<li>Aquammunist\u00ae tehnolo\u0123ija<\/li>\n<li>Niacinam\u012bds<\/li>\n<li>Zv\u012b\u0146ain\u0101s anonas ekstrakts<\/li>\n<li>Retinolam l\u012bdz\u012bgs polipept\u012bds<\/li>\n<\/ul>","protected":false},"excerpt":{"rendered":"<p>Mitrino\u0161s, nomierino\u0161s serums, paredz\u0113ts jut\u012bgai, kairin\u0101tai \u0101dai.\u00a0 Stimul\u0113 epidermas lip\u012bdu sint\u0113zi, stiprinot \u0101das aizsargbarjeru. Divk\u0101r\u0161as iedarb\u012bbas serums reakt\u012bvai un novecojo\u0161ai \u0101dai, mazina kairin\u0101jumu un iedarbojas pret noveco\u0161anos. Akt\u012bv\u0101s vielas: Aquammunist\u00ae tehnolo\u0123ija Niacinam\u012bds Zv\u012b\u0146ain\u0101s anonas ekstrakts Retinolam l\u012bdz\u012bgs polipept\u012bds<\/p>","protected":false},"featured_media":49521,"comment_status":"closed","ping_status":"open","template":"","meta":[],"product_brand":[240],"product_cat":[16],"product_tag":[241],"class_list":{"0":"post-49520","1":"product","2":"type-product","3":"status-publish","4":"has-post-thumbnail","6":"product_brand-skin-resist","7":"product_cat-bez-kategorijas","8":"product_tag-cantabria-labs-davana-davanas-lieliska-davana-sejas-serums-skin-resist","11":"first","12":"instock","13":"purchasable","14":"product-type-simple"},"_links":{"self":[{"href":"https:\/\/ajaesthetics.org\/ru\/wp-json\/wp\/v2\/product\/49520","targetHints":{"allow":["GET"]}}],"collection":[{"href":"https:\/\/ajaesthetics.org\/ru\/wp-json\/wp\/v2\/product"}],"about":[{"href":"https:\/\/ajaesthetics.org\/ru\/wp-json\/wp\/v2\/types\/product"}],"replies":[{"embeddable":true,"href":"https:\/\/ajaesthetics.org\/ru\/wp-json\/wp\/v2\/comments?post=49520"}],"wp:featuredmedia":[{"embeddable":true,"href":"https:\/\/ajaesthetics.org\/ru\/wp-json\/wp\/v2\/media\/49521"}],"wp:attachment":[{"href":"https:\/\/ajaesthetics.org\/ru\/wp-json\/wp\/v2\/media?parent=49520"}],"wp:term":[{"taxonomy":"product_brand","embeddable":true,"href":"https:\/\/ajaesthetics.org\/ru\/wp-json\/wp\/v2\/product_brand?post=49520"},{"taxonomy":"product_cat","embeddable":true,"href":"https:\/\/ajaesthetics.org\/ru\/wp-json\/wp\/v2\/product_cat?post=49520"},{"taxonomy":"product_tag","embeddable":true,"href":"https:\/\/ajaesthetics.org\/ru\/wp-json\/wp\/v2\/product_tag?post=49520"}],"curies":[{"name":"wp","href":"https:\/\/api.w.org\/{rel}","templated":true}]}}