{"id":49522,"date":"2026-04-19T15:22:16","date_gmt":"2026-04-19T15:22:16","guid":{"rendered":"https:\/\/ajaesthetics.org\/product\/skin-resist-daily-fluid-i-mitrinoss-nomierinoss-gelkrems-50ml\/"},"modified":"2026-04-19T15:22:16","modified_gmt":"2026-04-19T15:22:16","slug":"skin-resist-daily-fluid-i-mitrinoss-nomierinoss-gelkrems-50ml","status":"publish","type":"product","link":"https:\/\/ajaesthetics.org\/ru\/product\/skin-resist-daily-fluid-i-mitrinoss-nomierinoss-gelkrems-50ml\/","title":{"rendered":"SKIN RESIST DAILY FLUID I Mitrino\u0161s, nomierino\u0161s gelkr\u0113ms, 50ml"},"content":{"rendered":"<p>Viegls flu\u012bds ikdienas lieto\u0161anai, paredz\u0113ts reakt\u012bvas \u0101das kop\u0161anai.<\/p>\n<p><strong>Priek\u0161roc\u012bbas:<\/strong><\/p>\n<ul>\n<li>Stimul\u0113 kolag\u0113na sint\u0113zi.<\/li>\n<li>Piem\u0113rots sarkanai, niezo\u0161ai, kairin\u0101tai \u0101dai.<\/li>\n<li>Piem\u0113rots jut\u012bgai \u0101dai, kav\u0113 iekaisuma att\u012bst\u012bbu.<\/li>\n<li>Nodro\u0161ina atv\u0113sino\u0161u efektu.\n<\/li>\n<\/ul>\n<p><strong>Akt\u012bv\u0101s sast\u0101vda\u013cas:<\/strong><\/p>\n<ul>\n<li>Aquammunist\u00ae tehnolo\u0123ija<\/li>\n<li>Niacinam\u012bds<\/li>\n<li>Zv\u012b\u0146ain\u0101s anonas ekstrakts<\/li>\n<\/ul>","protected":false},"excerpt":{"rendered":"<p>Viegls flu\u012bds ikdienas lieto\u0161anai, paredz\u0113ts reakt\u012bvas \u0101das kop\u0161anai. Priek\u0161roc\u012bbas: Stimul\u0113 kolag\u0113na sint\u0113zi. Piem\u0113rots sarkanai, niezo\u0161ai, kairin\u0101tai \u0101dai. Piem\u0113rots jut\u012bgai \u0101dai, kav\u0113 iekaisuma att\u012bst\u012bbu. Nodro\u0161ina atv\u0113sino\u0161u efektu. Akt\u012bv\u0101s sast\u0101vda\u013cas: Aquammunist\u00ae tehnolo\u0123ija Niacinam\u012bds Zv\u012b\u0146ain\u0101s anonas ekstrakts<\/p>","protected":false},"featured_media":49523,"comment_status":"closed","ping_status":"open","template":"","meta":[],"product_brand":[240],"product_cat":[16],"product_tag":[242],"class_list":{"0":"post-49522","1":"product","2":"type-product","3":"status-publish","4":"has-post-thumbnail","6":"product_brand-skin-resist","7":"product_cat-bez-kategorijas","8":"product_tag-cantabria-labs-davana-davanas-lieliska-davana-sejas-krems-skin-resist","11":"first","12":"instock","13":"purchasable","14":"product-type-simple"},"_links":{"self":[{"href":"https:\/\/ajaesthetics.org\/ru\/wp-json\/wp\/v2\/product\/49522","targetHints":{"allow":["GET"]}}],"collection":[{"href":"https:\/\/ajaesthetics.org\/ru\/wp-json\/wp\/v2\/product"}],"about":[{"href":"https:\/\/ajaesthetics.org\/ru\/wp-json\/wp\/v2\/types\/product"}],"replies":[{"embeddable":true,"href":"https:\/\/ajaesthetics.org\/ru\/wp-json\/wp\/v2\/comments?post=49522"}],"wp:featuredmedia":[{"embeddable":true,"href":"https:\/\/ajaesthetics.org\/ru\/wp-json\/wp\/v2\/media\/49523"}],"wp:attachment":[{"href":"https:\/\/ajaesthetics.org\/ru\/wp-json\/wp\/v2\/media?parent=49522"}],"wp:term":[{"taxonomy":"product_brand","embeddable":true,"href":"https:\/\/ajaesthetics.org\/ru\/wp-json\/wp\/v2\/product_brand?post=49522"},{"taxonomy":"product_cat","embeddable":true,"href":"https:\/\/ajaesthetics.org\/ru\/wp-json\/wp\/v2\/product_cat?post=49522"},{"taxonomy":"product_tag","embeddable":true,"href":"https:\/\/ajaesthetics.org\/ru\/wp-json\/wp\/v2\/product_tag?post=49522"}],"curies":[{"name":"wp","href":"https:\/\/api.w.org\/{rel}","templated":true}]}}