{"id":49524,"date":"2026-04-19T15:22:18","date_gmt":"2026-04-19T15:22:18","guid":{"rendered":"https:\/\/ajaesthetics.org\/product\/skin-resist-velvet-cleanser-i-maigs-gelveida-attiritajs-jutigai-kairinatai-adai-200ml\/"},"modified":"2026-04-19T15:22:18","modified_gmt":"2026-04-19T15:22:18","slug":"skin-resist-velvet-cleanser-i-maigs-gelveida-attiritajs-jutigai-kairinatai-adai-200ml","status":"publish","type":"product","link":"https:\/\/ajaesthetics.org\/ru\/product\/skin-resist-velvet-cleanser-i-maigs-gelveida-attiritajs-jutigai-kairinatai-adai-200ml\/","title":{"rendered":"SKIN RESIST VELVET CLEANSER I Maigs gelveida att\u012br\u012bt\u0101js jut\u012bgai, kairin\u0101tai \u0101dai, 200ml"},"content":{"rendered":"<p>Paredz\u0113ts maigai dekorat\u012bv\u0101s kosm\u0113tikas no\u0146em\u0161anai, nekait\u0113jot \u0101dai. Piem\u0113rots sejas un acu t\u012br\u012b\u0161anai pat iekaisuma gad\u012bjum\u0101.<\/p>\n<p>Sast\u0101vs ir bag\u0101tin\u0101ts ar Aquammunist\u00ae tehnolo\u0123iju, tehnolo\u0123iju ar unik\u0101lu term\u0101lo \u016bdeni no miner\u0101lviel\u0101m bag\u0101t\u0101 Kantabrijas re\u0123iona Sp\u0101nijas zieme\u013cos, kur satiekas s\u0101ls\u016bdens un sald\u016bdens. Tas nodro\u0161ina nomierino\u0161as un aizsarg\u0101jo\u0161as \u012bpa\u0161\u012bbas, pal\u012bdz uztur\u0113t \u0101das barjerfunkcijas l\u012bdzsvaru un optimiz\u0113 sp\u0113ju kontrol\u0113t \u0101das reaktivit\u0101ti.<\/p>\n<p><strong>Priek\u0161roc\u012bbas:<\/strong><\/p>\n<ul>\n<li>No\u0146em kosm\u0113tiku, vienlaikus aizsarg\u0101jot \u0101das l\u012bdzsvaru<\/li>\n<li>Pie\u0161\u0137ir \u0101dai komforta saj\u016btu<\/li>\n<li>Piem\u0113rots jut\u012bgai un reakt\u012bvai \u0101dai\n<\/li>\n<li>Z\u012bdaina tekst\u016bra maksim\u0101lai tolerancei un efektivit\u0101tei\n<\/li>\n<\/ul>\n<p><strong>Akt\u012bv\u0101s vielas:<\/strong><\/p>\n<ul>\n<li>Aquammunist\u00ae tehnolo\u0123ija<\/li>\n<li>Niacinam\u012bds<\/li>\n<li>Kurkuma<\/li>\n<li>Pantenols\n<\/li>\n<\/ul>\n<p>\u00a0<\/p>","protected":false},"excerpt":{"rendered":"<p>Paredz\u0113ts maigai dekorat\u012bv\u0101s kosm\u0113tikas no\u0146em\u0161anai, nekait\u0113jot \u0101dai. Piem\u0113rots sejas un acu t\u012br\u012b\u0161anai pat iekaisuma gad\u012bjum\u0101. Sast\u0101vs ir bag\u0101tin\u0101ts ar Aquammunist\u00ae tehnolo\u0123iju, tehnolo\u0123iju ar unik\u0101lu term\u0101lo \u016bdeni no miner\u0101lviel\u0101m bag\u0101t\u0101 Kantabrijas re\u0123iona Sp\u0101nijas zieme\u013cos, kur satiekas s\u0101ls\u016bdens un sald\u016bdens. Tas nodro\u0161ina nomierino\u0161as un aizsarg\u0101jo\u0161as \u012bpa\u0161\u012bbas, pal\u012bdz uztur\u0113t \u0101das barjerfunkcijas l\u012bdzsvaru un optimiz\u0113 sp\u0113ju kontrol\u0113t \u0101das reaktivit\u0101ti. [&hellip;]<\/p>\n","protected":false},"featured_media":49525,"comment_status":"closed","ping_status":"open","template":"","meta":[],"product_brand":[240],"product_cat":[16],"product_tag":[243],"class_list":{"0":"post-49524","1":"product","2":"type-product","3":"status-publish","4":"has-post-thumbnail","6":"product_brand-skin-resist","7":"product_cat-bez-kategorijas","8":"product_tag-attiross-gels-cantabria-labs-skin-resist","11":"first","12":"instock","13":"purchasable","14":"product-type-simple"},"_links":{"self":[{"href":"https:\/\/ajaesthetics.org\/ru\/wp-json\/wp\/v2\/product\/49524","targetHints":{"allow":["GET"]}}],"collection":[{"href":"https:\/\/ajaesthetics.org\/ru\/wp-json\/wp\/v2\/product"}],"about":[{"href":"https:\/\/ajaesthetics.org\/ru\/wp-json\/wp\/v2\/types\/product"}],"replies":[{"embeddable":true,"href":"https:\/\/ajaesthetics.org\/ru\/wp-json\/wp\/v2\/comments?post=49524"}],"wp:featuredmedia":[{"embeddable":true,"href":"https:\/\/ajaesthetics.org\/ru\/wp-json\/wp\/v2\/media\/49525"}],"wp:attachment":[{"href":"https:\/\/ajaesthetics.org\/ru\/wp-json\/wp\/v2\/media?parent=49524"}],"wp:term":[{"taxonomy":"product_brand","embeddable":true,"href":"https:\/\/ajaesthetics.org\/ru\/wp-json\/wp\/v2\/product_brand?post=49524"},{"taxonomy":"product_cat","embeddable":true,"href":"https:\/\/ajaesthetics.org\/ru\/wp-json\/wp\/v2\/product_cat?post=49524"},{"taxonomy":"product_tag","embeddable":true,"href":"https:\/\/ajaesthetics.org\/ru\/wp-json\/wp\/v2\/product_tag?post=49524"}],"curies":[{"name":"wp","href":"https:\/\/api.w.org\/{rel}","templated":true}]}}