{"id":49526,"date":"2026-04-19T15:22:19","date_gmt":"2026-04-19T15:22:19","guid":{"rendered":"https:\/\/ajaesthetics.org\/product\/endocare-age-barrier-hyaluboost-eye-cream-i-mitrinoss-acu-krems-ar-niacinamidu-un-hialuronskabi-15-ml\/"},"modified":"2026-04-19T15:22:19","modified_gmt":"2026-04-19T15:22:19","slug":"endocare-age-barrier-hyaluboost-eye-cream-i-mitrinoss-acu-krems-ar-niacinamidu-un-hialuronskabi-15-ml","status":"publish","type":"product","link":"https:\/\/ajaesthetics.org\/ru\/product\/endocare-age-barrier-hyaluboost-eye-cream-i-mitrinoss-acu-krems-ar-niacinamidu-un-hialuronskabi-15-ml\/","title":{"rendered":"ENDOCARE AGE BARRIER HYALUBOOST EYE CREAM I Mitrino\u0161s acu kr\u0113ms ar niacinam\u012bdu un hialuronsk\u0101bi, 15 ML"},"content":{"rendered":"<p><span class=\"Y2IQFc\" lang=\"lv\">Ikdienas atjaunojo\u0161s, mitrino\u0161s acu kr\u0113ms &#8211; atjauno un nostiprina \u0101das barjerfunkciju, var pal\u012bdz\u0113t izl\u012bdzin\u0101t smalk\u0101s krunci\u0146as un pie\u0161\u0137irt starojumu acu zonai.<\/span><span class=\"Y2IQFc\" lang=\"lv\"><\/span><\/p>\n<p class=\"tw-data-text tw-text-large tw-ta\" data-placeholder=\"Tulkojums\" id=\"tw-target-text\" data-ved=\"2ahUKEwjTlIXXh4OJAxWNKRAIHew9LGUQ3ewLegQIDRAW\" dir=\"ltr\" aria-label=\"Tulkotais teksts: Priek\u0161roc\u012bbas:\n\nVar pal\u012bdz\u0113t samazin\u0101t krunci\u0146as un smalk\u0101s l\u012bnijas ap ac\u012bm\nAktiviz\u0113 un nostiprina nov\u0101jin\u0101tu \u0101das barjeras funkciju, pateicoties Niacinamide un Edafence tehnolo\u0123ijai \u00ae\nIntens\u012bva un ilgsto\u0161a mitrin\u0101\u0161ana, pateicoties divu molekulu izm\u0113ru hialuronsk\u0101bei\nViegl\u0101 tekst\u016bra \u0101tri ies\u016bcas \u0101d\u0101\nPiem\u0113rots visiem \u0101das tipiem, ar\u012b jut\u012bgai.\"><strong><span class=\"Y2IQFc\" lang=\"lv\">Priek\u0161roc\u012bbas: <\/span><\/strong><\/p>\n<ul>\n<li class=\"tw-data-text tw-text-large tw-ta\" data-placeholder=\"Tulkojums\" data-ved=\"2ahUKEwjTlIXXh4OJAxWNKRAIHew9LGUQ3ewLegQIDRAW\" dir=\"ltr\" aria-label=\"Tulkotais teksts: Priek\u0161roc\u012bbas:\n\nVar pal\u012bdz\u0113t samazin\u0101t krunci\u0146as un smalk\u0101s l\u012bnijas ap ac\u012bm\nAktiviz\u0113 un nostiprina nov\u0101jin\u0101tu \u0101das barjeras funkciju, pateicoties Niacinamide un Edafence tehnolo\u0123ijai \u00ae\nIntens\u012bva un ilgsto\u0161a mitrin\u0101\u0161ana, pateicoties divu molekulu izm\u0113ru hialuronsk\u0101bei\nViegl\u0101 tekst\u016bra \u0101tri ies\u016bcas \u0101d\u0101\nPiem\u0113rots visiem \u0101das tipiem, ar\u012b jut\u012bgai.\"><span class=\"Y2IQFc\" lang=\"lv\">Var pal\u012bdz\u0113t samazin\u0101t krunci\u0146as un smalk\u0101s l\u012bnijas ap ac\u012bm <\/span><\/li>\n<li class=\"tw-data-text tw-text-large tw-ta\" data-placeholder=\"Tulkojums\" data-ved=\"2ahUKEwjTlIXXh4OJAxWNKRAIHew9LGUQ3ewLegQIDRAW\" dir=\"ltr\" aria-label=\"Tulkotais teksts: Priek\u0161roc\u012bbas:\n\nVar pal\u012bdz\u0113t samazin\u0101t krunci\u0146as un smalk\u0101s l\u012bnijas ap ac\u012bm\nAktiviz\u0113 un nostiprina nov\u0101jin\u0101tu \u0101das barjeras funkciju, pateicoties Niacinamide un Edafence tehnolo\u0123ijai \u00ae\nIntens\u012bva un ilgsto\u0161a mitrin\u0101\u0161ana, pateicoties divu molekulu izm\u0113ru hialuronsk\u0101bei\nViegl\u0101 tekst\u016bra \u0101tri ies\u016bcas \u0101d\u0101\nPiem\u0113rots visiem \u0101das tipiem, ar\u012b jut\u012bgai.\"><span class=\"Y2IQFc\" lang=\"lv\">Aktiviz\u0113 un nostiprina nov\u0101jin\u0101tu \u0101das barjeras funkciju, pateicoties Niacinam\u012bdam un Edafence tehnolo\u0123ijai\u00ae <\/span><\/li>\n<li class=\"tw-data-text tw-text-large tw-ta\" data-placeholder=\"Tulkojums\" data-ved=\"2ahUKEwjTlIXXh4OJAxWNKRAIHew9LGUQ3ewLegQIDRAW\" dir=\"ltr\" aria-label=\"Tulkotais teksts: Priek\u0161roc\u012bbas:\n\nVar pal\u012bdz\u0113t samazin\u0101t krunci\u0146as un smalk\u0101s l\u012bnijas ap ac\u012bm\nAktiviz\u0113 un nostiprina nov\u0101jin\u0101tu \u0101das barjeras funkciju, pateicoties Niacinamide un Edafence tehnolo\u0123ijai \u00ae\nIntens\u012bva un ilgsto\u0161a mitrin\u0101\u0161ana, pateicoties divu molekulu izm\u0113ru hialuronsk\u0101bei\nViegl\u0101 tekst\u016bra \u0101tri ies\u016bcas \u0101d\u0101\nPiem\u0113rots visiem \u0101das tipiem, ar\u012b jut\u012bgai.\"><span class=\"Y2IQFc\" lang=\"lv\">Intens\u012bva un ilgsto\u0161a mitrin\u0101\u0161ana, pateicoties divu molekulmasu hialuronsk\u0101bei<\/span><\/li>\n<li class=\"tw-data-text tw-text-large tw-ta\" data-placeholder=\"Tulkojums\" data-ved=\"2ahUKEwjTlIXXh4OJAxWNKRAIHew9LGUQ3ewLegQIDRAW\" dir=\"ltr\" aria-label=\"Tulkotais teksts: Priek\u0161roc\u012bbas:\n\nVar pal\u012bdz\u0113t samazin\u0101t krunci\u0146as un smalk\u0101s l\u012bnijas ap ac\u012bm\nAktiviz\u0113 un nostiprina nov\u0101jin\u0101tu \u0101das barjeras funkciju, pateicoties Niacinamide un Edafence tehnolo\u0123ijai \u00ae\nIntens\u012bva un ilgsto\u0161a mitrin\u0101\u0161ana, pateicoties divu molekulu izm\u0113ru hialuronsk\u0101bei\nViegl\u0101 tekst\u016bra \u0101tri ies\u016bcas \u0101d\u0101\nPiem\u0113rots visiem \u0101das tipiem, ar\u012b jut\u012bgai.\"><span class=\"Y2IQFc\" lang=\"lv\">Viegl\u0101 tekst\u016bra \u0101tri ies\u016bcas \u0101d\u0101 <\/span><\/li>\n<li class=\"tw-data-text tw-text-large tw-ta\" data-placeholder=\"Tulkojums\" data-ved=\"2ahUKEwjTlIXXh4OJAxWNKRAIHew9LGUQ3ewLegQIDRAW\" dir=\"ltr\" aria-label=\"Tulkotais teksts: Priek\u0161roc\u012bbas:\n\nVar pal\u012bdz\u0113t samazin\u0101t krunci\u0146as un smalk\u0101s l\u012bnijas ap ac\u012bm\nAktiviz\u0113 un nostiprina nov\u0101jin\u0101tu \u0101das barjeras funkciju, pateicoties Niacinamide un Edafence tehnolo\u0123ijai \u00ae\nIntens\u012bva un ilgsto\u0161a mitrin\u0101\u0161ana, pateicoties divu molekulu izm\u0113ru hialuronsk\u0101bei\nViegl\u0101 tekst\u016bra \u0101tri ies\u016bcas \u0101d\u0101\nPiem\u0113rots visiem \u0101das tipiem, ar\u012b jut\u012bgai.\"><br \/>\n<span class=\"Y2IQFc\" lang=\"lv\">Piem\u0113rots visiem \u0101das tipiem, ar\u012b jut\u012bgai<\/span><span class=\"Y2IQFc\" lang=\"lv\"><\/span>\n<\/li>\n<\/ul>\n<p><strong>Akt\u012bv\u0101s sast\u0101vda\u013cas:<\/strong><\/p>\n<ul>\n<li>Edafence\u00ae tehnolo\u0123ija<\/li>\n<li>Aminosk\u0101bes + [Si] komplekss: sil\u012bcijs + aminosk\u0101bes<\/li>\n<li>Hialuronsk\u0101be 0,1%<\/li>\n<li>Niacinam\u012bds 3%<\/li>\n<\/ul>\n<p><strong>Lieto\u0161ana:<\/strong> uzkl\u0101jiet uz t\u012bras un sausas \u0101das ar aplikatoru, maigi iemas\u0113jot ar pirkstu galiem. P\u0113c lieto\u0161anas not\u012briet aplikatoru.<\/p>\n","protected":false},"excerpt":{"rendered":"<p>Ikdienas atjaunojo\u0161s, mitrino\u0161s acu kr\u0113ms &#8211; atjauno un nostiprina \u0101das barjerfunkciju, var pal\u012bdz\u0113t izl\u012bdzin\u0101t smalk\u0101s krunci\u0146as un pie\u0161\u0137irt starojumu acu zonai. Priek\u0161roc\u012bbas: Var pal\u012bdz\u0113t samazin\u0101t krunci\u0146as un smalk\u0101s l\u012bnijas ap ac\u012bm Aktiviz\u0113 un nostiprina nov\u0101jin\u0101tu \u0101das barjeras funkciju, pateicoties Niacinam\u012bdam un Edafence tehnolo\u0123ijai\u00ae Intens\u012bva un ilgsto\u0161a mitrin\u0101\u0161ana, pateicoties divu molekulmasu hialuronsk\u0101bei Viegl\u0101 tekst\u016bra \u0101tri ies\u016bcas [&hellip;]<\/p>\n","protected":false},"featured_media":49527,"comment_status":"closed","ping_status":"open","template":"","meta":[],"product_brand":[191],"product_cat":[16],"product_tag":[245],"class_list":{"0":"post-49526","1":"product","2":"type-product","3":"status-publish","4":"has-post-thumbnail","6":"product_brand-endocare","7":"product_cat-bez-kategorijas","8":"product_tag-acu-krems-endocare-sejas-kopsana","11":"first","12":"instock","13":"purchasable","14":"product-type-simple"},"_links":{"self":[{"href":"https:\/\/ajaesthetics.org\/ru\/wp-json\/wp\/v2\/product\/49526","targetHints":{"allow":["GET"]}}],"collection":[{"href":"https:\/\/ajaesthetics.org\/ru\/wp-json\/wp\/v2\/product"}],"about":[{"href":"https:\/\/ajaesthetics.org\/ru\/wp-json\/wp\/v2\/types\/product"}],"replies":[{"embeddable":true,"href":"https:\/\/ajaesthetics.org\/ru\/wp-json\/wp\/v2\/comments?post=49526"}],"wp:featuredmedia":[{"embeddable":true,"href":"https:\/\/ajaesthetics.org\/ru\/wp-json\/wp\/v2\/media\/49527"}],"wp:attachment":[{"href":"https:\/\/ajaesthetics.org\/ru\/wp-json\/wp\/v2\/media?parent=49526"}],"wp:term":[{"taxonomy":"product_brand","embeddable":true,"href":"https:\/\/ajaesthetics.org\/ru\/wp-json\/wp\/v2\/product_brand?post=49526"},{"taxonomy":"product_cat","embeddable":true,"href":"https:\/\/ajaesthetics.org\/ru\/wp-json\/wp\/v2\/product_cat?post=49526"},{"taxonomy":"product_tag","embeddable":true,"href":"https:\/\/ajaesthetics.org\/ru\/wp-json\/wp\/v2\/product_tag?post=49526"}],"curies":[{"name":"wp","href":"https:\/\/api.w.org\/{rel}","templated":true}]}}