{"id":49528,"date":"2026-04-19T15:22:21","date_gmt":"2026-04-19T15:22:21","guid":{"rendered":"https:\/\/ajaesthetics.org\/product\/g-m-collin-collagen-supreme-serum-serums-30-ml\/"},"modified":"2026-04-19T15:22:21","modified_gmt":"2026-04-19T15:22:21","slug":"g-m-collin-collagen-supreme-serum-serums-30-ml","status":"publish","type":"product","link":"https:\/\/ajaesthetics.org\/ru\/product\/g-m-collin-collagen-supreme-serum-serums-30-ml\/","title":{"rendered":"G.M. Collin COLLAGEN SUPREME SERUM | Serums, 30 ml"},"content":{"rendered":"<p>\u0160is revolucion\u0101rais serums nostiprina kolag\u0113na dz\u012bves ciklu, lai nodro\u0161in\u0101tu intens\u012bvu mitrin\u0101\u0161anu un redzami samazin\u0101tu grumbas, atjaunojot \u0101das elast\u012bbu, elast\u012bbu un iztur\u012bbu.<\/p>\n<p>Iev\u0113rojami un redzami samazina grumbas, jaun\u0101ka izskata \u0101dai.<br \/>Nodro\u0161ina intens\u012bvu, optim\u0101lu mitrin\u0101\u0161anu.<br \/>Redzami uzlabo \u0101das tvirtumu.<br \/>Atkl\u0101j \u0101rk\u0101rt\u012bgi starojo\u0161u, gai\u0161u sejas kr\u0101su.<\/p>\n<p><strong>Lieto\u0161ana: <\/strong>Uzkl\u0101t no r\u012bta un\/vai vakar\u0101, p\u0113c t\u012br\u012b\u0161anas l\u012bdzek\u013ca un miglas. Iev\u0113rojiet atbilsto\u0161u \u0101das kop\u0161anas rut\u012bnu.<\/p>\n<p><strong>GALVEN\u0100S SAST\u0100VDA\u013bAS:<\/strong><\/p>\n<ul>\n<li>Augu kolag\u0113ns (augu izcelsmes alternat\u012bva dz\u012bvnieku kolag\u0113nam): Redzami uzlabo \u0101das elast\u012bbu, bl\u012bvumu<br \/>un stingr\u012bba<\/li>\n<li>Kolaksils\u2122 (heksapept\u012bds-9): samazina grumbu par\u0101d\u012b\u0161anos<\/li>\n<li>Jap\u0101\u0146u citronu balzama ekstrakts: Samazina grumbu par\u0101d\u012b\u0161anos<\/li>\n<li>Dz\u0113rve\u0146u (Vaccinium Macrocarpon) aug\u013cu ekstrakts: Uzlabo sejas mirdzumu<\/li>\n<li>Progel\u012bns\u2122 (trifluoracetiltripept\u012bds-2): \u0101da tiek piepild\u012bta.<\/li>\n<li>Wakame ekstrakts (Undaria Pinnatifida): redzami uzlabo elast\u012bbu.<span style=\"font-size: 0.875rem;\"><\/span>\n<\/li>\n<\/ul>\n<p data-mce-fragment=\"1\">Ra\u017eot\u0101js:\u00a0Laboratoires Dermo-Cosmetik &#8211; G.M. COLLIN, Kan\u0101da<\/p>\n<p data-mce-fragment=\"1\">Izplat\u012bt\u0101js: SIA Medexy, Duntes iela 15A, 6.st\u0101vs, R\u012bga.<\/p>","protected":false},"excerpt":{"rendered":"<p>\u0160is revolucion\u0101rais serums nostiprina kolag\u0113na dz\u012bves ciklu, lai nodro\u0161in\u0101tu intens\u012bvu mitrin\u0101\u0161anu un redzami samazin\u0101tu grumbas, atjaunojot \u0101das elast\u012bbu, elast\u012bbu un iztur\u012bbu. Iev\u0113rojami un redzami samazina grumbas, jaun\u0101ka izskata \u0101dai.Nodro\u0161ina intens\u012bvu, optim\u0101lu mitrin\u0101\u0161anu.Redzami uzlabo \u0101das tvirtumu.Atkl\u0101j \u0101rk\u0101rt\u012bgi starojo\u0161u, gai\u0161u sejas kr\u0101su. Lieto\u0161ana: Uzkl\u0101t no r\u012bta un\/vai vakar\u0101, p\u0113c t\u012br\u012b\u0161anas l\u012bdzek\u013ca un miglas. Iev\u0113rojiet atbilsto\u0161u \u0101das kop\u0161anas [&hellip;]<\/p>\n","protected":false},"featured_media":49529,"comment_status":"closed","ping_status":"open","template":"","meta":[],"product_brand":[160],"product_cat":[16],"product_tag":[197],"class_list":{"0":"post-49528","1":"product","2":"type-product","3":"status-publish","4":"has-post-thumbnail","6":"product_brand-g-m-collin","7":"product_cat-bez-kategorijas","8":"product_tag-g-m-collin-sejas-serums-serums","11":"first","12":"instock","13":"purchasable","14":"product-type-simple"},"_links":{"self":[{"href":"https:\/\/ajaesthetics.org\/ru\/wp-json\/wp\/v2\/product\/49528","targetHints":{"allow":["GET"]}}],"collection":[{"href":"https:\/\/ajaesthetics.org\/ru\/wp-json\/wp\/v2\/product"}],"about":[{"href":"https:\/\/ajaesthetics.org\/ru\/wp-json\/wp\/v2\/types\/product"}],"replies":[{"embeddable":true,"href":"https:\/\/ajaesthetics.org\/ru\/wp-json\/wp\/v2\/comments?post=49528"}],"wp:featuredmedia":[{"embeddable":true,"href":"https:\/\/ajaesthetics.org\/ru\/wp-json\/wp\/v2\/media\/49529"}],"wp:attachment":[{"href":"https:\/\/ajaesthetics.org\/ru\/wp-json\/wp\/v2\/media?parent=49528"}],"wp:term":[{"taxonomy":"product_brand","embeddable":true,"href":"https:\/\/ajaesthetics.org\/ru\/wp-json\/wp\/v2\/product_brand?post=49528"},{"taxonomy":"product_cat","embeddable":true,"href":"https:\/\/ajaesthetics.org\/ru\/wp-json\/wp\/v2\/product_cat?post=49528"},{"taxonomy":"product_tag","embeddable":true,"href":"https:\/\/ajaesthetics.org\/ru\/wp-json\/wp\/v2\/product_tag?post=49528"}],"curies":[{"name":"wp","href":"https:\/\/api.w.org\/{rel}","templated":true}]}}