{"id":49530,"date":"2026-04-19T15:22:24","date_gmt":"2026-04-19T15:22:24","guid":{"rendered":"https:\/\/ajaesthetics.org\/product\/g-m-collin-poly-acid-peel-serum-serums-30-ml\/"},"modified":"2026-04-19T15:22:25","modified_gmt":"2026-04-19T15:22:25","slug":"g-m-collin-poly-acid-peel-serum-serums-30-ml","status":"publish","type":"product","link":"https:\/\/ajaesthetics.org\/ru\/product\/g-m-collin-poly-acid-peel-serum-serums-30-ml\/","title":{"rendered":"G.M. COLLIN POLY-ACID PEEL SERUM | Serums, 30 ml"},"content":{"rendered":"<p>\u0160is uzlabotais, restrukturiz\u0113jo\u0161ais serums atdz\u012bvina bl\u0101vu un noguru\u0161u \u0101du &#8211; jaunekl\u012bgas \u0101das efektam. Piem\u0113rots visiem \u0101das tipiem.<\/p>\n<p>Lieto\u0161ana: Uzkl\u0101jiet serumu pl\u0101n\u0101 k\u0101rti\u0146\u0101 iek\u013caujot to vakara kop\u0161an\u0101.<\/p>\n<ul>\n<li>Nodro\u0161ina daudzl\u012bme\u0146u p\u012blingu, samazinot nepiln\u012bbu par\u0101d\u012b\u0161anos un \u0101das tekst\u016bras uzlabo\u0161anos;<\/li>\n<li>Redzami samazina grumbas un smalk\u0101s l\u012bnijas;<\/li>\n<li>Atkl\u0101j starojo\u0161u, nevainojamu sejas \u0101das toni;<\/li>\n<li>Veicina \u0101das atjauno\u0161anos &#8211; \u00a0maigai un mitrin\u0101tai \u0101dai.<\/li>\n<\/ul>\n<p><strong>SAST\u0100VS:<\/strong><br \/>10% AHA (7% glikolsk\u0101be, 3% piensk\u0101be, argin\u012bns (amfoteriskais hidroksi komplekss)) un 0,5% fit\u012bnsk\u0101be: pie\u0161\u0137ir gludas un mirdzo\u0161as \u0101das izskatu.<br \/>Planktona ekstrakts &amp; Matrixyl\u00ae 3000<br \/>Alanto\u012bns + alveja: nomierina un mitrina \u0101du;<br \/>Galaktoarabin\u0101ns: veicina AHA p\u012blingu bez kairin\u0101juma un samazina \u016bdens zudumu.<\/p>\n<p data-mce-fragment=\"1\"><strong>Ra\u017eot\u0101js:\u00a0<\/strong>Laboratoires Dermo-Cosmetik &#8211; G.M. COLLIN, Kan\u0101da<\/p>\n<p data-mce-fragment=\"1\"><strong>Izplat\u012bt\u0101js:<\/strong> SIA Medexy, Duntes iela 15A, 6.st\u0101vs, R\u012bga.<\/p>","protected":false},"excerpt":{"rendered":"<p>\u0160is uzlabotais, restrukturiz\u0113jo\u0161ais serums atdz\u012bvina bl\u0101vu un noguru\u0161u \u0101du &#8211; jaunekl\u012bgas \u0101das efektam. Piem\u0113rots visiem \u0101das tipiem. Lieto\u0161ana: Uzkl\u0101jiet serumu pl\u0101n\u0101 k\u0101rti\u0146\u0101 iek\u013caujot to vakara kop\u0161an\u0101. Nodro\u0161ina daudzl\u012bme\u0146u p\u012blingu, samazinot nepiln\u012bbu par\u0101d\u012b\u0161anos un \u0101das tekst\u016bras uzlabo\u0161anos; Redzami samazina grumbas un smalk\u0101s l\u012bnijas; Atkl\u0101j starojo\u0161u, nevainojamu sejas \u0101das toni; Veicina \u0101das atjauno\u0161anos &#8211; \u00a0maigai un mitrin\u0101tai [&hellip;]<\/p>\n","protected":false},"featured_media":49531,"comment_status":"closed","ping_status":"open","template":"","meta":[],"product_brand":[160],"product_cat":[16],"product_tag":[197],"class_list":{"0":"post-49530","1":"product","2":"type-product","3":"status-publish","4":"has-post-thumbnail","6":"product_brand-g-m-collin","7":"product_cat-bez-kategorijas","8":"product_tag-g-m-collin-sejas-serums-serums","11":"first","12":"instock","13":"purchasable","14":"product-type-simple"},"_links":{"self":[{"href":"https:\/\/ajaesthetics.org\/ru\/wp-json\/wp\/v2\/product\/49530","targetHints":{"allow":["GET"]}}],"collection":[{"href":"https:\/\/ajaesthetics.org\/ru\/wp-json\/wp\/v2\/product"}],"about":[{"href":"https:\/\/ajaesthetics.org\/ru\/wp-json\/wp\/v2\/types\/product"}],"replies":[{"embeddable":true,"href":"https:\/\/ajaesthetics.org\/ru\/wp-json\/wp\/v2\/comments?post=49530"}],"wp:featuredmedia":[{"embeddable":true,"href":"https:\/\/ajaesthetics.org\/ru\/wp-json\/wp\/v2\/media\/49531"}],"wp:attachment":[{"href":"https:\/\/ajaesthetics.org\/ru\/wp-json\/wp\/v2\/media?parent=49530"}],"wp:term":[{"taxonomy":"product_brand","embeddable":true,"href":"https:\/\/ajaesthetics.org\/ru\/wp-json\/wp\/v2\/product_brand?post=49530"},{"taxonomy":"product_cat","embeddable":true,"href":"https:\/\/ajaesthetics.org\/ru\/wp-json\/wp\/v2\/product_cat?post=49530"},{"taxonomy":"product_tag","embeddable":true,"href":"https:\/\/ajaesthetics.org\/ru\/wp-json\/wp\/v2\/product_tag?post=49530"}],"curies":[{"name":"wp","href":"https:\/\/api.w.org\/{rel}","templated":true}]}}