{"id":49532,"date":"2026-04-19T15:22:28","date_gmt":"2026-04-19T15:22:28","guid":{"rendered":"https:\/\/ajaesthetics.org\/product\/biretix-double-correction-serum-i-divkarsas-iedarbibas-serums-nobriedusai-adai-ar-akni-30-ml\/"},"modified":"2026-04-19T15:22:28","modified_gmt":"2026-04-19T15:22:28","slug":"biretix-double-correction-serum-i-divkarsas-iedarbibas-serums-nobriedusai-adai-ar-akni-30-ml","status":"publish","type":"product","link":"https:\/\/ajaesthetics.org\/ru\/product\/biretix-double-correction-serum-i-divkarsas-iedarbibas-serums-nobriedusai-adai-ar-akni-30-ml\/","title":{"rendered":"BIRETIX DOUBLE CORRECTION SERUM I Divk\u0101r\u0161as iedarb\u012bbas serums nobriedu\u0161ai \u0101dai ar akni, 30 ml"},"content":{"rendered":"<div class=\"heading34\">\n<p class=\"cvGsUA direction-ltr align-justify para-style-body\"><span class=\"OYPEnA font-feature-liga-off font-feature-clig-off font-feature-calt-off text-decoration-none text-strikethrough-none\">Divk\u0101r\u0161as iedarb\u012bbas serums nobriedu\u0161ai \u0101dai ar akni.<\/span><\/p>\n<p class=\"cvGsUA direction-ltr align-justify para-style-body\"><span class=\"OYPEnA font-feature-liga-off font-feature-clig-off font-feature-calt-off text-decoration-none text-strikethrough-none\"><strong>Priek\u0161roc\u012bbas<\/strong>:<\/span><\/p>\n<ul>\n<li><span class=\"OYPEnA font-feature-liga-off font-feature-clig-off font-feature-calt-off text-decoration-none text-strikethrough-none\">Kontrol\u0113 sebuma sekr\u0113ciju<\/span><\/li>\n<li>\n<span class=\"OYPEnA font-feature-liga-off font-feature-clig-off font-feature-calt-off text-decoration-none text-strikethrough-none\">Pal\u012bdz samazin\u0101t p\u0113ciekaisuma hiperpigment\u0101ciju (PIH), mazina aknes izsitumus;<\/span><span class=\"OYPEnA font-feature-liga-off font-feature-clig-off font-feature-calt-off text-decoration-none text-strikethrough-none white-space-prewrap\"> <\/span>\n<\/li>\n<li><span class=\"OYPEnA font-feature-liga-off font-feature-clig-off font-feature-calt-off text-decoration-none text-strikethrough-none\">Uzlabo \u0101das tekst\u016bru, aizkav\u0113jot noveco\u0161an\u0101s procesus;<\/span><\/li>\n<\/ul>\n<p class=\"cvGsUA direction-ltr align-justify para-style-body\"><strong><span class=\"OYPEnA font-feature-liga-off font-feature-clig-off font-feature-calt-off text-decoration-none text-strikethrough-none\">Akt\u012bv\u0101s vielas:<\/span><\/strong><\/p>\n<ul>\n<li><span class=\"OYPEnA font-feature-liga-off font-feature-clig-off font-feature-calt-off text-decoration-none text-strikethrough-none\">Azela\u012bnsk\u0101be AOX tehnolo\u0123ij\u0101<\/span><\/li>\n<li><span class=\"OYPEnA font-feature-liga-off font-feature-clig-off font-feature-calt-off text-decoration-none text-strikethrough-none\">RetinSphere\u00ae ar 0,1% retinolu iekapsul\u0113tu mikros\u016bkl\u012b\u0161os jeb glikosf\u0113r\u0101s<\/span><\/li>\n<li><span class=\"OYPEnA font-feature-liga-off font-feature-clig-off font-feature-calt-off text-decoration-none text-strikethrough-none\">5% Niacinam\u012bds<\/span><\/li>\n<li>\n<span class=\"OYPEnA font-feature-liga-off font-feature-clig-off font-feature-calt-off text-decoration-none text-strikethrough-none\">Antioksidanti<\/span><span class=\"OYPEnA font-feature-liga-off font-feature-clig-off font-feature-calt-off text-decoration-none text-strikethrough-none\"><\/span>\n<\/li>\n<\/ul>\n<p class=\"cvGsUA direction-ltr align-justify para-style-body\"><strong><span class=\"OYPEnA font-feature-liga-off font-feature-clig-off font-feature-calt-off text-decoration-none text-strikethrough-none\">Lieto\u0161ana:<\/span><\/strong><span class=\"OYPEnA font-feature-liga-off font-feature-clig-off font-feature-calt-off text-decoration-none text-strikethrough-none\"><strong> <\/strong>uzkl\u0101t no r\u012bta un vakar\u0101 uz t\u012bras, sausas sejas, kakla un dekolt\u0113 \u0101das, maigi iemas\u0113jot.<\/span><span class=\"OYPEnA font-feature-liga-off font-feature-clig-off font-feature-calt-off text-decoration-none text-strikethrough-none white-space-prewrap\"> <\/span><\/p>\n<\/div>","protected":false},"excerpt":{"rendered":"<p>Divk\u0101r\u0161as iedarb\u012bbas serums nobriedu\u0161ai \u0101dai ar akni. Priek\u0161roc\u012bbas: Kontrol\u0113 sebuma sekr\u0113ciju Pal\u012bdz samazin\u0101t p\u0113ciekaisuma hiperpigment\u0101ciju (PIH), mazina aknes izsitumus; Uzlabo \u0101das tekst\u016bru, aizkav\u0113jot noveco\u0161an\u0101s procesus; Akt\u012bv\u0101s vielas: Azela\u012bnsk\u0101be AOX tehnolo\u0123ij\u0101 RetinSphere\u00ae ar 0,1% retinolu iekapsul\u0113tu mikros\u016bkl\u012b\u0161os jeb glikosf\u0113r\u0101s 5% Niacinam\u012bds Antioksidanti Lieto\u0161ana: uzkl\u0101t no r\u012bta un vakar\u0101 uz t\u012bras, sausas sejas, kakla un dekolt\u0113 \u0101das, [&hellip;]<\/p>\n","protected":false},"featured_media":49533,"comment_status":"closed","ping_status":"open","template":"","meta":[],"product_brand":[208],"product_cat":[16],"product_tag":[246],"class_list":{"0":"post-49532","1":"product","2":"type-product","3":"status-publish","4":"has-post-thumbnail","6":"product_brand-biretix","7":"product_cat-bez-kategorijas","8":"product_tag-aknei-biretix-sejas-kopsana","11":"first","12":"instock","13":"purchasable","14":"product-type-simple"},"_links":{"self":[{"href":"https:\/\/ajaesthetics.org\/ru\/wp-json\/wp\/v2\/product\/49532","targetHints":{"allow":["GET"]}}],"collection":[{"href":"https:\/\/ajaesthetics.org\/ru\/wp-json\/wp\/v2\/product"}],"about":[{"href":"https:\/\/ajaesthetics.org\/ru\/wp-json\/wp\/v2\/types\/product"}],"replies":[{"embeddable":true,"href":"https:\/\/ajaesthetics.org\/ru\/wp-json\/wp\/v2\/comments?post=49532"}],"wp:featuredmedia":[{"embeddable":true,"href":"https:\/\/ajaesthetics.org\/ru\/wp-json\/wp\/v2\/media\/49533"}],"wp:attachment":[{"href":"https:\/\/ajaesthetics.org\/ru\/wp-json\/wp\/v2\/media?parent=49532"}],"wp:term":[{"taxonomy":"product_brand","embeddable":true,"href":"https:\/\/ajaesthetics.org\/ru\/wp-json\/wp\/v2\/product_brand?post=49532"},{"taxonomy":"product_cat","embeddable":true,"href":"https:\/\/ajaesthetics.org\/ru\/wp-json\/wp\/v2\/product_cat?post=49532"},{"taxonomy":"product_tag","embeddable":true,"href":"https:\/\/ajaesthetics.org\/ru\/wp-json\/wp\/v2\/product_tag?post=49532"}],"curies":[{"name":"wp","href":"https:\/\/api.w.org\/{rel}","templated":true}]}}