{"id":49534,"date":"2026-04-19T15:22:29","date_gmt":"2026-04-19T15:22:29","guid":{"rendered":"https:\/\/ajaesthetics.org\/product\/heliocare-360-water-gel-bronze-spf50-intensivi-mitrinoss-saules-aizsargkrems-ar-toni-bronze-spf50-50-ml\/"},"modified":"2026-04-19T15:22:30","modified_gmt":"2026-04-19T15:22:30","slug":"heliocare-360-water-gel-bronze-spf50-intensivi-mitrinoss-saules-aizsargkrems-ar-toni-bronze-spf50-50-ml","status":"publish","type":"product","link":"https:\/\/ajaesthetics.org\/ru\/product\/heliocare-360-water-gel-bronze-spf50-intensivi-mitrinoss-saules-aizsargkrems-ar-toni-bronze-spf50-50-ml\/","title":{"rendered":"HELIOCARE 360\u00b0 WATER GEL BRONZE SPF50+ | Intens\u012bvi mitrino\u0161s saules aizsargkr\u0113ms ar toni (BRONZE), SPF50+, 50 ml"},"content":{"rendered":"<p data-mce-fragment=\"1\">\u013boti augsta fotoim\u016bna aizsardz\u012bba. Viegli uzkl\u0101jams, \u0161\u0137idra tekst\u016bra, labi uzs\u016bcas un piem\u0113rots visiem \u0101das tipiem.<br data-mce-fragment=\"1\">Fernblock\u00ae+ tehnolo\u0123ija, specifiski filtri un aizsarg\u0101jo\u0161as un antioksidantu akt\u012bv\u0101s sast\u0101vda\u013cas, aizsarg\u0101 pret 4 veidu starojumu (UVB, UVA, redzamo gaismu un infrasarkano starojumu), neitraliz\u0113 un atjauno saules rad\u012btos boj\u0101jumus. Nodro\u0161ina ilgsto\u0161u \u0101das mitrin\u0101\u0161anu ar biopolim\u0113ru t\u012bklojumu un mitrino\u0161o vielu kompleksu. Tie siner\u0123iski darbojoties, mitrina \u0101du ar akt\u012bvaj\u0101m sast\u0101vda\u013c\u0101m un piesaista \u016bdeni \u0101dai no apk\u0101rt\u0113j\u0101s vides. Vieglas sedzam\u012bbas ar toni.<\/p>\n<p data-mce-fragment=\"1\"><strong data-mce-fragment=\"1\">Priek\u0161roc\u012bbas:<\/strong><\/p>\n<ul data-mce-fragment=\"1\">\n<li data-mce-fragment=\"1\">Pla\u0161a spektra aizsardz\u012bba (SPF50+, PA++++, pret redzamo gaismu un infrasarkanajiem stariem)<\/li>\n<li data-mce-fragment=\"1\">Saules rad\u012bto boj\u0101jumu atjauno\u0161ana<\/li>\n<li data-mce-fragment=\"1\">Antioksidanta iedarb\u012bba<\/li>\n<li data-mce-fragment=\"1\">Ilgsto\u0161a \u0101das mitrin\u0101\u0161ana<\/li>\n<li data-mce-fragment=\"1\">\u0100da p\u0113c uzkl\u0101\u0161anas ir maiga, z\u012bdaina, mat\u0113ta<\/li>\n<li data-mce-fragment=\"1\">Nekomedog\u0113ns<\/li>\n<li data-mce-fragment=\"1\">Viegli uzkl\u0101jams, vieglas sedzam\u012bbas<br data-mce-fragment=\"1\">\n<\/li>\n<li data-mce-fragment=\"1\">Hipoaler\u0123isks<\/li>\n<li data-mce-fragment=\"1\">\u016adensnotur\u012bgs<\/li>\n<li data-mce-fragment=\"1\">Nesatur alkoholu un parab\u0113nus<\/li>\n<li data-mce-fragment=\"1\">Piem\u0113rots jut\u012bgai \u0101dai<\/li>\n<li data-mce-fragment=\"1\">Nekairina acis<\/li>\n<li data-mce-fragment=\"1\">Dermatolo\u0123iski un oftalmolo\u0123iski p\u0101rbaud\u012bts<\/li>\n<\/ul>\n<p data-mce-fragment=\"1\"><strong data-mce-fragment=\"1\">Akt\u012bv\u0101s sast\u0101vda\u013cas:<\/strong><br data-mce-fragment=\"1\">Fernblock\u00ae+ tehnolo\u0123ija, \u0137\u012bmisko filtru kombin\u0101cija, Bioshield sist\u0113ma (biomim\u0113tiskais melan\u012bns un OTZ 10), E vitam\u012bns, glikozil\u0101ze, hialuronsk\u0101be, algin\u0101ti, pulullan, urea, glicer\u012bns, L-Ser\u012bns, trehaloze, argin\u012bns.<\/p>\n<p><!----><\/p>","protected":false},"excerpt":{"rendered":"<p>\u013boti augsta fotoim\u016bna aizsardz\u012bba. Viegli uzkl\u0101jams, \u0161\u0137idra tekst\u016bra, labi uzs\u016bcas un piem\u0113rots visiem \u0101das tipiem.Fernblock\u00ae+ tehnolo\u0123ija, specifiski filtri un aizsarg\u0101jo\u0161as un antioksidantu akt\u012bv\u0101s sast\u0101vda\u013cas, aizsarg\u0101 pret 4 veidu starojumu (UVB, UVA, redzamo gaismu un infrasarkano starojumu), neitraliz\u0113 un atjauno saules rad\u012btos boj\u0101jumus. Nodro\u0161ina ilgsto\u0161u \u0101das mitrin\u0101\u0161anu ar biopolim\u0113ru t\u012bklojumu un mitrino\u0161o vielu kompleksu. Tie siner\u0123iski [&hellip;]<\/p>\n","protected":false},"featured_media":49535,"comment_status":"closed","ping_status":"open","template":"","meta":[],"product_brand":[172],"product_cat":[16],"product_tag":[247],"class_list":{"0":"post-49534","1":"product","2":"type-product","3":"status-publish","4":"has-post-thumbnail","6":"product_brand-heliocare","7":"product_cat-bez-kategorijas","8":"product_tag-sejas-kopsana-spf","11":"first","12":"instock","13":"purchasable","14":"product-type-simple"},"_links":{"self":[{"href":"https:\/\/ajaesthetics.org\/ru\/wp-json\/wp\/v2\/product\/49534","targetHints":{"allow":["GET"]}}],"collection":[{"href":"https:\/\/ajaesthetics.org\/ru\/wp-json\/wp\/v2\/product"}],"about":[{"href":"https:\/\/ajaesthetics.org\/ru\/wp-json\/wp\/v2\/types\/product"}],"replies":[{"embeddable":true,"href":"https:\/\/ajaesthetics.org\/ru\/wp-json\/wp\/v2\/comments?post=49534"}],"wp:featuredmedia":[{"embeddable":true,"href":"https:\/\/ajaesthetics.org\/ru\/wp-json\/wp\/v2\/media\/49535"}],"wp:attachment":[{"href":"https:\/\/ajaesthetics.org\/ru\/wp-json\/wp\/v2\/media?parent=49534"}],"wp:term":[{"taxonomy":"product_brand","embeddable":true,"href":"https:\/\/ajaesthetics.org\/ru\/wp-json\/wp\/v2\/product_brand?post=49534"},{"taxonomy":"product_cat","embeddable":true,"href":"https:\/\/ajaesthetics.org\/ru\/wp-json\/wp\/v2\/product_cat?post=49534"},{"taxonomy":"product_tag","embeddable":true,"href":"https:\/\/ajaesthetics.org\/ru\/wp-json\/wp\/v2\/product_tag?post=49534"}],"curies":[{"name":"wp","href":"https:\/\/api.w.org\/{rel}","templated":true}]}}