{"id":49536,"date":"2026-04-19T15:22:31","date_gmt":"2026-04-19T15:22:31","guid":{"rendered":"https:\/\/ajaesthetics.org\/product\/endocare-renewal-eye-cream-acu-krems-ar-retinolu-15-ml\/"},"modified":"2026-04-19T15:22:31","modified_gmt":"2026-04-19T15:22:31","slug":"endocare-renewal-eye-cream-acu-krems-ar-retinolu-15-ml","status":"publish","type":"product","link":"https:\/\/ajaesthetics.org\/ru\/product\/endocare-renewal-eye-cream-acu-krems-ar-retinolu-15-ml\/","title":{"rendered":"ENDOCARE RENEWAL EYE CREAM | Acu kr\u0113ms ar retinolu, 15 ml"},"content":{"rendered":"<p>Acu kr\u0113ms ar retinolu, kas pal\u012bdz samazin\u0101t grumbi\u0146as. Intens\u012bvi atjauno un restrukturiz\u0113 \u0101du, samazinot visp\u0101r\u0113jas \u0101das noveco\u0161an\u0101s paz\u012bmes, k\u0101 grumbi\u0146as, smalk\u0101s l\u012bnijas un nevienm\u0113r\u012bgu \u0101das tekst\u016bru.<\/p>\n<p>Satur t\u012bru retinolu, kas iestr\u0101d\u0101ts glikosf\u0113r\u0101s, kas nodro\u0161ina efekt\u012bvu tekst\u016bras un epidermas atjauno\u0161anos. Ac\u012bmredzami pal\u012bdz samazin\u0101t grumbas ap ac\u012bm un l\u016bp\u0101m, izl\u012bdzina \u0101das tekst\u016bru un pie\u0161\u0137ir mirdzumu.<\/p>\n<p><strong>Priek\u0161roc\u012bbas:<\/strong><\/p>\n<ul>\n<li>Pal\u012bdz samazin\u0101t grumbas un smalk\u0101s l\u012bnijas acu un l\u016bpu zon\u0101<\/li>\n<li>Pie\u0161\u0137ir \u0101dai mirdzumu<\/li>\n<li>Pal\u012bdz izl\u012bdzin\u0101t \u0101das toni un tekst\u016bru<\/li>\n<\/ul>\n<p><strong>Akt\u012bv\u0101s sast\u0101vda\u013cas:<\/strong><\/p>\n<ul>\n<li>Glikosf\u0113r\u0101s iekapsul\u0113ts 0,05% t\u012brs retinols<\/li>\n<li>RetinSphere\u00ae tehnolo\u0123ija<\/li>\n<li>Kofe\u012bns<\/li>\n<li>Haloksils<\/li>\n<\/ul>\n<p><strong>Lieto\u0161ana: <\/strong>uzkl\u0101jiet kr\u0113mu vakar\u0101 un uzkl\u0101jiet uz t\u012bras, sausas \u0101das ap ac\u012bm un l\u016bp\u0101m. Izvairieties no tie\u0161iem saules stariem un izmantojiet SPF50+ sau\u013co\u0161an\u0101s l\u012bdzekli.<\/p>\n<p><!----><\/p>","protected":false},"excerpt":{"rendered":"<p>Acu kr\u0113ms ar retinolu, kas pal\u012bdz samazin\u0101t grumbi\u0146as. Intens\u012bvi atjauno un restrukturiz\u0113 \u0101du, samazinot visp\u0101r\u0113jas \u0101das noveco\u0161an\u0101s paz\u012bmes, k\u0101 grumbi\u0146as, smalk\u0101s l\u012bnijas un nevienm\u0113r\u012bgu \u0101das tekst\u016bru. Satur t\u012bru retinolu, kas iestr\u0101d\u0101ts glikosf\u0113r\u0101s, kas nodro\u0161ina efekt\u012bvu tekst\u016bras un epidermas atjauno\u0161anos. Ac\u012bmredzami pal\u012bdz samazin\u0101t grumbas ap ac\u012bm un l\u016bp\u0101m, izl\u012bdzina \u0101das tekst\u016bru un pie\u0161\u0137ir mirdzumu. Priek\u0161roc\u012bbas: Pal\u012bdz [&hellip;]<\/p>\n","protected":false},"featured_media":49537,"comment_status":"closed","ping_status":"open","template":"","meta":[],"product_brand":[191],"product_cat":[16],"product_tag":[248],"class_list":{"0":"post-49536","1":"product","2":"type-product","3":"status-publish","4":"has-post-thumbnail","6":"product_brand-endocare","7":"product_cat-bez-kategorijas","8":"product_tag-acu-krems-pretnovecosanas","11":"first","12":"instock","13":"purchasable","14":"product-type-simple"},"_links":{"self":[{"href":"https:\/\/ajaesthetics.org\/ru\/wp-json\/wp\/v2\/product\/49536","targetHints":{"allow":["GET"]}}],"collection":[{"href":"https:\/\/ajaesthetics.org\/ru\/wp-json\/wp\/v2\/product"}],"about":[{"href":"https:\/\/ajaesthetics.org\/ru\/wp-json\/wp\/v2\/types\/product"}],"replies":[{"embeddable":true,"href":"https:\/\/ajaesthetics.org\/ru\/wp-json\/wp\/v2\/comments?post=49536"}],"wp:featuredmedia":[{"embeddable":true,"href":"https:\/\/ajaesthetics.org\/ru\/wp-json\/wp\/v2\/media\/49537"}],"wp:attachment":[{"href":"https:\/\/ajaesthetics.org\/ru\/wp-json\/wp\/v2\/media?parent=49536"}],"wp:term":[{"taxonomy":"product_brand","embeddable":true,"href":"https:\/\/ajaesthetics.org\/ru\/wp-json\/wp\/v2\/product_brand?post=49536"},{"taxonomy":"product_cat","embeddable":true,"href":"https:\/\/ajaesthetics.org\/ru\/wp-json\/wp\/v2\/product_cat?post=49536"},{"taxonomy":"product_tag","embeddable":true,"href":"https:\/\/ajaesthetics.org\/ru\/wp-json\/wp\/v2\/product_tag?post=49536"}],"curies":[{"name":"wp","href":"https:\/\/api.w.org\/{rel}","templated":true}]}}