{"id":49538,"date":"2026-04-19T15:22:32","date_gmt":"2026-04-19T15:22:32","guid":{"rendered":"https:\/\/ajaesthetics.org\/product\/heliocare-360-oil-free-kompaktpuderis-spf50-10-g-beige\/"},"modified":"2026-04-19T15:22:33","modified_gmt":"2026-04-19T15:22:33","slug":"heliocare-360-oil-free-kompaktpuderis-spf50-10-g-beige","status":"publish","type":"product","link":"https:\/\/ajaesthetics.org\/ru\/product\/heliocare-360-oil-free-kompaktpuderis-spf50-10-g-beige\/","title":{"rendered":"HELIOCARE 360 OIL-FREE KOMPAKTP\u016aDERIS SPF50, 10 G (Beige)"},"content":{"rendered":"<p>Ikdienas saules aizsargl\u012bdzeklis, nodro\u0161ina pla\u0161a spektra saules aizsardz\u012bbu un izl\u012bdzina \u0101das toni.\u00a0\u00a0<\/p>\n<p>E\u013c\u013cu nesaturo\u0161\u0101 formula ir piem\u0113rota visiem \u0101das tipiem, ar\u012b jut\u012bgai. Mat\u0113tais efekts nodro\u0161ina, ka j\u016bsu \u0101da izskat\u0101s dabiski un pal\u012bdz nov\u0113rst sp\u012bdumu.<\/p>\n<p>Taj\u0101 pa\u0161\u0101 laik\u0101 \u0161is pulveris aizsarg\u0101 pret \u010detru veidu starojumu: UVB, UVA, redzamo gaismu un infrasarkano starojumu. Tas satur ar\u012b Fernblock\u00ae, papardes Polypodium leucotomos ekstraktu, kas paz\u012bstams ar sp\u0113c\u012bgaj\u0101m antioksidanta \u012bpa\u0161\u012bb\u0101m.Turkl\u0101t sast\u0101vs ir bag\u0101tin\u0101ts ar za\u013c\u0101s t\u0113jas ekstraktu, kam piem\u012bt v\u0113l vair\u0101k antioksidat\u012bvu \u012bpa\u0161\u012bbu. Produkts ir dermatolo\u0123iski un oftalmolo\u0123iski p\u0101rbaud\u012bts, nav komedog\u0113ns un iztur\u012bgs pret \u016bdeni un sviedriem.<\/p>\n<p><strong>Priek\u0161roc\u012bbas:<\/strong><\/p>\n<ul>\n<li>SPF50+ aizsardz\u012bba pret UVB, UVA, redzamo gaismu un infrasarkanajiem stariem;<br \/>pal\u012bdz izl\u012bdzin\u0101t \u0101das toni;<\/li>\n<li>pie\u0161\u0137ir \u0101dai dabisku mat\u0113tu efektu;<\/li>\n<li>nodro\u0161ina antioksidantu aizsardz\u012bbu;<\/li>\n<li>\u016bdens un sviedru iztur\u012bgs;<\/li>\n<li>nav komedog\u0113ns;<\/li>\n<li>dermatolo\u0123iski un oftalmolo\u0123iski p\u0101rbaud\u012bts.<\/li>\n<\/ul>\n<p><strong>Akt\u012bv\u0101s sast\u0101vda\u013cas:<\/strong><\/p>\n<ul>\n<li>Fernblock\u00ae+ ir tropisk\u0101s papardes Polypodium leucotomos ekstrakts, kas rada dabisku meh\u0101nismu aizsardz\u012bbai pret saules stariem. \u0160\u012b sast\u0101vda\u013ca palielina \u0101das iztur\u012bbu pret saules apdegumiem, k\u0101 ar\u012b pal\u012bdz c\u012bn\u012bties ar DNS boj\u0101jumiem. Tam piem\u012bt pretnoveco\u0161an\u0101s un antioksidat\u012bvas \u012bpa\u0161\u012bbas, k\u0101 ar\u012b aizsarg\u0101 pret UVB, UVA, redzamo gaismu un infrasarkano staru.<\/li>\n<li>Za\u013c\u0101s t\u0113jas ekstrakts \u2013 bag\u0101ts ar antioksidantiem, kas neitraliz\u0113 br\u012bvo radik\u0101\u013cu boj\u0101jumus un pal\u012bdz nov\u0113rst oksidat\u012bvo stresu.<\/li>\n<li>\u0136\u012bmiskie un fizik\u0101lie saules aizsargl\u012bdzek\u013ci \u2013 nodro\u0161ina aizsardz\u012bbu pret UV stariem.<\/li>\n<li>Dzelzs oks\u012bdi \u2013 ne tikai nosaka produkta kr\u0101su, bet ar\u012b aizsarg\u0101 pret redzamo gaismu, kas veicina hiperpigment\u0101ciju\u00a0<\/li>\n<\/ul>\n<p><strong>Lieto\u0161ana:<\/strong> Pirms saules iedarb\u012bbas bag\u0101t\u012bgi un vienm\u0113r\u012bgi uzkl\u0101jiet sau\u013co\u0161an\u0101s kompakto p\u016bderi. Uzkl\u0101jiet atk\u0101rtoti visas dienas garum\u0101.<\/p>\n<p><!----><\/p>","protected":false},"excerpt":{"rendered":"<p>Ikdienas saules aizsargl\u012bdzeklis, nodro\u0161ina pla\u0161a spektra saules aizsardz\u012bbu un izl\u012bdzina \u0101das toni.\u00a0\u00a0 E\u013c\u013cu nesaturo\u0161\u0101 formula ir piem\u0113rota visiem \u0101das tipiem, ar\u012b jut\u012bgai. Mat\u0113tais efekts nodro\u0161ina, ka j\u016bsu \u0101da izskat\u0101s dabiski un pal\u012bdz nov\u0113rst sp\u012bdumu. Taj\u0101 pa\u0161\u0101 laik\u0101 \u0161is pulveris aizsarg\u0101 pret \u010detru veidu starojumu: UVB, UVA, redzamo gaismu un infrasarkano starojumu. Tas satur ar\u012b Fernblock\u00ae, [&hellip;]<\/p>\n","protected":false},"featured_media":49539,"comment_status":"closed","ping_status":"open","template":"","meta":[],"product_brand":[172],"product_cat":[16],"product_tag":[249],"class_list":{"0":"post-49538","1":"product","2":"type-product","3":"status-publish","4":"has-post-thumbnail","6":"product_brand-heliocare","7":"product_cat-bez-kategorijas","8":"product_tag-cantabria-labs-heliocare-spf","11":"first","12":"instock","13":"purchasable","14":"product-type-simple"},"_links":{"self":[{"href":"https:\/\/ajaesthetics.org\/ru\/wp-json\/wp\/v2\/product\/49538","targetHints":{"allow":["GET"]}}],"collection":[{"href":"https:\/\/ajaesthetics.org\/ru\/wp-json\/wp\/v2\/product"}],"about":[{"href":"https:\/\/ajaesthetics.org\/ru\/wp-json\/wp\/v2\/types\/product"}],"replies":[{"embeddable":true,"href":"https:\/\/ajaesthetics.org\/ru\/wp-json\/wp\/v2\/comments?post=49538"}],"wp:featuredmedia":[{"embeddable":true,"href":"https:\/\/ajaesthetics.org\/ru\/wp-json\/wp\/v2\/media\/49539"}],"wp:attachment":[{"href":"https:\/\/ajaesthetics.org\/ru\/wp-json\/wp\/v2\/media?parent=49538"}],"wp:term":[{"taxonomy":"product_brand","embeddable":true,"href":"https:\/\/ajaesthetics.org\/ru\/wp-json\/wp\/v2\/product_brand?post=49538"},{"taxonomy":"product_cat","embeddable":true,"href":"https:\/\/ajaesthetics.org\/ru\/wp-json\/wp\/v2\/product_cat?post=49538"},{"taxonomy":"product_tag","embeddable":true,"href":"https:\/\/ajaesthetics.org\/ru\/wp-json\/wp\/v2\/product_tag?post=49538"}],"curies":[{"name":"wp","href":"https:\/\/api.w.org\/{rel}","templated":true}]}}