{"id":49540,"date":"2026-04-19T15:22:34","date_gmt":"2026-04-19T15:22:34","guid":{"rendered":"https:\/\/ajaesthetics.org\/product\/iraltone-gentle-frequent-use-shampoo-i-maigs-sampuns-ikdienas-lietosanai-200-ml\/"},"modified":"2026-04-19T15:22:34","modified_gmt":"2026-04-19T15:22:34","slug":"iraltone-gentle-frequent-use-shampoo-i-maigs-sampuns-ikdienas-lietosanai-200-ml","status":"publish","type":"product","link":"https:\/\/ajaesthetics.org\/ru\/product\/iraltone-gentle-frequent-use-shampoo-i-maigs-sampuns-ikdienas-lietosanai-200-ml\/","title":{"rendered":"IRALTONE GENTLE FREQUENT USE SHAMPOO I Maigs \u0161amp\u016bns ikdienas lieto\u0161anai, 200 ML"},"content":{"rendered":"<p>Maigs \u0161amp\u016bns ar kr\u0113m\u012bgu tekst\u016bru, kas mitrina matus, pie\u0161\u0137ir tiem maigumu un sp\u012bdumu.<\/p>\n<p>\u0160amp\u016bns satur sast\u0101vda\u013cas, kas tie\u0161i iedarbojas uz matu folikulu un galvas \u0101du, dzi\u013ci att\u012bra, nesaboj\u0101jot lip\u012bdu sl\u0101ni, pal\u012bdz atjaunot boj\u0101tos matus un saglab\u0101 galvas \u0101das fiziolo\u0123isk\u0101s \u012bpa\u0161\u012bbas.<br \/>\u0160is \u0161amp\u016bns paredz\u0113ts bie\u017eai lieto\u0161anai, lietojams ar\u012b ikdienas var kombin\u0113t ar citiem matu kop\u0161anas l\u012bdzek\u013ciem. Piem\u0113rots visiem matu tipiem.<\/p>\n<p><strong>Lieto\u0161ana:<\/strong> pirms lieto\u0161anas sakrat\u012bt. Uzkl\u0101jiet uz mitriem matiem, iemas\u0113jiet galvas \u0101d\u0101. P\u0113c tam noskalojiet ar lielu daudzumu \u016bdens.<\/p>\n<p><!----><\/p>","protected":false},"excerpt":{"rendered":"<p>Maigs \u0161amp\u016bns ar kr\u0113m\u012bgu tekst\u016bru, kas mitrina matus, pie\u0161\u0137ir tiem maigumu un sp\u012bdumu. \u0160amp\u016bns satur sast\u0101vda\u013cas, kas tie\u0161i iedarbojas uz matu folikulu un galvas \u0101du, dzi\u013ci att\u012bra, nesaboj\u0101jot lip\u012bdu sl\u0101ni, pal\u012bdz atjaunot boj\u0101tos matus un saglab\u0101 galvas \u0101das fiziolo\u0123isk\u0101s \u012bpa\u0161\u012bbas.\u0160is \u0161amp\u016bns paredz\u0113ts bie\u017eai lieto\u0161anai, lietojams ar\u012b ikdienas var kombin\u0113t ar citiem matu kop\u0161anas l\u012bdzek\u013ciem. Piem\u0113rots [&hellip;]<\/p>\n","protected":false},"featured_media":49541,"comment_status":"closed","ping_status":"open","template":"","meta":[],"product_brand":[217],"product_cat":[16],"product_tag":[251],"class_list":{"0":"post-49540","1":"product","2":"type-product","3":"status-publish","4":"has-post-thumbnail","6":"product_brand-iraltone","7":"product_cat-bez-kategorijas","8":"product_tag-cantabria-labs-iraltone-matu-kopsana","11":"first","12":"instock","13":"purchasable","14":"product-type-simple"},"_links":{"self":[{"href":"https:\/\/ajaesthetics.org\/ru\/wp-json\/wp\/v2\/product\/49540","targetHints":{"allow":["GET"]}}],"collection":[{"href":"https:\/\/ajaesthetics.org\/ru\/wp-json\/wp\/v2\/product"}],"about":[{"href":"https:\/\/ajaesthetics.org\/ru\/wp-json\/wp\/v2\/types\/product"}],"replies":[{"embeddable":true,"href":"https:\/\/ajaesthetics.org\/ru\/wp-json\/wp\/v2\/comments?post=49540"}],"wp:featuredmedia":[{"embeddable":true,"href":"https:\/\/ajaesthetics.org\/ru\/wp-json\/wp\/v2\/media\/49541"}],"wp:attachment":[{"href":"https:\/\/ajaesthetics.org\/ru\/wp-json\/wp\/v2\/media?parent=49540"}],"wp:term":[{"taxonomy":"product_brand","embeddable":true,"href":"https:\/\/ajaesthetics.org\/ru\/wp-json\/wp\/v2\/product_brand?post=49540"},{"taxonomy":"product_cat","embeddable":true,"href":"https:\/\/ajaesthetics.org\/ru\/wp-json\/wp\/v2\/product_cat?post=49540"},{"taxonomy":"product_tag","embeddable":true,"href":"https:\/\/ajaesthetics.org\/ru\/wp-json\/wp\/v2\/product_tag?post=49540"}],"curies":[{"name":"wp","href":"https:\/\/api.w.org\/{rel}","templated":true}]}}