{"id":49542,"date":"2026-04-19T15:22:36","date_gmt":"2026-04-19T15:22:36","guid":{"rendered":"https:\/\/ajaesthetics.org\/product\/neoretin-dc-sensitive-areas-body-lotion-i-gaisinoss-kermena-losjons-pigmentacijas-mazinasanai-jutigam-zonam-100-ml\/"},"modified":"2026-04-19T15:22:36","modified_gmt":"2026-04-19T15:22:36","slug":"neoretin-dc-sensitive-areas-body-lotion-i-gaisinoss-kermena-losjons-pigmentacijas-mazinasanai-jutigam-zonam-100-ml","status":"publish","type":"product","link":"https:\/\/ajaesthetics.org\/ru\/product\/neoretin-dc-sensitive-areas-body-lotion-i-gaisinoss-kermena-losjons-pigmentacijas-mazinasanai-jutigam-zonam-100-ml\/","title":{"rendered":"NEORETIN DC SENSITIVE AREAS BODY LOTION I Gai\u0161ino\u0161s \u0137erme\u0146a losjons pigment\u0101cijas mazin\u0101\u0161anai jut\u012bg\u0101m zon\u0101m, 100 ML"},"content":{"rendered":"<p>\u0136erme\u0146a losjons jut\u012bg\u0101m \u0137erme\u0146a zon\u0101m (paduses, bikini zona, aug\u0161stilbi, elko\u0146i, ce\u013ci). Sast\u0101v\u0101 sp\u0113c\u012bgas pigment\u0101ciju mazino\u0161as sast\u0101vda\u013cas un barjeru stiprino\u0161\u0101m sast\u0101vda\u013c\u0101m.<\/p>\n<p><strong>Priek\u0161roc\u012bbas:<\/strong><\/p>\n<ul>\n<li>Viegla tekst\u016bra<\/li>\n<li>\u0100tri ies\u016bcas \u0101d\u0101<\/li>\n<li>Nekairina jut\u012bgo \u0137erme\u0146a zonu \u0101du<\/li>\n<li>Bez smar\u017eviel\u0101m<\/li>\n<li>Pie\u0161\u0137ir \u0101dai gludumu un neatst\u0101j taukainu saj\u016btu<\/li>\n<\/ul>\n<p><strong>Akt\u012bv\u0101s sast\u0101vda\u013cas:<\/strong><\/p>\n<ul>\n<li>\n<strong>Traneksamsk\u0101be un azela\u012bnsk\u0101be<\/strong> &#8211; kav\u0113 melan\u012bna sint\u0113zi.<\/li>\n<li>\n<strong>Niacinam\u012bds<\/strong> &#8211; kav\u0113 melan\u012bna p\u0101rnesi, nodro\u0161ina nomierino\u0161u efektu.<\/li>\n<li>\n<strong>Laktobionsk\u0101bei<\/strong> piem\u012bt \u0161\u016bnu atjaunojo\u0161a iedarb\u012bba.<\/li>\n<li>\n<strong>RetinSphere Technology\u00ae <\/strong>\u2013 jaunas paaudzes retino\u012bdi. Stimul\u0113 un atjauno \u0101du, palielina kolag\u0113na un olbaltumvielu ra\u017eo\u0161anu, pa\u0101trina \u0161\u016bnu atjauno\u0161anos, palielina enz\u012bmu aktivit\u0101ti, normaliz\u0113 keratiniz\u0101ciju.<\/li>\n<li>\n<strong>Fit\u012bnsk\u0101be<\/strong> ir pretpigment\u0101cijas viela, kas inhib\u0113 tirozin\u0101zi. Pal\u012bdz nov\u0113rst \u0101das lip\u012bdu peroksid\u0101ciju. Pie\u0161\u0137ir \u0101dai atjaunojo\u0161as un antioksidanta \u012bpa\u0161\u012bbas.<\/li>\n<li>\n<strong>Dik\u0101lija gliciriz\u0101ts (1%) <\/strong>\u2013 kav\u0113 melan\u012bna sint\u0113zi un ciklooksigen\u0101zes aktivit\u0101ti, samazina br\u012bvo radik\u0101\u013cu veido\u0161anos. Piem\u012bt pretiekaisuma un pretaler\u0123iskas \u012bpa\u0161\u012bbas.<\/li>\n<\/ul>\n<p><strong>Lieto\u0161ana: <\/strong>uzkl\u0101t no r\u012bta un vakar\u0101 uz t\u012bras \u0101das v\u0113lamaj\u0101s jut\u012bgaj\u0101s zon\u0101s (cirk\u0161\u0146os, padus\u0113s, ce\u013cgalos, elko\u0146os) pigment\u0101cijas mazin\u0101\u0161anai.<\/p>\n<p><strong>Sast\u0101vs:<\/strong> <span>Aqua; Niacinamide; Caprylyl Caprylate\/Caprate; Polyglyceryl-3 Distearate; Glycerin; Squalane; Lactobionic Acid; Pentylene Glycol; Potassium Azeloyl Diglycinate; Arginine; Tranexamic Acid; Dipotassium Glycyrrhizate; Glyceryl Stearate; Phytic Acid; Polyacrylate Crosspolymer-6; Sphingomonas Ferment Extract; Glyceryl Stearate Citrate; Trisodium Ethylenediamine Disuccinate; Hexamidine Diisethionate; Dimethyl Isosorbide; Butylene Glycol; PEG-8; Potassium Chloride; Phenoxyethanol; Tocopherol; Hydroxypinacolone Retinoate; Ascorbyl Palmitate; Caprylyl Glycol; Chlorphenesin; Palmitoyl Hydroxypropyltrimonium Amylopectin\/Glycerin Crosspolymer; Citric Acid; Ascorbic Acid; Retinol; 1,2-Hexanediol; Polysorbate 20; Hydrogenated Lecithin; BHT; BHA.<\/span><\/p>\n<p><!----><\/p>","protected":false},"excerpt":{"rendered":"<p>\u0136erme\u0146a losjons jut\u012bg\u0101m \u0137erme\u0146a zon\u0101m (paduses, bikini zona, aug\u0161stilbi, elko\u0146i, ce\u013ci). Sast\u0101v\u0101 sp\u0113c\u012bgas pigment\u0101ciju mazino\u0161as sast\u0101vda\u013cas un barjeru stiprino\u0161\u0101m sast\u0101vda\u013c\u0101m. Priek\u0161roc\u012bbas: Viegla tekst\u016bra \u0100tri ies\u016bcas \u0101d\u0101 Nekairina jut\u012bgo \u0137erme\u0146a zonu \u0101du Bez smar\u017eviel\u0101m Pie\u0161\u0137ir \u0101dai gludumu un neatst\u0101j taukainu saj\u016btu Akt\u012bv\u0101s sast\u0101vda\u013cas: Traneksamsk\u0101be un azela\u012bnsk\u0101be &#8211; kav\u0113 melan\u012bna sint\u0113zi. Niacinam\u012bds &#8211; kav\u0113 melan\u012bna p\u0101rnesi, nodro\u0161ina [&hellip;]<\/p>\n","protected":false},"featured_media":49543,"comment_status":"closed","ping_status":"open","template":"","meta":[],"product_brand":[252],"product_cat":[16],"product_tag":[253],"class_list":{"0":"post-49542","1":"product","2":"type-product","3":"status-publish","4":"has-post-thumbnail","6":"product_brand-neoretin","7":"product_cat-bez-kategorijas","8":"product_tag-cantabria-labs-losjons-neoretin","11":"first","12":"instock","13":"purchasable","14":"product-type-simple"},"_links":{"self":[{"href":"https:\/\/ajaesthetics.org\/ru\/wp-json\/wp\/v2\/product\/49542","targetHints":{"allow":["GET"]}}],"collection":[{"href":"https:\/\/ajaesthetics.org\/ru\/wp-json\/wp\/v2\/product"}],"about":[{"href":"https:\/\/ajaesthetics.org\/ru\/wp-json\/wp\/v2\/types\/product"}],"replies":[{"embeddable":true,"href":"https:\/\/ajaesthetics.org\/ru\/wp-json\/wp\/v2\/comments?post=49542"}],"wp:featuredmedia":[{"embeddable":true,"href":"https:\/\/ajaesthetics.org\/ru\/wp-json\/wp\/v2\/media\/49543"}],"wp:attachment":[{"href":"https:\/\/ajaesthetics.org\/ru\/wp-json\/wp\/v2\/media?parent=49542"}],"wp:term":[{"taxonomy":"product_brand","embeddable":true,"href":"https:\/\/ajaesthetics.org\/ru\/wp-json\/wp\/v2\/product_brand?post=49542"},{"taxonomy":"product_cat","embeddable":true,"href":"https:\/\/ajaesthetics.org\/ru\/wp-json\/wp\/v2\/product_cat?post=49542"},{"taxonomy":"product_tag","embeddable":true,"href":"https:\/\/ajaesthetics.org\/ru\/wp-json\/wp\/v2\/product_tag?post=49542"}],"curies":[{"name":"wp","href":"https:\/\/api.w.org\/{rel}","templated":true}]}}