{"id":49544,"date":"2026-04-19T15:22:37","date_gmt":"2026-04-19T15:22:37","guid":{"rendered":"https:\/\/ajaesthetics.org\/product\/endocare-essential-day-spf30-emulsion-i-mitrinoss-krems-ar-spf30-40-ml\/"},"modified":"2026-04-19T15:22:37","modified_gmt":"2026-04-19T15:22:37","slug":"endocare-essential-day-spf30-emulsion-i-mitrinoss-krems-ar-spf30-40-ml","status":"publish","type":"product","link":"https:\/\/ajaesthetics.org\/ru\/product\/endocare-essential-day-spf30-emulsion-i-mitrinoss-krems-ar-spf30-40-ml\/","title":{"rendered":"ENDOCARE ESSENTIAL DAY SPF30 EMULSION I Mitrino\u0161s kr\u0113ms ar SPF30, 40 ML"},"content":{"rendered":"<p>\u0100tri ies\u016bcas viegls, mitrino\u0161s dienas kr\u0113ms ar saules aizsardz\u012bbu SPF30, mitrina, atjauno un aizsarg\u0101 \u0101du. Piem\u0113rots visiem \u0101das tipiem. Nekomedog\u0113ns.<\/p>\n<p>Izstr\u0101d\u0101ts ar SCA\u00ae aug\u0161anas faktora tehnolo\u0123iju, dabisku \u0101das re\u0123ener\u0101cijas avotu ar antioksidanta un atjaunojo\u0161\u0101m \u012bpa\u0161\u012bb\u0101m, un UVB-UVA filtriem SPF 30 aizsardz\u012bbai. Dermatolo\u0123iski p\u0101rbaud\u012bts.<\/p>\n<p><strong>Priek\u0161roc\u012bbas:<\/strong><\/p>\n<ul>\n<li>Mitrina, sniedz papildu komfortu \u0101dai<\/li>\n<li>Atjaunojo\u0161s efekts<\/li>\n<li>UVB\/UVA filtri: ar SPF 30<\/li>\n<li>Visiem \u0101das tipiem<\/li>\n<li>Nekomedog\u0113ns<\/li>\n<li>Dermatolo\u0123iski p\u0101rbaud\u012bts\u00a0<\/li>\n<\/ul>\n<p><strong>Akt\u012bv\u0101s sast\u0101vda\u013cas:<\/strong> SCA\u00ae aug\u0161anas faktora tehnolo\u0123ija, UVB-UVA filtri.<\/p>\n<p><strong>Lieto\u0161ana:<\/strong> uzkl\u0101t no r\u012bta uz t\u012bras sejas un kakla \u0101das.<\/p>\n<p><!----><\/p>","protected":false},"excerpt":{"rendered":"<p>\u0100tri ies\u016bcas viegls, mitrino\u0161s dienas kr\u0113ms ar saules aizsardz\u012bbu SPF30, mitrina, atjauno un aizsarg\u0101 \u0101du. Piem\u0113rots visiem \u0101das tipiem. Nekomedog\u0113ns. Izstr\u0101d\u0101ts ar SCA\u00ae aug\u0161anas faktora tehnolo\u0123iju, dabisku \u0101das re\u0123ener\u0101cijas avotu ar antioksidanta un atjaunojo\u0161\u0101m \u012bpa\u0161\u012bb\u0101m, un UVB-UVA filtriem SPF 30 aizsardz\u012bbai. Dermatolo\u0123iski p\u0101rbaud\u012bts. Priek\u0161roc\u012bbas: Mitrina, sniedz papildu komfortu \u0101dai Atjaunojo\u0161s efekts UVB\/UVA filtri: ar SPF [&hellip;]<\/p>\n","protected":false},"featured_media":49545,"comment_status":"closed","ping_status":"open","template":"","meta":[],"product_brand":[191],"product_cat":[16],"product_tag":[254],"class_list":{"0":"post-49544","1":"product","2":"type-product","3":"status-publish","4":"has-post-thumbnail","6":"product_brand-endocare","7":"product_cat-bez-kategorijas","8":"product_tag-sejas-kopsana-sejas-krems-spf","11":"first","12":"instock","13":"purchasable","14":"product-type-simple"},"_links":{"self":[{"href":"https:\/\/ajaesthetics.org\/ru\/wp-json\/wp\/v2\/product\/49544","targetHints":{"allow":["GET"]}}],"collection":[{"href":"https:\/\/ajaesthetics.org\/ru\/wp-json\/wp\/v2\/product"}],"about":[{"href":"https:\/\/ajaesthetics.org\/ru\/wp-json\/wp\/v2\/types\/product"}],"replies":[{"embeddable":true,"href":"https:\/\/ajaesthetics.org\/ru\/wp-json\/wp\/v2\/comments?post=49544"}],"wp:featuredmedia":[{"embeddable":true,"href":"https:\/\/ajaesthetics.org\/ru\/wp-json\/wp\/v2\/media\/49545"}],"wp:attachment":[{"href":"https:\/\/ajaesthetics.org\/ru\/wp-json\/wp\/v2\/media?parent=49544"}],"wp:term":[{"taxonomy":"product_brand","embeddable":true,"href":"https:\/\/ajaesthetics.org\/ru\/wp-json\/wp\/v2\/product_brand?post=49544"},{"taxonomy":"product_cat","embeddable":true,"href":"https:\/\/ajaesthetics.org\/ru\/wp-json\/wp\/v2\/product_cat?post=49544"},{"taxonomy":"product_tag","embeddable":true,"href":"https:\/\/ajaesthetics.org\/ru\/wp-json\/wp\/v2\/product_tag?post=49544"}],"curies":[{"name":"wp","href":"https:\/\/api.w.org\/{rel}","templated":true}]}}