{"id":49546,"date":"2026-04-19T15:22:38","date_gmt":"2026-04-19T15:22:38","guid":{"rendered":"https:\/\/ajaesthetics.org\/product\/endocare-renewal-glycoperfect-az-creamy-cleanser-i-glikolskabi-satuross-kremveida-attirisanas-lidzeklis-150-ml\/"},"modified":"2026-04-19T15:22:38","modified_gmt":"2026-04-19T15:22:38","slug":"endocare-renewal-glycoperfect-az-creamy-cleanser-i-glikolskabi-satuross-kremveida-attirisanas-lidzeklis-150-ml","status":"publish","type":"product","link":"https:\/\/ajaesthetics.org\/ru\/product\/endocare-renewal-glycoperfect-az-creamy-cleanser-i-glikolskabi-satuross-kremveida-attirisanas-lidzeklis-150-ml\/","title":{"rendered":"ENDOCARE RENEWAL GLYCOPERFECT [Az] CREAMY CLEANSER I Glikolsk\u0101bi saturo\u0161s kr\u0113mveida att\u012br\u012b\u0161anas l\u012bdzeklis, 150 ML"},"content":{"rendered":"<p>Maigs att\u012bro\u0161s kr\u0113mveida att\u012br\u012bt\u0101js ar 15% AHA sk\u0101b\u0113m nodro\u0161ina dzi\u013cu \u0101das att\u012br\u012b\u0161anu. Atdz\u012bvina \u0101du, no\u0146em net\u012brumus un maigi eksfoli\u0113.<\/p>\n<p><strong>Priek\u0161roc\u012bbas:<\/strong><\/p>\n<ul>\n<li>Kr\u0113m\u012bga un maiga tekst\u016bra<\/li>\n<li>Viegli uzkl\u0101t uz mitras \u0101das<\/li>\n<li>P\u012blinga efekts<\/li>\n<\/ul>\n<p><strong>Akt\u012bv\u0101s sast\u0101vda\u013cas:<\/strong><\/p>\n<ul>\n<li>12% glikolsk\u0101be: stimul\u0113 epidermas \u0161\u016bnu atjauno\u0161an\u0101s ciklu, uzlabo \u0101das izskatu un pie\u0161\u0137ir tai mirdzumu.<\/li>\n<li>3% citronsk\u0101be: pie\u0161\u0137ir mirdzumu, sp\u0113c\u012bgs antioksidants, kas neitraliz\u0113 br\u012bvo radik\u0101\u013cu kait\u012bgo ietekmi. Pal\u012bdz aizkav\u0113t noveco\u0161an\u0101s procesus.<\/li>\n<li>Kli\u0146\u0123er\u012b\u0161u e\u013c\u013ca: \u0101du nomierino\u0161as un atjaunojo\u0161as \u012bpa\u0161\u012bbas, mazina kairin\u0101jumu.<\/li>\n<li>Bisabolols: nomierino\u0161as, dziedino\u0161as, pretiekaisuma un antioksidanta \u012bpa\u0161\u012bbas, aizsarg\u0101 \u0101du no br\u012bvo radik\u0101\u013cu boj\u0101jumiem un vides stresa.<\/li>\n<\/ul>\n<p><strong>Lieto\u0161ana: <\/strong>Pirms produkta uzkl\u0101\u0161anas vakar\u0101 samitriniet \u0101du dzi\u013cai \u0101das att\u012br\u012b\u0161anai, maigi iemas\u0113jiet, l\u012bdz veidojas vieglas putas, un r\u016bp\u012bgi noskalojiet ar lielu \u016bdens daudzumu. Nelietot acu zon\u0101!<\/p>\n<p><strong>Sast\u0101vs: <\/strong><span>Aqua; Glycolic Acid; Sodium Hydroxide; Sodium Acrylates Crosspolymer-2; Pentylene Glycol; Citric Acid; Bis-PEG-12 Dimethicone; C13-15\u00a0Alkane; Sodium Hyaluronate Crosspolymer; Bisabolol; Helianthus annuus Seed Oil;\u00a0Sphingomonas Ferment Extract; Calendula officinalis Flower Extract; Azelaic Acid; Mannitol;\u00a0Phosphatidylcholine; Glycerin; Tocopherol; Hydroxyethyl Acrylate\/Sodium\u00a0Acryloyldimethyl Taurate Copolymer; Polyacrylate Crosspolymer-6; Ethylhexylglycerin;\u00a0Sodium Phytate; Polysorbate 60; Sorbitan Isostearate; Cetyl Alcohol; Polyglyceryl-10\u00a0Laurate; Xanthan Gum; Hesperidin; Sodium Chloride; Potassium Sorbate; Sodium Benzoate;<\/span><br \/><span>Parfum.<\/span><\/p>\n<p><!----><\/p>","protected":false},"excerpt":{"rendered":"<p>Maigs att\u012bro\u0161s kr\u0113mveida att\u012br\u012bt\u0101js ar 15% AHA sk\u0101b\u0113m nodro\u0161ina dzi\u013cu \u0101das att\u012br\u012b\u0161anu. Atdz\u012bvina \u0101du, no\u0146em net\u012brumus un maigi eksfoli\u0113. Priek\u0161roc\u012bbas: Kr\u0113m\u012bga un maiga tekst\u016bra Viegli uzkl\u0101t uz mitras \u0101das P\u012blinga efekts Akt\u012bv\u0101s sast\u0101vda\u013cas: 12% glikolsk\u0101be: stimul\u0113 epidermas \u0161\u016bnu atjauno\u0161an\u0101s ciklu, uzlabo \u0101das izskatu un pie\u0161\u0137ir tai mirdzumu. 3% citronsk\u0101be: pie\u0161\u0137ir mirdzumu, sp\u0113c\u012bgs antioksidants, kas neitraliz\u0113 [&hellip;]<\/p>\n","protected":false},"featured_media":49547,"comment_status":"closed","ping_status":"open","template":"","meta":[],"product_brand":[191],"product_cat":[16],"product_tag":[255],"class_list":{"0":"post-49546","1":"product","2":"type-product","3":"status-publish","4":"has-post-thumbnail","6":"product_brand-endocare","7":"product_cat-bez-kategorijas","8":"product_tag-attiross-gels-cantabria-labs-sejas-kopsana","11":"first","12":"instock","13":"purchasable","14":"product-type-simple"},"_links":{"self":[{"href":"https:\/\/ajaesthetics.org\/ru\/wp-json\/wp\/v2\/product\/49546","targetHints":{"allow":["GET"]}}],"collection":[{"href":"https:\/\/ajaesthetics.org\/ru\/wp-json\/wp\/v2\/product"}],"about":[{"href":"https:\/\/ajaesthetics.org\/ru\/wp-json\/wp\/v2\/types\/product"}],"replies":[{"embeddable":true,"href":"https:\/\/ajaesthetics.org\/ru\/wp-json\/wp\/v2\/comments?post=49546"}],"wp:featuredmedia":[{"embeddable":true,"href":"https:\/\/ajaesthetics.org\/ru\/wp-json\/wp\/v2\/media\/49547"}],"wp:attachment":[{"href":"https:\/\/ajaesthetics.org\/ru\/wp-json\/wp\/v2\/media?parent=49546"}],"wp:term":[{"taxonomy":"product_brand","embeddable":true,"href":"https:\/\/ajaesthetics.org\/ru\/wp-json\/wp\/v2\/product_brand?post=49546"},{"taxonomy":"product_cat","embeddable":true,"href":"https:\/\/ajaesthetics.org\/ru\/wp-json\/wp\/v2\/product_cat?post=49546"},{"taxonomy":"product_tag","embeddable":true,"href":"https:\/\/ajaesthetics.org\/ru\/wp-json\/wp\/v2\/product_tag?post=49546"}],"curies":[{"name":"wp","href":"https:\/\/api.w.org\/{rel}","templated":true}]}}