{"id":49548,"date":"2026-04-19T15:22:40","date_gmt":"2026-04-19T15:22:40","guid":{"rendered":"https:\/\/ajaesthetics.org\/product\/biretix-cleanser-refill-pack-i-sejas-attirosa-gela-papildinams-iepakojums-400-ml\/"},"modified":"2026-04-19T15:22:40","modified_gmt":"2026-04-19T15:22:40","slug":"biretix-cleanser-refill-pack-i-sejas-attirosa-gela-papildinams-iepakojums-400-ml","status":"publish","type":"product","link":"https:\/\/ajaesthetics.org\/ru\/product\/biretix-cleanser-refill-pack-i-sejas-attirosa-gela-papildinams-iepakojums-400-ml\/","title":{"rendered":"BIRETIX CLEANSER REFILL PACK I Sejas Att\u012bro\u0161\u0101 gela papildin\u0101ms iepakojums, 400 ml"},"content":{"rendered":"<div data-mce-fragment=\"1\">\n<span data-mce-fragment=\"1\" style=\"font-size: 0.875rem;\" data-mce-style=\"font-size: 0.875rem;\">\u0160is att\u012bro\u0161ais gels ir \u012bpa\u0161i izstr\u0101d\u0101ts, lai uzlabotu aknes skartas \u0101das st\u0101vokli, piem\u0113rots ar\u012b kombin\u0113tas, taukainas \u0101das att\u012br\u012b\u0161anai.<\/span><br data-mce-fragment=\"1\">\n<\/div>\n<div data-mce-fragment=\"1\"><br data-mce-fragment=\"1\"><\/div>\n<div data-mce-fragment=\"1\">\n<p data-mce-fragment=\"1\">Biretix Cleanser nodro\u0161ina maigu, dzi\u013cu att\u012br\u012b\u0161anu ar pretmikrobu un sebumu regul\u0113jo\u0161u iedarb\u012bbu. Produkts i<span data-mce-fragment=\"1\" style=\"font-size: 0.875rem;\" data-mce-style=\"font-size: 0.875rem;\">zstr\u0101d\u0101ts ar BIOPEP 15 (pretmikrobie pept\u012bdi) un bag\u0101tin\u0101ts ar nomierino\u0161\u0101m un antioksidat\u012bv\u0101m akt\u012bvaj\u0101m sast\u0101vda\u013c\u0101m, kas no\u0146em net\u012brumus, nesausinot \u0101du. <\/span>Dermatolo\u0123iski un oftalmolo\u0123iski p\u0101rbaud\u012bts.<\/p>\n<\/div>\n<div data-mce-fragment=\"1\"><strong data-mce-fragment=\"1\">Sast\u0101vs:<\/strong><\/div>\n<div data-mce-fragment=\"1\">\n<ul data-mce-fragment=\"1\">\n<li data-mce-fragment=\"1\">BIOPEP 15- pretmikrobu pept\u012bdu komplekss<\/li>\n<li data-mce-fragment=\"1\">Alveja \u2013 sebumu regul\u0113jo\u0161a, pretiekaisuma, nomierino\u0161a, pretmikrobu efekts<\/li>\n<li data-mce-fragment=\"1\">Piroktona olam\u012bns\u00a0\u2013 sebumu regul\u0113jo\u0161s, pretmikrobu<\/li>\n<li data-mce-fragment=\"1\">A\u013c\u0123u (mat\u0113jo\u0161s) un burvju lazdas (Hamamelis virginiana) ekstrakts &#8211; pretiekaisuma iedarb\u012bba<\/li>\n<li data-mce-fragment=\"1\">Maigas, att\u012bro\u0161as sast\u0101vda\u013cas<\/li>\n<\/ul>\n<\/div>\n<p data-mce-fragment=\"1\"><strong data-mce-fragment=\"1\">Lieto\u0161ana:<\/strong><span data-mce-fragment=\"1\"> Uzkl\u0101jiet no r\u012bta un vakar\u0101 uz samitrin\u0101tas \u0101das, iemas\u0113jiet maig\u0101m ap\u013cveida kust\u012bb\u0101m. \u013baujiet iedarboties 1 min\u016bti, p\u0113c tam noskalojiet.<\/span><\/p>\n<p data-mce-fragment=\"1\">Paredz\u0113ts atk\u0101rtotai uzpild\u012b\u0161anai, t\u0101 maz\u0101k pat\u0113r\u0113jot plastmasu l\u012bdz 75%!<\/p>\n<p data-mce-fragment=\"1\"><span data-mce-fragment=\"1\"><strong>Sast\u0101vs:<\/strong> Aqua; Propylene Glycol; Decyl Glucoside; Cocamidopropyl Betaine; TEA-Lauryl Sulfate; Propanediol; Sodium Laureth Sulfate; Disodium Laureth Sulfosuccinate; Cocamide DEA; Aloe Barbadensis Leaf Juice; Algae Extract; Propolis Extract; Hamamelis Virginiana Leaf Extract; Oryza Sativa Bran Extract; Boswellia Serrata Extract; Mel Extract; Oligopeptide-10; PEG-150 Pentaerythrityl Tetrastearate; Gluconolactone; Disodium EDTA; Piroctone Olamine; Sodium Benzoate; Butylene Glycol; Calcium Gluconate; Citric Acid; Potassium Sorbate; Parfum; Phenoxyethanol.<\/span><\/p>\n<p data-mce-fragment=\"1\"><strong data-mce-fragment=\"1\">Ra\u017eot\u0101jvalsts:<\/strong><span data-mce-fragment=\"1\">\u00a0<\/span>Sp\u0101nija, Cantabria Labs<\/p>\n<p data-mce-fragment=\"1\"><strong data-mce-fragment=\"1\">Ieg\u0101d\u0101ties veikal\u0101 var:<\/strong><span data-mce-fragment=\"1\">\u00a0<\/span>SIA &#8220;Medexy&#8221;- R\u012bg\u0101, Duntes iel\u0101 15A, 6.st\u0101v\u0101.<\/p>","protected":false},"excerpt":{"rendered":"<p>\u0160is att\u012bro\u0161ais gels ir \u012bpa\u0161i izstr\u0101d\u0101ts, lai uzlabotu aknes skartas \u0101das st\u0101vokli, piem\u0113rots ar\u012b kombin\u0113tas, taukainas \u0101das att\u012br\u012b\u0161anai. Biretix Cleanser nodro\u0161ina maigu, dzi\u013cu att\u012br\u012b\u0161anu ar pretmikrobu un sebumu regul\u0113jo\u0161u iedarb\u012bbu. Produkts izstr\u0101d\u0101ts ar BIOPEP 15 (pretmikrobie pept\u012bdi) un bag\u0101tin\u0101ts ar nomierino\u0161\u0101m un antioksidat\u012bv\u0101m akt\u012bvaj\u0101m sast\u0101vda\u013c\u0101m, kas no\u0146em net\u012brumus, nesausinot \u0101du. Dermatolo\u0123iski un oftalmolo\u0123iski p\u0101rbaud\u012bts. Sast\u0101vs: [&hellip;]<\/p>\n","protected":false},"featured_media":49549,"comment_status":"closed","ping_status":"open","template":"","meta":[],"product_brand":[208],"product_cat":[161],"product_tag":[256],"class_list":{"0":"post-49548","1":"product","2":"type-product","3":"status-publish","4":"has-post-thumbnail","6":"product_brand-biretix","7":"product_cat-skaistums-un-veseliba","8":"product_tag-aknei-biretix-cantabria-labs-sejas-kopsana-sejas-mazgasana-sejas-mazgasanas-lidzekli","11":"first","12":"instock","13":"purchasable","14":"product-type-simple"},"_links":{"self":[{"href":"https:\/\/ajaesthetics.org\/ru\/wp-json\/wp\/v2\/product\/49548","targetHints":{"allow":["GET"]}}],"collection":[{"href":"https:\/\/ajaesthetics.org\/ru\/wp-json\/wp\/v2\/product"}],"about":[{"href":"https:\/\/ajaesthetics.org\/ru\/wp-json\/wp\/v2\/types\/product"}],"replies":[{"embeddable":true,"href":"https:\/\/ajaesthetics.org\/ru\/wp-json\/wp\/v2\/comments?post=49548"}],"wp:featuredmedia":[{"embeddable":true,"href":"https:\/\/ajaesthetics.org\/ru\/wp-json\/wp\/v2\/media\/49549"}],"wp:attachment":[{"href":"https:\/\/ajaesthetics.org\/ru\/wp-json\/wp\/v2\/media?parent=49548"}],"wp:term":[{"taxonomy":"product_brand","embeddable":true,"href":"https:\/\/ajaesthetics.org\/ru\/wp-json\/wp\/v2\/product_brand?post=49548"},{"taxonomy":"product_cat","embeddable":true,"href":"https:\/\/ajaesthetics.org\/ru\/wp-json\/wp\/v2\/product_cat?post=49548"},{"taxonomy":"product_tag","embeddable":true,"href":"https:\/\/ajaesthetics.org\/ru\/wp-json\/wp\/v2\/product_tag?post=49548"}],"curies":[{"name":"wp","href":"https:\/\/api.w.org\/{rel}","templated":true}]}}