{"id":49552,"date":"2026-04-19T15:22:44","date_gmt":"2026-04-19T15:22:44","guid":{"rendered":"https:\/\/ajaesthetics.org\/product\/heliocare-360-sport-transparent-stick-spf-50-25-g\/"},"modified":"2026-04-19T15:22:45","modified_gmt":"2026-04-19T15:22:45","slug":"heliocare-360-sport-transparent-stick-spf-50-25-g","status":"publish","type":"product","link":"https:\/\/ajaesthetics.org\/ru\/product\/heliocare-360-sport-transparent-stick-spf-50-25-g\/","title":{"rendered":"HELIOCARE 360 SPORT TRANSPARENT STICK SPF 50+, 25 G"},"content":{"rendered":"<p>SPF50+ z\u012bmulis ikdienas lieto\u0161anai, nodro\u0161ina \u013coti augstu fotoim\u016bnu aizsardz\u012bbu. Piem\u0113rots visiem \u0101das tipiem, ar\u012b jut\u012bgai. \u016adens un sviedru iztur\u012bgs, bez kr\u0101sas. T\u0101 form\u0101ts \u013cauj to viegli p\u0101rn\u0113s\u0101t un lietot p\u0113c vajadz\u012bbas.<br data-mce-fragment=\"1\">Oblig\u0101ts \u0101ra sporta entuziastiem!<\/p>\n<p>Atbilst visaugst\u0101kaj\u0101m fotoaizsardz\u012bbas pras\u012bb\u0101m. Izstr\u0101d\u0101ts ar modernu filtru kombin\u0101ciju, kas aizsarg\u0101 pret 4 veidu starojumiem (UVB, UVA, redzamiem un infrasarkanajiem) un specifisk\u0101m akt\u012bvaj\u0101m viel\u0101m, piem\u0113ram, Fernblock\u00ae+, kas nodro\u0161ina intens\u012bvu antioksidat\u012bvu iedarb\u012bbu un saules boj\u0101jumu nov\u0113r\u0161anu.<\/p>\n<p>Dermatolo\u0123iski un oftalmolo\u0123iski p\u0101rbaud\u012bts.<\/p>\n<p><strong>Akt\u012bv\u0101s sast\u0101vda\u013cas:<\/strong> Fernblock\u00ae+, E vitam\u012bns, optimiz\u0113tu un stabilu saules aizsargfiltru kombin\u0101cija.<\/p>\n<p><strong>Lieto\u0161ana:<\/strong> Uzkl\u0101jiet bag\u0101t\u012bgi un vienm\u0113r\u012bgi pirms saules iedarb\u012bbas. Uzkl\u0101jiet bie\u017ei, \u012bpa\u0161i p\u0113c ilgsto\u0161as \u200b\u200bpeld\u0113\u0161anas vai sp\u0113c\u012bgas sv\u012b\u0161anas.\u00a0<\/p>","protected":false},"excerpt":{"rendered":"<p>SPF50+ z\u012bmulis ikdienas lieto\u0161anai, nodro\u0161ina \u013coti augstu fotoim\u016bnu aizsardz\u012bbu. Piem\u0113rots visiem \u0101das tipiem, ar\u012b jut\u012bgai. \u016adens un sviedru iztur\u012bgs, bez kr\u0101sas. T\u0101 form\u0101ts \u013cauj to viegli p\u0101rn\u0113s\u0101t un lietot p\u0113c vajadz\u012bbas.Oblig\u0101ts \u0101ra sporta entuziastiem! Atbilst visaugst\u0101kaj\u0101m fotoaizsardz\u012bbas pras\u012bb\u0101m. Izstr\u0101d\u0101ts ar modernu filtru kombin\u0101ciju, kas aizsarg\u0101 pret 4 veidu starojumiem (UVB, UVA, redzamiem un infrasarkanajiem) un [&hellip;]<\/p>\n","protected":false},"featured_media":49553,"comment_status":"closed","ping_status":"open","template":"","meta":[],"product_brand":[172],"product_cat":[161],"product_tag":[257],"class_list":{"0":"post-49552","1":"product","2":"type-product","3":"status-publish","4":"has-post-thumbnail","6":"product_brand-heliocare","7":"product_cat-skaistums-un-veseliba","8":"product_tag-aizsardziba-pret-sauli-cantabria-labs-heliocare-saules-aizsardziba-spf-spf-aizsardziba","11":"first","12":"instock","13":"purchasable","14":"product-type-simple"},"_links":{"self":[{"href":"https:\/\/ajaesthetics.org\/ru\/wp-json\/wp\/v2\/product\/49552","targetHints":{"allow":["GET"]}}],"collection":[{"href":"https:\/\/ajaesthetics.org\/ru\/wp-json\/wp\/v2\/product"}],"about":[{"href":"https:\/\/ajaesthetics.org\/ru\/wp-json\/wp\/v2\/types\/product"}],"replies":[{"embeddable":true,"href":"https:\/\/ajaesthetics.org\/ru\/wp-json\/wp\/v2\/comments?post=49552"}],"wp:featuredmedia":[{"embeddable":true,"href":"https:\/\/ajaesthetics.org\/ru\/wp-json\/wp\/v2\/media\/49553"}],"wp:attachment":[{"href":"https:\/\/ajaesthetics.org\/ru\/wp-json\/wp\/v2\/media?parent=49552"}],"wp:term":[{"taxonomy":"product_brand","embeddable":true,"href":"https:\/\/ajaesthetics.org\/ru\/wp-json\/wp\/v2\/product_brand?post=49552"},{"taxonomy":"product_cat","embeddable":true,"href":"https:\/\/ajaesthetics.org\/ru\/wp-json\/wp\/v2\/product_cat?post=49552"},{"taxonomy":"product_tag","embeddable":true,"href":"https:\/\/ajaesthetics.org\/ru\/wp-json\/wp\/v2\/product_tag?post=49552"}],"curies":[{"name":"wp","href":"https:\/\/api.w.org\/{rel}","templated":true}]}}