{"id":49554,"date":"2026-04-19T15:22:46","date_gmt":"2026-04-19T15:22:46","guid":{"rendered":"https:\/\/ajaesthetics.org\/product\/heliocare-360-pediatrics-stick-spf50-25-g\/"},"modified":"2026-04-19T15:22:46","modified_gmt":"2026-04-19T15:22:46","slug":"heliocare-360-pediatrics-stick-spf50-25-g","status":"publish","type":"product","link":"https:\/\/ajaesthetics.org\/ru\/product\/heliocare-360-pediatrics-stick-spf50-25-g\/","title":{"rendered":"HELIOCARE 360 PEDIATRICS STICK SPF50+, 25 G"},"content":{"rendered":"<p>SPF 50+ z\u012bmulis b\u0113rniem, paredz\u0113ts ikdienas lieto\u0161anai. Viegli aplic\u0113jams, bez kr\u0101sas.<\/p>\n<p><span style=\"font-size: 0.875rem;\">Nodro\u0161ina pla\u0161a spektra saules aizsardz\u012bbu, aizsarg\u0101jot pret 4 veidu starojumu (UVB, UVA, redzamajiem un infrasarkanajiem) ar Fernblock+, papardes Polypodium Leucotomos un Astanxantina ekstraktu, bag\u0101tin\u0101ts ar mikroa\u013c\u0123u Haematococcus pluvialis ekstraktu, nodro\u0161inot papildu antioksidat\u012bvu efektu, neitraliz\u0113jot un atjaunojot saules rad\u012bto boj\u0101jumu \u0101d\u0101.<\/span><\/p>\n<p><strong>Priek\u0161roc\u012bbas:<\/strong><br data-mce-fragment=\"1\"><\/p>\n<ul>\n<li>Pla\u0161a spektra aizsardz\u012bba (SPF50+, PA++++, UVB, UVA, redzam\u0101 un infrasarkan\u0101)<\/li>\n<li>Antioksidat\u012bvs efekts<\/li>\n<li>\u016adens, sviedru un smil\u0161u iztur\u012bgs<\/li>\n<li>Dermatolo\u0123iski p\u0101rbaud\u012bts<\/li>\n<li>Piem\u0113rots lieto\u0161anai b\u0113rniem no 2 gadu vecuma\u00a0<\/li>\n<li>Bezkr\u0101sains\u00a0<\/li>\n<li>Viegli aplic\u0113jams<\/li>\n<\/ul>\n<p><strong>Akt\u012bv\u0101s sast\u0101vda\u013cas:<\/strong> optim\u0101lu un stabilu saules aizsargfiltru kombin\u0101cija, Fernblock\u00ae+, Astaksant\u012bns.<br data-mce-fragment=\"1\"><br data-mce-fragment=\"1\"><strong>Lieto\u0161ana:<\/strong> Uzkl\u0101jiet bag\u0101t\u012bgi un vienm\u0113r\u012bgi pirms uztur\u0113\u0161an\u0101s saul\u0113. Uzkl\u0101jiet bie\u017ei, \u012bpa\u0161i p\u0113c \u200b\u200bpeld\u0113\u0161anas vai sp\u0113c\u012bgas sv\u012b\u0161anas.\u00a0<\/p>\n<div id=\"nav-description\" class=\"product-nav-content\">\n<div class=\"right simple-text\">\n<p><strong>Sast\u0101vs:<\/strong><\/p>\n<p>Coco-Caprylate\/ Caprate; Dicaprylyl Carbonate; Bis-Ethylhexyloxyphenol Methoxyphenyl Triazine; Diethylamino Hydroxybenzoyl Hexyl Benzoate; Dibutyl Lauroyl Glutamide; Diethylhexyl Butamido Triazone; Ethylhexyl Triazone; Dibutyl Ethylhexanoyl Glutamide; Ethyl Vanillin; Polypodium leucotomos Leaf Extract; Tocopherol; Diethylhexyl Syringylidenemalonate; Caprylic\/Capric Triglyceride; Haematococcus pluvialis Extract; Propylene Glycol; Maltodextrin; Lecithin; Silica; Ascorbyl Palmitate; Rosmarinus officinalis Flower\/Leaf\/Stem Extract.<\/p>\n<\/div>\n<\/div>","protected":false},"excerpt":{"rendered":"<p>SPF 50+ z\u012bmulis b\u0113rniem, paredz\u0113ts ikdienas lieto\u0161anai. Viegli aplic\u0113jams, bez kr\u0101sas. Nodro\u0161ina pla\u0161a spektra saules aizsardz\u012bbu, aizsarg\u0101jot pret 4 veidu starojumu (UVB, UVA, redzamajiem un infrasarkanajiem) ar Fernblock+, papardes Polypodium Leucotomos un Astanxantina ekstraktu, bag\u0101tin\u0101ts ar mikroa\u013c\u0123u Haematococcus pluvialis ekstraktu, nodro\u0161inot papildu antioksidat\u012bvu efektu, neitraliz\u0113jot un atjaunojot saules rad\u012bto boj\u0101jumu \u0101d\u0101. Priek\u0161roc\u012bbas: Pla\u0161a spektra aizsardz\u012bba [&hellip;]<\/p>\n","protected":false},"featured_media":49555,"comment_status":"closed","ping_status":"open","template":"","meta":[],"product_brand":[172],"product_cat":[161],"product_tag":[258],"class_list":{"0":"post-49554","1":"product","2":"type-product","3":"status-publish","4":"has-post-thumbnail","6":"product_brand-heliocare","7":"product_cat-skaistums-un-veseliba","8":"product_tag-aizsardziba-pret-sauli-berniem-cantabria-labs-heliocare-saules-aizsardziba-sejas-kopsana-spf-spf-aizsardziba-spf-berniem-spf50","11":"first","12":"instock","13":"purchasable","14":"product-type-simple"},"_links":{"self":[{"href":"https:\/\/ajaesthetics.org\/ru\/wp-json\/wp\/v2\/product\/49554","targetHints":{"allow":["GET"]}}],"collection":[{"href":"https:\/\/ajaesthetics.org\/ru\/wp-json\/wp\/v2\/product"}],"about":[{"href":"https:\/\/ajaesthetics.org\/ru\/wp-json\/wp\/v2\/types\/product"}],"replies":[{"embeddable":true,"href":"https:\/\/ajaesthetics.org\/ru\/wp-json\/wp\/v2\/comments?post=49554"}],"wp:featuredmedia":[{"embeddable":true,"href":"https:\/\/ajaesthetics.org\/ru\/wp-json\/wp\/v2\/media\/49555"}],"wp:attachment":[{"href":"https:\/\/ajaesthetics.org\/ru\/wp-json\/wp\/v2\/media?parent=49554"}],"wp:term":[{"taxonomy":"product_brand","embeddable":true,"href":"https:\/\/ajaesthetics.org\/ru\/wp-json\/wp\/v2\/product_brand?post=49554"},{"taxonomy":"product_cat","embeddable":true,"href":"https:\/\/ajaesthetics.org\/ru\/wp-json\/wp\/v2\/product_cat?post=49554"},{"taxonomy":"product_tag","embeddable":true,"href":"https:\/\/ajaesthetics.org\/ru\/wp-json\/wp\/v2\/product_tag?post=49554"}],"curies":[{"name":"wp","href":"https:\/\/api.w.org\/{rel}","templated":true}]}}