{"id":49558,"date":"2026-04-19T15:22:51","date_gmt":"2026-04-19T15:22:51","guid":{"rendered":"https:\/\/ajaesthetics.org\/product\/heliocare-color-gelcream-spf50-brown-gelkrems-ar-toni-spf50-50-ml\/"},"modified":"2026-04-19T15:22:51","modified_gmt":"2026-04-19T15:22:51","slug":"heliocare-color-gelcream-spf50-brown-gelkrems-ar-toni-spf50-50-ml","status":"publish","type":"product","link":"https:\/\/ajaesthetics.org\/ru\/product\/heliocare-color-gelcream-spf50-brown-gelkrems-ar-toni-spf50-50-ml\/","title":{"rendered":"HELIOCARE COLOR GELCREAM SPF50 (BROWN) | Gelkr\u0113ms ar toni SPF50, 50 ml"},"content":{"rendered":"<p><span lang=\"lv\" class=\"VIiyi\" jsname=\"jqKxS\" jsaction=\"mouseup:BR6jm\" data-mce-fragment=\"1\"><span data-number-of-phrases=\"25\" data-phrase-index=\"0\" data-language-to-translate-into=\"lt\" data-language-for-alternatives=\"lv\" class=\"JLqJ4b ChMk0b\" jsmodel=\"SsMkhd\" jsdata=\"uqLsIf;_;$127\" jscontroller=\"Zl5N8\" jsname=\"txFAF\" jsaction=\"agoMJf:PFBcW;usxOmf:aWLT7;jhKsnd:P7O7bd,F8DmGf;Q4AGo:Gm7gYd,qAKMYb;uFUCPb:pvnm0e,pfE8Hb,PFBcW;f56efd:dJXsye;EnoYf:KNzws,ZJsZZ,JgVSJc;zdMJQc:cCQNKb,ZJsZZ,zchEXc;Ytrrj:JJDvdc;tNR8yc:GeFvjb;oFN6Ye:hij5Wb;bmeZHc:iURhpf;Oxj3Xe:qAKMYb,yaf12d\" data-mce-fragment=\"1\"><span class=\"Q4iAWc\" jsname=\"W297wb\" jsaction=\"click:qtZ4nf,GFf3ac,tMZCfe; contextmenu:Nqw7Te,QP7LD; mouseout:Nqw7Te; mouseover:qtZ4nf,c2aHje\" data-mce-fragment=\"1\">Augstas aizsardz\u012bbas gela saules aizsargkr\u0113ms ar kr\u0101su, kura sast\u0101vs ir bag\u0101tin\u0101ts ar Fernblock\u00ae un antioksidantiem.<\/span><\/span><span data-number-of-phrases=\"25\" data-phrase-index=\"1\" data-language-to-translate-into=\"lt\" data-language-for-alternatives=\"lv\" class=\"JLqJ4b\" jsmodel=\"SsMkhd\" jsdata=\"uqLsIf;_;$128\" jscontroller=\"Zl5N8\" jsname=\"txFAF\" jsaction=\"agoMJf:PFBcW;usxOmf:aWLT7;jhKsnd:P7O7bd,F8DmGf;Q4AGo:Gm7gYd,qAKMYb;uFUCPb:pvnm0e,pfE8Hb,PFBcW;f56efd:dJXsye;EnoYf:KNzws,ZJsZZ,JgVSJc;zdMJQc:cCQNKb,ZJsZZ,zchEXc;Ytrrj:JJDvdc;tNR8yc:GeFvjb;oFN6Ye:hij5Wb;bmeZHc:iURhpf;Oxj3Xe:qAKMYb,yaf12d\" data-mce-fragment=\"1\"><span class=\"Q4iAWc\" jsname=\"W297wb\" jsaction=\"click:qtZ4nf,GFf3ac,tMZCfe; contextmenu:Nqw7Te,QP7LD; mouseout:Nqw7Te; mouseover:qtZ4nf,c2aHje\" data-mce-fragment=\"1\"> <\/span><\/span><\/span><\/p>\n<p><span lang=\"lv\" class=\"VIiyi\" jsname=\"jqKxS\" jsaction=\"mouseup:BR6jm\" data-mce-fragment=\"1\"><span data-number-of-phrases=\"25\" data-phrase-index=\"2\" data-language-to-translate-into=\"lt\" data-language-for-alternatives=\"lv\" class=\"JLqJ4b ChMk0b\" jsmodel=\"SsMkhd\" jsdata=\"uqLsIf;_;$129\" jscontroller=\"Zl5N8\" jsname=\"txFAF\" jsaction=\"agoMJf:PFBcW;usxOmf:aWLT7;jhKsnd:P7O7bd,F8DmGf;Q4AGo:Gm7gYd,qAKMYb;uFUCPb:pvnm0e,pfE8Hb,PFBcW;f56efd:dJXsye;EnoYf:KNzws,ZJsZZ,JgVSJc;zdMJQc:cCQNKb,ZJsZZ,zchEXc;Ytrrj:JJDvdc;tNR8yc:GeFvjb;oFN6Ye:hij5Wb;bmeZHc:iURhpf;Oxj3Xe:qAKMYb,yaf12d\" data-mce-fragment=\"1\"><span class=\"Q4iAWc\" jsname=\"W297wb\" jsaction=\"click:qtZ4nf,GFf3ac,tMZCfe; contextmenu:Nqw7Te,QP7LD; mouseout:Nqw7Te; mouseover:qtZ4nf,c2aHje\" data-mce-fragment=\"1\">Mitrino\u0161s un nekomedog\u0113ns gelkr\u0113ms, kas pal\u012bdz aizsarg\u0101t \u0101du no saules starojuma.<\/span><\/span> K<span data-number-of-phrases=\"25\" data-phrase-index=\"3\" data-language-to-translate-into=\"lt\" data-language-for-alternatives=\"lv\" class=\"JLqJ4b ChMk0b\" jsmodel=\"SsMkhd\" jsdata=\"uqLsIf;_;$130\" jscontroller=\"Zl5N8\" jsname=\"txFAF\" jsaction=\"agoMJf:PFBcW;usxOmf:aWLT7;jhKsnd:P7O7bd,F8DmGf;Q4AGo:Gm7gYd,qAKMYb;uFUCPb:pvnm0e,pfE8Hb,PFBcW;f56efd:dJXsye;EnoYf:KNzws,ZJsZZ,JgVSJc;zdMJQc:cCQNKb,ZJsZZ,zchEXc;Ytrrj:JJDvdc;tNR8yc:GeFvjb;oFN6Ye:hij5Wb;bmeZHc:iURhpf;Oxj3Xe:qAKMYb,yaf12d\" data-mce-fragment=\"1\"><span class=\"Q4iAWc\" jsname=\"W297wb\" jsaction=\"click:qtZ4nf,GFf3ac,tMZCfe; contextmenu:Nqw7Te,QP7LD; mouseout:Nqw7Te; mouseover:qtZ4nf,c2aHje\" data-mce-fragment=\"1\">r\u0113ms pal\u012bdz rad\u012bt dabisku izskatu, labi nosl\u0113pj nepiln\u012bbas un var tikt izmantots k\u0101 ikdienas ton\u0101lais kr\u0113ms.<\/span><\/span><\/span><\/p>\n<p><strong><span lang=\"lv\" class=\"VIiyi\" jsname=\"jqKxS\" jsaction=\"mouseup:BR6jm\" data-mce-fragment=\"1\"><span data-number-of-phrases=\"25\" data-phrase-index=\"5\" data-language-to-translate-into=\"lt\" data-language-for-alternatives=\"lv\" class=\"JLqJ4b ChMk0b\" jsmodel=\"SsMkhd\" jsdata=\"uqLsIf;_;$132\" jscontroller=\"Zl5N8\" jsname=\"txFAF\" jsaction=\"agoMJf:PFBcW;usxOmf:aWLT7;jhKsnd:P7O7bd,F8DmGf;Q4AGo:Gm7gYd,qAKMYb;uFUCPb:pvnm0e,pfE8Hb,PFBcW;f56efd:dJXsye;EnoYf:KNzws,ZJsZZ,JgVSJc;zdMJQc:cCQNKb,ZJsZZ,zchEXc;Ytrrj:JJDvdc;tNR8yc:GeFvjb;oFN6Ye:hij5Wb;bmeZHc:iURhpf;Oxj3Xe:qAKMYb,yaf12d\" data-mce-fragment=\"1\"><span class=\"Q4iAWc\" jsname=\"W297wb\" jsaction=\"click:qtZ4nf,GFf3ac,tMZCfe; contextmenu:Nqw7Te,QP7LD; mouseout:Nqw7Te; mouseover:qtZ4nf,c2aHje\" data-mce-fragment=\"1\">Priek\u0161roc\u012bbas:<\/span><\/span><span data-number-of-phrases=\"25\" data-phrase-index=\"6\" data-language-to-translate-into=\"lt\" data-language-for-alternatives=\"lv\" class=\"JLqJ4b\" jsmodel=\"SsMkhd\" jsdata=\"uqLsIf;_;$133\" jscontroller=\"Zl5N8\" jsname=\"txFAF\" jsaction=\"agoMJf:PFBcW;usxOmf:aWLT7;jhKsnd:P7O7bd,F8DmGf;Q4AGo:Gm7gYd,qAKMYb;uFUCPb:pvnm0e,pfE8Hb,PFBcW;f56efd:dJXsye;EnoYf:KNzws,ZJsZZ,JgVSJc;zdMJQc:cCQNKb,ZJsZZ,zchEXc;Ytrrj:JJDvdc;tNR8yc:GeFvjb;oFN6Ye:hij5Wb;bmeZHc:iURhpf;Oxj3Xe:qAKMYb,yaf12d\" data-mce-fragment=\"1\"><span class=\"Q4iAWc\" jsname=\"W297wb\" jsaction=\"click:qtZ4nf,GFf3ac,tMZCfe; contextmenu:Nqw7Te,QP7LD; mouseout:Nqw7Te; mouseover:qtZ4nf,c2aHje\" data-mce-fragment=\"1\"> <\/span><\/span> <\/span><\/strong><\/p>\n<ul>\n<li><span lang=\"lv\" class=\"VIiyi\" jsname=\"jqKxS\" jsaction=\"mouseup:BR6jm\" data-mce-fragment=\"1\"><span data-number-of-phrases=\"25\" data-phrase-index=\"7\" data-language-to-translate-into=\"lt\" data-language-for-alternatives=\"lv\" class=\"JLqJ4b ChMk0b\" jsmodel=\"SsMkhd\" jsdata=\"uqLsIf;_;$134\" jscontroller=\"Zl5N8\" jsname=\"txFAF\" jsaction=\"agoMJf:PFBcW;usxOmf:aWLT7;jhKsnd:P7O7bd,F8DmGf;Q4AGo:Gm7gYd,qAKMYb;uFUCPb:pvnm0e,pfE8Hb,PFBcW;f56efd:dJXsye;EnoYf:KNzws,ZJsZZ,JgVSJc;zdMJQc:cCQNKb,ZJsZZ,zchEXc;Ytrrj:JJDvdc;tNR8yc:GeFvjb;oFN6Ye:hij5Wb;bmeZHc:iURhpf;Oxj3Xe:qAKMYb,yaf12d\" data-mce-fragment=\"1\"><span class=\"Q4iAWc\" jsname=\"W297wb\" jsaction=\"click:qtZ4nf,GFf3ac,tMZCfe; contextmenu:Nqw7Te,QP7LD; mouseout:Nqw7Te; mouseover:qtZ4nf,c2aHje\" data-mce-fragment=\"1\">Pla\u0161a spektra saules aizsardz\u012bba (SPF50).<\/span><\/span><\/span><\/li>\n<li><span lang=\"lv\" class=\"VIiyi\" jsname=\"jqKxS\" jsaction=\"mouseup:BR6jm\" data-mce-fragment=\"1\"><span data-number-of-phrases=\"25\" data-phrase-index=\"9\" data-language-to-translate-into=\"lt\" data-language-for-alternatives=\"lv\" class=\"JLqJ4b ChMk0b\" jsmodel=\"SsMkhd\" jsdata=\"uqLsIf;_;$136\" jscontroller=\"Zl5N8\" jsname=\"txFAF\" jsaction=\"agoMJf:PFBcW;usxOmf:aWLT7;jhKsnd:P7O7bd,F8DmGf;Q4AGo:Gm7gYd,qAKMYb;uFUCPb:pvnm0e,pfE8Hb,PFBcW;f56efd:dJXsye;EnoYf:KNzws,ZJsZZ,JgVSJc;zdMJQc:cCQNKb,ZJsZZ,zchEXc;Ytrrj:JJDvdc;tNR8yc:GeFvjb;oFN6Ye:hij5Wb;bmeZHc:iURhpf;Oxj3Xe:qAKMYb,yaf12d\" data-mce-fragment=\"1\"><span class=\"Q4iAWc\" jsname=\"W297wb\" jsaction=\"click:qtZ4nf,GFf3ac,tMZCfe; contextmenu:Nqw7Te,QP7LD; mouseout:Nqw7Te; mouseover:qtZ4nf,c2aHje\" data-mce-fragment=\"1\">Saules boj\u0101jumu nov\u0113r\u0161ana.<\/span><\/span><\/span><\/li>\n<li><span lang=\"lv\" class=\"VIiyi\" jsname=\"jqKxS\" jsaction=\"mouseup:BR6jm\" data-mce-fragment=\"1\"><span data-number-of-phrases=\"25\" data-phrase-index=\"11\" data-language-to-translate-into=\"lt\" data-language-for-alternatives=\"lv\" class=\"JLqJ4b ChMk0b\" jsmodel=\"SsMkhd\" jsdata=\"uqLsIf;_;$138\" jscontroller=\"Zl5N8\" jsname=\"txFAF\" jsaction=\"agoMJf:PFBcW;usxOmf:aWLT7;jhKsnd:P7O7bd,F8DmGf;Q4AGo:Gm7gYd,qAKMYb;uFUCPb:pvnm0e,pfE8Hb,PFBcW;f56efd:dJXsye;EnoYf:KNzws,ZJsZZ,JgVSJc;zdMJQc:cCQNKb,ZJsZZ,zchEXc;Ytrrj:JJDvdc;tNR8yc:GeFvjb;oFN6Ye:hij5Wb;bmeZHc:iURhpf;Oxj3Xe:qAKMYb,yaf12d\" data-mce-fragment=\"1\"><span class=\"Q4iAWc\" jsname=\"W297wb\" jsaction=\"click:qtZ4nf,GFf3ac,tMZCfe; contextmenu:Nqw7Te,QP7LD; mouseout:Nqw7Te; mouseover:qtZ4nf,c2aHje\" data-mce-fragment=\"1\">Satur antioksidantus.<\/span><\/span><\/span><\/li>\n<li><span lang=\"lv\" class=\"VIiyi\" jsname=\"jqKxS\" jsaction=\"mouseup:BR6jm\" data-mce-fragment=\"1\"><span data-number-of-phrases=\"25\" data-phrase-index=\"13\" data-language-to-translate-into=\"lt\" data-language-for-alternatives=\"lv\" class=\"JLqJ4b ChMk0b\" jsmodel=\"SsMkhd\" jsdata=\"uqLsIf;_;$140\" jscontroller=\"Zl5N8\" jsname=\"txFAF\" jsaction=\"agoMJf:PFBcW;usxOmf:aWLT7;jhKsnd:P7O7bd,F8DmGf;Q4AGo:Gm7gYd,qAKMYb;uFUCPb:pvnm0e,pfE8Hb,PFBcW;f56efd:dJXsye;EnoYf:KNzws,ZJsZZ,JgVSJc;zdMJQc:cCQNKb,ZJsZZ,zchEXc;Ytrrj:JJDvdc;tNR8yc:GeFvjb;oFN6Ye:hij5Wb;bmeZHc:iURhpf;Oxj3Xe:qAKMYb,yaf12d\" data-mce-fragment=\"1\"><span class=\"Q4iAWc\" jsname=\"W297wb\" jsaction=\"click:qtZ4nf,GFf3ac,tMZCfe; contextmenu:Nqw7Te,QP7LD; mouseout:Nqw7Te; mouseover:qtZ4nf,c2aHje\" data-mce-fragment=\"1\">Var izmantot k\u0101 grima b\u0101zi.<\/span><\/span><\/span><\/li>\n<li><span lang=\"lv\" class=\"VIiyi\" jsname=\"jqKxS\" jsaction=\"mouseup:BR6jm\" data-mce-fragment=\"1\"><span data-number-of-phrases=\"25\" data-phrase-index=\"15\" data-language-to-translate-into=\"lt\" data-language-for-alternatives=\"lv\" class=\"JLqJ4b ChMk0b\" jsmodel=\"SsMkhd\" jsdata=\"uqLsIf;_;$142\" jscontroller=\"Zl5N8\" jsname=\"txFAF\" jsaction=\"agoMJf:PFBcW;usxOmf:aWLT7;jhKsnd:P7O7bd,F8DmGf;Q4AGo:Gm7gYd,qAKMYb;uFUCPb:pvnm0e,pfE8Hb,PFBcW;f56efd:dJXsye;EnoYf:KNzws,ZJsZZ,JgVSJc;zdMJQc:cCQNKb,ZJsZZ,zchEXc;Ytrrj:JJDvdc;tNR8yc:GeFvjb;oFN6Ye:hij5Wb;bmeZHc:iURhpf;Oxj3Xe:qAKMYb,yaf12d\" data-mce-fragment=\"1\"><span class=\"Q4iAWc\" jsname=\"W297wb\" jsaction=\"click:qtZ4nf,GFf3ac,tMZCfe; contextmenu:Nqw7Te,QP7LD; mouseout:Nqw7Te; mouseover:qtZ4nf,c2aHje\" data-mce-fragment=\"1\">Mitrina \u0101du.<\/span><\/span><\/span><\/li>\n<li><span lang=\"lv\" class=\"VIiyi\" jsname=\"jqKxS\" jsaction=\"mouseup:BR6jm\" data-mce-fragment=\"1\"><span data-number-of-phrases=\"25\" data-phrase-index=\"17\" data-language-to-translate-into=\"lt\" data-language-for-alternatives=\"lv\" class=\"JLqJ4b ChMk0b\" jsmodel=\"SsMkhd\" jsdata=\"uqLsIf;_;$144\" jscontroller=\"Zl5N8\" jsname=\"txFAF\" jsaction=\"agoMJf:PFBcW;usxOmf:aWLT7;jhKsnd:P7O7bd,F8DmGf;Q4AGo:Gm7gYd,qAKMYb;uFUCPb:pvnm0e,pfE8Hb,PFBcW;f56efd:dJXsye;EnoYf:KNzws,ZJsZZ,JgVSJc;zdMJQc:cCQNKb,ZJsZZ,zchEXc;Ytrrj:JJDvdc;tNR8yc:GeFvjb;oFN6Ye:hij5Wb;bmeZHc:iURhpf;Oxj3Xe:qAKMYb,yaf12d\" data-mce-fragment=\"1\"><span class=\"Q4iAWc\" jsname=\"W297wb\" jsaction=\"click:qtZ4nf,GFf3ac,tMZCfe; contextmenu:Nqw7Te,QP7LD; mouseout:Nqw7Te; mouseover:qtZ4nf,c2aHje\" data-mce-fragment=\"1\">Nekomedog\u0113ns.<\/span><\/span><\/span><\/li>\n<li><span lang=\"lv\" class=\"VIiyi\" jsname=\"jqKxS\" jsaction=\"mouseup:BR6jm\" data-mce-fragment=\"1\"><span data-number-of-phrases=\"25\" data-phrase-index=\"19\" data-language-to-translate-into=\"lt\" data-language-for-alternatives=\"lv\" class=\"JLqJ4b ChMk0b\" jsmodel=\"SsMkhd\" jsdata=\"uqLsIf;_;$146\" jscontroller=\"Zl5N8\" jsname=\"txFAF\" jsaction=\"agoMJf:PFBcW;usxOmf:aWLT7;jhKsnd:P7O7bd,F8DmGf;Q4AGo:Gm7gYd,qAKMYb;uFUCPb:pvnm0e,pfE8Hb,PFBcW;f56efd:dJXsye;EnoYf:KNzws,ZJsZZ,JgVSJc;zdMJQc:cCQNKb,ZJsZZ,zchEXc;Ytrrj:JJDvdc;tNR8yc:GeFvjb;oFN6Ye:hij5Wb;bmeZHc:iURhpf;Oxj3Xe:qAKMYb,yaf12d\" data-mce-fragment=\"1\"><span class=\"Q4iAWc\" jsname=\"W297wb\" jsaction=\"click:qtZ4nf,GFf3ac,tMZCfe; contextmenu:Nqw7Te,QP7LD; mouseout:Nqw7Te; mouseover:qtZ4nf,c2aHje\" data-mce-fragment=\"1\">Piem\u0113rots norm\u0101lai un sausai \u0101dai<\/span><\/span><\/span><\/li>\n<\/ul>\n<p data-mce-fragment=\"1\"><strong data-mce-fragment=\"1\">Akt\u012bv\u0101s sast\u0101vda\u013cas &#8211;<\/strong><span> Optim\u0101lu un stabilu UV filtru kombin\u0101cija, Fernblock\u00ae tehnolo\u0123ija, glikozil\u0101ze, za\u013c\u0101 t\u0113ja.<\/span><\/p>\n<p data-mce-fragment=\"1\"><strong data-mce-fragment=\"1\">Lieto\u0161ana-<\/strong><span data-mce-fragment=\"1\"> P<span lang=\"lv\" class=\"VIiyi\" jsname=\"jqKxS\" jsaction=\"mouseup:BR6jm\" data-mce-fragment=\"1\"><span data-number-of-phrases=\"25\" data-phrase-index=\"23\" data-language-to-translate-into=\"lt\" data-language-for-alternatives=\"lv\" class=\"JLqJ4b ChMk0b\" jsmodel=\"SsMkhd\" jsdata=\"uqLsIf;_;$150\" jscontroller=\"Zl5N8\" jsname=\"txFAF\" jsaction=\"agoMJf:PFBcW;usxOmf:aWLT7;jhKsnd:P7O7bd,F8DmGf;Q4AGo:Gm7gYd,qAKMYb;uFUCPb:pvnm0e,pfE8Hb,PFBcW;f56efd:dJXsye;EnoYf:KNzws,ZJsZZ,JgVSJc;zdMJQc:cCQNKb,ZJsZZ,zchEXc;Ytrrj:JJDvdc;tNR8yc:GeFvjb;oFN6Ye:hij5Wb;bmeZHc:iURhpf;Oxj3Xe:qAKMYb,yaf12d\" data-mce-fragment=\"1\"><span class=\"Q4iAWc\" jsname=\"W297wb\" jsaction=\"click:qtZ4nf,GFf3ac,tMZCfe; contextmenu:Nqw7Te,QP7LD; mouseout:Nqw7Te; mouseover:qtZ4nf,c2aHje\" data-mce-fragment=\"1\">irms uztur\u0113\u0161an\u0101s saul\u0113 vienm\u0113r\u012bgi uzkl\u0101jiet nelielu daudzumu gelkr\u0113ma uz visas sejas.<\/span><\/span> <span data-number-of-phrases=\"25\" data-phrase-index=\"24\" data-language-to-translate-into=\"lt\" data-language-for-alternatives=\"lv\" class=\"JLqJ4b ChMk0b\" jsmodel=\"SsMkhd\" jsdata=\"uqLsIf;_;$151\" jscontroller=\"Zl5N8\" jsname=\"txFAF\" jsaction=\"agoMJf:PFBcW;usxOmf:aWLT7;jhKsnd:P7O7bd,F8DmGf;Q4AGo:Gm7gYd,qAKMYb;uFUCPb:pvnm0e,pfE8Hb,PFBcW;f56efd:dJXsye;EnoYf:KNzws,ZJsZZ,JgVSJc;zdMJQc:cCQNKb,ZJsZZ,zchEXc;Ytrrj:JJDvdc;tNR8yc:GeFvjb;oFN6Ye:hij5Wb;bmeZHc:iURhpf;Oxj3Xe:qAKMYb,yaf12d\" data-mce-fragment=\"1\"><span class=\"Q4iAWc\" jsname=\"W297wb\" jsaction=\"click:qtZ4nf,GFf3ac,tMZCfe; contextmenu:Nqw7Te,QP7LD; mouseout:Nqw7Te; mouseover:qtZ4nf,c2aHje\" data-mce-fragment=\"1\">Uzkl\u0101jiet atk\u0101rtoti dienas laik\u0101, \u012bpa\u0161i p\u0113c ilgsto\u0161as \u200b\u200bpeld\u0113\u0161anas vai sp\u0113c\u012bgas sv\u012b\u0161anas.<\/span><\/span><\/span><\/span><\/p>\n<p data-mce-fragment=\"1\"><strong data-mce-fragment=\"1\">Ra\u017eot\u0101jvalsts:<\/strong><span data-mce-fragment=\"1\">\u00a0Sp\u0101nija, Cantabria Labs<\/span><\/p>\n<p data-mce-fragment=\"1\"><strong data-mce-fragment=\"1\">Ieg\u0101d\u0101ties veikal\u0101 var:<\/strong><span data-mce-fragment=\"1\">\u00a0<\/span>SIA &#8220;Medexy&#8221;- R\u012bg\u0101, Duntes iel\u0101 15A, 6.st\u0101v\u0101<\/p>","protected":false},"excerpt":{"rendered":"<p>Augstas aizsardz\u012bbas gela saules aizsargkr\u0113ms ar kr\u0101su, kura sast\u0101vs ir bag\u0101tin\u0101ts ar Fernblock\u00ae un antioksidantiem. Mitrino\u0161s un nekomedog\u0113ns gelkr\u0113ms, kas pal\u012bdz aizsarg\u0101t \u0101du no saules starojuma. Kr\u0113ms pal\u012bdz rad\u012bt dabisku izskatu, labi nosl\u0113pj nepiln\u012bbas un var tikt izmantots k\u0101 ikdienas ton\u0101lais kr\u0113ms. Priek\u0161roc\u012bbas: Pla\u0161a spektra saules aizsardz\u012bba (SPF50). Saules boj\u0101jumu nov\u0113r\u0161ana. Satur antioksidantus. Var izmantot [&hellip;]<\/p>\n","protected":false},"featured_media":49559,"comment_status":"closed","ping_status":"open","template":"","meta":[],"product_brand":[172],"product_cat":[16],"product_tag":[],"class_list":{"0":"post-49558","1":"product","2":"type-product","3":"status-publish","4":"has-post-thumbnail","6":"product_brand-heliocare","7":"product_cat-bez-kategorijas","10":"first","11":"instock","12":"purchasable","13":"product-type-simple"},"_links":{"self":[{"href":"https:\/\/ajaesthetics.org\/ru\/wp-json\/wp\/v2\/product\/49558","targetHints":{"allow":["GET"]}}],"collection":[{"href":"https:\/\/ajaesthetics.org\/ru\/wp-json\/wp\/v2\/product"}],"about":[{"href":"https:\/\/ajaesthetics.org\/ru\/wp-json\/wp\/v2\/types\/product"}],"replies":[{"embeddable":true,"href":"https:\/\/ajaesthetics.org\/ru\/wp-json\/wp\/v2\/comments?post=49558"}],"wp:featuredmedia":[{"embeddable":true,"href":"https:\/\/ajaesthetics.org\/ru\/wp-json\/wp\/v2\/media\/49559"}],"wp:attachment":[{"href":"https:\/\/ajaesthetics.org\/ru\/wp-json\/wp\/v2\/media?parent=49558"}],"wp:term":[{"taxonomy":"product_brand","embeddable":true,"href":"https:\/\/ajaesthetics.org\/ru\/wp-json\/wp\/v2\/product_brand?post=49558"},{"taxonomy":"product_cat","embeddable":true,"href":"https:\/\/ajaesthetics.org\/ru\/wp-json\/wp\/v2\/product_cat?post=49558"},{"taxonomy":"product_tag","embeddable":true,"href":"https:\/\/ajaesthetics.org\/ru\/wp-json\/wp\/v2\/product_tag?post=49558"}],"curies":[{"name":"wp","href":"https:\/\/api.w.org\/{rel}","templated":true}]}}