{"id":49560,"date":"2026-04-19T15:22:53","date_gmt":"2026-04-19T15:22:53","guid":{"rendered":"https:\/\/ajaesthetics.org\/product\/helio-360-glow-spf50-100-ml-i-saules-aizsarglidzeklis-kermenim-ar-zeltainu-spidumu-100-ml\/"},"modified":"2026-04-19T15:22:53","modified_gmt":"2026-04-19T15:22:53","slug":"helio-360-glow-spf50-100-ml-i-saules-aizsarglidzeklis-kermenim-ar-zeltainu-spidumu-100-ml","status":"publish","type":"product","link":"https:\/\/ajaesthetics.org\/ru\/product\/helio-360-glow-spf50-100-ml-i-saules-aizsarglidzeklis-kermenim-ar-zeltainu-spidumu-100-ml\/","title":{"rendered":"HELIO 360 GLOW SPF50+, 100 ML I Saules aizsargl\u012bdzeklis \u0137ermenim ar zeltainu sp\u012bdumu, 100 ML"},"content":{"rendered":"<p>\u0136erme\u0146a saules aizsargkr\u0113ms, kas pie\u0161\u0137ir \u0101dai starojumu un bronz\u012bga iedeguma toni. Nodro\u0161ina \u013coti augstu pla\u0161a spektra aizsardz\u012bbu pret UVB, UVA, IR starojumu, redzamo un zilo gaismu. Dermatolo\u0123iski p\u0101rbaud\u012bts, notur\u012bgs pret sviedriem, \u016bdeni un smilt\u012bm. Lieto\u0161anai uz \u0137erme\u0146a.<br data-mce-fragment=\"1\"><strong>Priek\u0161roc\u012bbas:<\/strong><br data-mce-fragment=\"1\"><\/p>\n<ul>\n<li>Nodro\u0161ina pla\u0161a spektra saules aizsardz\u012bbu<\/li>\n<li>Pie\u0161\u0137ir \u0101dai mirdzumu<\/li>\n<li>Notur\u012bgs pret \u016bdeni, smilt\u012bm un sviedriem<\/li>\n<li>Piem\u0113rots visiem \u0101das tipiem, ar\u012b jut\u012bgai \u0101dai<\/li>\n<li>Nav komedog\u0113ns<\/li>\n<li>Var nokr\u0101sot dr\u0113bes<\/li>\n<\/ul>\n<p><strong>Lieto\u0161ana:<\/strong><br data-mce-fragment=\"1\">Pirms lieto\u0161anas labi sakratiet. Uzkl\u0101jiet uz \u0137erme\u0146a apm\u0113ram 30 min\u016btes pirms saules iedarb\u012bbas. Atk\u0101rtoti uzkl\u0101jiet ik p\u0113c div\u0101m stund\u0101m, \u012bpa\u0161i p\u0113c peld\u0113\u0161anas vai sp\u0113c\u012bgas sv\u012b\u0161anas.<\/p>","protected":false},"excerpt":{"rendered":"<p>\u0136erme\u0146a saules aizsargkr\u0113ms, kas pie\u0161\u0137ir \u0101dai starojumu un bronz\u012bga iedeguma toni. Nodro\u0161ina \u013coti augstu pla\u0161a spektra aizsardz\u012bbu pret UVB, UVA, IR starojumu, redzamo un zilo gaismu. Dermatolo\u0123iski p\u0101rbaud\u012bts, notur\u012bgs pret sviedriem, \u016bdeni un smilt\u012bm. Lieto\u0161anai uz \u0137erme\u0146a.Priek\u0161roc\u012bbas: Nodro\u0161ina pla\u0161a spektra saules aizsardz\u012bbu Pie\u0161\u0137ir \u0101dai mirdzumu Notur\u012bgs pret \u016bdeni, smilt\u012bm un sviedriem Piem\u0113rots visiem \u0101das tipiem, [&hellip;]<\/p>\n","protected":false},"featured_media":49561,"comment_status":"closed","ping_status":"open","template":"","meta":[],"product_brand":[172],"product_cat":[16],"product_tag":[260],"class_list":{"0":"post-49560","1":"product","2":"type-product","3":"status-publish","4":"has-post-thumbnail","6":"product_brand-heliocare","7":"product_cat-bez-kategorijas","8":"product_tag-aizsardziba-pret-sauli-cantabria-labs-heliocare-saules-aizsardziba-saules-aizsargkrems-spf-spf-aizsardziba-kermena-kopsana-kermena-krems","11":"first","12":"instock","13":"purchasable","14":"product-type-simple"},"_links":{"self":[{"href":"https:\/\/ajaesthetics.org\/ru\/wp-json\/wp\/v2\/product\/49560","targetHints":{"allow":["GET"]}}],"collection":[{"href":"https:\/\/ajaesthetics.org\/ru\/wp-json\/wp\/v2\/product"}],"about":[{"href":"https:\/\/ajaesthetics.org\/ru\/wp-json\/wp\/v2\/types\/product"}],"replies":[{"embeddable":true,"href":"https:\/\/ajaesthetics.org\/ru\/wp-json\/wp\/v2\/comments?post=49560"}],"wp:featuredmedia":[{"embeddable":true,"href":"https:\/\/ajaesthetics.org\/ru\/wp-json\/wp\/v2\/media\/49561"}],"wp:attachment":[{"href":"https:\/\/ajaesthetics.org\/ru\/wp-json\/wp\/v2\/media?parent=49560"}],"wp:term":[{"taxonomy":"product_brand","embeddable":true,"href":"https:\/\/ajaesthetics.org\/ru\/wp-json\/wp\/v2\/product_brand?post=49560"},{"taxonomy":"product_cat","embeddable":true,"href":"https:\/\/ajaesthetics.org\/ru\/wp-json\/wp\/v2\/product_cat?post=49560"},{"taxonomy":"product_tag","embeddable":true,"href":"https:\/\/ajaesthetics.org\/ru\/wp-json\/wp\/v2\/product_tag?post=49560"}],"curies":[{"name":"wp","href":"https:\/\/api.w.org\/{rel}","templated":true}]}}